{"id":45815,"date":"2025-04-10T08:22:58","date_gmt":"2025-04-10T12:22:58","guid":{"rendered":"https:\/\/www.skilledtradesontario.ca\/?page_id=45815"},"modified":"2025-09-12T13:35:22","modified_gmt":"2025-09-12T17:35:22","slug":"renseignements-pour-les-parents","status":"publish","type":"page","link":"https:\/\/www.skilledtradesontario.ca\/fr\/apprentissage\/renseignements-pour-les-parents\/","title":{"rendered":"Renseignements pour les parents"},"content":{"rendered":"<p><\n\n<style>@media only screen and (max-width: 999px) {\n     .blog-text {\n        min-height: 350px !important;\n    }\n}<\/style>\n","protected":false},"excerpt":{"rendered":"<p><\n<\/p>\n","protected":false},"author":16,"featured_media":0,"parent":35541,"menu_order":6,"comment_status":"closed","ping_status":"closed","template":"template-pages\/page-1-custom-3-25-2025-What-parents-need-to-know.php","meta":{"_acf_changed":false,"footnotes":""},"tags":[],"class_list":["post-45815","page","type-page","status-publish","hentry"],"acf":[],"yoast_head":"<!-- This site is optimized with the Yoast SEO plugin v27.3 - https:\/\/yoast.com\/product\/yoast-seo-wordpress\/ -->\n<title>Renseignements pour les parents - M\u00e9tiers sp\u00e9cialis\u00e9s Ontario<\/title>\n<meta name=\"robots\" content=\"index, follow, max-snippet:-1, max-image-preview:large, max-video-preview:-1\" \/>\n<link rel=\"canonical\" href=\"https:\/\/www.skilledtradesontario.ca\/fr\/apprentissage\/renseignements-pour-les-parents\/\" \/>\n<meta property=\"og:locale\" content=\"fr_FR\" \/>\n<meta property=\"og:type\" content=\"article\" \/>\n<meta property=\"og:title\" content=\"M\u00e9tiers sp\u00e9cialis\u00e9s Ontario - Renseignements pour les parents\" \/>\n<meta property=\"og:description\" content=\"En tant que parents, vous jouez un r\u00f4le essentiel en aidant votre enfant \u00e0 s\u2019orienter pour b\u00e2tir son avenir. Les m\u00e9tiers sp\u00e9cialis\u00e9s offrent des carri\u00e8res enrichissantes, recherch\u00e9es et bien r\u00e9mun\u00e9r\u00e9es, mais des st\u00e9r\u00e9otypes d\u00e9pass\u00e9s peuvent emp\u00eacher les \u00e9l\u00e8ves et les parents d\u2019explorer toutes les possibilit\u00e9s.L\u2019apprentissage est une voie certaine vers un emploi stable, une progression de carri\u00e8re et l\u2019acquisition de comp\u00e9tences tout au long de la vie. Les m\u00e9tiers sp\u00e9cialis\u00e9s pourraient convenir parfaitement \u00e0 votre enfant, peu importe ses pr\u00e9f\u00e9rences, qu\u2019elles soient de travailler avec ses mains, de r\u00e9soudre des probl\u00e8mes ou de r\u00eaver \u00e0 diriger sa propre entreprise.\u00c9tablissons les faits et dissipons les mythes fr\u00e9quents \u00e0 ce sujet pour explorer comment vous pouvez soutenir votre enfant dans son cheminement.\" \/>\n<meta property=\"og:url\" content=\"https:\/\/www.skilledtradesontario.ca\/fr\/apprentissage\/renseignements-pour-les-parents\/\" \/>\n<meta property=\"og:site_name\" content=\"M\u00e9tiers sp\u00e9cialis\u00e9s Ontario\" \/>\n<meta property=\"article:modified_time\" content=\"2025-09-12T17:35:22+00:00\" \/>\n<meta property=\"og:image\" content=\"https:\/\/www.skilledtradesontario.ca\/wp-content\/uploads\/2025\/05\/22.jpg\" \/>\n\t<meta property=\"og:image:width\" content=\"1791\" \/>\n\t<meta property=\"og:image:height\" content=\"938\" \/>\n\t<meta property=\"og:image:type\" content=\"image\/jpeg\" \/>\n<meta name=\"twitter:card\" content=\"summary_large_image\" \/>\n<meta name=\"twitter:title\" content=\"M\u00e9tiers sp\u00e9cialis\u00e9s Ontario - Renseignements pour les parents\" \/>\n<meta name=\"twitter:description\" content=\"En tant que parents, vous jouez un r\u00f4le essentiel en aidant votre enfant \u00e0 s\u2019orienter pour b\u00e2tir son avenir. Les m\u00e9tiers sp\u00e9cialis\u00e9s offrent des carri\u00e8res enrichissantes, recherch\u00e9es et bien r\u00e9mun\u00e9r\u00e9es, mais des st\u00e9r\u00e9otypes d\u00e9pass\u00e9s peuvent emp\u00eacher les \u00e9l\u00e8ves et les parents d\u2019explorer toutes les possibilit\u00e9s.L\u2019apprentissage est une voie certaine vers un emploi stable, une progression de carri\u00e8re et l\u2019acquisition de comp\u00e9tences tout au long de la vie. Les m\u00e9tiers sp\u00e9cialis\u00e9s pourraient convenir parfaitement \u00e0 votre enfant, peu importe ses pr\u00e9f\u00e9rences, qu\u2019elles soient de travailler avec ses mains, de r\u00e9soudre des probl\u00e8mes ou de r\u00eaver \u00e0 diriger sa propre entreprise.\u00c9tablissons les faits et dissipons les mythes fr\u00e9quents \u00e0 ce sujet pour explorer comment vous pouvez soutenir votre enfant dans son cheminement.\" \/>\n<meta name=\"twitter:image\" content=\"https:\/\/www.skilledtradesontario.ca\/wp-content\/uploads\/2025\/05\/22.jpg\" \/>\n<meta name=\"twitter:site\" content=\"@SkilledTradesON\" \/>\n<script type=\"application\/ld+json\" class=\"yoast-schema-graph\">{\"@context\":\"https:\\\/\\\/schema.org\",\"@graph\":[{\"@type\":\"WebPage\",\"@id\":\"https:\\\/\\\/www.skilledtradesontario.ca\\\/fr\\\/apprentissage\\\/renseignements-pour-les-parents\\\/\",\"url\":\"https:\\\/\\\/www.skilledtradesontario.ca\\\/fr\\\/apprentissage\\\/renseignements-pour-les-parents\\\/\",\"name\":\"Renseignements pour les parents - M\u00e9tiers sp\u00e9cialis\u00e9s Ontario\",\"isPartOf\":{\"@id\":\"https:\\\/\\\/www.skilledtradesontario.ca\\\/#website\"},\"datePublished\":\"2025-04-10T12:22:58+00:00\",\"dateModified\":\"2025-09-12T17:35:22+00:00\",\"breadcrumb\":{\"@id\":\"https:\\\/\\\/www.skilledtradesontario.ca\\\/fr\\\/apprentissage\\\/renseignements-pour-les-parents\\\/#breadcrumb\"},\"inLanguage\":\"fr-FR\",\"potentialAction\":[{\"@type\":\"ReadAction\",\"target\":[\"https:\\\/\\\/www.skilledtradesontario.ca\\\/fr\\\/apprentissage\\\/renseignements-pour-les-parents\\\/\"]}]},{\"@type\":\"BreadcrumbList\",\"@id\":\"https:\\\/\\\/www.skilledtradesontario.ca\\\/fr\\\/apprentissage\\\/renseignements-pour-les-parents\\\/#breadcrumb\",\"itemListElement\":[{\"@type\":\"ListItem\",\"position\":1,\"name\":\"Home\",\"item\":\"https:\\\/\\\/www.skilledtradesontario.ca\\\/fr\\\/\"},{\"@type\":\"ListItem\",\"position\":2,\"name\":\"Apprentissage\",\"item\":\"https:\\\/\\\/www.skilledtradesontario.ca\\\/fr\\\/apprentissage\\\/\"},{\"@type\":\"ListItem\",\"position\":3,\"name\":\"Renseignements pour les parents\"}]},{\"@type\":\"WebSite\",\"@id\":\"https:\\\/\\\/www.skilledtradesontario.ca\\\/#website\",\"url\":\"https:\\\/\\\/www.skilledtradesontario.ca\\\/\",\"name\":\"M\u00e9tiers sp\u00e9cialis\u00e9s Ontario\",\"description\":\"Un organisme dirig\u00e9 par l'industrie charg\u00e9 de promouvoir et de moderniser les m\u00e9tiers sp\u00e9cialis\u00e9s et de prot\u00e9ger les gens de m\u00e9tier, l'industrie et, par-dessus tout, l'int\u00e9r\u00eat public.\",\"potentialAction\":[{\"@type\":\"SearchAction\",\"target\":{\"@type\":\"EntryPoint\",\"urlTemplate\":\"https:\\\/\\\/www.skilledtradesontario.ca\\\/?s={search_term_string}\"},\"query-input\":{\"@type\":\"PropertyValueSpecification\",\"valueRequired\":true,\"valueName\":\"search_term_string\"}}],\"inLanguage\":\"fr-FR\"}]}<\/script>\n<!-- \/ Yoast SEO plugin. -->","yoast_head_json":{"title":"Renseignements pour les parents - M\u00e9tiers sp\u00e9cialis\u00e9s Ontario","robots":{"index":"index","follow":"follow","max-snippet":"max-snippet:-1","max-image-preview":"max-image-preview:large","max-video-preview":"max-video-preview:-1"},"canonical":"https:\/\/www.skilledtradesontario.ca\/fr\/apprentissage\/renseignements-pour-les-parents\/","og_locale":"fr_FR","og_type":"article","og_title":"M\u00e9tiers sp\u00e9cialis\u00e9s Ontario - Renseignements pour les parents","og_description":"En tant que parents, vous jouez un r\u00f4le essentiel en aidant votre enfant \u00e0 s\u2019orienter pour b\u00e2tir son avenir. Les m\u00e9tiers sp\u00e9cialis\u00e9s offrent des carri\u00e8res enrichissantes, recherch\u00e9es et bien r\u00e9mun\u00e9r\u00e9es, mais des st\u00e9r\u00e9otypes d\u00e9pass\u00e9s peuvent emp\u00eacher les \u00e9l\u00e8ves et les parents d\u2019explorer toutes les possibilit\u00e9s.L\u2019apprentissage est une voie certaine vers un emploi stable, une progression de carri\u00e8re et l\u2019acquisition de comp\u00e9tences tout au long de la vie. Les m\u00e9tiers sp\u00e9cialis\u00e9s pourraient convenir parfaitement \u00e0 votre enfant, peu importe ses pr\u00e9f\u00e9rences, qu\u2019elles soient de travailler avec ses mains, de r\u00e9soudre des probl\u00e8mes ou de r\u00eaver \u00e0 diriger sa propre entreprise.\u00c9tablissons les faits et dissipons les mythes fr\u00e9quents \u00e0 ce sujet pour explorer comment vous pouvez soutenir votre enfant dans son cheminement.","og_url":"https:\/\/www.skilledtradesontario.ca\/fr\/apprentissage\/renseignements-pour-les-parents\/","og_site_name":"M\u00e9tiers sp\u00e9cialis\u00e9s Ontario","article_modified_time":"2025-09-12T17:35:22+00:00","og_image":[{"width":1791,"height":938,"url":"https:\/\/www.skilledtradesontario.ca\/wp-content\/uploads\/2025\/05\/22.jpg","type":"image\/jpeg"}],"twitter_card":"summary_large_image","twitter_title":"M\u00e9tiers sp\u00e9cialis\u00e9s Ontario - Renseignements pour les parents","twitter_description":"En tant que parents, vous jouez un r\u00f4le essentiel en aidant votre enfant \u00e0 s\u2019orienter pour b\u00e2tir son avenir. Les m\u00e9tiers sp\u00e9cialis\u00e9s offrent des carri\u00e8res enrichissantes, recherch\u00e9es et bien r\u00e9mun\u00e9r\u00e9es, mais des st\u00e9r\u00e9otypes d\u00e9pass\u00e9s peuvent emp\u00eacher les \u00e9l\u00e8ves et les parents d\u2019explorer toutes les possibilit\u00e9s.L\u2019apprentissage est une voie certaine vers un emploi stable, une progression de carri\u00e8re et l\u2019acquisition de comp\u00e9tences tout au long de la vie. Les m\u00e9tiers sp\u00e9cialis\u00e9s pourraient convenir parfaitement \u00e0 votre enfant, peu importe ses pr\u00e9f\u00e9rences, qu\u2019elles soient de travailler avec ses mains, de r\u00e9soudre des probl\u00e8mes ou de r\u00eaver \u00e0 diriger sa propre entreprise.\u00c9tablissons les faits et dissipons les mythes fr\u00e9quents \u00e0 ce sujet pour explorer comment vous pouvez soutenir votre enfant dans son cheminement.","twitter_image":"https:\/\/www.skilledtradesontario.ca\/wp-content\/uploads\/2025\/05\/22.jpg","twitter_site":"@SkilledTradesON","schema":{"@context":"https:\/\/schema.org","@graph":[{"@type":"WebPage","@id":"https:\/\/www.skilledtradesontario.ca\/fr\/apprentissage\/renseignements-pour-les-parents\/","url":"https:\/\/www.skilledtradesontario.ca\/fr\/apprentissage\/renseignements-pour-les-parents\/","name":"Renseignements pour les parents - M\u00e9tiers sp\u00e9cialis\u00e9s Ontario","isPartOf":{"@id":"https:\/\/www.skilledtradesontario.ca\/#website"},"datePublished":"2025-04-10T12:22:58+00:00","dateModified":"2025-09-12T17:35:22+00:00","breadcrumb":{"@id":"https:\/\/www.skilledtradesontario.ca\/fr\/apprentissage\/renseignements-pour-les-parents\/#breadcrumb"},"inLanguage":"fr-FR","potentialAction":[{"@type":"ReadAction","target":["https:\/\/www.skilledtradesontario.ca\/fr\/apprentissage\/renseignements-pour-les-parents\/"]}]},{"@type":"BreadcrumbList","@id":"https:\/\/www.skilledtradesontario.ca\/fr\/apprentissage\/renseignements-pour-les-parents\/#breadcrumb","itemListElement":[{"@type":"ListItem","position":1,"name":"Home","item":"https:\/\/www.skilledtradesontario.ca\/fr\/"},{"@type":"ListItem","position":2,"name":"Apprentissage","item":"https:\/\/www.skilledtradesontario.ca\/fr\/apprentissage\/"},{"@type":"ListItem","position":3,"name":"Renseignements pour les parents"}]},{"@type":"WebSite","@id":"https:\/\/www.skilledtradesontario.ca\/#website","url":"https:\/\/www.skilledtradesontario.ca\/","name":"M\u00e9tiers sp\u00e9cialis\u00e9s Ontario","description":"Un organisme dirig\u00e9 par l'industrie charg\u00e9 de promouvoir et de moderniser les m\u00e9tiers sp\u00e9cialis\u00e9s et de prot\u00e9ger les gens de m\u00e9tier, l'industrie et, par-dessus tout, l'int\u00e9r\u00eat public.","potentialAction":[{"@type":"SearchAction","target":{"@type":"EntryPoint","urlTemplate":"https:\/\/www.skilledtradesontario.ca\/?s={search_term_string}"},"query-input":{"@type":"PropertyValueSpecification","valueRequired":true,"valueName":"search_term_string"}}],"inLanguage":"fr-FR"}]}},"_links":{"self":[{"href":"https:\/\/www.skilledtradesontario.ca\/fr\/wp-json\/wp\/v2\/pages\/45815","targetHints":{"allow":["GET"]}}],"collection":[{"href":"https:\/\/www.skilledtradesontario.ca\/fr\/wp-json\/wp\/v2\/pages"}],"about":[{"href":"https:\/\/www.skilledtradesontario.ca\/fr\/wp-json\/wp\/v2\/types\/page"}],"author":[{"embeddable":true,"href":"https:\/\/www.skilledtradesontario.ca\/fr\/wp-json\/wp\/v2\/users\/16"}],"replies":[{"embeddable":true,"href":"https:\/\/www.skilledtradesontario.ca\/fr\/wp-json\/wp\/v2\/comments?post=45815"}],"version-history":[{"count":3,"href":"https:\/\/www.skilledtradesontario.ca\/fr\/wp-json\/wp\/v2\/pages\/45815\/revisions"}],"predecessor-version":[{"id":46913,"href":"https:\/\/www.skilledtradesontario.ca\/fr\/wp-json\/wp\/v2\/pages\/45815\/revisions\/46913"}],"up":[{"embeddable":true,"href":"https:\/\/www.skilledtradesontario.ca\/fr\/wp-json\/wp\/v2\/pages\/35541"}],"wp:attachment":[{"href":"https:\/\/www.skilledtradesontario.ca\/fr\/wp-json\/wp\/v2\/media?parent=45815"}],"wp:term":[{"taxonomy":"post_tag","embeddable":true,"href":"https:\/\/www.skilledtradesontario.ca\/fr\/wp-json\/wp\/v2\/tags?post=45815"}],"curies":[{"name":"wp","href":"https:\/\/api.w.org\/{rel}","templated":true}]}}