{"id":44668,"date":"2024-08-13T14:39:55","date_gmt":"2024-08-13T18:39:55","guid":{"rendered":"https:\/\/www.skilledtradesontario.ca\/?page_id=44668"},"modified":"2024-08-13T15:44:27","modified_gmt":"2024-08-13T19:44:27","slug":"plan-du-site","status":"publish","type":"page","link":"https:\/\/www.skilledtradesontario.ca\/fr\/plan-du-site\/","title":{"rendered":"Plan du site"},"content":{"rendered":"<br \/>\n<style>\n    ul.sitemapli1 {\n      list-style-type: disc;\n    }\n    ul.sitemapli2 {\n      list-style-type: circle;\n    }\n    ul.sitemapli3 {\n      list-style-type: square;\n    }\n    .sitemapul ul a{\n      font-family: 'Source Sans Pro Regular';}\n    <\/style>\n<h3 style=\"text-align:left;padding-bottom:0px;font-weight:bold;font-size:35px;\">Plan du site<\/h3>\n<div style=\"padding-top: 20px;\"><\/div>\n<div class=\"sitemapul\">\n<ul class=\"ocot-list\">\n<h4 style=\"font-size:22px;\"><a href=\"\/fr\/a-propos-de-nous\/\">\u00c0 propos de nous<\/a><\/h4>\n<ul class=\"sitemapli1\">\n<li><span><a href=\"\/fr\/a-propos-de-nous\/rencontrez-nos-dirigeants\/\">Rencontrez nos dirigeants<\/a><\/span><\/li>\n<li><span><a href=\"\/fr\/a-propos-de-nous\/reddition-de-comptes-et-rapports-dentreprise\/\">Reddition de comptes et rapports d\u2019entreprise<\/a><\/span><\/li>\n<ul class=\"sitemapli2\">\n<li><span><a href=\"\/fr\/a-propos-de-nous\/reddition-de-comptes-et-rapports-dentreprise\/lettre-dorientation\/\">Lettre d\u2019orientation<\/a><\/span><\/li>\n<li><span><a href=\"\/fr\/a-propos-de-nous\/reddition-de-comptes-et-rapports-dentreprise\/plan-strategique\/\">Plan strat\u00e9gique<\/a><\/span><\/li>\n<li><span><a href=\"\/fr\/a-propos-de-nous\/reddition-de-comptes-et-rapports-dentreprise\/etats-financiers\/\">\u00c9tats financiers<\/a><\/span><\/li>\n<li><span><a href=\"\/fr\/a-propos-de-nous\/reddition-de-comptes-et-rapports-dentreprise\/rapport-annuel\/\">Rapport annuel<\/a><\/span><\/li>\n<\/ul>\n<li><span><a href=\"\/fr\/a-propos-de-nous\/reglements-administratifs\/\">R\u00e8glements administratifs<\/a><\/span><\/li>\n<li><span><a href=\"\/fr\/a-propos-de-nous\/travailler-avec-nous\/\">Travailler avec nous<\/a><\/span><\/li>\n<\/ul>\n<div style=\"padding-top: 20px;\"><\/div>\n<h4 style=\"font-size:22px;\"><a href=\"\/fr\/a-propos-des-metiers\/\">\u00c0 propos des m\u00e9tiers<\/a><\/h4>\n<ul class=\"sitemapli1\">\n<li><span><a href=\"\/fr\/a-propos-des-metiers\/renseignements-sur-les-metiers\/\">Renseignements sur les m\u00e9tiers<\/a><\/span><\/li>\n<li><span><a href=\"\/fr\/a-propos-des-metiers\/travail-dans-des-metiers-a-accreditation-obligatoire\/\">Travail dans des m\u00e9tiers \u00e0 accr\u00e9ditation obligatoire<\/a><\/span><\/li>\n<li><span><a href=\"\/fr\/a-propos-des-metiers\/travail-dans-des-metiers-a-accreditation-non-obligatoire\/\">Travail dans des m\u00e9tiers \u00e0 accr\u00e9ditation non obligatoire<\/a><\/span><\/li>\n<\/ul>\n<div style=\"padding-top: 20px;\"><\/div>\n<h4 style=\"font-size:22px;\"><a href=\"\/fr\/apprentissage\/\">Apprentissage<\/a><\/h4>\n<ul class=\"sitemapli1\">\n<li><span><a href=\"\/fr\/apprentissage\/commencer-un-apprentissage\/\">Commencer un apprentissage<\/a><\/span><\/li>\n<li><span><a href=\"\/fr\/apprentissage\/terminer-un-apprentissage\/\">Terminer un apprentissage<\/a><\/span><\/li>\n<li><span><a href=\"\/fr\/apprentissage\/obtenir-une-aide-financiere\/\">Obtenir une aide financi\u00e8re<\/a><\/span><\/li>\n<li><span><a href=\"\/fr\/apprentissage\/certificat-de-qualification-temporaire\/\">Certificat de qualification temporaire<\/a><\/span><\/li>\n<\/ul>\n<div style=\"padding-top: 20px;\"><\/div>\n<h4 style=\"font-size:22px;\"><a href=\"\/fr\/travailleurs-experimentes\/\">Travailleurs exp\u00e9riment\u00e9s<\/a><\/h4>\n<ul class=\"sitemapli1\">\n<li><span><a href=\"\/fr\/travailleurs-experimentes\/evaluation-dequivalence-professionnelle\/\">\u00c9valuation d\u2019\u00e9quivalence professionnelle<\/a><\/span><\/li>\n<li><span><a href=\"\/fr\/travailleurs-experimentes\/certificats-dautorisation-canadiens\/\">Certificats d\u2019autorisation canadiens<\/a><\/span><\/li>\n<li><span><a href=\"\/fr\/travailleurs-experimentes\/forces-canadiennes\/\">Forces canadiennes<\/a><\/span><\/li>\n<\/ul>\n<div style=\"padding-top: 20px;\"><\/div>\n<h4 style=\"font-size:22px;\"><a href=\"\/fr\/certification\/\">Certification<\/a><\/h4>\n<ul class=\"sitemapli1\">\n<li><span><a href=\"\/fr\/certification\/admissibilite-a-lexamen\/\">Admissibilit\u00e9 \u00e0 l&#8217;examen<\/a><\/span><\/li>\n<li><span><a href=\"\/fr\/certification\/reservation-dexamen\/\">R\u00e9servation d&#8217;examen<\/a><\/span><\/li>\n<li><span><a href=\"\/fr\/certification\/ressources-dexamen\/\">Ressources d&#8217;examen<\/a><\/span><\/li>\n<li><span><a href=\"\/fr\/certification\/certificat-de-qualification\/\">Certificat de qualification<\/a><\/span><\/li>\n<\/ul>\n<div style=\"padding-top: 20px;\"><\/div>\n<h4 style=\"font-size:22px;\"><a href=\"\/fr\/centre-de-ressources\/\">Centre de ressources<\/a><\/h4>\n<ul class=\"sitemapli1\">\n<li><span><a href=\"\/fr\/centre-de-ressources\/recherche\/\">Recherche<\/a><\/span><\/li>\n<ul class=\"sitemapli2\">\n<li><span><a href=\"\/fr\/centre-de-ressources\/recherche\/rapports-sur-les-metiers\/\">Rapports sur les m\u00e9tiers<\/a><\/span><\/li>\n<ul class=\"sitemapli3\">\n<li><span><a href=\"\/fr\/centre-de-ressources\/recherche\/rapports-sur-les-metiers\/rapports-sur-les-metiers-foire-aux-questions\/\">Rapports sur les m\u00e9tiers : FAQ<\/a><\/span><\/li>\n<\/ul>\n<\/ul>\n<li><span><a href=\"\/fr\/centre-de-ressources\/ressources\/\">Ressources<\/a><\/span><\/li>\n<ul class=\"sitemapli2\">\n<li><span><a href=\"\/fr\/centre-de-ressources\/ressources\/lois-reglements-et-politiques\/\">Lois, r\u00e8glements et politiques<\/a><\/span><\/li>\n<li><span><a href=\"\/fr\/centre-de-ressources\/ressources\/liens-utiles\/\">Liens utiles<\/a><\/span><\/li>\n<\/ul>\n<\/ul>\n<div style=\"padding-top: 20px;\"><\/div>\n<h4 style=\"font-size:22px;\"><a href=\"\/fr\/registre-public\/\">Registre public<\/a><\/h4>\n<h4 style=\"font-size:22px;\"><a href=\"\/fr\/portail-de-metiers-specialises-ontario\/\">Portail de M\u00e9tiers sp\u00e9cialis\u00e9s Ontario<\/a><\/h4>\n<h4 style=\"font-size:22px;\"><a href=\"\/fr\/salle-de-presse\/\">Salle de presse<\/a><\/h4>\n<h4 style=\"font-size:22px;\"><a href=\"\/fr\/pour-nous-joindre\/\">Pour nous joindre<\/a><\/h4>\n<\/ul>\n<\/div>\n","protected":false},"excerpt":{"rendered":"<p>Plan du site \u00c0 propos de nous Rencontrez nos dirigeants Reddition de comptes et rapports d\u2019entreprise Lettre d\u2019orientation Plan&#8230;<\/p>\n","protected":false},"author":16,"featured_media":0,"parent":0,"menu_order":0,"comment_status":"closed","ping_status":"closed","template":"template-pages\/page-default.php","meta":{"_acf_changed":false,"footnotes":""},"tags":[],"class_list":["post-44668","page","type-page","status-publish","hentry"],"acf":[],"yoast_head":"<!-- This site is optimized with the Yoast SEO plugin v27.3 - https:\/\/yoast.com\/product\/yoast-seo-wordpress\/ -->\n<title>Plan du site - M\u00e9tiers sp\u00e9cialis\u00e9s Ontario<\/title>\n<meta name=\"robots\" content=\"index, follow, max-snippet:-1, max-image-preview:large, max-video-preview:-1\" \/>\n<link rel=\"canonical\" href=\"https:\/\/www.skilledtradesontario.ca\/sitemap\/\" \/>\n<meta property=\"og:locale\" content=\"fr_FR\" \/>\n<meta property=\"og:type\" content=\"article\" \/>\n<meta property=\"og:title\" content=\"Plan du site - M\u00e9tiers sp\u00e9cialis\u00e9s Ontario\" \/>\n<meta property=\"og:description\" content=\"Plan du site \u00c0 propos de nous Rencontrez nos dirigeants Reddition de comptes et rapports d\u2019entreprise Lettre d\u2019orientation Plan...\" \/>\n<meta property=\"og:url\" content=\"https:\/\/www.skilledtradesontario.ca\/sitemap\/\" \/>\n<meta property=\"og:site_name\" content=\"M\u00e9tiers sp\u00e9cialis\u00e9s Ontario\" \/>\n<meta property=\"article:modified_time\" content=\"2024-08-13T19:44:27+00:00\" \/>\n<meta name=\"twitter:card\" content=\"summary_large_image\" \/>\n<meta name=\"twitter:site\" content=\"@SkilledTradesON\" \/>\n<meta name=\"twitter:label1\" content=\"Dur\u00e9e de lecture estim\u00e9e\" \/>\n\t<meta name=\"twitter:data1\" content=\"1 minute\" \/>\n<script type=\"application\/ld+json\" class=\"yoast-schema-graph\">{\"@context\":\"https:\\\/\\\/schema.org\",\"@graph\":[{\"@type\":\"WebPage\",\"@id\":\"https:\\\/\\\/www.skilledtradesontario.ca\\\/sitemap\\\/\",\"url\":\"https:\\\/\\\/www.skilledtradesontario.ca\\\/sitemap\\\/\",\"name\":\"Plan du site - M\u00e9tiers sp\u00e9cialis\u00e9s Ontario\",\"isPartOf\":{\"@id\":\"https:\\\/\\\/www.skilledtradesontario.ca\\\/#website\"},\"datePublished\":\"2024-08-13T18:39:55+00:00\",\"dateModified\":\"2024-08-13T19:44:27+00:00\",\"breadcrumb\":{\"@id\":\"https:\\\/\\\/www.skilledtradesontario.ca\\\/sitemap\\\/#breadcrumb\"},\"inLanguage\":\"fr-FR\",\"potentialAction\":[{\"@type\":\"ReadAction\",\"target\":[\"https:\\\/\\\/www.skilledtradesontario.ca\\\/sitemap\\\/\"]}]},{\"@type\":\"BreadcrumbList\",\"@id\":\"https:\\\/\\\/www.skilledtradesontario.ca\\\/sitemap\\\/#breadcrumb\",\"itemListElement\":[{\"@type\":\"ListItem\",\"position\":1,\"name\":\"Home\",\"item\":\"https:\\\/\\\/www.skilledtradesontario.ca\\\/fr\\\/\"},{\"@type\":\"ListItem\",\"position\":2,\"name\":\"Plan du site\"}]},{\"@type\":\"WebSite\",\"@id\":\"https:\\\/\\\/www.skilledtradesontario.ca\\\/#website\",\"url\":\"https:\\\/\\\/www.skilledtradesontario.ca\\\/\",\"name\":\"M\u00e9tiers sp\u00e9cialis\u00e9s Ontario\",\"description\":\"Un organisme dirig\u00e9 par l'industrie charg\u00e9 de promouvoir et de moderniser les m\u00e9tiers sp\u00e9cialis\u00e9s et de prot\u00e9ger les gens de m\u00e9tier, l'industrie et, par-dessus tout, l'int\u00e9r\u00eat public.\",\"potentialAction\":[{\"@type\":\"SearchAction\",\"target\":{\"@type\":\"EntryPoint\",\"urlTemplate\":\"https:\\\/\\\/www.skilledtradesontario.ca\\\/?s={search_term_string}\"},\"query-input\":{\"@type\":\"PropertyValueSpecification\",\"valueRequired\":true,\"valueName\":\"search_term_string\"}}],\"inLanguage\":\"fr-FR\"}]}<\/script>\n<!-- \/ Yoast SEO plugin. -->","yoast_head_json":{"title":"Plan du site - M\u00e9tiers sp\u00e9cialis\u00e9s Ontario","robots":{"index":"index","follow":"follow","max-snippet":"max-snippet:-1","max-image-preview":"max-image-preview:large","max-video-preview":"max-video-preview:-1"},"canonical":"https:\/\/www.skilledtradesontario.ca\/sitemap\/","og_locale":"fr_FR","og_type":"article","og_title":"Plan du site - M\u00e9tiers sp\u00e9cialis\u00e9s Ontario","og_description":"Plan du site \u00c0 propos de nous Rencontrez nos dirigeants Reddition de comptes et rapports d\u2019entreprise Lettre d\u2019orientation Plan...","og_url":"https:\/\/www.skilledtradesontario.ca\/sitemap\/","og_site_name":"M\u00e9tiers sp\u00e9cialis\u00e9s Ontario","article_modified_time":"2024-08-13T19:44:27+00:00","twitter_card":"summary_large_image","twitter_site":"@SkilledTradesON","twitter_misc":{"Dur\u00e9e de lecture estim\u00e9e":"1 minute"},"schema":{"@context":"https:\/\/schema.org","@graph":[{"@type":"WebPage","@id":"https:\/\/www.skilledtradesontario.ca\/sitemap\/","url":"https:\/\/www.skilledtradesontario.ca\/sitemap\/","name":"Plan du site - M\u00e9tiers sp\u00e9cialis\u00e9s Ontario","isPartOf":{"@id":"https:\/\/www.skilledtradesontario.ca\/#website"},"datePublished":"2024-08-13T18:39:55+00:00","dateModified":"2024-08-13T19:44:27+00:00","breadcrumb":{"@id":"https:\/\/www.skilledtradesontario.ca\/sitemap\/#breadcrumb"},"inLanguage":"fr-FR","potentialAction":[{"@type":"ReadAction","target":["https:\/\/www.skilledtradesontario.ca\/sitemap\/"]}]},{"@type":"BreadcrumbList","@id":"https:\/\/www.skilledtradesontario.ca\/sitemap\/#breadcrumb","itemListElement":[{"@type":"ListItem","position":1,"name":"Home","item":"https:\/\/www.skilledtradesontario.ca\/fr\/"},{"@type":"ListItem","position":2,"name":"Plan du site"}]},{"@type":"WebSite","@id":"https:\/\/www.skilledtradesontario.ca\/#website","url":"https:\/\/www.skilledtradesontario.ca\/","name":"M\u00e9tiers sp\u00e9cialis\u00e9s Ontario","description":"Un organisme dirig\u00e9 par l'industrie charg\u00e9 de promouvoir et de moderniser les m\u00e9tiers sp\u00e9cialis\u00e9s et de prot\u00e9ger les gens de m\u00e9tier, l'industrie et, par-dessus tout, l'int\u00e9r\u00eat public.","potentialAction":[{"@type":"SearchAction","target":{"@type":"EntryPoint","urlTemplate":"https:\/\/www.skilledtradesontario.ca\/?s={search_term_string}"},"query-input":{"@type":"PropertyValueSpecification","valueRequired":true,"valueName":"search_term_string"}}],"inLanguage":"fr-FR"}]}},"_links":{"self":[{"href":"https:\/\/www.skilledtradesontario.ca\/fr\/wp-json\/wp\/v2\/pages\/44668","targetHints":{"allow":["GET"]}}],"collection":[{"href":"https:\/\/www.skilledtradesontario.ca\/fr\/wp-json\/wp\/v2\/pages"}],"about":[{"href":"https:\/\/www.skilledtradesontario.ca\/fr\/wp-json\/wp\/v2\/types\/page"}],"author":[{"embeddable":true,"href":"https:\/\/www.skilledtradesontario.ca\/fr\/wp-json\/wp\/v2\/users\/16"}],"replies":[{"embeddable":true,"href":"https:\/\/www.skilledtradesontario.ca\/fr\/wp-json\/wp\/v2\/comments?post=44668"}],"version-history":[{"count":0,"href":"https:\/\/www.skilledtradesontario.ca\/fr\/wp-json\/wp\/v2\/pages\/44668\/revisions"}],"wp:attachment":[{"href":"https:\/\/www.skilledtradesontario.ca\/fr\/wp-json\/wp\/v2\/media?parent=44668"}],"wp:term":[{"taxonomy":"post_tag","embeddable":true,"href":"https:\/\/www.skilledtradesontario.ca\/fr\/wp-json\/wp\/v2\/tags?post=44668"}],"curies":[{"name":"wp","href":"https:\/\/api.w.org\/{rel}","templated":true}]}}