{"id":44529,"date":"2024-07-18T10:47:19","date_gmt":"2024-07-18T14:47:19","guid":{"rendered":"https:\/\/www.skilledtradesontario.ca\/?page_id=44529"},"modified":"2024-07-18T10:47:30","modified_gmt":"2024-07-18T14:47:30","slug":"confirmation_fr_nofc25qrhsbnf996mhnd28vfizer8xzw54543","status":"publish","type":"page","link":"https:\/\/www.skilledtradesontario.ca\/fr\/apprentissage\/certificat-de-qualification-temporaire\/confirmation_fr_nofc25qrhsbnf996mhnd28vfizer8xzw54543\/","title":{"rendered":""},"content":{"rendered":"<p>Merci pour votre candidature \u00e0 M\u00e9tiers sp\u00e9cialis\u00e9s Ontario. Nous r\u00e9pondrons \u00e0 votre e-mail d\u00e8s que possible.<\/p>\n","protected":false},"excerpt":{"rendered":"<p>Merci pour votre candidature \u00e0 M\u00e9tiers sp\u00e9cialis\u00e9s Ontario. Nous r\u00e9pondrons \u00e0 votre e-mail d\u00e8s que possible.<\/p>\n","protected":false},"author":16,"featured_media":0,"parent":35740,"menu_order":0,"comment_status":"closed","ping_status":"closed","template":"template-pages\/page-default.php","meta":{"_acf_changed":false,"footnotes":""},"tags":[],"class_list":["post-44529","page","type-page","status-publish","hentry"],"acf":[],"yoast_head":"<!-- This site is optimized with the Yoast SEO plugin v27.3 - https:\/\/yoast.com\/product\/yoast-seo-wordpress\/ -->\n<title>- M\u00e9tiers sp\u00e9cialis\u00e9s Ontario<\/title>\n<meta name=\"robots\" content=\"index, follow, max-snippet:-1, max-image-preview:large, max-video-preview:-1\" \/>\n<link rel=\"canonical\" href=\"https:\/\/www.skilledtradesontario.ca\/fr\/apprentissage\/certificat-de-qualification-temporaire\/confirmation_fr_nofc25qrhsbnf996mhnd28vfizer8xzw54543\/\" \/>\n<meta property=\"og:locale\" content=\"fr_FR\" \/>\n<meta property=\"og:type\" content=\"article\" \/>\n<meta property=\"og:title\" content=\"- M\u00e9tiers sp\u00e9cialis\u00e9s Ontario\" \/>\n<meta property=\"og:description\" content=\"Merci pour votre candidature \u00e0 M\u00e9tiers sp\u00e9cialis\u00e9s Ontario. Nous r\u00e9pondrons \u00e0 votre e-mail d\u00e8s que possible.\" \/>\n<meta property=\"og:url\" content=\"https:\/\/www.skilledtradesontario.ca\/fr\/apprentissage\/certificat-de-qualification-temporaire\/confirmation_fr_nofc25qrhsbnf996mhnd28vfizer8xzw54543\/\" \/>\n<meta property=\"og:site_name\" content=\"M\u00e9tiers sp\u00e9cialis\u00e9s Ontario\" \/>\n<meta property=\"article:modified_time\" content=\"2024-07-18T14:47:30+00:00\" \/>\n<meta name=\"twitter:card\" content=\"summary_large_image\" \/>\n<meta name=\"twitter:site\" content=\"@SkilledTradesON\" \/>\n<meta name=\"twitter:label1\" content=\"Dur\u00e9e de lecture estim\u00e9e\" \/>\n\t<meta name=\"twitter:data1\" content=\"1 minute\" \/>\n<script type=\"application\/ld+json\" class=\"yoast-schema-graph\">{\"@context\":\"https:\\\/\\\/schema.org\",\"@graph\":[{\"@type\":\"WebPage\",\"@id\":\"https:\\\/\\\/www.skilledtradesontario.ca\\\/fr\\\/apprentissage\\\/certificat-de-qualification-temporaire\\\/confirmation_fr_nofc25qrhsbnf996mhnd28vfizer8xzw54543\\\/\",\"url\":\"https:\\\/\\\/www.skilledtradesontario.ca\\\/fr\\\/apprentissage\\\/certificat-de-qualification-temporaire\\\/confirmation_fr_nofc25qrhsbnf996mhnd28vfizer8xzw54543\\\/\",\"name\":\"- M\u00e9tiers sp\u00e9cialis\u00e9s Ontario\",\"isPartOf\":{\"@id\":\"https:\\\/\\\/www.skilledtradesontario.ca\\\/#website\"},\"datePublished\":\"2024-07-18T14:47:19+00:00\",\"dateModified\":\"2024-07-18T14:47:30+00:00\",\"breadcrumb\":{\"@id\":\"https:\\\/\\\/www.skilledtradesontario.ca\\\/fr\\\/apprentissage\\\/certificat-de-qualification-temporaire\\\/confirmation_fr_nofc25qrhsbnf996mhnd28vfizer8xzw54543\\\/#breadcrumb\"},\"inLanguage\":\"fr-FR\",\"potentialAction\":[{\"@type\":\"ReadAction\",\"target\":[\"https:\\\/\\\/www.skilledtradesontario.ca\\\/fr\\\/apprentissage\\\/certificat-de-qualification-temporaire\\\/confirmation_fr_nofc25qrhsbnf996mhnd28vfizer8xzw54543\\\/\"]}]},{\"@type\":\"BreadcrumbList\",\"@id\":\"https:\\\/\\\/www.skilledtradesontario.ca\\\/fr\\\/apprentissage\\\/certificat-de-qualification-temporaire\\\/confirmation_fr_nofc25qrhsbnf996mhnd28vfizer8xzw54543\\\/#breadcrumb\",\"itemListElement\":[{\"@type\":\"ListItem\",\"position\":1,\"name\":\"Home\",\"item\":\"https:\\\/\\\/www.skilledtradesontario.ca\\\/fr\\\/\"},{\"@type\":\"ListItem\",\"position\":2,\"name\":\"Apprentissage\",\"item\":\"https:\\\/\\\/www.skilledtradesontario.ca\\\/fr\\\/apprentissage\\\/\"},{\"@type\":\"ListItem\",\"position\":3,\"name\":\"Certificat de qualification temporaire\",\"item\":\"https:\\\/\\\/www.skilledtradesontario.ca\\\/fr\\\/apprentissage\\\/certificat-de-qualification-temporaire\\\/\"}]},{\"@type\":\"WebSite\",\"@id\":\"https:\\\/\\\/www.skilledtradesontario.ca\\\/#website\",\"url\":\"https:\\\/\\\/www.skilledtradesontario.ca\\\/\",\"name\":\"M\u00e9tiers sp\u00e9cialis\u00e9s Ontario\",\"description\":\"Un organisme dirig\u00e9 par l'industrie charg\u00e9 de promouvoir et de moderniser les m\u00e9tiers sp\u00e9cialis\u00e9s et de prot\u00e9ger les gens de m\u00e9tier, l'industrie et, par-dessus tout, l'int\u00e9r\u00eat public.\",\"potentialAction\":[{\"@type\":\"SearchAction\",\"target\":{\"@type\":\"EntryPoint\",\"urlTemplate\":\"https:\\\/\\\/www.skilledtradesontario.ca\\\/?s={search_term_string}\"},\"query-input\":{\"@type\":\"PropertyValueSpecification\",\"valueRequired\":true,\"valueName\":\"search_term_string\"}}],\"inLanguage\":\"fr-FR\"}]}<\/script>\n<!-- \/ Yoast SEO plugin. -->","yoast_head_json":{"title":"- M\u00e9tiers sp\u00e9cialis\u00e9s Ontario","robots":{"index":"index","follow":"follow","max-snippet":"max-snippet:-1","max-image-preview":"max-image-preview:large","max-video-preview":"max-video-preview:-1"},"canonical":"https:\/\/www.skilledtradesontario.ca\/fr\/apprentissage\/certificat-de-qualification-temporaire\/confirmation_fr_nofc25qrhsbnf996mhnd28vfizer8xzw54543\/","og_locale":"fr_FR","og_type":"article","og_title":"- M\u00e9tiers sp\u00e9cialis\u00e9s Ontario","og_description":"Merci pour votre candidature \u00e0 M\u00e9tiers sp\u00e9cialis\u00e9s Ontario. Nous r\u00e9pondrons \u00e0 votre e-mail d\u00e8s que possible.","og_url":"https:\/\/www.skilledtradesontario.ca\/fr\/apprentissage\/certificat-de-qualification-temporaire\/confirmation_fr_nofc25qrhsbnf996mhnd28vfizer8xzw54543\/","og_site_name":"M\u00e9tiers sp\u00e9cialis\u00e9s Ontario","article_modified_time":"2024-07-18T14:47:30+00:00","twitter_card":"summary_large_image","twitter_site":"@SkilledTradesON","twitter_misc":{"Dur\u00e9e de lecture estim\u00e9e":"1 minute"},"schema":{"@context":"https:\/\/schema.org","@graph":[{"@type":"WebPage","@id":"https:\/\/www.skilledtradesontario.ca\/fr\/apprentissage\/certificat-de-qualification-temporaire\/confirmation_fr_nofc25qrhsbnf996mhnd28vfizer8xzw54543\/","url":"https:\/\/www.skilledtradesontario.ca\/fr\/apprentissage\/certificat-de-qualification-temporaire\/confirmation_fr_nofc25qrhsbnf996mhnd28vfizer8xzw54543\/","name":"- M\u00e9tiers sp\u00e9cialis\u00e9s Ontario","isPartOf":{"@id":"https:\/\/www.skilledtradesontario.ca\/#website"},"datePublished":"2024-07-18T14:47:19+00:00","dateModified":"2024-07-18T14:47:30+00:00","breadcrumb":{"@id":"https:\/\/www.skilledtradesontario.ca\/fr\/apprentissage\/certificat-de-qualification-temporaire\/confirmation_fr_nofc25qrhsbnf996mhnd28vfizer8xzw54543\/#breadcrumb"},"inLanguage":"fr-FR","potentialAction":[{"@type":"ReadAction","target":["https:\/\/www.skilledtradesontario.ca\/fr\/apprentissage\/certificat-de-qualification-temporaire\/confirmation_fr_nofc25qrhsbnf996mhnd28vfizer8xzw54543\/"]}]},{"@type":"BreadcrumbList","@id":"https:\/\/www.skilledtradesontario.ca\/fr\/apprentissage\/certificat-de-qualification-temporaire\/confirmation_fr_nofc25qrhsbnf996mhnd28vfizer8xzw54543\/#breadcrumb","itemListElement":[{"@type":"ListItem","position":1,"name":"Home","item":"https:\/\/www.skilledtradesontario.ca\/fr\/"},{"@type":"ListItem","position":2,"name":"Apprentissage","item":"https:\/\/www.skilledtradesontario.ca\/fr\/apprentissage\/"},{"@type":"ListItem","position":3,"name":"Certificat de qualification temporaire","item":"https:\/\/www.skilledtradesontario.ca\/fr\/apprentissage\/certificat-de-qualification-temporaire\/"}]},{"@type":"WebSite","@id":"https:\/\/www.skilledtradesontario.ca\/#website","url":"https:\/\/www.skilledtradesontario.ca\/","name":"M\u00e9tiers sp\u00e9cialis\u00e9s Ontario","description":"Un organisme dirig\u00e9 par l'industrie charg\u00e9 de promouvoir et de moderniser les m\u00e9tiers sp\u00e9cialis\u00e9s et de prot\u00e9ger les gens de m\u00e9tier, l'industrie et, par-dessus tout, l'int\u00e9r\u00eat public.","potentialAction":[{"@type":"SearchAction","target":{"@type":"EntryPoint","urlTemplate":"https:\/\/www.skilledtradesontario.ca\/?s={search_term_string}"},"query-input":{"@type":"PropertyValueSpecification","valueRequired":true,"valueName":"search_term_string"}}],"inLanguage":"fr-FR"}]}},"_links":{"self":[{"href":"https:\/\/www.skilledtradesontario.ca\/fr\/wp-json\/wp\/v2\/pages\/44529","targetHints":{"allow":["GET"]}}],"collection":[{"href":"https:\/\/www.skilledtradesontario.ca\/fr\/wp-json\/wp\/v2\/pages"}],"about":[{"href":"https:\/\/www.skilledtradesontario.ca\/fr\/wp-json\/wp\/v2\/types\/page"}],"author":[{"embeddable":true,"href":"https:\/\/www.skilledtradesontario.ca\/fr\/wp-json\/wp\/v2\/users\/16"}],"replies":[{"embeddable":true,"href":"https:\/\/www.skilledtradesontario.ca\/fr\/wp-json\/wp\/v2\/comments?post=44529"}],"version-history":[{"count":0,"href":"https:\/\/www.skilledtradesontario.ca\/fr\/wp-json\/wp\/v2\/pages\/44529\/revisions"}],"up":[{"embeddable":true,"href":"https:\/\/www.skilledtradesontario.ca\/fr\/wp-json\/wp\/v2\/pages\/35740"}],"wp:attachment":[{"href":"https:\/\/www.skilledtradesontario.ca\/fr\/wp-json\/wp\/v2\/media?parent=44529"}],"wp:term":[{"taxonomy":"post_tag","embeddable":true,"href":"https:\/\/www.skilledtradesontario.ca\/fr\/wp-json\/wp\/v2\/tags?post=44529"}],"curies":[{"name":"wp","href":"https:\/\/api.w.org\/{rel}","templated":true}]}}