{"id":44192,"date":"2024-06-05T09:22:08","date_gmt":"2024-06-05T13:22:08","guid":{"rendered":"https:\/\/www.skilledtradesontario.ca\/?page_id=44192"},"modified":"2025-08-26T16:02:35","modified_gmt":"2025-08-26T20:02:35","slug":"directrice-generale-et-registraire","status":"publish","type":"page","link":"https:\/\/www.skilledtradesontario.ca\/fr\/a-propos-de-nous\/rencontrez-nos-dirigeants\/directrice-generale-et-registraire\/","title":{"rendered":"Directrice g\u00e9n\u00e9rale et registraire"},"content":{"rendered":"","protected":false},"excerpt":{"rendered":"","protected":false},"author":16,"featured_media":0,"parent":35721,"menu_order":0,"comment_status":"closed","ping_status":"closed","template":"template-pages\/STO-Default-Page-image-V2.php","meta":{"_acf_changed":false,"footnotes":""},"tags":[],"class_list":["post-44192","page","type-page","status-publish","hentry"],"acf":[],"yoast_head":"<!-- This site is optimized with the Yoast SEO plugin v27.3 - https:\/\/yoast.com\/product\/yoast-seo-wordpress\/ -->\n<title>Directrice g\u00e9n\u00e9rale et registraire - M\u00e9tiers sp\u00e9cialis\u00e9s Ontario<\/title>\n<meta name=\"robots\" content=\"index, follow, max-snippet:-1, max-image-preview:large, max-video-preview:-1\" \/>\n<link rel=\"canonical\" href=\"https:\/\/www.skilledtradesontario.ca\/fr\/a-propos-de-nous\/rencontrez-nos-dirigeants\/directrice-generale-et-registraire\/\" \/>\n<meta property=\"og:locale\" content=\"fr_FR\" \/>\n<meta property=\"og:type\" content=\"article\" \/>\n<meta property=\"og:title\" content=\"Directrice g\u00e9n\u00e9rale et registraire - M\u00e9tiers sp\u00e9cialis\u00e9s Ontario\" \/>\n<meta property=\"og:url\" content=\"https:\/\/www.skilledtradesontario.ca\/fr\/a-propos-de-nous\/rencontrez-nos-dirigeants\/directrice-generale-et-registraire\/\" \/>\n<meta property=\"og:site_name\" content=\"M\u00e9tiers sp\u00e9cialis\u00e9s Ontario\" \/>\n<meta property=\"article:modified_time\" content=\"2025-08-26T20:02:35+00:00\" \/>\n<meta name=\"twitter:card\" content=\"summary_large_image\" \/>\n<meta name=\"twitter:site\" content=\"@SkilledTradesON\" \/>\n<script type=\"application\/ld+json\" class=\"yoast-schema-graph\">{\"@context\":\"https:\\\/\\\/schema.org\",\"@graph\":[{\"@type\":\"WebPage\",\"@id\":\"https:\\\/\\\/www.skilledtradesontario.ca\\\/fr\\\/a-propos-de-nous\\\/rencontrez-nos-dirigeants\\\/directrice-generale-et-registraire\\\/\",\"url\":\"https:\\\/\\\/www.skilledtradesontario.ca\\\/fr\\\/a-propos-de-nous\\\/rencontrez-nos-dirigeants\\\/directrice-generale-et-registraire\\\/\",\"name\":\"Directrice g\u00e9n\u00e9rale et registraire - M\u00e9tiers sp\u00e9cialis\u00e9s Ontario\",\"isPartOf\":{\"@id\":\"https:\\\/\\\/www.skilledtradesontario.ca\\\/#website\"},\"datePublished\":\"2024-06-05T13:22:08+00:00\",\"dateModified\":\"2025-08-26T20:02:35+00:00\",\"breadcrumb\":{\"@id\":\"https:\\\/\\\/www.skilledtradesontario.ca\\\/fr\\\/a-propos-de-nous\\\/rencontrez-nos-dirigeants\\\/directrice-generale-et-registraire\\\/#breadcrumb\"},\"inLanguage\":\"fr-FR\",\"potentialAction\":[{\"@type\":\"ReadAction\",\"target\":[\"https:\\\/\\\/www.skilledtradesontario.ca\\\/fr\\\/a-propos-de-nous\\\/rencontrez-nos-dirigeants\\\/directrice-generale-et-registraire\\\/\"]}]},{\"@type\":\"BreadcrumbList\",\"@id\":\"https:\\\/\\\/www.skilledtradesontario.ca\\\/fr\\\/a-propos-de-nous\\\/rencontrez-nos-dirigeants\\\/directrice-generale-et-registraire\\\/#breadcrumb\",\"itemListElement\":[{\"@type\":\"ListItem\",\"position\":1,\"name\":\"Home\",\"item\":\"https:\\\/\\\/www.skilledtradesontario.ca\\\/fr\\\/\"},{\"@type\":\"ListItem\",\"position\":2,\"name\":\"\u00c0 propos de nous\",\"item\":\"https:\\\/\\\/www.skilledtradesontario.ca\\\/fr\\\/a-propos-de-nous\\\/\"},{\"@type\":\"ListItem\",\"position\":3,\"name\":\"Rencontrez nos dirigeants\",\"item\":\"https:\\\/\\\/www.skilledtradesontario.ca\\\/fr\\\/a-propos-de-nous\\\/rencontrez-nos-dirigeants\\\/\"},{\"@type\":\"ListItem\",\"position\":4,\"name\":\"Directrice g\u00e9n\u00e9rale et registraire\"}]},{\"@type\":\"WebSite\",\"@id\":\"https:\\\/\\\/www.skilledtradesontario.ca\\\/#website\",\"url\":\"https:\\\/\\\/www.skilledtradesontario.ca\\\/\",\"name\":\"M\u00e9tiers sp\u00e9cialis\u00e9s Ontario\",\"description\":\"Un organisme dirig\u00e9 par l'industrie charg\u00e9 de promouvoir et de moderniser les m\u00e9tiers sp\u00e9cialis\u00e9s et de prot\u00e9ger les gens de m\u00e9tier, l'industrie et, par-dessus tout, l'int\u00e9r\u00eat public.\",\"potentialAction\":[{\"@type\":\"SearchAction\",\"target\":{\"@type\":\"EntryPoint\",\"urlTemplate\":\"https:\\\/\\\/www.skilledtradesontario.ca\\\/?s={search_term_string}\"},\"query-input\":{\"@type\":\"PropertyValueSpecification\",\"valueRequired\":true,\"valueName\":\"search_term_string\"}}],\"inLanguage\":\"fr-FR\"}]}<\/script>\n<!-- \/ Yoast SEO plugin. -->","yoast_head_json":{"title":"Directrice g\u00e9n\u00e9rale et registraire - M\u00e9tiers sp\u00e9cialis\u00e9s Ontario","robots":{"index":"index","follow":"follow","max-snippet":"max-snippet:-1","max-image-preview":"max-image-preview:large","max-video-preview":"max-video-preview:-1"},"canonical":"https:\/\/www.skilledtradesontario.ca\/fr\/a-propos-de-nous\/rencontrez-nos-dirigeants\/directrice-generale-et-registraire\/","og_locale":"fr_FR","og_type":"article","og_title":"Directrice g\u00e9n\u00e9rale et registraire - M\u00e9tiers sp\u00e9cialis\u00e9s Ontario","og_url":"https:\/\/www.skilledtradesontario.ca\/fr\/a-propos-de-nous\/rencontrez-nos-dirigeants\/directrice-generale-et-registraire\/","og_site_name":"M\u00e9tiers sp\u00e9cialis\u00e9s Ontario","article_modified_time":"2025-08-26T20:02:35+00:00","twitter_card":"summary_large_image","twitter_site":"@SkilledTradesON","schema":{"@context":"https:\/\/schema.org","@graph":[{"@type":"WebPage","@id":"https:\/\/www.skilledtradesontario.ca\/fr\/a-propos-de-nous\/rencontrez-nos-dirigeants\/directrice-generale-et-registraire\/","url":"https:\/\/www.skilledtradesontario.ca\/fr\/a-propos-de-nous\/rencontrez-nos-dirigeants\/directrice-generale-et-registraire\/","name":"Directrice g\u00e9n\u00e9rale et registraire - M\u00e9tiers sp\u00e9cialis\u00e9s Ontario","isPartOf":{"@id":"https:\/\/www.skilledtradesontario.ca\/#website"},"datePublished":"2024-06-05T13:22:08+00:00","dateModified":"2025-08-26T20:02:35+00:00","breadcrumb":{"@id":"https:\/\/www.skilledtradesontario.ca\/fr\/a-propos-de-nous\/rencontrez-nos-dirigeants\/directrice-generale-et-registraire\/#breadcrumb"},"inLanguage":"fr-FR","potentialAction":[{"@type":"ReadAction","target":["https:\/\/www.skilledtradesontario.ca\/fr\/a-propos-de-nous\/rencontrez-nos-dirigeants\/directrice-generale-et-registraire\/"]}]},{"@type":"BreadcrumbList","@id":"https:\/\/www.skilledtradesontario.ca\/fr\/a-propos-de-nous\/rencontrez-nos-dirigeants\/directrice-generale-et-registraire\/#breadcrumb","itemListElement":[{"@type":"ListItem","position":1,"name":"Home","item":"https:\/\/www.skilledtradesontario.ca\/fr\/"},{"@type":"ListItem","position":2,"name":"\u00c0 propos de nous","item":"https:\/\/www.skilledtradesontario.ca\/fr\/a-propos-de-nous\/"},{"@type":"ListItem","position":3,"name":"Rencontrez nos dirigeants","item":"https:\/\/www.skilledtradesontario.ca\/fr\/a-propos-de-nous\/rencontrez-nos-dirigeants\/"},{"@type":"ListItem","position":4,"name":"Directrice g\u00e9n\u00e9rale et registraire"}]},{"@type":"WebSite","@id":"https:\/\/www.skilledtradesontario.ca\/#website","url":"https:\/\/www.skilledtradesontario.ca\/","name":"M\u00e9tiers sp\u00e9cialis\u00e9s Ontario","description":"Un organisme dirig\u00e9 par l'industrie charg\u00e9 de promouvoir et de moderniser les m\u00e9tiers sp\u00e9cialis\u00e9s et de prot\u00e9ger les gens de m\u00e9tier, l'industrie et, par-dessus tout, l'int\u00e9r\u00eat public.","potentialAction":[{"@type":"SearchAction","target":{"@type":"EntryPoint","urlTemplate":"https:\/\/www.skilledtradesontario.ca\/?s={search_term_string}"},"query-input":{"@type":"PropertyValueSpecification","valueRequired":true,"valueName":"search_term_string"}}],"inLanguage":"fr-FR"}]}},"_links":{"self":[{"href":"https:\/\/www.skilledtradesontario.ca\/fr\/wp-json\/wp\/v2\/pages\/44192","targetHints":{"allow":["GET"]}}],"collection":[{"href":"https:\/\/www.skilledtradesontario.ca\/fr\/wp-json\/wp\/v2\/pages"}],"about":[{"href":"https:\/\/www.skilledtradesontario.ca\/fr\/wp-json\/wp\/v2\/types\/page"}],"author":[{"embeddable":true,"href":"https:\/\/www.skilledtradesontario.ca\/fr\/wp-json\/wp\/v2\/users\/16"}],"replies":[{"embeddable":true,"href":"https:\/\/www.skilledtradesontario.ca\/fr\/wp-json\/wp\/v2\/comments?post=44192"}],"version-history":[{"count":7,"href":"https:\/\/www.skilledtradesontario.ca\/fr\/wp-json\/wp\/v2\/pages\/44192\/revisions"}],"predecessor-version":[{"id":46891,"href":"https:\/\/www.skilledtradesontario.ca\/fr\/wp-json\/wp\/v2\/pages\/44192\/revisions\/46891"}],"up":[{"embeddable":true,"href":"https:\/\/www.skilledtradesontario.ca\/fr\/wp-json\/wp\/v2\/pages\/35721"}],"wp:attachment":[{"href":"https:\/\/www.skilledtradesontario.ca\/fr\/wp-json\/wp\/v2\/media?parent=44192"}],"wp:term":[{"taxonomy":"post_tag","embeddable":true,"href":"https:\/\/www.skilledtradesontario.ca\/fr\/wp-json\/wp\/v2\/tags?post=44192"}],"curies":[{"name":"wp","href":"https:\/\/api.w.org\/{rel}","templated":true}]}}