{"id":43332,"date":"2024-03-28T06:45:55","date_gmt":"2024-03-28T10:45:55","guid":{"rendered":"https:\/\/www.skilledtradesontario.ca\/?page_id=43332"},"modified":"2025-05-21T13:38:59","modified_gmt":"2025-05-21T17:38:59","slug":"rapports-sur-les-metiers","status":"publish","type":"page","link":"https:\/\/www.skilledtradesontario.ca\/fr\/centre-de-ressources\/recherche\/rapports-sur-les-metiers\/","title":{"rendered":"Rapports sur les m\u00e9tiers"},"content":{"rendered":"","protected":false},"excerpt":{"rendered":"","protected":false},"author":16,"featured_media":0,"parent":43329,"menu_order":0,"comment_status":"closed","ping_status":"closed","template":"template-pages\/STO-Trade-Profile-Custom-Page-Fr.php","meta":{"_acf_changed":false,"footnotes":""},"tags":[],"class_list":["post-43332","page","type-page","status-publish","hentry"],"acf":[],"yoast_head":"<!-- This site is optimized with the Yoast SEO plugin v27.3 - https:\/\/yoast.com\/product\/yoast-seo-wordpress\/ -->\n<title>Rapports sur les m\u00e9tiers - M\u00e9tiers sp\u00e9cialis\u00e9s Ontario<\/title>\n<meta name=\"robots\" content=\"index, follow, max-snippet:-1, max-image-preview:large, max-video-preview:-1\" \/>\n<link rel=\"canonical\" href=\"https:\/\/www.skilledtradesontario.ca\/fr\/centre-de-ressources\/recherche\/rapports-sur-les-metiers\/\" \/>\n<meta property=\"og:locale\" content=\"fr_FR\" \/>\n<meta property=\"og:type\" content=\"article\" \/>\n<meta property=\"og:title\" content=\"M\u00e9tiers sp\u00e9cialis\u00e9s Ontario - Rapports sur les m\u00e9tiers\" \/>\n<meta property=\"og:description\" content=\"Les rapports sur les m\u00e9tiers de 2024 donnent un aper\u00e7u des principales caract\u00e9ristiques d\u2019un m\u00e9tier, y compris une description du m\u00e9tier, le parcours de formation, les donn\u00e9es d\u00e9mographiques concernant la main-d\u2019\u0153uvre et un aper\u00e7u des conditions actuelles du march\u00e9 du travail.\" \/>\n<meta property=\"og:url\" content=\"https:\/\/www.skilledtradesontario.ca\/fr\/centre-de-ressources\/recherche\/rapports-sur-les-metiers\/\" \/>\n<meta property=\"og:site_name\" content=\"M\u00e9tiers sp\u00e9cialis\u00e9s Ontario\" \/>\n<meta property=\"article:modified_time\" content=\"2025-05-21T17:38:59+00:00\" \/>\n<meta property=\"og:image\" content=\"https:\/\/www.skilledtradesontario.ca\/wp-content\/uploads\/2025\/05\/Trade-Reports-Fr.png\" \/>\n\t<meta property=\"og:image:width\" content=\"1791\" \/>\n\t<meta property=\"og:image:height\" content=\"938\" \/>\n\t<meta property=\"og:image:type\" content=\"image\/png\" \/>\n<meta name=\"twitter:card\" content=\"summary_large_image\" \/>\n<meta name=\"twitter:title\" content=\"M\u00e9tiers sp\u00e9cialis\u00e9s Ontario - Rapports sur les m\u00e9tiers\" \/>\n<meta name=\"twitter:description\" content=\"Les rapports sur les m\u00e9tiers de 2024 donnent un aper\u00e7u des principales caract\u00e9ristiques d\u2019un m\u00e9tier, y compris une description du m\u00e9tier, le parcours de formation, les donn\u00e9es d\u00e9mographiques concernant la main-d\u2019\u0153uvre et un aper\u00e7u des conditions actuelles du march\u00e9 du travail.\" \/>\n<meta name=\"twitter:image\" content=\"https:\/\/www.skilledtradesontario.ca\/wp-content\/uploads\/2025\/05\/Trade-Reports-Fr.png\" \/>\n<meta name=\"twitter:site\" content=\"@SkilledTradesON\" \/>\n<script type=\"application\/ld+json\" class=\"yoast-schema-graph\">{\"@context\":\"https:\\\/\\\/schema.org\",\"@graph\":[{\"@type\":\"WebPage\",\"@id\":\"https:\\\/\\\/www.skilledtradesontario.ca\\\/fr\\\/centre-de-ressources\\\/recherche\\\/rapports-sur-les-metiers\\\/\",\"url\":\"https:\\\/\\\/www.skilledtradesontario.ca\\\/fr\\\/centre-de-ressources\\\/recherche\\\/rapports-sur-les-metiers\\\/\",\"name\":\"Rapports sur les m\u00e9tiers - M\u00e9tiers sp\u00e9cialis\u00e9s Ontario\",\"isPartOf\":{\"@id\":\"https:\\\/\\\/www.skilledtradesontario.ca\\\/#website\"},\"datePublished\":\"2024-03-28T10:45:55+00:00\",\"dateModified\":\"2025-05-21T17:38:59+00:00\",\"breadcrumb\":{\"@id\":\"https:\\\/\\\/www.skilledtradesontario.ca\\\/fr\\\/centre-de-ressources\\\/recherche\\\/rapports-sur-les-metiers\\\/#breadcrumb\"},\"inLanguage\":\"fr-FR\",\"potentialAction\":[{\"@type\":\"ReadAction\",\"target\":[\"https:\\\/\\\/www.skilledtradesontario.ca\\\/fr\\\/centre-de-ressources\\\/recherche\\\/rapports-sur-les-metiers\\\/\"]}]},{\"@type\":\"BreadcrumbList\",\"@id\":\"https:\\\/\\\/www.skilledtradesontario.ca\\\/fr\\\/centre-de-ressources\\\/recherche\\\/rapports-sur-les-metiers\\\/#breadcrumb\",\"itemListElement\":[{\"@type\":\"ListItem\",\"position\":1,\"name\":\"Home\",\"item\":\"https:\\\/\\\/www.skilledtradesontario.ca\\\/fr\\\/\"},{\"@type\":\"ListItem\",\"position\":2,\"name\":\"Centre de ressources\",\"item\":\"https:\\\/\\\/www.skilledtradesontario.ca\\\/fr\\\/centre-de-ressources\\\/\"},{\"@type\":\"ListItem\",\"position\":3,\"name\":\"Recherche\",\"item\":\"https:\\\/\\\/www.skilledtradesontario.ca\\\/fr\\\/centre-de-ressources\\\/recherche\\\/\"},{\"@type\":\"ListItem\",\"position\":4,\"name\":\"Rapports sur les m\u00e9tiers\"}]},{\"@type\":\"WebSite\",\"@id\":\"https:\\\/\\\/www.skilledtradesontario.ca\\\/#website\",\"url\":\"https:\\\/\\\/www.skilledtradesontario.ca\\\/\",\"name\":\"M\u00e9tiers sp\u00e9cialis\u00e9s Ontario\",\"description\":\"Un organisme dirig\u00e9 par l'industrie charg\u00e9 de promouvoir et de moderniser les m\u00e9tiers sp\u00e9cialis\u00e9s et de prot\u00e9ger les gens de m\u00e9tier, l'industrie et, par-dessus tout, l'int\u00e9r\u00eat public.\",\"potentialAction\":[{\"@type\":\"SearchAction\",\"target\":{\"@type\":\"EntryPoint\",\"urlTemplate\":\"https:\\\/\\\/www.skilledtradesontario.ca\\\/?s={search_term_string}\"},\"query-input\":{\"@type\":\"PropertyValueSpecification\",\"valueRequired\":true,\"valueName\":\"search_term_string\"}}],\"inLanguage\":\"fr-FR\"}]}<\/script>\n<!-- \/ Yoast SEO plugin. -->","yoast_head_json":{"title":"Rapports sur les m\u00e9tiers - M\u00e9tiers sp\u00e9cialis\u00e9s Ontario","robots":{"index":"index","follow":"follow","max-snippet":"max-snippet:-1","max-image-preview":"max-image-preview:large","max-video-preview":"max-video-preview:-1"},"canonical":"https:\/\/www.skilledtradesontario.ca\/fr\/centre-de-ressources\/recherche\/rapports-sur-les-metiers\/","og_locale":"fr_FR","og_type":"article","og_title":"M\u00e9tiers sp\u00e9cialis\u00e9s Ontario - Rapports sur les m\u00e9tiers","og_description":"Les rapports sur les m\u00e9tiers de 2024 donnent un aper\u00e7u des principales caract\u00e9ristiques d\u2019un m\u00e9tier, y compris une description du m\u00e9tier, le parcours de formation, les donn\u00e9es d\u00e9mographiques concernant la main-d\u2019\u0153uvre et un aper\u00e7u des conditions actuelles du march\u00e9 du travail.","og_url":"https:\/\/www.skilledtradesontario.ca\/fr\/centre-de-ressources\/recherche\/rapports-sur-les-metiers\/","og_site_name":"M\u00e9tiers sp\u00e9cialis\u00e9s Ontario","article_modified_time":"2025-05-21T17:38:59+00:00","og_image":[{"width":1791,"height":938,"url":"https:\/\/www.skilledtradesontario.ca\/wp-content\/uploads\/2025\/05\/Trade-Reports-Fr.png","type":"image\/png"}],"twitter_card":"summary_large_image","twitter_title":"M\u00e9tiers sp\u00e9cialis\u00e9s Ontario - Rapports sur les m\u00e9tiers","twitter_description":"Les rapports sur les m\u00e9tiers de 2024 donnent un aper\u00e7u des principales caract\u00e9ristiques d\u2019un m\u00e9tier, y compris une description du m\u00e9tier, le parcours de formation, les donn\u00e9es d\u00e9mographiques concernant la main-d\u2019\u0153uvre et un aper\u00e7u des conditions actuelles du march\u00e9 du travail.","twitter_image":"https:\/\/www.skilledtradesontario.ca\/wp-content\/uploads\/2025\/05\/Trade-Reports-Fr.png","twitter_site":"@SkilledTradesON","schema":{"@context":"https:\/\/schema.org","@graph":[{"@type":"WebPage","@id":"https:\/\/www.skilledtradesontario.ca\/fr\/centre-de-ressources\/recherche\/rapports-sur-les-metiers\/","url":"https:\/\/www.skilledtradesontario.ca\/fr\/centre-de-ressources\/recherche\/rapports-sur-les-metiers\/","name":"Rapports sur les m\u00e9tiers - M\u00e9tiers sp\u00e9cialis\u00e9s Ontario","isPartOf":{"@id":"https:\/\/www.skilledtradesontario.ca\/#website"},"datePublished":"2024-03-28T10:45:55+00:00","dateModified":"2025-05-21T17:38:59+00:00","breadcrumb":{"@id":"https:\/\/www.skilledtradesontario.ca\/fr\/centre-de-ressources\/recherche\/rapports-sur-les-metiers\/#breadcrumb"},"inLanguage":"fr-FR","potentialAction":[{"@type":"ReadAction","target":["https:\/\/www.skilledtradesontario.ca\/fr\/centre-de-ressources\/recherche\/rapports-sur-les-metiers\/"]}]},{"@type":"BreadcrumbList","@id":"https:\/\/www.skilledtradesontario.ca\/fr\/centre-de-ressources\/recherche\/rapports-sur-les-metiers\/#breadcrumb","itemListElement":[{"@type":"ListItem","position":1,"name":"Home","item":"https:\/\/www.skilledtradesontario.ca\/fr\/"},{"@type":"ListItem","position":2,"name":"Centre de ressources","item":"https:\/\/www.skilledtradesontario.ca\/fr\/centre-de-ressources\/"},{"@type":"ListItem","position":3,"name":"Recherche","item":"https:\/\/www.skilledtradesontario.ca\/fr\/centre-de-ressources\/recherche\/"},{"@type":"ListItem","position":4,"name":"Rapports sur les m\u00e9tiers"}]},{"@type":"WebSite","@id":"https:\/\/www.skilledtradesontario.ca\/#website","url":"https:\/\/www.skilledtradesontario.ca\/","name":"M\u00e9tiers sp\u00e9cialis\u00e9s Ontario","description":"Un organisme dirig\u00e9 par l'industrie charg\u00e9 de promouvoir et de moderniser les m\u00e9tiers sp\u00e9cialis\u00e9s et de prot\u00e9ger les gens de m\u00e9tier, l'industrie et, par-dessus tout, l'int\u00e9r\u00eat public.","potentialAction":[{"@type":"SearchAction","target":{"@type":"EntryPoint","urlTemplate":"https:\/\/www.skilledtradesontario.ca\/?s={search_term_string}"},"query-input":{"@type":"PropertyValueSpecification","valueRequired":true,"valueName":"search_term_string"}}],"inLanguage":"fr-FR"}]}},"_links":{"self":[{"href":"https:\/\/www.skilledtradesontario.ca\/fr\/wp-json\/wp\/v2\/pages\/43332","targetHints":{"allow":["GET"]}}],"collection":[{"href":"https:\/\/www.skilledtradesontario.ca\/fr\/wp-json\/wp\/v2\/pages"}],"about":[{"href":"https:\/\/www.skilledtradesontario.ca\/fr\/wp-json\/wp\/v2\/types\/page"}],"author":[{"embeddable":true,"href":"https:\/\/www.skilledtradesontario.ca\/fr\/wp-json\/wp\/v2\/users\/16"}],"replies":[{"embeddable":true,"href":"https:\/\/www.skilledtradesontario.ca\/fr\/wp-json\/wp\/v2\/comments?post=43332"}],"version-history":[{"count":2,"href":"https:\/\/www.skilledtradesontario.ca\/fr\/wp-json\/wp\/v2\/pages\/43332\/revisions"}],"predecessor-version":[{"id":46474,"href":"https:\/\/www.skilledtradesontario.ca\/fr\/wp-json\/wp\/v2\/pages\/43332\/revisions\/46474"}],"up":[{"embeddable":true,"href":"https:\/\/www.skilledtradesontario.ca\/fr\/wp-json\/wp\/v2\/pages\/43329"}],"wp:attachment":[{"href":"https:\/\/www.skilledtradesontario.ca\/fr\/wp-json\/wp\/v2\/media?parent=43332"}],"wp:term":[{"taxonomy":"post_tag","embeddable":true,"href":"https:\/\/www.skilledtradesontario.ca\/fr\/wp-json\/wp\/v2\/tags?post=43332"}],"curies":[{"name":"wp","href":"https:\/\/api.w.org\/{rel}","templated":true}]}}