{"id":43327,"date":"2024-03-28T06:38:00","date_gmt":"2024-03-28T10:38:00","guid":{"rendered":"https:\/\/www.skilledtradesontario.ca\/?page_id=43327"},"modified":"2024-03-28T10:48:33","modified_gmt":"2024-03-28T14:48:33","slug":"centre-de-ressources","status":"publish","type":"page","link":"https:\/\/www.skilledtradesontario.ca\/fr\/centre-de-ressources\/","title":{"rendered":"Centre de ressources"},"content":{"rendered":"","protected":false},"excerpt":{"rendered":"","protected":false},"author":16,"featured_media":0,"parent":0,"menu_order":0,"comment_status":"closed","ping_status":"closed","template":"template-pages\/STO-Trade-Profile-Custom-Page-Fr.php","meta":{"_acf_changed":false,"footnotes":""},"tags":[],"class_list":["post-43327","page","type-page","status-publish","hentry"],"acf":[],"yoast_head":"<!-- This site is optimized with the Yoast SEO plugin v27.3 - https:\/\/yoast.com\/product\/yoast-seo-wordpress\/ -->\n<title>Centre de ressources - M\u00e9tiers sp\u00e9cialis\u00e9s Ontario<\/title>\n<meta name=\"robots\" content=\"index, follow, max-snippet:-1, max-image-preview:large, max-video-preview:-1\" \/>\n<link rel=\"canonical\" href=\"https:\/\/www.skilledtradesontario.ca\/fr\/centre-de-ressources\/\" \/>\n<meta property=\"og:locale\" content=\"fr_FR\" \/>\n<meta property=\"og:type\" content=\"article\" \/>\n<meta property=\"og:title\" content=\"M\u00e9tiers sp\u00e9cialis\u00e9s Ontario - Centre de ressources\" \/>\n<meta property=\"og:description\" content=\"Bienvenue au Centre de ressources de M\u00e9tiers sp\u00e9cialis\u00e9s Ontario. M\u00e9tiers sp\u00e9cialis\u00e9s Ontario s\u2019est engag\u00e9 \u00e0 faciliter l\u2019acc\u00e8s aux services et aux renseignements sur les m\u00e9tiers sp\u00e9cialis\u00e9s pour les professionnel.le.s des m\u00e9tiers sp\u00e9cialis\u00e9s, les partenaires de l\u2019industrie et les apprenti.e.s. Explorez notre Centre de ressources pour y trouver des r\u00e9sultats de recherche, des lois, des politiques et d\u2019autres renseignements utiles sur les m\u00e9tiers sp\u00e9cialis\u00e9s et les programmes d\u2019apprentissage.\" \/>\n<meta property=\"og:url\" content=\"https:\/\/www.skilledtradesontario.ca\/fr\/centre-de-ressources\/\" \/>\n<meta property=\"og:site_name\" content=\"M\u00e9tiers sp\u00e9cialis\u00e9s Ontario\" \/>\n<meta property=\"article:modified_time\" content=\"2024-03-28T14:48:33+00:00\" \/>\n<meta property=\"og:image\" content=\"https:\/\/www.skilledtradesontario.ca\/wp-content\/uploads\/2024\/03\/Resource-Hub-link-preview-image.png\" \/>\n\t<meta property=\"og:image:width\" content=\"800\" \/>\n\t<meta property=\"og:image:height\" content=\"418\" \/>\n\t<meta property=\"og:image:type\" content=\"image\/png\" \/>\n<meta name=\"twitter:card\" content=\"summary_large_image\" \/>\n<meta name=\"twitter:title\" content=\"M\u00e9tiers sp\u00e9cialis\u00e9s Ontario - Centre de ressources\" \/>\n<meta name=\"twitter:description\" content=\"Bienvenue au Centre de ressources de M\u00e9tiers sp\u00e9cialis\u00e9s Ontario. M\u00e9tiers sp\u00e9cialis\u00e9s Ontario s\u2019est engag\u00e9 \u00e0 faciliter l\u2019acc\u00e8s aux services et aux renseignements sur les m\u00e9tiers sp\u00e9cialis\u00e9s pour les professionnel.le.s des m\u00e9tiers sp\u00e9cialis\u00e9s, les partenaires de l\u2019industrie et les apprenti.e.s. Explorez notre Centre de ressources pour y trouver des r\u00e9sultats de recherche, des lois, des politiques et d\u2019autres renseignements utiles sur les m\u00e9tiers sp\u00e9cialis\u00e9s et les programmes d\u2019apprentissage.\" \/>\n<meta name=\"twitter:image\" content=\"https:\/\/www.skilledtradesontario.ca\/wp-content\/uploads\/2024\/03\/Resource-Hub-link-preview-image.png\" \/>\n<meta name=\"twitter:site\" content=\"@SkilledTradesON\" \/>\n<script type=\"application\/ld+json\" class=\"yoast-schema-graph\">{\"@context\":\"https:\\\/\\\/schema.org\",\"@graph\":[{\"@type\":\"WebPage\",\"@id\":\"https:\\\/\\\/www.skilledtradesontario.ca\\\/fr\\\/centre-de-ressources\\\/\",\"url\":\"https:\\\/\\\/www.skilledtradesontario.ca\\\/fr\\\/centre-de-ressources\\\/\",\"name\":\"Centre de ressources - M\u00e9tiers sp\u00e9cialis\u00e9s Ontario\",\"isPartOf\":{\"@id\":\"https:\\\/\\\/www.skilledtradesontario.ca\\\/#website\"},\"datePublished\":\"2024-03-28T10:38:00+00:00\",\"dateModified\":\"2024-03-28T14:48:33+00:00\",\"breadcrumb\":{\"@id\":\"https:\\\/\\\/www.skilledtradesontario.ca\\\/fr\\\/centre-de-ressources\\\/#breadcrumb\"},\"inLanguage\":\"fr-FR\",\"potentialAction\":[{\"@type\":\"ReadAction\",\"target\":[\"https:\\\/\\\/www.skilledtradesontario.ca\\\/fr\\\/centre-de-ressources\\\/\"]}]},{\"@type\":\"BreadcrumbList\",\"@id\":\"https:\\\/\\\/www.skilledtradesontario.ca\\\/fr\\\/centre-de-ressources\\\/#breadcrumb\",\"itemListElement\":[{\"@type\":\"ListItem\",\"position\":1,\"name\":\"Home\",\"item\":\"https:\\\/\\\/www.skilledtradesontario.ca\\\/fr\\\/\"},{\"@type\":\"ListItem\",\"position\":2,\"name\":\"Centre de ressources\"}]},{\"@type\":\"WebSite\",\"@id\":\"https:\\\/\\\/www.skilledtradesontario.ca\\\/#website\",\"url\":\"https:\\\/\\\/www.skilledtradesontario.ca\\\/\",\"name\":\"M\u00e9tiers sp\u00e9cialis\u00e9s Ontario\",\"description\":\"Un organisme dirig\u00e9 par l'industrie charg\u00e9 de promouvoir et de moderniser les m\u00e9tiers sp\u00e9cialis\u00e9s et de prot\u00e9ger les gens de m\u00e9tier, l'industrie et, par-dessus tout, l'int\u00e9r\u00eat public.\",\"potentialAction\":[{\"@type\":\"SearchAction\",\"target\":{\"@type\":\"EntryPoint\",\"urlTemplate\":\"https:\\\/\\\/www.skilledtradesontario.ca\\\/?s={search_term_string}\"},\"query-input\":{\"@type\":\"PropertyValueSpecification\",\"valueRequired\":true,\"valueName\":\"search_term_string\"}}],\"inLanguage\":\"fr-FR\"}]}<\/script>\n<!-- \/ Yoast SEO plugin. -->","yoast_head_json":{"title":"Centre de ressources - M\u00e9tiers sp\u00e9cialis\u00e9s Ontario","robots":{"index":"index","follow":"follow","max-snippet":"max-snippet:-1","max-image-preview":"max-image-preview:large","max-video-preview":"max-video-preview:-1"},"canonical":"https:\/\/www.skilledtradesontario.ca\/fr\/centre-de-ressources\/","og_locale":"fr_FR","og_type":"article","og_title":"M\u00e9tiers sp\u00e9cialis\u00e9s Ontario - Centre de ressources","og_description":"Bienvenue au Centre de ressources de M\u00e9tiers sp\u00e9cialis\u00e9s Ontario. M\u00e9tiers sp\u00e9cialis\u00e9s Ontario s\u2019est engag\u00e9 \u00e0 faciliter l\u2019acc\u00e8s aux services et aux renseignements sur les m\u00e9tiers sp\u00e9cialis\u00e9s pour les professionnel.le.s des m\u00e9tiers sp\u00e9cialis\u00e9s, les partenaires de l\u2019industrie et les apprenti.e.s. Explorez notre Centre de ressources pour y trouver des r\u00e9sultats de recherche, des lois, des politiques et d\u2019autres renseignements utiles sur les m\u00e9tiers sp\u00e9cialis\u00e9s et les programmes d\u2019apprentissage.","og_url":"https:\/\/www.skilledtradesontario.ca\/fr\/centre-de-ressources\/","og_site_name":"M\u00e9tiers sp\u00e9cialis\u00e9s Ontario","article_modified_time":"2024-03-28T14:48:33+00:00","og_image":[{"width":800,"height":418,"url":"https:\/\/www.skilledtradesontario.ca\/wp-content\/uploads\/2024\/03\/Resource-Hub-link-preview-image.png","type":"image\/png"}],"twitter_card":"summary_large_image","twitter_title":"M\u00e9tiers sp\u00e9cialis\u00e9s Ontario - Centre de ressources","twitter_description":"Bienvenue au Centre de ressources de M\u00e9tiers sp\u00e9cialis\u00e9s Ontario. M\u00e9tiers sp\u00e9cialis\u00e9s Ontario s\u2019est engag\u00e9 \u00e0 faciliter l\u2019acc\u00e8s aux services et aux renseignements sur les m\u00e9tiers sp\u00e9cialis\u00e9s pour les professionnel.le.s des m\u00e9tiers sp\u00e9cialis\u00e9s, les partenaires de l\u2019industrie et les apprenti.e.s. Explorez notre Centre de ressources pour y trouver des r\u00e9sultats de recherche, des lois, des politiques et d\u2019autres renseignements utiles sur les m\u00e9tiers sp\u00e9cialis\u00e9s et les programmes d\u2019apprentissage.","twitter_image":"https:\/\/www.skilledtradesontario.ca\/wp-content\/uploads\/2024\/03\/Resource-Hub-link-preview-image.png","twitter_site":"@SkilledTradesON","schema":{"@context":"https:\/\/schema.org","@graph":[{"@type":"WebPage","@id":"https:\/\/www.skilledtradesontario.ca\/fr\/centre-de-ressources\/","url":"https:\/\/www.skilledtradesontario.ca\/fr\/centre-de-ressources\/","name":"Centre de ressources - M\u00e9tiers sp\u00e9cialis\u00e9s Ontario","isPartOf":{"@id":"https:\/\/www.skilledtradesontario.ca\/#website"},"datePublished":"2024-03-28T10:38:00+00:00","dateModified":"2024-03-28T14:48:33+00:00","breadcrumb":{"@id":"https:\/\/www.skilledtradesontario.ca\/fr\/centre-de-ressources\/#breadcrumb"},"inLanguage":"fr-FR","potentialAction":[{"@type":"ReadAction","target":["https:\/\/www.skilledtradesontario.ca\/fr\/centre-de-ressources\/"]}]},{"@type":"BreadcrumbList","@id":"https:\/\/www.skilledtradesontario.ca\/fr\/centre-de-ressources\/#breadcrumb","itemListElement":[{"@type":"ListItem","position":1,"name":"Home","item":"https:\/\/www.skilledtradesontario.ca\/fr\/"},{"@type":"ListItem","position":2,"name":"Centre de ressources"}]},{"@type":"WebSite","@id":"https:\/\/www.skilledtradesontario.ca\/#website","url":"https:\/\/www.skilledtradesontario.ca\/","name":"M\u00e9tiers sp\u00e9cialis\u00e9s Ontario","description":"Un organisme dirig\u00e9 par l'industrie charg\u00e9 de promouvoir et de moderniser les m\u00e9tiers sp\u00e9cialis\u00e9s et de prot\u00e9ger les gens de m\u00e9tier, l'industrie et, par-dessus tout, l'int\u00e9r\u00eat public.","potentialAction":[{"@type":"SearchAction","target":{"@type":"EntryPoint","urlTemplate":"https:\/\/www.skilledtradesontario.ca\/?s={search_term_string}"},"query-input":{"@type":"PropertyValueSpecification","valueRequired":true,"valueName":"search_term_string"}}],"inLanguage":"fr-FR"}]}},"_links":{"self":[{"href":"https:\/\/www.skilledtradesontario.ca\/fr\/wp-json\/wp\/v2\/pages\/43327","targetHints":{"allow":["GET"]}}],"collection":[{"href":"https:\/\/www.skilledtradesontario.ca\/fr\/wp-json\/wp\/v2\/pages"}],"about":[{"href":"https:\/\/www.skilledtradesontario.ca\/fr\/wp-json\/wp\/v2\/types\/page"}],"author":[{"embeddable":true,"href":"https:\/\/www.skilledtradesontario.ca\/fr\/wp-json\/wp\/v2\/users\/16"}],"replies":[{"embeddable":true,"href":"https:\/\/www.skilledtradesontario.ca\/fr\/wp-json\/wp\/v2\/comments?post=43327"}],"version-history":[{"count":0,"href":"https:\/\/www.skilledtradesontario.ca\/fr\/wp-json\/wp\/v2\/pages\/43327\/revisions"}],"wp:attachment":[{"href":"https:\/\/www.skilledtradesontario.ca\/fr\/wp-json\/wp\/v2\/media?parent=43327"}],"wp:term":[{"taxonomy":"post_tag","embeddable":true,"href":"https:\/\/www.skilledtradesontario.ca\/fr\/wp-json\/wp\/v2\/tags?post=43327"}],"curies":[{"name":"wp","href":"https:\/\/api.w.org\/{rel}","templated":true}]}}