{"id":42676,"date":"2023-12-15T17:14:58","date_gmt":"2023-12-15T22:14:58","guid":{"rendered":"https:\/\/www.skilledtradesontario.ca\/?page_id=42676"},"modified":"2025-09-12T13:57:53","modified_gmt":"2025-09-12T17:57:53","slug":"abonnez-vous-a-notre-newsletter","status":"publish","type":"page","link":"https:\/\/www.skilledtradesontario.ca\/fr\/abonnez-vous-a-notre-newsletter\/","title":{"rendered":"Abonnez-vous \u00e0 notre newsletter"},"content":{"rendered":"<h2 style=\"font-weight: 600; color: #21375c; font-size: 25px;\">Restez \u00e0 l\u2019aff\u00fbt des derni\u00e8res nouvelles<\/h2>\n<p>Abonnez-vous \u00e0 notre infolettre pour recevoir des renseignements et des mises \u00e0 jour au sujet des priorit\u00e9s, des initiatives et des activit\u00e9s de M\u00e9tiers sp\u00e9cialis\u00e9s Ontario.<\/p>\n","protected":false},"excerpt":{"rendered":"<p>Restez \u00e0 l\u2019aff\u00fbt des derni\u00e8res nouvelles Abonnez-vous \u00e0 notre infolettre pour recevoir des renseignements et des mises \u00e0 jour&#8230;<\/p>\n","protected":false},"author":16,"featured_media":0,"parent":0,"menu_order":0,"comment_status":"closed","ping_status":"closed","template":"template-pages\/page-default-subscribe-fr.php","meta":{"_acf_changed":false,"footnotes":""},"tags":[],"class_list":["post-42676","page","type-page","status-publish","hentry"],"acf":[],"yoast_head":"<!-- This site is optimized with the Yoast SEO plugin v27.3 - https:\/\/yoast.com\/product\/yoast-seo-wordpress\/ -->\n<title>Abonnez-vous \u00e0 notre newsletter - M\u00e9tiers sp\u00e9cialis\u00e9s Ontario<\/title>\n<meta name=\"robots\" content=\"index, follow, max-snippet:-1, max-image-preview:large, max-video-preview:-1\" \/>\n<link rel=\"canonical\" href=\"https:\/\/www.skilledtradesontario.ca\/fr\/abonnez-vous-a-notre-newsletter\/\" \/>\n<meta property=\"og:locale\" content=\"fr_FR\" \/>\n<meta property=\"og:type\" content=\"article\" \/>\n<meta property=\"og:title\" content=\"M\u00e9tiers sp\u00e9cialis\u00e9s Ontario - Abonnez-vous \u00e0 notre newsletter\" \/>\n<meta property=\"og:description\" content=\"Restez \u00e0 l\u2019aff\u00fbt des derni\u00e8res nouvelles. Abonnez-vous \u00e0 notre infolettre pour recevoir des renseignements et des mises \u00e0 jour au sujet des priorit\u00e9s, des initiatives et des activit\u00e9s de M\u00e9tiers sp\u00e9cialis\u00e9s Ontario.\" \/>\n<meta property=\"og:url\" content=\"https:\/\/www.skilledtradesontario.ca\/fr\/abonnez-vous-a-notre-newsletter\/\" \/>\n<meta property=\"og:site_name\" content=\"M\u00e9tiers sp\u00e9cialis\u00e9s Ontario\" \/>\n<meta property=\"article:modified_time\" content=\"2025-09-12T17:57:53+00:00\" \/>\n<meta property=\"og:image\" content=\"https:\/\/www.skilledtradesontario.ca\/wp-content\/uploads\/2025\/09\/sto-connected-fr.jpg\" \/>\n\t<meta property=\"og:image:width\" content=\"592\" \/>\n\t<meta property=\"og:image:height\" content=\"285\" \/>\n\t<meta property=\"og:image:type\" content=\"image\/jpeg\" \/>\n<meta name=\"twitter:card\" content=\"summary_large_image\" \/>\n<meta name=\"twitter:title\" content=\"M\u00e9tiers sp\u00e9cialis\u00e9s Ontario - Abonnez-vous \u00e0 notre newsletter\" \/>\n<meta name=\"twitter:description\" content=\"Restez \u00e0 l\u2019aff\u00fbt des derni\u00e8res nouvelles. Abonnez-vous \u00e0 notre infolettre pour recevoir des renseignements et des mises \u00e0 jour au sujet des priorit\u00e9s, des initiatives et des activit\u00e9s de M\u00e9tiers sp\u00e9cialis\u00e9s Ontario.\" \/>\n<meta name=\"twitter:image\" content=\"https:\/\/www.skilledtradesontario.ca\/wp-content\/uploads\/2025\/09\/sto-connected-fr.jpg\" \/>\n<meta name=\"twitter:site\" content=\"@SkilledTradesON\" \/>\n<meta name=\"twitter:label1\" content=\"Dur\u00e9e de lecture estim\u00e9e\" \/>\n\t<meta name=\"twitter:data1\" content=\"1 minute\" \/>\n<script type=\"application\/ld+json\" class=\"yoast-schema-graph\">{\"@context\":\"https:\\\/\\\/schema.org\",\"@graph\":[{\"@type\":\"WebPage\",\"@id\":\"https:\\\/\\\/www.skilledtradesontario.ca\\\/fr\\\/abonnez-vous-a-notre-newsletter\\\/\",\"url\":\"https:\\\/\\\/www.skilledtradesontario.ca\\\/fr\\\/abonnez-vous-a-notre-newsletter\\\/\",\"name\":\"Abonnez-vous \u00e0 notre newsletter - M\u00e9tiers sp\u00e9cialis\u00e9s Ontario\",\"isPartOf\":{\"@id\":\"https:\\\/\\\/www.skilledtradesontario.ca\\\/#website\"},\"datePublished\":\"2023-12-15T22:14:58+00:00\",\"dateModified\":\"2025-09-12T17:57:53+00:00\",\"breadcrumb\":{\"@id\":\"https:\\\/\\\/www.skilledtradesontario.ca\\\/fr\\\/abonnez-vous-a-notre-newsletter\\\/#breadcrumb\"},\"inLanguage\":\"fr-FR\",\"potentialAction\":[{\"@type\":\"ReadAction\",\"target\":[\"https:\\\/\\\/www.skilledtradesontario.ca\\\/fr\\\/abonnez-vous-a-notre-newsletter\\\/\"]}]},{\"@type\":\"BreadcrumbList\",\"@id\":\"https:\\\/\\\/www.skilledtradesontario.ca\\\/fr\\\/abonnez-vous-a-notre-newsletter\\\/#breadcrumb\",\"itemListElement\":[{\"@type\":\"ListItem\",\"position\":1,\"name\":\"Home\",\"item\":\"https:\\\/\\\/www.skilledtradesontario.ca\\\/fr\\\/\"},{\"@type\":\"ListItem\",\"position\":2,\"name\":\"Abonnez-vous \u00e0 notre newsletter\"}]},{\"@type\":\"WebSite\",\"@id\":\"https:\\\/\\\/www.skilledtradesontario.ca\\\/#website\",\"url\":\"https:\\\/\\\/www.skilledtradesontario.ca\\\/\",\"name\":\"M\u00e9tiers sp\u00e9cialis\u00e9s Ontario\",\"description\":\"Un organisme dirig\u00e9 par l'industrie charg\u00e9 de promouvoir et de moderniser les m\u00e9tiers sp\u00e9cialis\u00e9s et de prot\u00e9ger les gens de m\u00e9tier, l'industrie et, par-dessus tout, l'int\u00e9r\u00eat public.\",\"potentialAction\":[{\"@type\":\"SearchAction\",\"target\":{\"@type\":\"EntryPoint\",\"urlTemplate\":\"https:\\\/\\\/www.skilledtradesontario.ca\\\/?s={search_term_string}\"},\"query-input\":{\"@type\":\"PropertyValueSpecification\",\"valueRequired\":true,\"valueName\":\"search_term_string\"}}],\"inLanguage\":\"fr-FR\"}]}<\/script>\n<!-- \/ Yoast SEO plugin. -->","yoast_head_json":{"title":"Abonnez-vous \u00e0 notre newsletter - M\u00e9tiers sp\u00e9cialis\u00e9s Ontario","robots":{"index":"index","follow":"follow","max-snippet":"max-snippet:-1","max-image-preview":"max-image-preview:large","max-video-preview":"max-video-preview:-1"},"canonical":"https:\/\/www.skilledtradesontario.ca\/fr\/abonnez-vous-a-notre-newsletter\/","og_locale":"fr_FR","og_type":"article","og_title":"M\u00e9tiers sp\u00e9cialis\u00e9s Ontario - Abonnez-vous \u00e0 notre newsletter","og_description":"Restez \u00e0 l\u2019aff\u00fbt des derni\u00e8res nouvelles. Abonnez-vous \u00e0 notre infolettre pour recevoir des renseignements et des mises \u00e0 jour au sujet des priorit\u00e9s, des initiatives et des activit\u00e9s de M\u00e9tiers sp\u00e9cialis\u00e9s Ontario.","og_url":"https:\/\/www.skilledtradesontario.ca\/fr\/abonnez-vous-a-notre-newsletter\/","og_site_name":"M\u00e9tiers sp\u00e9cialis\u00e9s Ontario","article_modified_time":"2025-09-12T17:57:53+00:00","og_image":[{"width":592,"height":285,"url":"https:\/\/www.skilledtradesontario.ca\/wp-content\/uploads\/2025\/09\/sto-connected-fr.jpg","type":"image\/jpeg"}],"twitter_card":"summary_large_image","twitter_title":"M\u00e9tiers sp\u00e9cialis\u00e9s Ontario - Abonnez-vous \u00e0 notre newsletter","twitter_description":"Restez \u00e0 l\u2019aff\u00fbt des derni\u00e8res nouvelles. Abonnez-vous \u00e0 notre infolettre pour recevoir des renseignements et des mises \u00e0 jour au sujet des priorit\u00e9s, des initiatives et des activit\u00e9s de M\u00e9tiers sp\u00e9cialis\u00e9s Ontario.","twitter_image":"https:\/\/www.skilledtradesontario.ca\/wp-content\/uploads\/2025\/09\/sto-connected-fr.jpg","twitter_site":"@SkilledTradesON","twitter_misc":{"Dur\u00e9e de lecture estim\u00e9e":"1 minute"},"schema":{"@context":"https:\/\/schema.org","@graph":[{"@type":"WebPage","@id":"https:\/\/www.skilledtradesontario.ca\/fr\/abonnez-vous-a-notre-newsletter\/","url":"https:\/\/www.skilledtradesontario.ca\/fr\/abonnez-vous-a-notre-newsletter\/","name":"Abonnez-vous \u00e0 notre newsletter - M\u00e9tiers sp\u00e9cialis\u00e9s Ontario","isPartOf":{"@id":"https:\/\/www.skilledtradesontario.ca\/#website"},"datePublished":"2023-12-15T22:14:58+00:00","dateModified":"2025-09-12T17:57:53+00:00","breadcrumb":{"@id":"https:\/\/www.skilledtradesontario.ca\/fr\/abonnez-vous-a-notre-newsletter\/#breadcrumb"},"inLanguage":"fr-FR","potentialAction":[{"@type":"ReadAction","target":["https:\/\/www.skilledtradesontario.ca\/fr\/abonnez-vous-a-notre-newsletter\/"]}]},{"@type":"BreadcrumbList","@id":"https:\/\/www.skilledtradesontario.ca\/fr\/abonnez-vous-a-notre-newsletter\/#breadcrumb","itemListElement":[{"@type":"ListItem","position":1,"name":"Home","item":"https:\/\/www.skilledtradesontario.ca\/fr\/"},{"@type":"ListItem","position":2,"name":"Abonnez-vous \u00e0 notre newsletter"}]},{"@type":"WebSite","@id":"https:\/\/www.skilledtradesontario.ca\/#website","url":"https:\/\/www.skilledtradesontario.ca\/","name":"M\u00e9tiers sp\u00e9cialis\u00e9s Ontario","description":"Un organisme dirig\u00e9 par l'industrie charg\u00e9 de promouvoir et de moderniser les m\u00e9tiers sp\u00e9cialis\u00e9s et de prot\u00e9ger les gens de m\u00e9tier, l'industrie et, par-dessus tout, l'int\u00e9r\u00eat public.","potentialAction":[{"@type":"SearchAction","target":{"@type":"EntryPoint","urlTemplate":"https:\/\/www.skilledtradesontario.ca\/?s={search_term_string}"},"query-input":{"@type":"PropertyValueSpecification","valueRequired":true,"valueName":"search_term_string"}}],"inLanguage":"fr-FR"}]}},"_links":{"self":[{"href":"https:\/\/www.skilledtradesontario.ca\/fr\/wp-json\/wp\/v2\/pages\/42676","targetHints":{"allow":["GET"]}}],"collection":[{"href":"https:\/\/www.skilledtradesontario.ca\/fr\/wp-json\/wp\/v2\/pages"}],"about":[{"href":"https:\/\/www.skilledtradesontario.ca\/fr\/wp-json\/wp\/v2\/types\/page"}],"author":[{"embeddable":true,"href":"https:\/\/www.skilledtradesontario.ca\/fr\/wp-json\/wp\/v2\/users\/16"}],"replies":[{"embeddable":true,"href":"https:\/\/www.skilledtradesontario.ca\/fr\/wp-json\/wp\/v2\/comments?post=42676"}],"version-history":[{"count":1,"href":"https:\/\/www.skilledtradesontario.ca\/fr\/wp-json\/wp\/v2\/pages\/42676\/revisions"}],"predecessor-version":[{"id":46919,"href":"https:\/\/www.skilledtradesontario.ca\/fr\/wp-json\/wp\/v2\/pages\/42676\/revisions\/46919"}],"wp:attachment":[{"href":"https:\/\/www.skilledtradesontario.ca\/fr\/wp-json\/wp\/v2\/media?parent=42676"}],"wp:term":[{"taxonomy":"post_tag","embeddable":true,"href":"https:\/\/www.skilledtradesontario.ca\/fr\/wp-json\/wp\/v2\/tags?post=42676"}],"curies":[{"name":"wp","href":"https:\/\/api.w.org\/{rel}","templated":true}]}}