{"id":42475,"date":"2023-09-22T10:15:23","date_gmt":"2023-09-22T14:15:23","guid":{"rendered":"https:\/\/www.skilledtradesontario.ca\/?page_id=42475"},"modified":"2023-09-22T10:15:23","modified_gmt":"2023-09-22T14:15:23","slug":"plan-strategique","status":"publish","type":"page","link":"https:\/\/www.skilledtradesontario.ca\/fr\/a-propos-de-nous\/reddition-de-comptes-et-rapports-dentreprise\/plan-strategique\/","title":{"rendered":"Plan strat\u00e9gique"},"content":{"rendered":"","protected":false},"excerpt":{"rendered":"","protected":false},"author":16,"featured_media":0,"parent":42465,"menu_order":0,"comment_status":"closed","ping_status":"closed","template":"template-pages\/STO-ACR-Strategic-Plan-Fr.php","meta":{"_acf_changed":false,"footnotes":""},"tags":[],"class_list":["post-42475","page","type-page","status-publish","hentry"],"acf":[],"yoast_head":"<!-- This site is optimized with the Yoast SEO plugin v27.3 - https:\/\/yoast.com\/product\/yoast-seo-wordpress\/ -->\n<title>Plan strat\u00e9gique - M\u00e9tiers sp\u00e9cialis\u00e9s Ontario<\/title>\n<meta name=\"robots\" content=\"index, follow, max-snippet:-1, max-image-preview:large, max-video-preview:-1\" \/>\n<link rel=\"canonical\" href=\"https:\/\/www.skilledtradesontario.ca\/about-us\/accountability-and-corporate-reports\/strategic-plan\/\" \/>\n<meta property=\"og:locale\" content=\"fr_FR\" \/>\n<meta property=\"og:type\" content=\"article\" \/>\n<meta property=\"og:title\" content=\"Plan strat\u00e9gique - M\u00e9tiers sp\u00e9cialis\u00e9s Ontario\" \/>\n<meta property=\"og:url\" content=\"https:\/\/www.skilledtradesontario.ca\/about-us\/accountability-and-corporate-reports\/strategic-plan\/\" \/>\n<meta property=\"og:site_name\" content=\"M\u00e9tiers sp\u00e9cialis\u00e9s Ontario\" \/>\n<meta name=\"twitter:card\" content=\"summary_large_image\" \/>\n<meta name=\"twitter:site\" content=\"@SkilledTradesON\" \/>\n<script type=\"application\/ld+json\" class=\"yoast-schema-graph\">{\"@context\":\"https:\\\/\\\/schema.org\",\"@graph\":[{\"@type\":\"WebPage\",\"@id\":\"https:\\\/\\\/www.skilledtradesontario.ca\\\/about-us\\\/accountability-and-corporate-reports\\\/strategic-plan\\\/\",\"url\":\"https:\\\/\\\/www.skilledtradesontario.ca\\\/about-us\\\/accountability-and-corporate-reports\\\/strategic-plan\\\/\",\"name\":\"Plan strat\u00e9gique - M\u00e9tiers sp\u00e9cialis\u00e9s Ontario\",\"isPartOf\":{\"@id\":\"https:\\\/\\\/www.skilledtradesontario.ca\\\/#website\"},\"datePublished\":\"2023-09-22T14:15:23+00:00\",\"breadcrumb\":{\"@id\":\"https:\\\/\\\/www.skilledtradesontario.ca\\\/about-us\\\/accountability-and-corporate-reports\\\/strategic-plan\\\/#breadcrumb\"},\"inLanguage\":\"fr-FR\",\"potentialAction\":[{\"@type\":\"ReadAction\",\"target\":[\"https:\\\/\\\/www.skilledtradesontario.ca\\\/about-us\\\/accountability-and-corporate-reports\\\/strategic-plan\\\/\"]}]},{\"@type\":\"BreadcrumbList\",\"@id\":\"https:\\\/\\\/www.skilledtradesontario.ca\\\/about-us\\\/accountability-and-corporate-reports\\\/strategic-plan\\\/#breadcrumb\",\"itemListElement\":[{\"@type\":\"ListItem\",\"position\":1,\"name\":\"Home\",\"item\":\"https:\\\/\\\/www.skilledtradesontario.ca\\\/fr\\\/\"},{\"@type\":\"ListItem\",\"position\":2,\"name\":\"\u00c0 propos de nous\",\"item\":\"https:\\\/\\\/www.skilledtradesontario.ca\\\/fr\\\/a-propos-de-nous\\\/\"},{\"@type\":\"ListItem\",\"position\":3,\"name\":\"Reddition de comptes et rapports d\u2019entreprise\",\"item\":\"https:\\\/\\\/www.skilledtradesontario.ca\\\/about-us\\\/accountability-and-corporate-reports\\\/\"},{\"@type\":\"ListItem\",\"position\":4,\"name\":\"Plan strat\u00e9gique\"}]},{\"@type\":\"WebSite\",\"@id\":\"https:\\\/\\\/www.skilledtradesontario.ca\\\/#website\",\"url\":\"https:\\\/\\\/www.skilledtradesontario.ca\\\/\",\"name\":\"M\u00e9tiers sp\u00e9cialis\u00e9s Ontario\",\"description\":\"Un organisme dirig\u00e9 par l'industrie charg\u00e9 de promouvoir et de moderniser les m\u00e9tiers sp\u00e9cialis\u00e9s et de prot\u00e9ger les gens de m\u00e9tier, l'industrie et, par-dessus tout, l'int\u00e9r\u00eat public.\",\"potentialAction\":[{\"@type\":\"SearchAction\",\"target\":{\"@type\":\"EntryPoint\",\"urlTemplate\":\"https:\\\/\\\/www.skilledtradesontario.ca\\\/?s={search_term_string}\"},\"query-input\":{\"@type\":\"PropertyValueSpecification\",\"valueRequired\":true,\"valueName\":\"search_term_string\"}}],\"inLanguage\":\"fr-FR\"}]}<\/script>\n<!-- \/ Yoast SEO plugin. -->","yoast_head_json":{"title":"Plan strat\u00e9gique - M\u00e9tiers sp\u00e9cialis\u00e9s Ontario","robots":{"index":"index","follow":"follow","max-snippet":"max-snippet:-1","max-image-preview":"max-image-preview:large","max-video-preview":"max-video-preview:-1"},"canonical":"https:\/\/www.skilledtradesontario.ca\/about-us\/accountability-and-corporate-reports\/strategic-plan\/","og_locale":"fr_FR","og_type":"article","og_title":"Plan strat\u00e9gique - M\u00e9tiers sp\u00e9cialis\u00e9s Ontario","og_url":"https:\/\/www.skilledtradesontario.ca\/about-us\/accountability-and-corporate-reports\/strategic-plan\/","og_site_name":"M\u00e9tiers sp\u00e9cialis\u00e9s Ontario","twitter_card":"summary_large_image","twitter_site":"@SkilledTradesON","schema":{"@context":"https:\/\/schema.org","@graph":[{"@type":"WebPage","@id":"https:\/\/www.skilledtradesontario.ca\/about-us\/accountability-and-corporate-reports\/strategic-plan\/","url":"https:\/\/www.skilledtradesontario.ca\/about-us\/accountability-and-corporate-reports\/strategic-plan\/","name":"Plan strat\u00e9gique - M\u00e9tiers sp\u00e9cialis\u00e9s Ontario","isPartOf":{"@id":"https:\/\/www.skilledtradesontario.ca\/#website"},"datePublished":"2023-09-22T14:15:23+00:00","breadcrumb":{"@id":"https:\/\/www.skilledtradesontario.ca\/about-us\/accountability-and-corporate-reports\/strategic-plan\/#breadcrumb"},"inLanguage":"fr-FR","potentialAction":[{"@type":"ReadAction","target":["https:\/\/www.skilledtradesontario.ca\/about-us\/accountability-and-corporate-reports\/strategic-plan\/"]}]},{"@type":"BreadcrumbList","@id":"https:\/\/www.skilledtradesontario.ca\/about-us\/accountability-and-corporate-reports\/strategic-plan\/#breadcrumb","itemListElement":[{"@type":"ListItem","position":1,"name":"Home","item":"https:\/\/www.skilledtradesontario.ca\/fr\/"},{"@type":"ListItem","position":2,"name":"\u00c0 propos de nous","item":"https:\/\/www.skilledtradesontario.ca\/fr\/a-propos-de-nous\/"},{"@type":"ListItem","position":3,"name":"Reddition de comptes et rapports d\u2019entreprise","item":"https:\/\/www.skilledtradesontario.ca\/about-us\/accountability-and-corporate-reports\/"},{"@type":"ListItem","position":4,"name":"Plan strat\u00e9gique"}]},{"@type":"WebSite","@id":"https:\/\/www.skilledtradesontario.ca\/#website","url":"https:\/\/www.skilledtradesontario.ca\/","name":"M\u00e9tiers sp\u00e9cialis\u00e9s Ontario","description":"Un organisme dirig\u00e9 par l'industrie charg\u00e9 de promouvoir et de moderniser les m\u00e9tiers sp\u00e9cialis\u00e9s et de prot\u00e9ger les gens de m\u00e9tier, l'industrie et, par-dessus tout, l'int\u00e9r\u00eat public.","potentialAction":[{"@type":"SearchAction","target":{"@type":"EntryPoint","urlTemplate":"https:\/\/www.skilledtradesontario.ca\/?s={search_term_string}"},"query-input":{"@type":"PropertyValueSpecification","valueRequired":true,"valueName":"search_term_string"}}],"inLanguage":"fr-FR"}]}},"_links":{"self":[{"href":"https:\/\/www.skilledtradesontario.ca\/fr\/wp-json\/wp\/v2\/pages\/42475","targetHints":{"allow":["GET"]}}],"collection":[{"href":"https:\/\/www.skilledtradesontario.ca\/fr\/wp-json\/wp\/v2\/pages"}],"about":[{"href":"https:\/\/www.skilledtradesontario.ca\/fr\/wp-json\/wp\/v2\/types\/page"}],"author":[{"embeddable":true,"href":"https:\/\/www.skilledtradesontario.ca\/fr\/wp-json\/wp\/v2\/users\/16"}],"replies":[{"embeddable":true,"href":"https:\/\/www.skilledtradesontario.ca\/fr\/wp-json\/wp\/v2\/comments?post=42475"}],"version-history":[{"count":0,"href":"https:\/\/www.skilledtradesontario.ca\/fr\/wp-json\/wp\/v2\/pages\/42475\/revisions"}],"up":[{"embeddable":true,"href":"https:\/\/www.skilledtradesontario.ca\/fr\/wp-json\/wp\/v2\/pages\/42465"}],"wp:attachment":[{"href":"https:\/\/www.skilledtradesontario.ca\/fr\/wp-json\/wp\/v2\/media?parent=42475"}],"wp:term":[{"taxonomy":"post_tag","embeddable":true,"href":"https:\/\/www.skilledtradesontario.ca\/fr\/wp-json\/wp\/v2\/tags?post=42475"}],"curies":[{"name":"wp","href":"https:\/\/api.w.org\/{rel}","templated":true}]}}