{"id":40598,"date":"2022-02-04T10:44:49","date_gmt":"2022-02-04T15:44:49","guid":{"rendered":"https:\/\/www.skilledtradesontario.ca\/?page_id=40598"},"modified":"2025-01-11T18:56:14","modified_gmt":"2025-01-11T23:56:14","slug":"registre-public","status":"publish","type":"page","link":"https:\/\/www.skilledtradesontario.ca\/fr\/registre-public\/","title":{"rendered":"Registre public"},"content":{"rendered":"<style>\na.button:focus { color:#ffffff;<br \/>\n}<br \/>\nh2{font-size:26px;}<br \/>\n.section-head p{padding-bottom:0px !important;}<br \/>\n<\/style>\n<h2>Consulter le registre public<\/h2>\n<p>Pour confirmer qu\u2019un(e) professionnel(le) des m\u00e9tiers sp\u00e9cialis\u00e9s ou un(e) apprenti(e) peut l\u00e9galement exercer un m\u00e9tier \u00e0 accr\u00e9ditation obligatoire, veuillez inscrire :<\/p>\n<ul class=\"ocot-list\">\n<li><span>tout ou partie du pr\u00e9nom ou du nom de la personne; ou<\/span><\/li>\n<li><span>un ID ou un num\u00e9ro de compte de M\u00e9tiers sp\u00e9cialis\u00e9s Ontario.<\/span><\/li>\n<\/ul>\n<p>Si vous avez des difficult\u00e9s \u00e0 utiliser le registre public, ou que vous avez des questions, veuillez communiquer avec M\u00e9tiers sp\u00e9cialis\u00e9s Ontario au 647-847-3000 ou au 1-855-299-0028 (sans frais en Ontario seulement), du lundi au vendredi de 8 h 30 \u00e0 17 h (HNE).<\/p>\n<p><a class=\"button\" href=\"https:\/\/services.skilledtradesontario.ca\/STOportal\/app\/public-search\" target=\"_blank\" rel=\"noopener\" type=\"button\">Registre public<\/a><\/p>\n<p>Veuillez contacter <a href=\"https:\/\/www.ontario.ca\/fr\/commentaires\/pour-nous-joindre?id=85770&amp;nid=113893\" target=\"_blank\" rel=\"noopener\">l\u2019InfoCentre de sant\u00e9 et de s\u00e9curit\u00e9 au travail<\/a> du Minist\u00e8re pour signaler :<\/p>\n<ul class=\"ocot-list\">\n<li><span>l\u2019exercice d\u2019un m\u00e9tier \u00e0 accr\u00e9ditation obligatoire par une personne qui n\u2019est peut-\u00eatre pas autoris\u00e9e en vertu des lois ontariennes sur les m\u00e9tiers sp\u00e9cialis\u00e9s; et\/ou<\/span><\/li>\n<li><span>l\u2019ex\u00e9cution de travaux de mani\u00e8re dangereuse dans un lieu de travail de l\u2019Ontario.<\/span><\/li>\n<\/ul>\n","protected":false},"excerpt":{"rendered":"<p>Consulter le registre public Pour confirmer qu\u2019un(e) professionnel(le) des m\u00e9tiers sp\u00e9cialis\u00e9s ou un(e) apprenti(e) peut l\u00e9galement exercer un m\u00e9tier&#8230;<\/p>\n","protected":false},"author":16,"featured_media":0,"parent":0,"menu_order":0,"comment_status":"closed","ping_status":"closed","template":"template-pages\/page-default.php","meta":{"_acf_changed":false,"footnotes":""},"tags":[],"class_list":["post-40598","page","type-page","status-publish","hentry"],"acf":[],"yoast_head":"<!-- This site is optimized with the Yoast SEO plugin v27.3 - https:\/\/yoast.com\/product\/yoast-seo-wordpress\/ -->\n<title>Registre public - M\u00e9tiers sp\u00e9cialis\u00e9s Ontario<\/title>\n<meta name=\"robots\" content=\"index, follow, max-snippet:-1, max-image-preview:large, max-video-preview:-1\" \/>\n<link rel=\"canonical\" href=\"https:\/\/www.skilledtradesontario.ca\/fr\/registre-public\/\" \/>\n<meta property=\"og:locale\" content=\"fr_FR\" \/>\n<meta property=\"og:type\" content=\"article\" \/>\n<meta property=\"og:title\" content=\"Registre public - M\u00e9tiers sp\u00e9cialis\u00e9s Ontario\" \/>\n<meta property=\"og:description\" content=\"Consulter le registre public Pour confirmer qu\u2019un(e) professionnel(le) des m\u00e9tiers sp\u00e9cialis\u00e9s ou un(e) apprenti(e) peut l\u00e9galement exercer un m\u00e9tier...\" \/>\n<meta property=\"og:url\" content=\"https:\/\/www.skilledtradesontario.ca\/fr\/registre-public\/\" \/>\n<meta property=\"og:site_name\" content=\"M\u00e9tiers sp\u00e9cialis\u00e9s Ontario\" \/>\n<meta property=\"article:modified_time\" content=\"2025-01-11T23:56:14+00:00\" \/>\n<meta property=\"og:image\" content=\"https:\/\/www.skilledtradesontario.ca\/wp-content\/uploads\/2024\/02\/Public-register.png\" \/>\n\t<meta property=\"og:image:width\" content=\"800\" \/>\n\t<meta property=\"og:image:height\" content=\"418\" \/>\n\t<meta property=\"og:image:type\" content=\"image\/png\" \/>\n<meta name=\"twitter:card\" content=\"summary_large_image\" \/>\n<meta name=\"twitter:title\" content=\"Registre public - M\u00e9tiers sp\u00e9cialis\u00e9s Ontario\" \/>\n<meta name=\"twitter:image\" content=\"https:\/\/www.skilledtradesontario.ca\/wp-content\/uploads\/2024\/02\/Public-register.png\" \/>\n<meta name=\"twitter:site\" content=\"@SkilledTradesON\" \/>\n<meta name=\"twitter:label1\" content=\"Dur\u00e9e de lecture estim\u00e9e\" \/>\n\t<meta name=\"twitter:data1\" content=\"1 minute\" \/>\n<script type=\"application\/ld+json\" class=\"yoast-schema-graph\">{\"@context\":\"https:\\\/\\\/schema.org\",\"@graph\":[{\"@type\":\"WebPage\",\"@id\":\"https:\\\/\\\/www.skilledtradesontario.ca\\\/fr\\\/registre-public\\\/\",\"url\":\"https:\\\/\\\/www.skilledtradesontario.ca\\\/fr\\\/registre-public\\\/\",\"name\":\"Registre public - M\u00e9tiers sp\u00e9cialis\u00e9s Ontario\",\"isPartOf\":{\"@id\":\"https:\\\/\\\/www.skilledtradesontario.ca\\\/#website\"},\"datePublished\":\"2022-02-04T15:44:49+00:00\",\"dateModified\":\"2025-01-11T23:56:14+00:00\",\"breadcrumb\":{\"@id\":\"https:\\\/\\\/www.skilledtradesontario.ca\\\/fr\\\/registre-public\\\/#breadcrumb\"},\"inLanguage\":\"fr-FR\",\"potentialAction\":[{\"@type\":\"ReadAction\",\"target\":[\"https:\\\/\\\/www.skilledtradesontario.ca\\\/fr\\\/registre-public\\\/\"]}]},{\"@type\":\"BreadcrumbList\",\"@id\":\"https:\\\/\\\/www.skilledtradesontario.ca\\\/fr\\\/registre-public\\\/#breadcrumb\",\"itemListElement\":[{\"@type\":\"ListItem\",\"position\":1,\"name\":\"Home\",\"item\":\"https:\\\/\\\/www.skilledtradesontario.ca\\\/fr\\\/\"},{\"@type\":\"ListItem\",\"position\":2,\"name\":\"Registre public\"}]},{\"@type\":\"WebSite\",\"@id\":\"https:\\\/\\\/www.skilledtradesontario.ca\\\/#website\",\"url\":\"https:\\\/\\\/www.skilledtradesontario.ca\\\/\",\"name\":\"M\u00e9tiers sp\u00e9cialis\u00e9s Ontario\",\"description\":\"Un organisme dirig\u00e9 par l'industrie charg\u00e9 de promouvoir et de moderniser les m\u00e9tiers sp\u00e9cialis\u00e9s et de prot\u00e9ger les gens de m\u00e9tier, l'industrie et, par-dessus tout, l'int\u00e9r\u00eat public.\",\"potentialAction\":[{\"@type\":\"SearchAction\",\"target\":{\"@type\":\"EntryPoint\",\"urlTemplate\":\"https:\\\/\\\/www.skilledtradesontario.ca\\\/?s={search_term_string}\"},\"query-input\":{\"@type\":\"PropertyValueSpecification\",\"valueRequired\":true,\"valueName\":\"search_term_string\"}}],\"inLanguage\":\"fr-FR\"}]}<\/script>\n<!-- \/ Yoast SEO plugin. -->","yoast_head_json":{"title":"Registre public - M\u00e9tiers sp\u00e9cialis\u00e9s Ontario","robots":{"index":"index","follow":"follow","max-snippet":"max-snippet:-1","max-image-preview":"max-image-preview:large","max-video-preview":"max-video-preview:-1"},"canonical":"https:\/\/www.skilledtradesontario.ca\/fr\/registre-public\/","og_locale":"fr_FR","og_type":"article","og_title":"Registre public - M\u00e9tiers sp\u00e9cialis\u00e9s Ontario","og_description":"Consulter le registre public Pour confirmer qu\u2019un(e) professionnel(le) des m\u00e9tiers sp\u00e9cialis\u00e9s ou un(e) apprenti(e) peut l\u00e9galement exercer un m\u00e9tier...","og_url":"https:\/\/www.skilledtradesontario.ca\/fr\/registre-public\/","og_site_name":"M\u00e9tiers sp\u00e9cialis\u00e9s Ontario","article_modified_time":"2025-01-11T23:56:14+00:00","og_image":[{"width":800,"height":418,"url":"https:\/\/www.skilledtradesontario.ca\/wp-content\/uploads\/2024\/02\/Public-register.png","type":"image\/png"}],"twitter_card":"summary_large_image","twitter_title":"Registre public - M\u00e9tiers sp\u00e9cialis\u00e9s Ontario","twitter_image":"https:\/\/www.skilledtradesontario.ca\/wp-content\/uploads\/2024\/02\/Public-register.png","twitter_site":"@SkilledTradesON","twitter_misc":{"Dur\u00e9e de lecture estim\u00e9e":"1 minute"},"schema":{"@context":"https:\/\/schema.org","@graph":[{"@type":"WebPage","@id":"https:\/\/www.skilledtradesontario.ca\/fr\/registre-public\/","url":"https:\/\/www.skilledtradesontario.ca\/fr\/registre-public\/","name":"Registre public - M\u00e9tiers sp\u00e9cialis\u00e9s Ontario","isPartOf":{"@id":"https:\/\/www.skilledtradesontario.ca\/#website"},"datePublished":"2022-02-04T15:44:49+00:00","dateModified":"2025-01-11T23:56:14+00:00","breadcrumb":{"@id":"https:\/\/www.skilledtradesontario.ca\/fr\/registre-public\/#breadcrumb"},"inLanguage":"fr-FR","potentialAction":[{"@type":"ReadAction","target":["https:\/\/www.skilledtradesontario.ca\/fr\/registre-public\/"]}]},{"@type":"BreadcrumbList","@id":"https:\/\/www.skilledtradesontario.ca\/fr\/registre-public\/#breadcrumb","itemListElement":[{"@type":"ListItem","position":1,"name":"Home","item":"https:\/\/www.skilledtradesontario.ca\/fr\/"},{"@type":"ListItem","position":2,"name":"Registre public"}]},{"@type":"WebSite","@id":"https:\/\/www.skilledtradesontario.ca\/#website","url":"https:\/\/www.skilledtradesontario.ca\/","name":"M\u00e9tiers sp\u00e9cialis\u00e9s Ontario","description":"Un organisme dirig\u00e9 par l'industrie charg\u00e9 de promouvoir et de moderniser les m\u00e9tiers sp\u00e9cialis\u00e9s et de prot\u00e9ger les gens de m\u00e9tier, l'industrie et, par-dessus tout, l'int\u00e9r\u00eat public.","potentialAction":[{"@type":"SearchAction","target":{"@type":"EntryPoint","urlTemplate":"https:\/\/www.skilledtradesontario.ca\/?s={search_term_string}"},"query-input":{"@type":"PropertyValueSpecification","valueRequired":true,"valueName":"search_term_string"}}],"inLanguage":"fr-FR"}]}},"_links":{"self":[{"href":"https:\/\/www.skilledtradesontario.ca\/fr\/wp-json\/wp\/v2\/pages\/40598","targetHints":{"allow":["GET"]}}],"collection":[{"href":"https:\/\/www.skilledtradesontario.ca\/fr\/wp-json\/wp\/v2\/pages"}],"about":[{"href":"https:\/\/www.skilledtradesontario.ca\/fr\/wp-json\/wp\/v2\/types\/page"}],"author":[{"embeddable":true,"href":"https:\/\/www.skilledtradesontario.ca\/fr\/wp-json\/wp\/v2\/users\/16"}],"replies":[{"embeddable":true,"href":"https:\/\/www.skilledtradesontario.ca\/fr\/wp-json\/wp\/v2\/comments?post=40598"}],"version-history":[{"count":7,"href":"https:\/\/www.skilledtradesontario.ca\/fr\/wp-json\/wp\/v2\/pages\/40598\/revisions"}],"predecessor-version":[{"id":45356,"href":"https:\/\/www.skilledtradesontario.ca\/fr\/wp-json\/wp\/v2\/pages\/40598\/revisions\/45356"}],"wp:attachment":[{"href":"https:\/\/www.skilledtradesontario.ca\/fr\/wp-json\/wp\/v2\/media?parent=40598"}],"wp:term":[{"taxonomy":"post_tag","embeddable":true,"href":"https:\/\/www.skilledtradesontario.ca\/fr\/wp-json\/wp\/v2\/tags?post=40598"}],"curies":[{"name":"wp","href":"https:\/\/api.w.org\/{rel}","templated":true}]}}