{"id":39946,"date":"2022-01-25T16:57:33","date_gmt":"2022-01-25T21:57:33","guid":{"rendered":"https:\/\/www.skilledtradesontario.ca\/?page_id=39946"},"modified":"2022-07-07T13:36:04","modified_gmt":"2022-07-07T17:36:04","slug":"message-du-president-du-conseil-dadministration-et-de-la-dg-registraire","status":"publish","type":"page","link":"https:\/\/www.skilledtradesontario.ca\/fr\/message-du-president-du-conseil-dadministration-et-de-la-dg-registraire\/","title":{"rendered":"Message du pr\u00e9sident du conseil d\u2019administration et de la DG\/registraire"},"content":{"rendered":"<h3>Mettons de l\u2019avant les m\u00e9tiers sp\u00e9cialis\u00e9s<\/h3>\n<p>&nbsp;<br \/>\nM\u00e9tiers sp\u00e9cialis\u00e9s Ontario a vu le jour en janvier 2022. Depuis, nous avons travaill\u00e9 sans rel\u00e2che pour am\u00e9liorer la formation aux m\u00e9tiers et simplifier les services offerts aux gens de m\u00e9tier, aux employeurs et au grand public.<\/p>\n<p>En partenariat avec le minist\u00e8re du Travail, de l\u2019Immigration, de la Formation et du D\u00e9veloppement des comp\u00e9tences, nous avons lanc\u00e9 un <a href=\"https:\/\/www.skilledtradesontario.ca\/fr\/portail-de-metiers-specialises-ontario\/\" rel=\"noopener\" target=\"_blank\">portail num\u00e9rique<\/a> offrant un acc\u00e8s s\u00e9curis\u00e9 aux services. Les utilisateurs sont notamment en mesure de pr\u00e9senter des demandes de formation en apprentissage, de consulter leurs r\u00e9sultats aux examens et, pour ceux qui exercent un m\u00e9tier \u00e0 accr\u00e9ditation obligatoire, de renouveler leurs certificats de qualification. Nous mettrons en place des services en ligne suppl\u00e9mentaires par \u00e9tapes, l\u2019objectif \u00e9tant que tous les services soient disponibles en ligne d\u2019ici 2025.<\/p>\n<p>Notre conseil d\u2019administration nouvellement form\u00e9 s\u2019est r\u00e9cemment r\u00e9uni pour discuter d\u2019un large \u00e9ventail de sujets li\u00e9s \u00e0 la nouvelle Loi de 2021 ouvrant des perspectives dans les m\u00e9tiers sp\u00e9cialis\u00e9s (LOPMS) et \u00e0 l\u2019orientation strat\u00e9gique initiale de M\u00e9tiers sp\u00e9cialis\u00e9s Ontario. Le conseil d\u2019administration a \u00e9galement adopt\u00e9 ses principales politiques de gouvernance interne et mis sur pied des groupes de travail charg\u00e9s d\u2019\u00e9laborer les r\u00e8glements et d\u2019assurer la surveillance du nouvel organisme.<\/p>\n<p>Depuis janvier, M\u00e9tiers sp\u00e9cialis\u00e9s Ontario a r\u00e9pondu \u00e0 plus de 70 000 appels t\u00e9l\u00e9phoniques et 4 200 demandes de renseignements par courriel. De plus, en partenariat avec le Minist\u00e8re et la Commission des normes techniques et de la s\u00e9curit\u00e9, nous avons mis en branle les travaux qui m\u00e8neront \u00e0 la d\u00e9signation des m\u00e9tiers de monteur d\u2019installations au gaz et de technicien de syst\u00e8mes de chauffage au mazout en vertu de la LOPMS.<\/p>\n<p>En ce qui concerne l\u2019avenir, le ministre du Travail, de l\u2019Immigration, de la Formation et du D\u00e9veloppement des comp\u00e9tences a remis \u00e0 M\u00e9tiers sp\u00e9cialis\u00e9s Ontario sa toute premi\u00e8re lettre de mandat, dans laquelle il \u00e9nonce les priorit\u00e9s de l\u2019organisme pour l\u2019exercice 2022-2023 ainsi que les objectifs vis\u00e9s \u00e0 moyen et \u00e0 long terme. Nous vous invitons \u00e0 lire cette <a href=\"https:\/\/www.skilledtradesontario.ca\/wp-content\/uploads\/2022\/06\/sto-mandate-letter-fr.pdf\" rel=\"noopener\" target=\"_blank\">lettre ici<\/a>.<\/p>\n<p>Il y a tant d\u2019autres choses \u00e0 venir pour notre organisme. Au fur et \u00e0 mesure de notre progression, nous sommes impatients de travailler avec nos partenaires du gouvernement, de l\u2019industrie et de l\u2019\u00e9ducation pour transformer et am\u00e9liorer le syst\u00e8me pour les apprentis, les gens de m\u00e9tier et les employeurs des m\u00e9tiers sp\u00e9cialis\u00e9s de tout l\u2019Ontario.<\/p>\n<p>Michael Sherrard,&nbsp;  pr\u00e9sident<\/p>\n<p>Melissa Young,&nbsp;  directrice g\u00e9n\u00e9rale et registraire<\/p>\n","protected":false},"excerpt":{"rendered":"<p>Mettons de l\u2019avant les m\u00e9tiers sp\u00e9cialis\u00e9s &nbsp; M\u00e9tiers sp\u00e9cialis\u00e9s Ontario a vu le jour en janvier 2022. Depuis, nous&#8230;<\/p>\n","protected":false},"author":16,"featured_media":0,"parent":0,"menu_order":0,"comment_status":"closed","ping_status":"closed","template":"template-pages\/page-default.php","meta":{"_acf_changed":false,"footnotes":""},"tags":[],"class_list":["post-39946","page","type-page","status-publish","hentry"],"acf":[],"yoast_head":"<!-- This site is optimized with the Yoast SEO plugin v27.3 - https:\/\/yoast.com\/product\/yoast-seo-wordpress\/ -->\n<title>Message du pr\u00e9sident du conseil d\u2019administration et de la DG\/registraire - M\u00e9tiers sp\u00e9cialis\u00e9s Ontario<\/title>\n<meta name=\"robots\" content=\"index, follow, max-snippet:-1, max-image-preview:large, max-video-preview:-1\" \/>\n<link rel=\"canonical\" href=\"https:\/\/www.skilledtradesontario.ca\/message-from-the-board-chair-and-ceo-registrar\/\" \/>\n<meta property=\"og:locale\" content=\"fr_FR\" \/>\n<meta property=\"og:type\" content=\"article\" \/>\n<meta property=\"og:title\" content=\"Message du pr\u00e9sident du conseil d\u2019administration et de la DG\/registraire - M\u00e9tiers sp\u00e9cialis\u00e9s Ontario\" \/>\n<meta property=\"og:description\" content=\"Mettons de l\u2019avant les m\u00e9tiers sp\u00e9cialis\u00e9s &nbsp; M\u00e9tiers sp\u00e9cialis\u00e9s Ontario a vu le jour en janvier 2022. Depuis, nous...\" \/>\n<meta property=\"og:url\" content=\"https:\/\/www.skilledtradesontario.ca\/message-from-the-board-chair-and-ceo-registrar\/\" \/>\n<meta property=\"og:site_name\" content=\"M\u00e9tiers sp\u00e9cialis\u00e9s Ontario\" \/>\n<meta property=\"article:modified_time\" content=\"2022-07-07T17:36:04+00:00\" \/>\n<meta name=\"twitter:card\" content=\"summary_large_image\" \/>\n<meta name=\"twitter:site\" content=\"@SkilledTradesON\" \/>\n<meta name=\"twitter:label1\" content=\"Dur\u00e9e de lecture estim\u00e9e\" \/>\n\t<meta name=\"twitter:data1\" content=\"2 minutes\" \/>\n<script type=\"application\/ld+json\" class=\"yoast-schema-graph\">{\"@context\":\"https:\\\/\\\/schema.org\",\"@graph\":[{\"@type\":\"WebPage\",\"@id\":\"https:\\\/\\\/www.skilledtradesontario.ca\\\/message-from-the-board-chair-and-ceo-registrar\\\/\",\"url\":\"https:\\\/\\\/www.skilledtradesontario.ca\\\/message-from-the-board-chair-and-ceo-registrar\\\/\",\"name\":\"Message du pr\u00e9sident du conseil d\u2019administration et de la DG\\\/registraire - M\u00e9tiers sp\u00e9cialis\u00e9s Ontario\",\"isPartOf\":{\"@id\":\"https:\\\/\\\/www.skilledtradesontario.ca\\\/#website\"},\"datePublished\":\"2022-01-25T21:57:33+00:00\",\"dateModified\":\"2022-07-07T17:36:04+00:00\",\"breadcrumb\":{\"@id\":\"https:\\\/\\\/www.skilledtradesontario.ca\\\/message-from-the-board-chair-and-ceo-registrar\\\/#breadcrumb\"},\"inLanguage\":\"fr-FR\",\"potentialAction\":[{\"@type\":\"ReadAction\",\"target\":[\"https:\\\/\\\/www.skilledtradesontario.ca\\\/message-from-the-board-chair-and-ceo-registrar\\\/\"]}]},{\"@type\":\"BreadcrumbList\",\"@id\":\"https:\\\/\\\/www.skilledtradesontario.ca\\\/message-from-the-board-chair-and-ceo-registrar\\\/#breadcrumb\",\"itemListElement\":[{\"@type\":\"ListItem\",\"position\":1,\"name\":\"Home\",\"item\":\"https:\\\/\\\/www.skilledtradesontario.ca\\\/fr\\\/\"},{\"@type\":\"ListItem\",\"position\":2,\"name\":\"Message du pr\u00e9sident du conseil d\u2019administration et de la DG\\\/registraire\"}]},{\"@type\":\"WebSite\",\"@id\":\"https:\\\/\\\/www.skilledtradesontario.ca\\\/#website\",\"url\":\"https:\\\/\\\/www.skilledtradesontario.ca\\\/\",\"name\":\"M\u00e9tiers sp\u00e9cialis\u00e9s Ontario\",\"description\":\"Un organisme dirig\u00e9 par l'industrie charg\u00e9 de promouvoir et de moderniser les m\u00e9tiers sp\u00e9cialis\u00e9s et de prot\u00e9ger les gens de m\u00e9tier, l'industrie et, par-dessus tout, l'int\u00e9r\u00eat public.\",\"potentialAction\":[{\"@type\":\"SearchAction\",\"target\":{\"@type\":\"EntryPoint\",\"urlTemplate\":\"https:\\\/\\\/www.skilledtradesontario.ca\\\/?s={search_term_string}\"},\"query-input\":{\"@type\":\"PropertyValueSpecification\",\"valueRequired\":true,\"valueName\":\"search_term_string\"}}],\"inLanguage\":\"fr-FR\"}]}<\/script>\n<!-- \/ Yoast SEO plugin. -->","yoast_head_json":{"title":"Message du pr\u00e9sident du conseil d\u2019administration et de la DG\/registraire - M\u00e9tiers sp\u00e9cialis\u00e9s Ontario","robots":{"index":"index","follow":"follow","max-snippet":"max-snippet:-1","max-image-preview":"max-image-preview:large","max-video-preview":"max-video-preview:-1"},"canonical":"https:\/\/www.skilledtradesontario.ca\/message-from-the-board-chair-and-ceo-registrar\/","og_locale":"fr_FR","og_type":"article","og_title":"Message du pr\u00e9sident du conseil d\u2019administration et de la DG\/registraire - M\u00e9tiers sp\u00e9cialis\u00e9s Ontario","og_description":"Mettons de l\u2019avant les m\u00e9tiers sp\u00e9cialis\u00e9s &nbsp; M\u00e9tiers sp\u00e9cialis\u00e9s Ontario a vu le jour en janvier 2022. Depuis, nous...","og_url":"https:\/\/www.skilledtradesontario.ca\/message-from-the-board-chair-and-ceo-registrar\/","og_site_name":"M\u00e9tiers sp\u00e9cialis\u00e9s Ontario","article_modified_time":"2022-07-07T17:36:04+00:00","twitter_card":"summary_large_image","twitter_site":"@SkilledTradesON","twitter_misc":{"Dur\u00e9e de lecture estim\u00e9e":"2 minutes"},"schema":{"@context":"https:\/\/schema.org","@graph":[{"@type":"WebPage","@id":"https:\/\/www.skilledtradesontario.ca\/message-from-the-board-chair-and-ceo-registrar\/","url":"https:\/\/www.skilledtradesontario.ca\/message-from-the-board-chair-and-ceo-registrar\/","name":"Message du pr\u00e9sident du conseil d\u2019administration et de la DG\/registraire - M\u00e9tiers sp\u00e9cialis\u00e9s Ontario","isPartOf":{"@id":"https:\/\/www.skilledtradesontario.ca\/#website"},"datePublished":"2022-01-25T21:57:33+00:00","dateModified":"2022-07-07T17:36:04+00:00","breadcrumb":{"@id":"https:\/\/www.skilledtradesontario.ca\/message-from-the-board-chair-and-ceo-registrar\/#breadcrumb"},"inLanguage":"fr-FR","potentialAction":[{"@type":"ReadAction","target":["https:\/\/www.skilledtradesontario.ca\/message-from-the-board-chair-and-ceo-registrar\/"]}]},{"@type":"BreadcrumbList","@id":"https:\/\/www.skilledtradesontario.ca\/message-from-the-board-chair-and-ceo-registrar\/#breadcrumb","itemListElement":[{"@type":"ListItem","position":1,"name":"Home","item":"https:\/\/www.skilledtradesontario.ca\/fr\/"},{"@type":"ListItem","position":2,"name":"Message du pr\u00e9sident du conseil d\u2019administration et de la DG\/registraire"}]},{"@type":"WebSite","@id":"https:\/\/www.skilledtradesontario.ca\/#website","url":"https:\/\/www.skilledtradesontario.ca\/","name":"M\u00e9tiers sp\u00e9cialis\u00e9s Ontario","description":"Un organisme dirig\u00e9 par l'industrie charg\u00e9 de promouvoir et de moderniser les m\u00e9tiers sp\u00e9cialis\u00e9s et de prot\u00e9ger les gens de m\u00e9tier, l'industrie et, par-dessus tout, l'int\u00e9r\u00eat public.","potentialAction":[{"@type":"SearchAction","target":{"@type":"EntryPoint","urlTemplate":"https:\/\/www.skilledtradesontario.ca\/?s={search_term_string}"},"query-input":{"@type":"PropertyValueSpecification","valueRequired":true,"valueName":"search_term_string"}}],"inLanguage":"fr-FR"}]}},"_links":{"self":[{"href":"https:\/\/www.skilledtradesontario.ca\/fr\/wp-json\/wp\/v2\/pages\/39946","targetHints":{"allow":["GET"]}}],"collection":[{"href":"https:\/\/www.skilledtradesontario.ca\/fr\/wp-json\/wp\/v2\/pages"}],"about":[{"href":"https:\/\/www.skilledtradesontario.ca\/fr\/wp-json\/wp\/v2\/types\/page"}],"author":[{"embeddable":true,"href":"https:\/\/www.skilledtradesontario.ca\/fr\/wp-json\/wp\/v2\/users\/16"}],"replies":[{"embeddable":true,"href":"https:\/\/www.skilledtradesontario.ca\/fr\/wp-json\/wp\/v2\/comments?post=39946"}],"version-history":[{"count":0,"href":"https:\/\/www.skilledtradesontario.ca\/fr\/wp-json\/wp\/v2\/pages\/39946\/revisions"}],"wp:attachment":[{"href":"https:\/\/www.skilledtradesontario.ca\/fr\/wp-json\/wp\/v2\/media?parent=39946"}],"wp:term":[{"taxonomy":"post_tag","embeddable":true,"href":"https:\/\/www.skilledtradesontario.ca\/fr\/wp-json\/wp\/v2\/tags?post=39946"}],"curies":[{"name":"wp","href":"https:\/\/api.w.org\/{rel}","templated":true}]}}