{"id":38623,"date":"2022-01-07T22:32:39","date_gmt":"2022-01-08T03:32:39","guid":{"rendered":"https:\/\/www.skilledtradesontario.ca\/?page_id=38623"},"modified":"2025-12-04T16:09:31","modified_gmt":"2025-12-04T21:09:31","slug":"portail-de-metiers-specialises-ontario","status":"publish","type":"page","link":"https:\/\/www.skilledtradesontario.ca\/fr\/portail-de-metiers-specialises-ontario\/","title":{"rendered":"Portail de M\u00e9tiers sp\u00e9cialis\u00e9s Ontario"},"content":{"rendered":"<style>\na.button:focus {color:#ffffff;}<br \/>p.note{color:#990000;}<br \/>h2{font-size:26px;}<br \/>.section-head p{padding-bottom:0px !important;}<br \/>ul.ocot-list {padding-bottom:10px !important;}<br \/>.section-wrap {padding-top:0px !important;}<br \/><\/style>\n<h2><strong>Bienvenue dans le portail de M\u00e9tiers sp\u00e9cialis\u00e9s Ontario<\/strong><\/h2>\n<p>Les services en ligne seront disponibles par \u00e9tapes, l\u2019objectif \u00e9tant de mettre en place un guichet unique en ligne pour tous les clients des m\u00e9tiers sp\u00e9cialis\u00e9s et de l\u2019apprentissage d\u2019ici 2025.<\/p>\n<p>Les services suivants sont actuellement disponibles en ligne :<\/p>\n<p><strong>Apprentissage<\/strong><\/p>\n<ul class=\"ocot-list\">\n<li><span>S\u2019inscrire \u00e0 un programme d\u2019apprentissage<\/span><\/li>\n<li><span>Les apprentis actifs peuvent changer de parrain<\/span><\/li>\n<\/ul>\n<p>Les parrains peuvent :<\/p>\n<ul class=\"ocot-list\">\n<li><span>Pr\u00e9senter des demandes au nom de leurs apprentis<\/span><\/li>\n<li><span>Enregistrer les demandes pour les poursuivre ult\u00e9rieurement<\/span><\/li>\n<li><span>Voir un r\u00e9sum\u00e9 des demandes pr\u00e9sent\u00e9es<\/span><\/li>\n<\/ul>\n<p><strong>Travailleurs exp\u00e9riment\u00e9s<\/strong><\/p>\n<ul class=\"ocot-list\">\n<li><span>Les travailleurs exp\u00e9riment\u00e9s qui r\u00e9sident au Canada peuvent pr\u00e9senter une demande d\u2019\u00e9valuation d\u2019\u00e9quivalence professionnelle<\/span><\/li>\n<\/ul>\n<p><em>Remarque\u00a0: Si vous \u00eates un(e) candidat(e) international(e) \u00e0 l\u2019\u00e9valuation d\u2019\u00e9quivalence professionnelle, veuillez consulter la page <a href=\"https:\/\/www.skilledtradesontario.ca\/experienced-workers\/trade-equivalency-assessment\/\">\u00c9valuation d\u2019\u00e9quivalence professionnelle.<\/a><\/em><\/p>\n<p><strong>Certification<\/strong><\/p>\n<ul class=\"ocot-list\">\n<li><span>Consulter les r\u00e9sultats obtenus aux examens de certification<\/span><\/li>\n<li><span>Renouveler les certificats de qualification dans les m\u00e9tiers \u00e0 accr\u00e9ditation obligatoire<\/span><\/li>\n<\/ul>\n<p class=\"note\"><strong>VEUILLEZ LIRE ATTENTIVEMENT CE QUI SUIT; LA CONNEXION \u00c0 NOTRE PORTAIL A R\u00c9CEMMENT \u00c9T\u00c9 MODIFI\u00c9E<\/strong><\/p>\n<p><strong>Si vous aviez un compte aupr\u00e8s de l\u2019Ordre des m\u00e9tiers de l\u2019Ontario, celui-ci a \u00e9t\u00e9 transf\u00e9r\u00e9 vers le portail en ligne de M\u00e9tiers sp\u00e9cialis\u00e9s Ontario avec tous vos renseignements. Pour vous inscrire afin d\u2019acc\u00e9der \u00e0 votre compte en ligne par l\u2019interm\u00e9diaire du nouveau portail, assurez-vous d\u2019utiliser l\u2019adresse courriel exacte que vous avez utilis\u00e9e \u00e0 la cr\u00e9ation de votre compte aupr\u00e8s de l\u2019Ordre des m\u00e9tiers de l\u2019Ontario. N\u2019UTILISEZ PAS D\u2019ADRESSE COURRIEL NOUVELLE OU DIFF\u00c9RENTE<\/strong> Vous pourrez ainsi acc\u00e9der \u00e0 vos informations de compte correctes existantes et pr\u00e9venir la cr\u00e9ation d\u2019un compte en double. Votre ancien num\u00e9ro de membre aupr\u00e8s de l\u2019Ordre des m\u00e9tiers de l\u2019Ontario est d\u00e9sormais votre nouveau num\u00e9ro de compte de M\u00e9tiers sp\u00e9cialis\u00e9s Ontario.<\/p>\n<p><strong>Si vous n\u2019\u00eates pas certain(e) de l\u2019adresse courriel qui figure dans votre dossier ou que vous souhaitez modifier votre adresse courriel<\/strong>, veuillez communiquer avec M\u00e9tiers sp\u00e9cialis\u00e9s Ontario au 647-847-3000 ou au 1-855-299-0028 (sans frais en Ontario seulement), du lundi au vendredi de 8 h 30 \u00e0 17 h (HNE).<\/p>\n<p><a class=\"button\" href=\"https:\/\/stage.signin.ontario.ca\/\" type=\"button\">Connexion au compte<\/a><\/p>\n","protected":false},"excerpt":{"rendered":"<p>Bienvenue dans le portail de M\u00e9tiers sp\u00e9cialis\u00e9s Ontario Les services en ligne seront disponibles par \u00e9tapes, l\u2019objectif \u00e9tant de&#8230;<\/p>\n","protected":false},"author":16,"featured_media":0,"parent":0,"menu_order":0,"comment_status":"closed","ping_status":"closed","template":"template-pages\/page-header-tabs-edit.php","meta":{"_acf_changed":false,"footnotes":""},"tags":[],"class_list":["post-38623","page","type-page","status-publish","hentry"],"acf":[],"yoast_head":"<!-- This site is optimized with the Yoast SEO plugin v27.3 - https:\/\/yoast.com\/product\/yoast-seo-wordpress\/ -->\n<title>Portail de M\u00e9tiers sp\u00e9cialis\u00e9s Ontario - M\u00e9tiers sp\u00e9cialis\u00e9s Ontario<\/title>\n<meta name=\"robots\" content=\"index, follow, max-snippet:-1, max-image-preview:large, max-video-preview:-1\" \/>\n<link rel=\"canonical\" href=\"https:\/\/www.skilledtradesontario.ca\/fr\/portail-de-metiers-specialises-ontario\/\" \/>\n<meta property=\"og:locale\" content=\"fr_FR\" \/>\n<meta property=\"og:type\" content=\"article\" \/>\n<meta property=\"og:title\" content=\"Portail de M\u00e9tiers sp\u00e9cialis\u00e9s Ontario - M\u00e9tiers sp\u00e9cialis\u00e9s Ontario\" \/>\n<meta property=\"og:description\" content=\"Le portail de M\u00e9tiers sp\u00e9cialis\u00e9s Ontario offre \u00e0 ses utilisateur.trice.s un acc\u00e8s s\u00e9curis\u00e9 aux services en ligne.\" \/>\n<meta property=\"og:url\" content=\"https:\/\/www.skilledtradesontario.ca\/fr\/portail-de-metiers-specialises-ontario\/\" \/>\n<meta property=\"og:site_name\" content=\"M\u00e9tiers sp\u00e9cialis\u00e9s Ontario\" \/>\n<meta property=\"article:modified_time\" content=\"2025-12-04T21:09:31+00:00\" \/>\n<meta property=\"og:image\" content=\"https:\/\/www.skilledtradesontario.ca\/wp-content\/uploads\/2024\/02\/STO-Portal-FR.png\" \/>\n\t<meta property=\"og:image:width\" content=\"800\" \/>\n\t<meta property=\"og:image:height\" content=\"418\" \/>\n\t<meta property=\"og:image:type\" content=\"image\/png\" \/>\n<meta name=\"twitter:card\" content=\"summary_large_image\" \/>\n<meta name=\"twitter:title\" content=\"Portail de M\u00e9tiers sp\u00e9cialis\u00e9s Ontario - M\u00e9tiers sp\u00e9cialis\u00e9s Ontario\" \/>\n<meta name=\"twitter:image\" content=\"https:\/\/www.skilledtradesontario.ca\/wp-content\/uploads\/2024\/02\/STO-Portal-FR.png\" \/>\n<meta name=\"twitter:site\" content=\"@SkilledTradesON\" \/>\n<meta name=\"twitter:label1\" content=\"Dur\u00e9e de lecture estim\u00e9e\" \/>\n\t<meta name=\"twitter:data1\" content=\"2 minutes\" \/>\n<script type=\"application\/ld+json\" class=\"yoast-schema-graph\">{\"@context\":\"https:\\\/\\\/schema.org\",\"@graph\":[{\"@type\":\"WebPage\",\"@id\":\"https:\\\/\\\/www.skilledtradesontario.ca\\\/fr\\\/portail-de-metiers-specialises-ontario\\\/\",\"url\":\"https:\\\/\\\/www.skilledtradesontario.ca\\\/fr\\\/portail-de-metiers-specialises-ontario\\\/\",\"name\":\"Portail de M\u00e9tiers sp\u00e9cialis\u00e9s Ontario - M\u00e9tiers sp\u00e9cialis\u00e9s Ontario\",\"isPartOf\":{\"@id\":\"https:\\\/\\\/www.skilledtradesontario.ca\\\/#website\"},\"datePublished\":\"2022-01-08T03:32:39+00:00\",\"dateModified\":\"2025-12-04T21:09:31+00:00\",\"breadcrumb\":{\"@id\":\"https:\\\/\\\/www.skilledtradesontario.ca\\\/fr\\\/portail-de-metiers-specialises-ontario\\\/#breadcrumb\"},\"inLanguage\":\"fr-FR\",\"potentialAction\":[{\"@type\":\"ReadAction\",\"target\":[\"https:\\\/\\\/www.skilledtradesontario.ca\\\/fr\\\/portail-de-metiers-specialises-ontario\\\/\"]}]},{\"@type\":\"BreadcrumbList\",\"@id\":\"https:\\\/\\\/www.skilledtradesontario.ca\\\/fr\\\/portail-de-metiers-specialises-ontario\\\/#breadcrumb\",\"itemListElement\":[{\"@type\":\"ListItem\",\"position\":1,\"name\":\"Home\",\"item\":\"https:\\\/\\\/www.skilledtradesontario.ca\\\/fr\\\/\"},{\"@type\":\"ListItem\",\"position\":2,\"name\":\"Portail de M\u00e9tiers sp\u00e9cialis\u00e9s Ontario\"}]},{\"@type\":\"WebSite\",\"@id\":\"https:\\\/\\\/www.skilledtradesontario.ca\\\/#website\",\"url\":\"https:\\\/\\\/www.skilledtradesontario.ca\\\/\",\"name\":\"M\u00e9tiers sp\u00e9cialis\u00e9s Ontario\",\"description\":\"Un organisme dirig\u00e9 par l'industrie charg\u00e9 de promouvoir et de moderniser les m\u00e9tiers sp\u00e9cialis\u00e9s et de prot\u00e9ger les gens de m\u00e9tier, l'industrie et, par-dessus tout, l'int\u00e9r\u00eat public.\",\"potentialAction\":[{\"@type\":\"SearchAction\",\"target\":{\"@type\":\"EntryPoint\",\"urlTemplate\":\"https:\\\/\\\/www.skilledtradesontario.ca\\\/?s={search_term_string}\"},\"query-input\":{\"@type\":\"PropertyValueSpecification\",\"valueRequired\":true,\"valueName\":\"search_term_string\"}}],\"inLanguage\":\"fr-FR\"}]}<\/script>\n<!-- \/ Yoast SEO plugin. -->","yoast_head_json":{"title":"Portail de M\u00e9tiers sp\u00e9cialis\u00e9s Ontario - M\u00e9tiers sp\u00e9cialis\u00e9s Ontario","robots":{"index":"index","follow":"follow","max-snippet":"max-snippet:-1","max-image-preview":"max-image-preview:large","max-video-preview":"max-video-preview:-1"},"canonical":"https:\/\/www.skilledtradesontario.ca\/fr\/portail-de-metiers-specialises-ontario\/","og_locale":"fr_FR","og_type":"article","og_title":"Portail de M\u00e9tiers sp\u00e9cialis\u00e9s Ontario - M\u00e9tiers sp\u00e9cialis\u00e9s Ontario","og_description":"Le portail de M\u00e9tiers sp\u00e9cialis\u00e9s Ontario offre \u00e0 ses utilisateur.trice.s un acc\u00e8s s\u00e9curis\u00e9 aux services en ligne.","og_url":"https:\/\/www.skilledtradesontario.ca\/fr\/portail-de-metiers-specialises-ontario\/","og_site_name":"M\u00e9tiers sp\u00e9cialis\u00e9s Ontario","article_modified_time":"2025-12-04T21:09:31+00:00","og_image":[{"width":800,"height":418,"url":"https:\/\/www.skilledtradesontario.ca\/wp-content\/uploads\/2024\/02\/STO-Portal-FR.png","type":"image\/png"}],"twitter_card":"summary_large_image","twitter_title":"Portail de M\u00e9tiers sp\u00e9cialis\u00e9s Ontario - M\u00e9tiers sp\u00e9cialis\u00e9s Ontario","twitter_image":"https:\/\/www.skilledtradesontario.ca\/wp-content\/uploads\/2024\/02\/STO-Portal-FR.png","twitter_site":"@SkilledTradesON","twitter_misc":{"Dur\u00e9e de lecture estim\u00e9e":"2 minutes"},"schema":{"@context":"https:\/\/schema.org","@graph":[{"@type":"WebPage","@id":"https:\/\/www.skilledtradesontario.ca\/fr\/portail-de-metiers-specialises-ontario\/","url":"https:\/\/www.skilledtradesontario.ca\/fr\/portail-de-metiers-specialises-ontario\/","name":"Portail de M\u00e9tiers sp\u00e9cialis\u00e9s Ontario - M\u00e9tiers sp\u00e9cialis\u00e9s Ontario","isPartOf":{"@id":"https:\/\/www.skilledtradesontario.ca\/#website"},"datePublished":"2022-01-08T03:32:39+00:00","dateModified":"2025-12-04T21:09:31+00:00","breadcrumb":{"@id":"https:\/\/www.skilledtradesontario.ca\/fr\/portail-de-metiers-specialises-ontario\/#breadcrumb"},"inLanguage":"fr-FR","potentialAction":[{"@type":"ReadAction","target":["https:\/\/www.skilledtradesontario.ca\/fr\/portail-de-metiers-specialises-ontario\/"]}]},{"@type":"BreadcrumbList","@id":"https:\/\/www.skilledtradesontario.ca\/fr\/portail-de-metiers-specialises-ontario\/#breadcrumb","itemListElement":[{"@type":"ListItem","position":1,"name":"Home","item":"https:\/\/www.skilledtradesontario.ca\/fr\/"},{"@type":"ListItem","position":2,"name":"Portail de M\u00e9tiers sp\u00e9cialis\u00e9s Ontario"}]},{"@type":"WebSite","@id":"https:\/\/www.skilledtradesontario.ca\/#website","url":"https:\/\/www.skilledtradesontario.ca\/","name":"M\u00e9tiers sp\u00e9cialis\u00e9s Ontario","description":"Un organisme dirig\u00e9 par l'industrie charg\u00e9 de promouvoir et de moderniser les m\u00e9tiers sp\u00e9cialis\u00e9s et de prot\u00e9ger les gens de m\u00e9tier, l'industrie et, par-dessus tout, l'int\u00e9r\u00eat public.","potentialAction":[{"@type":"SearchAction","target":{"@type":"EntryPoint","urlTemplate":"https:\/\/www.skilledtradesontario.ca\/?s={search_term_string}"},"query-input":{"@type":"PropertyValueSpecification","valueRequired":true,"valueName":"search_term_string"}}],"inLanguage":"fr-FR"}]}},"_links":{"self":[{"href":"https:\/\/www.skilledtradesontario.ca\/fr\/wp-json\/wp\/v2\/pages\/38623","targetHints":{"allow":["GET"]}}],"collection":[{"href":"https:\/\/www.skilledtradesontario.ca\/fr\/wp-json\/wp\/v2\/pages"}],"about":[{"href":"https:\/\/www.skilledtradesontario.ca\/fr\/wp-json\/wp\/v2\/types\/page"}],"author":[{"embeddable":true,"href":"https:\/\/www.skilledtradesontario.ca\/fr\/wp-json\/wp\/v2\/users\/16"}],"replies":[{"embeddable":true,"href":"https:\/\/www.skilledtradesontario.ca\/fr\/wp-json\/wp\/v2\/comments?post=38623"}],"version-history":[{"count":16,"href":"https:\/\/www.skilledtradesontario.ca\/fr\/wp-json\/wp\/v2\/pages\/38623\/revisions"}],"predecessor-version":[{"id":47143,"href":"https:\/\/www.skilledtradesontario.ca\/fr\/wp-json\/wp\/v2\/pages\/38623\/revisions\/47143"}],"wp:attachment":[{"href":"https:\/\/www.skilledtradesontario.ca\/fr\/wp-json\/wp\/v2\/media?parent=38623"}],"wp:term":[{"taxonomy":"post_tag","embeddable":true,"href":"https:\/\/www.skilledtradesontario.ca\/fr\/wp-json\/wp\/v2\/tags?post=38623"}],"curies":[{"name":"wp","href":"https:\/\/api.w.org\/{rel}","templated":true}]}}