{"id":38192,"date":"2021-12-31T05:40:09","date_gmt":"2021-12-31T05:40:09","guid":{"rendered":"https:\/\/www.skilledtradesontario.ca\/?page_id=38192"},"modified":"2025-05-08T15:45:30","modified_gmt":"2025-05-08T19:45:30","slug":"ressources-dexamen","status":"publish","type":"page","link":"https:\/\/www.skilledtradesontario.ca\/fr\/certification\/ressources-dexamen\/","title":{"rendered":"Ressources d&#8217;examen"},"content":{"rendered":"<p>Il existe de nombreuses ressources disponibles pour vous aider \u00e0 vous pr\u00e9parer \u00e0 passer votre examen de certification. Tout d\u2019abord, vous devrez vous familiariser avec votre norme de formation par l\u2019apprentissage. Vous aurez \u00e9galement acc\u00e8s \u00e0 d\u2019autres ressources, comme des cours pr\u00e9paratoires, des examens types, des guides d\u2019\u00e9tude ainsi que des documents et des textes vari\u00e9s. Vous pouvez \u00e9galement vous appuyer sur votre propre r\u00e9seau de soutien, comme vos employeurs, vos anciens formateurs et vos coll\u00e8gues.<\/p>\n<p><strong>Remarque : <\/strong>Certaines ressources peuvent encore faire r\u00e9f\u00e9rence \u00e0 l\u2019Ordre des m\u00e9tiers de l\u2019Ontario (l\u2019Ordre), qui a cess\u00e9 ses activit\u00e9s et a \u00e9t\u00e9 remplac\u00e9 par M\u00e9tiers sp\u00e9cialis\u00e9s Ontario. Ces documents sont en cours de r\u00e9vision pour tenir compte de ce changement dans le syst\u00e8me des m\u00e9tiers sp\u00e9cialis\u00e9s en Ontario. Le reste des informations contenues dans ces documents demeurent pertinentes et valides.<\/p>\n<ul class=\"accordion\" data-allow-all-closed=\"true\" data-accordion=\"\">\n<li class=\"accordion-item\" data-accordion-item=\"\"><a class=\"accordion-title\" href=\"#\">Guide g\u00e9n\u00e9ral de pr\u00e9paration \u00e0 l\u2019examen<\/a>\n<div class=\"accordion-content\" data-tab-content=\"\">Il est important de bien vous pr\u00e9parer en vue de votre examen de certification. Dans le <a href=\"https:\/\/www.skilledtradesontario.ca\/wp-content\/uploads\/2023\/07\/Exam-Preparation-Guide-VER-6-June-30th-2023-FR.pdf\">guide de pr\u00e9paration \u00e0 l\u2019examen<\/a>, vous trouverez des ressources, des conseils ainsi que des documents PDF imprimables qui vous aideront \u00e0 r\u00e9ussir votre examen.<\/div>\n<\/span><\/li>\n<li class=\"accordion-item\" data-accordion-item=\"\"><a class=\"accordion-title\" href=\"#\">Ressources pour l\u2019examen interprovincial (Sceau rouge)<\/a>\n<div class=\"accordion-content\" data-tab-content=\"\">En plus du <a href=\"https:\/\/www.skilledtradesontario.ca\/wp-content\/uploads\/2023\/07\/Exam-Preparation-Guide-VER-6-June-30th-2023-FR.pdf\" target=\"_blank\" rel=\"noopener\"> guide de pr\u00e9paration \u00e0 l\u2019examen<\/a>, si vous vous pr\u00e9sentez \u00e0 un examen interprovincial (Sceau rouge), le <a href=\"https:\/\/www.red-seal.ca\/w.2lc.4m.2-fra.html\" target=\"_blank\" rel=\"noopener\">site Web du Sceau rouge<\/a> offre des ressources pour vous aider \u00e0 vous pr\u00e9parer, y compris une r\u00e9partition des questions de l\u2019examen du Sceau rouge par m\u00e9tier et un guide de pr\u00e9paration \u00e0 l\u2019examen.<\/div>\n<\/span><\/li>\n<li class=\"accordion-item\" data-accordion-item=\"\"><a class=\"accordion-title\" href=\"#\">Ressources pour l\u2019examen provincial (en dehors du Sceau rouge)<\/a>\n<div class=\"accordion-content\" data-tab-content=\"\">En plus du <a href=\"https:\/\/www.skilledtradesontario.ca\/wp-content\/uploads\/2023\/07\/Exam-Preparation-Guide-VER-6-June-30th-2023-FR.pdf\" target=\"_blank\" rel=\"noopener\"> guide de pr\u00e9paration \u00e0 l\u2019examen<\/a>, si vous passez un examen provincial (en dehors du Sceau rouge), il existe des documents d\u2019aide aux examens provinciaux propres \u00e0 chaque m\u00e9tier, que vous trouverez en recherchant votre m\u00e9tier dans la section <a href=\"https:\/\/www.skilledtradesontario.ca\/fr\/a-propos-des-metiers\/renseignements-sur-les-metiers\/\">Renseignements sur les m\u00e9tiers<\/a> de ce site Web.<\/div>\n<\/span><\/li>\n<\/ul>\n","protected":false},"excerpt":{"rendered":"<p>Il existe de nombreuses ressources disponibles pour vous aider \u00e0 vous pr\u00e9parer \u00e0 passer votre examen de certification. Tout&#8230;<\/p>\n","protected":false},"author":16,"featured_media":0,"parent":38180,"menu_order":2,"comment_status":"closed","ping_status":"closed","template":"template-pages\/page-default.php","meta":{"_acf_changed":false,"footnotes":""},"tags":[],"class_list":["post-38192","page","type-page","status-publish","hentry"],"acf":[],"yoast_head":"<!-- This site is optimized with the Yoast SEO plugin v27.3 - https:\/\/yoast.com\/product\/yoast-seo-wordpress\/ -->\n<title>Ressources d&#039;examen - M\u00e9tiers sp\u00e9cialis\u00e9s Ontario<\/title>\n<meta name=\"robots\" content=\"index, follow, max-snippet:-1, max-image-preview:large, max-video-preview:-1\" \/>\n<link rel=\"canonical\" href=\"https:\/\/www.skilledtradesontario.ca\/fr\/certification\/ressources-dexamen\/\" \/>\n<meta property=\"og:locale\" content=\"fr_FR\" \/>\n<meta property=\"og:type\" content=\"article\" \/>\n<meta property=\"og:title\" content=\"M\u00e9tiers sp\u00e9cialis\u00e9s Ontario - Ressources d\u2019examen\" \/>\n<meta property=\"og:description\" content=\"Il existe de nombreuses ressources disponibles pour vous aider \u00e0 vous pr\u00e9parer \u00e0 passer votre examen de certification. Tout d\u2019abord, vous devrez vous familiariser avec votre norme de formation par l\u2019apprentissage. Vous aurez \u00e9galement acc\u00e8s \u00e0 d\u2019autres ressources, comme des cours pr\u00e9paratoires, des examens types, des guides d\u2019\u00e9tude ainsi que des documents et des textes vari\u00e9s. Vous pouvez \u00e9galement vous appuyer sur votre propre r\u00e9seau de soutien, comme vos employeurs, vos anciens formateurs et vos coll\u00e8gues.\" \/>\n<meta property=\"og:url\" content=\"https:\/\/www.skilledtradesontario.ca\/fr\/certification\/ressources-dexamen\/\" \/>\n<meta property=\"og:site_name\" content=\"M\u00e9tiers sp\u00e9cialis\u00e9s Ontario\" \/>\n<meta property=\"article:modified_time\" content=\"2025-05-08T19:45:30+00:00\" \/>\n<meta property=\"og:image\" content=\"https:\/\/www.skilledtradesontario.ca\/wp-content\/uploads\/2025\/05\/14.jpg\" \/>\n\t<meta property=\"og:image:width\" content=\"1791\" \/>\n\t<meta property=\"og:image:height\" content=\"938\" \/>\n\t<meta property=\"og:image:type\" content=\"image\/jpeg\" \/>\n<meta name=\"twitter:card\" content=\"summary_large_image\" \/>\n<meta name=\"twitter:title\" content=\"M\u00e9tiers sp\u00e9cialis\u00e9s Ontario - Ressources d\u2019examen\" \/>\n<meta name=\"twitter:description\" content=\"Il existe de nombreuses ressources disponibles pour vous aider \u00e0 vous pr\u00e9parer \u00e0 passer votre examen de certification. Tout d\u2019abord, vous devrez vous familiariser avec votre norme de formation par l\u2019apprentissage. Vous aurez \u00e9galement acc\u00e8s \u00e0 d\u2019autres ressources, comme des cours pr\u00e9paratoires, des examens types, des guides d\u2019\u00e9tude ainsi que des documents et des textes vari\u00e9s. Vous pouvez \u00e9galement vous appuyer sur votre propre r\u00e9seau de soutien, comme vos employeurs, vos anciens formateurs et vos coll\u00e8gues.\" \/>\n<meta name=\"twitter:image\" content=\"https:\/\/www.skilledtradesontario.ca\/wp-content\/uploads\/2025\/05\/14.jpg\" \/>\n<meta name=\"twitter:site\" content=\"@SkilledTradesON\" \/>\n<meta name=\"twitter:label1\" content=\"Dur\u00e9e de lecture estim\u00e9e\" \/>\n\t<meta name=\"twitter:data1\" content=\"2 minutes\" \/>\n<script type=\"application\/ld+json\" class=\"yoast-schema-graph\">{\"@context\":\"https:\\\/\\\/schema.org\",\"@graph\":[{\"@type\":\"WebPage\",\"@id\":\"https:\\\/\\\/www.skilledtradesontario.ca\\\/fr\\\/certification\\\/ressources-dexamen\\\/\",\"url\":\"https:\\\/\\\/www.skilledtradesontario.ca\\\/fr\\\/certification\\\/ressources-dexamen\\\/\",\"name\":\"Ressources d'examen - M\u00e9tiers sp\u00e9cialis\u00e9s Ontario\",\"isPartOf\":{\"@id\":\"https:\\\/\\\/www.skilledtradesontario.ca\\\/#website\"},\"datePublished\":\"2021-12-31T05:40:09+00:00\",\"dateModified\":\"2025-05-08T19:45:30+00:00\",\"breadcrumb\":{\"@id\":\"https:\\\/\\\/www.skilledtradesontario.ca\\\/fr\\\/certification\\\/ressources-dexamen\\\/#breadcrumb\"},\"inLanguage\":\"fr-FR\",\"potentialAction\":[{\"@type\":\"ReadAction\",\"target\":[\"https:\\\/\\\/www.skilledtradesontario.ca\\\/fr\\\/certification\\\/ressources-dexamen\\\/\"]}]},{\"@type\":\"BreadcrumbList\",\"@id\":\"https:\\\/\\\/www.skilledtradesontario.ca\\\/fr\\\/certification\\\/ressources-dexamen\\\/#breadcrumb\",\"itemListElement\":[{\"@type\":\"ListItem\",\"position\":1,\"name\":\"Home\",\"item\":\"https:\\\/\\\/www.skilledtradesontario.ca\\\/fr\\\/\"},{\"@type\":\"ListItem\",\"position\":2,\"name\":\"Certification\",\"item\":\"https:\\\/\\\/www.skilledtradesontario.ca\\\/fr\\\/certification\\\/\"},{\"@type\":\"ListItem\",\"position\":3,\"name\":\"Ressources d&#8217;examen\"}]},{\"@type\":\"WebSite\",\"@id\":\"https:\\\/\\\/www.skilledtradesontario.ca\\\/#website\",\"url\":\"https:\\\/\\\/www.skilledtradesontario.ca\\\/\",\"name\":\"M\u00e9tiers sp\u00e9cialis\u00e9s Ontario\",\"description\":\"Un organisme dirig\u00e9 par l'industrie charg\u00e9 de promouvoir et de moderniser les m\u00e9tiers sp\u00e9cialis\u00e9s et de prot\u00e9ger les gens de m\u00e9tier, l'industrie et, par-dessus tout, l'int\u00e9r\u00eat public.\",\"potentialAction\":[{\"@type\":\"SearchAction\",\"target\":{\"@type\":\"EntryPoint\",\"urlTemplate\":\"https:\\\/\\\/www.skilledtradesontario.ca\\\/?s={search_term_string}\"},\"query-input\":{\"@type\":\"PropertyValueSpecification\",\"valueRequired\":true,\"valueName\":\"search_term_string\"}}],\"inLanguage\":\"fr-FR\"}]}<\/script>\n<!-- \/ Yoast SEO plugin. -->","yoast_head_json":{"title":"Ressources d'examen - M\u00e9tiers sp\u00e9cialis\u00e9s Ontario","robots":{"index":"index","follow":"follow","max-snippet":"max-snippet:-1","max-image-preview":"max-image-preview:large","max-video-preview":"max-video-preview:-1"},"canonical":"https:\/\/www.skilledtradesontario.ca\/fr\/certification\/ressources-dexamen\/","og_locale":"fr_FR","og_type":"article","og_title":"M\u00e9tiers sp\u00e9cialis\u00e9s Ontario - Ressources d\u2019examen","og_description":"Il existe de nombreuses ressources disponibles pour vous aider \u00e0 vous pr\u00e9parer \u00e0 passer votre examen de certification. Tout d\u2019abord, vous devrez vous familiariser avec votre norme de formation par l\u2019apprentissage. Vous aurez \u00e9galement acc\u00e8s \u00e0 d\u2019autres ressources, comme des cours pr\u00e9paratoires, des examens types, des guides d\u2019\u00e9tude ainsi que des documents et des textes vari\u00e9s. Vous pouvez \u00e9galement vous appuyer sur votre propre r\u00e9seau de soutien, comme vos employeurs, vos anciens formateurs et vos coll\u00e8gues.","og_url":"https:\/\/www.skilledtradesontario.ca\/fr\/certification\/ressources-dexamen\/","og_site_name":"M\u00e9tiers sp\u00e9cialis\u00e9s Ontario","article_modified_time":"2025-05-08T19:45:30+00:00","og_image":[{"width":1791,"height":938,"url":"https:\/\/www.skilledtradesontario.ca\/wp-content\/uploads\/2025\/05\/14.jpg","type":"image\/jpeg"}],"twitter_card":"summary_large_image","twitter_title":"M\u00e9tiers sp\u00e9cialis\u00e9s Ontario - Ressources d\u2019examen","twitter_description":"Il existe de nombreuses ressources disponibles pour vous aider \u00e0 vous pr\u00e9parer \u00e0 passer votre examen de certification. Tout d\u2019abord, vous devrez vous familiariser avec votre norme de formation par l\u2019apprentissage. Vous aurez \u00e9galement acc\u00e8s \u00e0 d\u2019autres ressources, comme des cours pr\u00e9paratoires, des examens types, des guides d\u2019\u00e9tude ainsi que des documents et des textes vari\u00e9s. Vous pouvez \u00e9galement vous appuyer sur votre propre r\u00e9seau de soutien, comme vos employeurs, vos anciens formateurs et vos coll\u00e8gues.","twitter_image":"https:\/\/www.skilledtradesontario.ca\/wp-content\/uploads\/2025\/05\/14.jpg","twitter_site":"@SkilledTradesON","twitter_misc":{"Dur\u00e9e de lecture estim\u00e9e":"2 minutes"},"schema":{"@context":"https:\/\/schema.org","@graph":[{"@type":"WebPage","@id":"https:\/\/www.skilledtradesontario.ca\/fr\/certification\/ressources-dexamen\/","url":"https:\/\/www.skilledtradesontario.ca\/fr\/certification\/ressources-dexamen\/","name":"Ressources d'examen - M\u00e9tiers sp\u00e9cialis\u00e9s Ontario","isPartOf":{"@id":"https:\/\/www.skilledtradesontario.ca\/#website"},"datePublished":"2021-12-31T05:40:09+00:00","dateModified":"2025-05-08T19:45:30+00:00","breadcrumb":{"@id":"https:\/\/www.skilledtradesontario.ca\/fr\/certification\/ressources-dexamen\/#breadcrumb"},"inLanguage":"fr-FR","potentialAction":[{"@type":"ReadAction","target":["https:\/\/www.skilledtradesontario.ca\/fr\/certification\/ressources-dexamen\/"]}]},{"@type":"BreadcrumbList","@id":"https:\/\/www.skilledtradesontario.ca\/fr\/certification\/ressources-dexamen\/#breadcrumb","itemListElement":[{"@type":"ListItem","position":1,"name":"Home","item":"https:\/\/www.skilledtradesontario.ca\/fr\/"},{"@type":"ListItem","position":2,"name":"Certification","item":"https:\/\/www.skilledtradesontario.ca\/fr\/certification\/"},{"@type":"ListItem","position":3,"name":"Ressources d&#8217;examen"}]},{"@type":"WebSite","@id":"https:\/\/www.skilledtradesontario.ca\/#website","url":"https:\/\/www.skilledtradesontario.ca\/","name":"M\u00e9tiers sp\u00e9cialis\u00e9s Ontario","description":"Un organisme dirig\u00e9 par l'industrie charg\u00e9 de promouvoir et de moderniser les m\u00e9tiers sp\u00e9cialis\u00e9s et de prot\u00e9ger les gens de m\u00e9tier, l'industrie et, par-dessus tout, l'int\u00e9r\u00eat public.","potentialAction":[{"@type":"SearchAction","target":{"@type":"EntryPoint","urlTemplate":"https:\/\/www.skilledtradesontario.ca\/?s={search_term_string}"},"query-input":{"@type":"PropertyValueSpecification","valueRequired":true,"valueName":"search_term_string"}}],"inLanguage":"fr-FR"}]}},"_links":{"self":[{"href":"https:\/\/www.skilledtradesontario.ca\/fr\/wp-json\/wp\/v2\/pages\/38192","targetHints":{"allow":["GET"]}}],"collection":[{"href":"https:\/\/www.skilledtradesontario.ca\/fr\/wp-json\/wp\/v2\/pages"}],"about":[{"href":"https:\/\/www.skilledtradesontario.ca\/fr\/wp-json\/wp\/v2\/types\/page"}],"author":[{"embeddable":true,"href":"https:\/\/www.skilledtradesontario.ca\/fr\/wp-json\/wp\/v2\/users\/16"}],"replies":[{"embeddable":true,"href":"https:\/\/www.skilledtradesontario.ca\/fr\/wp-json\/wp\/v2\/comments?post=38192"}],"version-history":[{"count":2,"href":"https:\/\/www.skilledtradesontario.ca\/fr\/wp-json\/wp\/v2\/pages\/38192\/revisions"}],"predecessor-version":[{"id":46440,"href":"https:\/\/www.skilledtradesontario.ca\/fr\/wp-json\/wp\/v2\/pages\/38192\/revisions\/46440"}],"up":[{"embeddable":true,"href":"https:\/\/www.skilledtradesontario.ca\/fr\/wp-json\/wp\/v2\/pages\/38180"}],"wp:attachment":[{"href":"https:\/\/www.skilledtradesontario.ca\/fr\/wp-json\/wp\/v2\/media?parent=38192"}],"wp:term":[{"taxonomy":"post_tag","embeddable":true,"href":"https:\/\/www.skilledtradesontario.ca\/fr\/wp-json\/wp\/v2\/tags?post=38192"}],"curies":[{"name":"wp","href":"https:\/\/api.w.org\/{rel}","templated":true}]}}