{"id":38188,"date":"2021-12-31T05:35:01","date_gmt":"2021-12-31T05:35:01","guid":{"rendered":"https:\/\/www.skilledtradesontario.ca\/?page_id=38188"},"modified":"2026-03-04T16:11:44","modified_gmt":"2026-03-04T21:11:44","slug":"certificat-de-qualification","status":"publish","type":"page","link":"https:\/\/www.skilledtradesontario.ca\/fr\/certification\/certificat-de-qualification\/","title":{"rendered":"Certificat de qualification"},"content":{"rendered":"<p>Un certificat de qualification (CQ) est un document officiel qui prouve qu\u2019une personne est qualifi\u00e9e pour travailler dans un m\u00e9tier sp\u00e9cialis\u00e9 particulier en Ontario. Ce certificat peut vous distinguer des autres candidats et faire valoir vos comp\u00e9tences aupr\u00e8s d\u2019\u00e9ventuels clients. <\/p>\n<p>Pour tous les  <a href=\"http:\/\/www.skilledtradesontario.ca\/wp-content\/uploads\/2022\/03\/compulsory_trades_skilled_trades_ontario-feb-2022-fr.pdf\"><strong>m\u00e9tiers \u00e0 accr\u00e9ditation obligatoire,<\/strong><\/a> un certificat de qualification est n\u00e9cessaire pour travailler l\u00e9galement en Ontario et doit \u00eatre <a href=\"#renew_replace_c\">renouvel\u00e9<\/a> annuellement. <\/p>\n<p>Pour certains m\u00e9tiers \u00e0 accr\u00e9ditation non obligatoire, un certificat de qualification est disponible.  <a href=\"https:\/\/www.skilledtradesontario.ca\/fr\/a-propos-des-metiers\/renseignements-sur-les-metiers\/\">D\u00e9couvrez quels sont les m\u00e9tiers \u00e0 accr\u00e9ditation non obligatoire et si une certification est offerte<\/a><\/p>\n<div style=\"padding-top: 20px;\"><\/div>\n<h2 style=\"font-weight: 600; color: #21375c; font-size: 25px;\">Obtenir un certificat de qualification<\/h2>\n<p>Les certificats de qualification sont disponibles pour les m\u00e9tiers \u00e0 accr\u00e9ditation obligatoire et les m\u00e9tiers \u00e0 accr\u00e9ditation non obligatoire soumis \u00e0 un examen de certification. La proc\u00e9dure d\u2019obtention de votre certificat de qualification diff\u00e8re selon votre situation.<\/p>\n<p>Si l\u2019une des situations ci-dessous s\u2019applique \u00e0 vous, vous pouvez explorer les prochaines \u00e9tapes du processus de certification : <\/p>\n<ul class=\"ocot-list\">\n<li><span>Vous poss\u00e9dez un certificat d\u2019apprentissage de l\u2019Ontario; <\/span><\/li>\n<li><span>Vous poss\u00e9dez une \u00e9valuation d\u2019\u00e9quivalence professionnelle (EEP);<\/span><\/li>\n<li><span>Vous poss\u00e9dez un titre de comp\u00e9tences canadien officiel. <\/span><\/li>\n<\/ul>\n<ul class=\"accordion\" data-allow-all-closed=\"true\" data-accordion=\"\">\n<li class=\"accordion-item\" data-accordion-item=\"\"><a class=\"accordion-title\" href=\"#\">Personnes poss\u00e9dant un certificat d\u2019apprentissage de l\u2019Ontario<\/a>\n<div class=\"accordion-content\" data-tab-content=\"\">\n<p>Si vous d\u00e9tenez un certificat d\u2019apprentissage de l\u2019Ontario et que vous avez r\u00e9ussi l\u2019examen de certification de votre m\u00e9tier, vous \u00eates admissible \u00e0 l\u2019obtention d\u2019un certificat de qualification. M\u00e9tiers sp\u00e9cialis\u00e9s Ontario communiquera directement avec vous pour vous faire parvenir votre certificat par la poste.<\/p>\n<p><strong>Aucuns frais <\/strong> ne sont associ\u00e9s au premier certificat de qualification si vous avez r\u00e9alis\u00e9 un apprentissage en Ontario. <\/p>\n<\/div>\n<\/span><\/li>\n<li class=\"accordion-item\" data-accordion-item=\"\"><a class=\"accordion-title\" href=\"#\">Personnes poss\u00e9dant une \u00e9quivalence professionnelle<\/a>\n<div class=\"accordion-content\" data-tab-content=\"\">\n<p>Si vous avez une autorisation de M\u00e9tiers sp\u00e9cialis\u00e9s Ontario en raison d\u2019une \u00e9valuation d\u2019\u00e9quivalence professionnelle (EEP) et que vous avez r\u00e9ussi l\u2019examen de certification de votre m\u00e9tier, vous pourrez recevoir un certificat de qualification. M\u00e9tiers sp\u00e9cialis\u00e9s Ontario communiquera directement avec vous lorsque vous aurez re\u00e7u votre autorisation pour que vous puissiez payer les frais li\u00e9s \u00e0 votre certificat.<\/p>\n<p>Le co\u00fbt du premier certificat de qualification s\u2019\u00e9l\u00e8ve \u00e0 <strong>60 $ + TVH<\/strong>.<\/p>\n<p>Pour payer votre certificat, veuillez communiquer avec l\u2019\u00e9quipe du service \u00e0 la client\u00e8le de M\u00e9tiers sp\u00e9cialis\u00e9s Ontario au (647) 847 3000 ou au 1-855-299-0028 (sans frais en Ontario seulement), du lundi au vendredi, de 8 h 30 \u00e0 17 h (HNE).<\/p>\n<\/div>\n<\/span><\/li>\n<li class=\"accordion-item\" data-accordion-item=\"\"><a class=\"accordion-title\" href=\"#\">Personnes poss\u00e9dant un titre de comp\u00e9tences canadien officiel<\/a>\n<div class=\"accordion-content\" data-tab-content=\"\">\n<p>Si votre titre de comp\u00e9tences canadien a \u00e9t\u00e9 v\u00e9rifi\u00e9 par M\u00e9tiers sp\u00e9cialis\u00e9s Ontario, vous \u00eates admissible \u00e0 un certificat de qualification. M\u00e9tiers sp\u00e9cialis\u00e9s Ontario communiquera directement avec vous lorsque vous aurez re\u00e7u votre autorisation pour que vous puissiez payer les frais li\u00e9s \u00e0 votre certificat.<\/p>\n<p>Le co\u00fbt du premier certificat de qualification s\u2019\u00e9l\u00e8ve \u00e0 <strong>60 $ + TVH<\/strong>.<\/p>\n<p>Pour payer votre certificat, connectez-vous \u00e0 votre compte M\u00e9tiers sp\u00e9cialis\u00e9s Ontario, ou contactez-nous par t\u00e9l\u00e9phone au (647) 847 3000 ou au 1-855-299-0028 (sans frais en Ontario seulement), du lundi au vendredi, de 8 h 30 \u00e0 17 h (HNE).<\/p>\n<\/div>\n<\/span><\/li>\n<\/ul>\n<div style=\"padding-top: 50px;\"><\/div>\n<h2 id=\"renew_replace_c\" style=\"font-weight: 600; color: #21375c; font-size: 25px;\">Renouveler un certificat de qualification pour un m\u00e9tier \u00e0 accr\u00e9ditation obligatoire<\/h2>\n<div style=\"padding-top: 20px;\"><\/div>\n<p>\u00c0 partir du <strong>1er avril 2024<\/strong>, tous les certificats de qualification \u00e9mis par M\u00e9tiers sp\u00e9cialis\u00e9s Ontario pour les <a href=\"http:\/\/www.skilledtradesontario.ca\/wp-content\/uploads\/2022\/03\/compulsory_trades_skilled_trades_ontario-feb-2022-fr.pdf\">m\u00e9tiers \u00e0 accr\u00e9ditation obligatoire<\/a> doivent \u00eatre renouvel\u00e9s chaque ann\u00e9e afin d\u2019\u00e9viter d\u2019\u00eatre annul\u00e9s. M\u00e9tiers sp\u00e9cialis\u00e9s Ontario enverra un avis de renouvellement avant la date d\u2019expiration du certificat. <\/p>\n<p>Le co\u00fbt du renouvellement du certificat s\u2019\u00e9l\u00e8ve \u00e0 <strong>60 $ + TVH*<\/strong>.<\/p>\n<p>Les certificats de qualification pour les m\u00e9tiers \u00e0 accr\u00e9ditation non obligatoire n\u2019ont plus de date d\u2019expiration et ne peuvent donc pas \u00eatre renouvel\u00e9s.<\/p>\n<p><strong>*\u00c0 noter : <\/strong>Toute personne ayant pr\u00e9c\u00e9demment d\u00e9tenu un Certificat de Qualification dans l&#8217;ancien m\u00e9tier de Barbier est exempt\u00e9e des frais de renouvellement pour un Certificat de Qualification pour le m\u00e9tier de Coiffeur en vertu de la Loi de 2021 ouvrant des perspectives dans les m\u00e9tiers sp\u00e9cialis\u00e9s (conform\u00e9ment au R\u00e8glement de l&#8217;Ontario 877\/21, art. 11). <\/p>\n<div style=\"padding-top: 20px;\"><\/div>\n<ul class=\"accordion\" data-allow-all-closed=\"true\" data-accordion=\"\">\n<li class=\"accordion-item\" data-accordion-item=\"\"><a class=\"accordion-title\" href=\"#\">Options de paiement pour le renouvellement<\/a>\n<div class=\"accordion-content\" data-tab-content=\"\">\n<p>\t\t<strong>Paiement en ligne<\/strong><\/p>\n<p>\t\t<a href=\"https:\/\/www.skilledtradesontario.ca\/fr\/portail-de-metiers-specialises-ontario\/\">Connectez-vous<\/a> \u00e0 votre compte de M\u00e9tiers sp\u00e9cialis\u00e9s Ontario et suivez les \u00e9tapes pour effectuer votre paiement.<\/p>\n<p>\t\t<strong>Paiement par l\u2019interm\u00e9diaire d\u2019une banque canadienne ou d\u2019une caisse de cr\u00e9dit<\/strong><\/p>\n<p>\t\tVous pouvez payer en personne, par t\u00e9l\u00e9phone ou en ligne par l\u2019interm\u00e9diaire d\u2019une banque canadienne ou d\u2019une caisse de cr\u00e9dit.<\/p>\n<p>\t\tAjoutez M\u00e9tiers sp\u00e9cialis\u00e9s Ontario comme b\u00e9n\u00e9ficiaire et indiquez votre num\u00e9ro de compte. Il s\u2019agit du m\u00eame num\u00e9ro de compte que vous aviez pour l\u2019Ordre des m\u00e9tiers de l\u2019Ontario.<\/p>\n<p>\t\t<strong>aiement par ch\u00e8que (veuillez ne pas poster d\u2019argent liquide)<\/strong><\/p>\n<p>\t\tFaites un ch\u00e8que au nom de M\u00e9tiers sp\u00e9cialis\u00e9s Ontario, en y inscrivant votre num\u00e9ro de compte. Il s\u2019agit du m\u00eame num\u00e9ro de compte que vous aviez pour l\u2019Ordre des m\u00e9tiers de l\u2019Ontario.<\/p>\n<p>\t\tVeuillez poster le ch\u00e8que et le bordereau de paiement inclus dans votre avis de renouvellement \u00e0 l\u2019adresse suivante :<\/p>\n<p>\t\tM\u00e9tiers sp\u00e9cialis\u00e9s Ontario<br \/>\n                C.P. 4003 STN A<br \/>\n                Toronto, ON M5W 0G5 <\/p>\n<p>\t\t<strong>Paiement par t\u00e9l\u00e9phone (Visa ou Mastercard seulement)<\/strong><\/p>\n<p>\t\tPour faire un paiement par t\u00e9l\u00e9phone, veuillez communiquer avec l\u2019\u00e9quipe du service \u00e0 la client\u00e8le de M\u00e9tiers sp\u00e9cialis\u00e9s Ontario au (647) 847 3000 ou au 1-855-299-0028 (sans frais en Ontario seulement), du lundi au vendredi, de 8 h 30 \u00e0 17 h (HNE). Veuillez avoir en main votre num\u00e9ro de compte et votre carte de cr\u00e9dit. Il s\u2019agit du m\u00eame num\u00e9ro de compte que vous aviez pour l\u2019Ordre des m\u00e9tiers de l\u2019Ontario.\n<\/p><\/div>\n<\/span><\/li>\n<\/ul>\n<div style=\"padding-top: 50px;\"><\/div>\n<h2 style=\"font-weight: 600; color: #21375c; font-size: 25px;\">Nouveaux documents d\u2019accr\u00e9ditation<\/h2>\n<p>En 2023, M\u00e9tiers sp\u00e9cialis\u00e9s Ontario annon\u00e7ait le lancement de nouveaux documents d\u2019accr\u00e9ditation pour les compagnon.ne.s et les apprenti.e.s. Il s\u2019agit des certificats de qualification et des cartes professionnelles pour les portefeuilles. <\/p>\n<h3 style=\"font-weight: 600; color: #21375c; font-size: 18px;\">Certificats de qualification<\/h3>\n<p>Depuis le 1<sup>er<\/sup> novembre 2023, M\u00e9tiers sp\u00e9cialis\u00e9s Ontario propose un nouveau mod\u00e8le de certificat de qualification.\u00a0 Les nouveaux certificats seront imprim\u00e9s et distribu\u00e9s de fa\u00e7on progressive par M\u00e9tiers sp\u00e9cialis\u00e9s Ontario.<\/p>\n<p>Actuellement, les nouveaux certificats sont \u00e9mis \u00e0 toutes les personnes qui ont satisfait aux exigences de la <a href=\"https:\/\/www.ontario.ca\/fr\/lois\/loi\/s21028\" target=\"_blank\" rel=\"noopener\"><em>Loi de 2021 ouvrant des perspectives dans les m\u00e9tiers sp\u00e9cialis\u00e9s<\/em><\/a> et qui ont le statut de compagnon ou compagnonne dans un m\u00e9tier d\u00e9sign\u00e9 depuis <strong>le 1er janvier 2022<\/strong>.<\/p>\n<p>Les certificats \u00e9mis avant le 1er janvier 2022 sont toujours valides et reconnus par M\u00e9tiers sp\u00e9cialis\u00e9s Ontario.<\/p>\n<h3 style=\"font-weight: 600; color: #21375c; font-size: 18px;\">Cartes pour le portefeuille<\/h3>\n<p>\u00c0 partir du mois de f\u00e9vrier 2024, M\u00e9tiers sp\u00e9cialis\u00e9s Ontario recommencera \u00e0 \u00e9mettre les cartes professionnelles pour les portefeuilles. Au cours des 12 prochains mois, M\u00e9tiers sp\u00e9cialis\u00e9s Ontario \u00e9mettra des cartes professionnelles pour les portefeuilles \u00e0 tous.tes les compagnon.ne.e.s qui exercent activement des m\u00e9tiers \u00e0 accr\u00e9ditation obligatoire et non obligatoire.<\/p>\n<p>Cette page sera mise \u00e0 jour avec de nouveaux renseignements lorsque les prochaines phases seront pr\u00eates \u00e0 \u00eatre mises en \u0153uvre.<\/p>\n","protected":false},"excerpt":{"rendered":"<p>Un certificat de qualification (CQ) est un document officiel qui prouve qu\u2019une personne est qualifi\u00e9e pour travailler dans un&#8230;<\/p>\n","protected":false},"author":16,"featured_media":0,"parent":38180,"menu_order":3,"comment_status":"closed","ping_status":"closed","template":"template-pages\/STO-Custom-Page-V3.php","meta":{"_acf_changed":false,"footnotes":""},"tags":[],"class_list":["post-38188","page","type-page","status-publish","hentry"],"acf":[],"yoast_head":"<!-- This site is optimized with the Yoast SEO plugin v27.3 - https:\/\/yoast.com\/product\/yoast-seo-wordpress\/ -->\n<title>Certificat de qualification - M\u00e9tiers sp\u00e9cialis\u00e9s Ontario<\/title>\n<meta name=\"robots\" content=\"index, follow, max-snippet:-1, max-image-preview:large, max-video-preview:-1\" \/>\n<link rel=\"canonical\" href=\"https:\/\/www.skilledtradesontario.ca\/fr\/certification\/certificat-de-qualification\/\" \/>\n<meta property=\"og:locale\" content=\"fr_FR\" \/>\n<meta property=\"og:type\" content=\"article\" \/>\n<meta property=\"og:title\" content=\"Certificat de qualification - M\u00e9tiers sp\u00e9cialis\u00e9s Ontario\" \/>\n<meta property=\"og:description\" content=\"Un certificat de qualification (CQ) est un document officiel qui prouve qu\u2019une personne est qualifi\u00e9e pour travailler dans un...\" \/>\n<meta property=\"og:url\" content=\"https:\/\/www.skilledtradesontario.ca\/fr\/certification\/certificat-de-qualification\/\" \/>\n<meta property=\"og:site_name\" content=\"M\u00e9tiers sp\u00e9cialis\u00e9s Ontario\" \/>\n<meta property=\"article:modified_time\" content=\"2026-03-04T21:11:44+00:00\" \/>\n<meta name=\"twitter:card\" content=\"summary_large_image\" \/>\n<meta name=\"twitter:site\" content=\"@SkilledTradesON\" \/>\n<meta name=\"twitter:label1\" content=\"Dur\u00e9e de lecture estim\u00e9e\" \/>\n\t<meta name=\"twitter:data1\" content=\"5 minutes\" \/>\n<script type=\"application\/ld+json\" class=\"yoast-schema-graph\">{\"@context\":\"https:\\\/\\\/schema.org\",\"@graph\":[{\"@type\":\"WebPage\",\"@id\":\"https:\\\/\\\/www.skilledtradesontario.ca\\\/fr\\\/certification\\\/certificat-de-qualification\\\/\",\"url\":\"https:\\\/\\\/www.skilledtradesontario.ca\\\/fr\\\/certification\\\/certificat-de-qualification\\\/\",\"name\":\"Certificat de qualification - M\u00e9tiers sp\u00e9cialis\u00e9s Ontario\",\"isPartOf\":{\"@id\":\"https:\\\/\\\/www.skilledtradesontario.ca\\\/#website\"},\"datePublished\":\"2021-12-31T05:35:01+00:00\",\"dateModified\":\"2026-03-04T21:11:44+00:00\",\"breadcrumb\":{\"@id\":\"https:\\\/\\\/www.skilledtradesontario.ca\\\/fr\\\/certification\\\/certificat-de-qualification\\\/#breadcrumb\"},\"inLanguage\":\"fr-FR\",\"potentialAction\":[{\"@type\":\"ReadAction\",\"target\":[\"https:\\\/\\\/www.skilledtradesontario.ca\\\/fr\\\/certification\\\/certificat-de-qualification\\\/\"]}]},{\"@type\":\"BreadcrumbList\",\"@id\":\"https:\\\/\\\/www.skilledtradesontario.ca\\\/fr\\\/certification\\\/certificat-de-qualification\\\/#breadcrumb\",\"itemListElement\":[{\"@type\":\"ListItem\",\"position\":1,\"name\":\"Home\",\"item\":\"https:\\\/\\\/www.skilledtradesontario.ca\\\/fr\\\/\"},{\"@type\":\"ListItem\",\"position\":2,\"name\":\"Certification\",\"item\":\"https:\\\/\\\/www.skilledtradesontario.ca\\\/fr\\\/certification\\\/\"},{\"@type\":\"ListItem\",\"position\":3,\"name\":\"Certificat de qualification\"}]},{\"@type\":\"WebSite\",\"@id\":\"https:\\\/\\\/www.skilledtradesontario.ca\\\/#website\",\"url\":\"https:\\\/\\\/www.skilledtradesontario.ca\\\/\",\"name\":\"M\u00e9tiers sp\u00e9cialis\u00e9s Ontario\",\"description\":\"Un organisme dirig\u00e9 par l'industrie charg\u00e9 de promouvoir et de moderniser les m\u00e9tiers sp\u00e9cialis\u00e9s et de prot\u00e9ger les gens de m\u00e9tier, l'industrie et, par-dessus tout, l'int\u00e9r\u00eat public.\",\"potentialAction\":[{\"@type\":\"SearchAction\",\"target\":{\"@type\":\"EntryPoint\",\"urlTemplate\":\"https:\\\/\\\/www.skilledtradesontario.ca\\\/?s={search_term_string}\"},\"query-input\":{\"@type\":\"PropertyValueSpecification\",\"valueRequired\":true,\"valueName\":\"search_term_string\"}}],\"inLanguage\":\"fr-FR\"}]}<\/script>\n<!-- \/ Yoast SEO plugin. -->","yoast_head_json":{"title":"Certificat de qualification - M\u00e9tiers sp\u00e9cialis\u00e9s Ontario","robots":{"index":"index","follow":"follow","max-snippet":"max-snippet:-1","max-image-preview":"max-image-preview:large","max-video-preview":"max-video-preview:-1"},"canonical":"https:\/\/www.skilledtradesontario.ca\/fr\/certification\/certificat-de-qualification\/","og_locale":"fr_FR","og_type":"article","og_title":"Certificat de qualification - M\u00e9tiers sp\u00e9cialis\u00e9s Ontario","og_description":"Un certificat de qualification (CQ) est un document officiel qui prouve qu\u2019une personne est qualifi\u00e9e pour travailler dans un...","og_url":"https:\/\/www.skilledtradesontario.ca\/fr\/certification\/certificat-de-qualification\/","og_site_name":"M\u00e9tiers sp\u00e9cialis\u00e9s Ontario","article_modified_time":"2026-03-04T21:11:44+00:00","twitter_card":"summary_large_image","twitter_site":"@SkilledTradesON","twitter_misc":{"Dur\u00e9e de lecture estim\u00e9e":"5 minutes"},"schema":{"@context":"https:\/\/schema.org","@graph":[{"@type":"WebPage","@id":"https:\/\/www.skilledtradesontario.ca\/fr\/certification\/certificat-de-qualification\/","url":"https:\/\/www.skilledtradesontario.ca\/fr\/certification\/certificat-de-qualification\/","name":"Certificat de qualification - M\u00e9tiers sp\u00e9cialis\u00e9s Ontario","isPartOf":{"@id":"https:\/\/www.skilledtradesontario.ca\/#website"},"datePublished":"2021-12-31T05:35:01+00:00","dateModified":"2026-03-04T21:11:44+00:00","breadcrumb":{"@id":"https:\/\/www.skilledtradesontario.ca\/fr\/certification\/certificat-de-qualification\/#breadcrumb"},"inLanguage":"fr-FR","potentialAction":[{"@type":"ReadAction","target":["https:\/\/www.skilledtradesontario.ca\/fr\/certification\/certificat-de-qualification\/"]}]},{"@type":"BreadcrumbList","@id":"https:\/\/www.skilledtradesontario.ca\/fr\/certification\/certificat-de-qualification\/#breadcrumb","itemListElement":[{"@type":"ListItem","position":1,"name":"Home","item":"https:\/\/www.skilledtradesontario.ca\/fr\/"},{"@type":"ListItem","position":2,"name":"Certification","item":"https:\/\/www.skilledtradesontario.ca\/fr\/certification\/"},{"@type":"ListItem","position":3,"name":"Certificat de qualification"}]},{"@type":"WebSite","@id":"https:\/\/www.skilledtradesontario.ca\/#website","url":"https:\/\/www.skilledtradesontario.ca\/","name":"M\u00e9tiers sp\u00e9cialis\u00e9s Ontario","description":"Un organisme dirig\u00e9 par l'industrie charg\u00e9 de promouvoir et de moderniser les m\u00e9tiers sp\u00e9cialis\u00e9s et de prot\u00e9ger les gens de m\u00e9tier, l'industrie et, par-dessus tout, l'int\u00e9r\u00eat public.","potentialAction":[{"@type":"SearchAction","target":{"@type":"EntryPoint","urlTemplate":"https:\/\/www.skilledtradesontario.ca\/?s={search_term_string}"},"query-input":{"@type":"PropertyValueSpecification","valueRequired":true,"valueName":"search_term_string"}}],"inLanguage":"fr-FR"}]}},"_links":{"self":[{"href":"https:\/\/www.skilledtradesontario.ca\/fr\/wp-json\/wp\/v2\/pages\/38188","targetHints":{"allow":["GET"]}}],"collection":[{"href":"https:\/\/www.skilledtradesontario.ca\/fr\/wp-json\/wp\/v2\/pages"}],"about":[{"href":"https:\/\/www.skilledtradesontario.ca\/fr\/wp-json\/wp\/v2\/types\/page"}],"author":[{"embeddable":true,"href":"https:\/\/www.skilledtradesontario.ca\/fr\/wp-json\/wp\/v2\/users\/16"}],"replies":[{"embeddable":true,"href":"https:\/\/www.skilledtradesontario.ca\/fr\/wp-json\/wp\/v2\/comments?post=38188"}],"version-history":[{"count":4,"href":"https:\/\/www.skilledtradesontario.ca\/fr\/wp-json\/wp\/v2\/pages\/38188\/revisions"}],"predecessor-version":[{"id":47410,"href":"https:\/\/www.skilledtradesontario.ca\/fr\/wp-json\/wp\/v2\/pages\/38188\/revisions\/47410"}],"up":[{"embeddable":true,"href":"https:\/\/www.skilledtradesontario.ca\/fr\/wp-json\/wp\/v2\/pages\/38180"}],"wp:attachment":[{"href":"https:\/\/www.skilledtradesontario.ca\/fr\/wp-json\/wp\/v2\/media?parent=38188"}],"wp:term":[{"taxonomy":"post_tag","embeddable":true,"href":"https:\/\/www.skilledtradesontario.ca\/fr\/wp-json\/wp\/v2\/tags?post=38188"}],"curies":[{"name":"wp","href":"https:\/\/api.w.org\/{rel}","templated":true}]}}