{"id":38186,"date":"2021-12-31T05:30:08","date_gmt":"2021-12-31T05:30:08","guid":{"rendered":"https:\/\/www.skilledtradesontario.ca\/?page_id=38186"},"modified":"2026-03-13T13:57:47","modified_gmt":"2026-03-13T17:57:47","slug":"reservation-dexamen","status":"publish","type":"page","link":"https:\/\/www.skilledtradesontario.ca\/fr\/certification\/reservation-dexamen\/","title":{"rendered":"R\u00e9servation d&#8217;examen"},"content":{"rendered":"<h2 style=\"font-weight: 600; color: #21375c; font-size: 18px;\">Pour r\u00e9server une place pour passer l\u2019examen de certification requis pour votre m\u00e9tier :<\/h2>\n<div style=\"padding-top: 20px;\"><\/div>\n<ul class=\"ocot-list\">\n<li><span><a href=\"https:\/\/www.skilledtradesontario.ca\/fr\/certification\/admissibilite-a-lexamen\/\">Confirmez votre admissibilit\u00e9<\/a> pour passer un examen de certification<\/span><\/li>\n<li><span>Payez les frais d\u2019examen de 150 $ + TVH en contactant M\u00e9tiers sp\u00e9cialis\u00e9s Ontario au 647-847-3000, ou sans frais en Ontario au 1-855-299-0028, du lundi au vendredi de 8 h 30 \u00e0 17 h (HNE).<\/span><\/li>\n<li><span>Apr\u00e8s avoir pay\u00e9 vos frais d\u2019examen aupr\u00e8s de M\u00e9tiers sp\u00e9cialis\u00e9s Ontario, r\u00e9servez votre place en communiquant avec le bureau  <a href=\"https:\/\/www.ontario.ca\/fr\/page\/bureau-dapprentissage-demploi-ontario\" target=\"_blank\" rel=\"noopener\">d\u2019apprentissage d\u2019Emploi Ontario le plus pr\u00e8s<\/a>.<br \/>\nConform\u00e9ment au Code des droits de la personne, si vous avez besoin de mesures d\u2019adaptation pour vous aider \u00e0 passer l\u2019examen, veuillez l\u2019indiquer \u00e0 votre inscription aupr\u00e8s du bureau d\u2019apprentissage d\u2019Emploi Ontario.<\/span><\/li>\n<\/ul>\n<p>Une fois votre examen pass\u00e9 et not\u00e9, M\u00e9tiers sp\u00e9cialis\u00e9s Ontario communiquera avec vous pour vous informer de votre r\u00e9sultat et vous indiquer les mesures \u00e0 prendre par la suite.<\/p>\n<p><a href=\"https:\/\/www.skilledtradesontario.ca\/fr\/certification\/ressources-dexamen\/\"><strong>Pr\u00e9parez-vous en vue de votre examen.<\/strong><\/a><\/p>\n","protected":false},"excerpt":{"rendered":"<p>Pour r\u00e9server une place pour passer l\u2019examen de certification requis pour votre m\u00e9tier : Confirmez votre admissibilit\u00e9 pour passer&#8230;<\/p>\n","protected":false},"author":16,"featured_media":0,"parent":38180,"menu_order":1,"comment_status":"closed","ping_status":"closed","template":"template-pages\/STO-Custom-Page-V3.php","meta":{"_acf_changed":false,"footnotes":""},"tags":[],"class_list":["post-38186","page","type-page","status-publish","hentry"],"acf":[],"yoast_head":"<!-- This site is optimized with the Yoast SEO plugin v27.3 - https:\/\/yoast.com\/product\/yoast-seo-wordpress\/ -->\n<title>R\u00e9servation d&#039;examen - M\u00e9tiers sp\u00e9cialis\u00e9s Ontario<\/title>\n<meta name=\"robots\" content=\"index, follow, max-snippet:-1, max-image-preview:large, max-video-preview:-1\" \/>\n<link rel=\"canonical\" href=\"https:\/\/www.skilledtradesontario.ca\/fr\/certification\/reservation-dexamen\/\" \/>\n<meta property=\"og:locale\" content=\"fr_FR\" \/>\n<meta property=\"og:type\" content=\"article\" \/>\n<meta property=\"og:title\" content=\"M\u00e9tiers sp\u00e9cialis\u00e9s Ontario - R\u00e9servation d\u2019examen\" \/>\n<meta property=\"og:description\" content=\"Confirmez que vous \u00eates admissible \u00e0 passer l\u2019examen de certification. Communiquez avec M\u00e9tiers sp\u00e9cialis\u00e9s Ontario pour effectuer votre paiement. Si vous avez termin\u00e9 votre programme d\u2019apprentissage en Ontario le 1er janvier 2025 ou apr\u00e8s, vous n\u2019avez pas besoin de payer votre premi\u00e8re tentative pour passer l\u2019examen. Cette dispense s\u2019appliquera \u00e0 votre compte de mani\u00e8re automatique, il n\u2019est pas n\u00e9cessaire de communiquer avec M\u00e9tiers sp\u00e9cialis\u00e9s Ontario pour payer votre premier examen.\" \/>\n<meta property=\"og:url\" content=\"https:\/\/www.skilledtradesontario.ca\/fr\/certification\/reservation-dexamen\/\" \/>\n<meta property=\"og:site_name\" content=\"M\u00e9tiers sp\u00e9cialis\u00e9s Ontario\" \/>\n<meta property=\"article:modified_time\" content=\"2026-03-13T17:57:47+00:00\" \/>\n<meta property=\"og:image\" content=\"https:\/\/www.skilledtradesontario.ca\/wp-content\/uploads\/2025\/05\/12.jpg\" \/>\n\t<meta property=\"og:image:width\" content=\"1791\" \/>\n\t<meta property=\"og:image:height\" content=\"938\" \/>\n\t<meta property=\"og:image:type\" content=\"image\/jpeg\" \/>\n<meta name=\"twitter:card\" content=\"summary_large_image\" \/>\n<meta name=\"twitter:title\" content=\"M\u00e9tiers sp\u00e9cialis\u00e9s Ontario - R\u00e9servation d\u2019examen\" \/>\n<meta name=\"twitter:description\" content=\"Confirmez que vous \u00eates admissible \u00e0 passer l\u2019examen de certification. Communiquez avec M\u00e9tiers sp\u00e9cialis\u00e9s Ontario pour effectuer votre paiement. Si vous avez termin\u00e9 votre programme d\u2019apprentissage en Ontario le 1er janvier 2025 ou apr\u00e8s, vous n\u2019avez pas besoin de payer votre premi\u00e8re tentative pour passer l\u2019examen. Cette dispense s\u2019appliquera \u00e0 votre compte de mani\u00e8re automatique, il n\u2019est pas n\u00e9cessaire de communiquer avec M\u00e9tiers sp\u00e9cialis\u00e9s Ontario pour payer votre premier examen.\" \/>\n<meta name=\"twitter:image\" content=\"https:\/\/www.skilledtradesontario.ca\/wp-content\/uploads\/2025\/05\/12.jpg\" \/>\n<meta name=\"twitter:site\" content=\"@SkilledTradesON\" \/>\n<meta name=\"twitter:label1\" content=\"Dur\u00e9e de lecture estim\u00e9e\" \/>\n\t<meta name=\"twitter:data1\" content=\"1 minute\" \/>\n<script type=\"application\/ld+json\" class=\"yoast-schema-graph\">{\"@context\":\"https:\\\/\\\/schema.org\",\"@graph\":[{\"@type\":\"WebPage\",\"@id\":\"https:\\\/\\\/www.skilledtradesontario.ca\\\/fr\\\/certification\\\/reservation-dexamen\\\/\",\"url\":\"https:\\\/\\\/www.skilledtradesontario.ca\\\/fr\\\/certification\\\/reservation-dexamen\\\/\",\"name\":\"R\u00e9servation d'examen - M\u00e9tiers sp\u00e9cialis\u00e9s Ontario\",\"isPartOf\":{\"@id\":\"https:\\\/\\\/www.skilledtradesontario.ca\\\/#website\"},\"datePublished\":\"2021-12-31T05:30:08+00:00\",\"dateModified\":\"2026-03-13T17:57:47+00:00\",\"breadcrumb\":{\"@id\":\"https:\\\/\\\/www.skilledtradesontario.ca\\\/fr\\\/certification\\\/reservation-dexamen\\\/#breadcrumb\"},\"inLanguage\":\"fr-FR\",\"potentialAction\":[{\"@type\":\"ReadAction\",\"target\":[\"https:\\\/\\\/www.skilledtradesontario.ca\\\/fr\\\/certification\\\/reservation-dexamen\\\/\"]}]},{\"@type\":\"BreadcrumbList\",\"@id\":\"https:\\\/\\\/www.skilledtradesontario.ca\\\/fr\\\/certification\\\/reservation-dexamen\\\/#breadcrumb\",\"itemListElement\":[{\"@type\":\"ListItem\",\"position\":1,\"name\":\"Home\",\"item\":\"https:\\\/\\\/www.skilledtradesontario.ca\\\/fr\\\/\"},{\"@type\":\"ListItem\",\"position\":2,\"name\":\"Certification\",\"item\":\"https:\\\/\\\/www.skilledtradesontario.ca\\\/fr\\\/certification\\\/\"},{\"@type\":\"ListItem\",\"position\":3,\"name\":\"R\u00e9servation d&#8217;examen\"}]},{\"@type\":\"WebSite\",\"@id\":\"https:\\\/\\\/www.skilledtradesontario.ca\\\/#website\",\"url\":\"https:\\\/\\\/www.skilledtradesontario.ca\\\/\",\"name\":\"M\u00e9tiers sp\u00e9cialis\u00e9s Ontario\",\"description\":\"Un organisme dirig\u00e9 par l'industrie charg\u00e9 de promouvoir et de moderniser les m\u00e9tiers sp\u00e9cialis\u00e9s et de prot\u00e9ger les gens de m\u00e9tier, l'industrie et, par-dessus tout, l'int\u00e9r\u00eat public.\",\"potentialAction\":[{\"@type\":\"SearchAction\",\"target\":{\"@type\":\"EntryPoint\",\"urlTemplate\":\"https:\\\/\\\/www.skilledtradesontario.ca\\\/?s={search_term_string}\"},\"query-input\":{\"@type\":\"PropertyValueSpecification\",\"valueRequired\":true,\"valueName\":\"search_term_string\"}}],\"inLanguage\":\"fr-FR\"}]}<\/script>\n<!-- \/ Yoast SEO plugin. -->","yoast_head_json":{"title":"R\u00e9servation d'examen - M\u00e9tiers sp\u00e9cialis\u00e9s Ontario","robots":{"index":"index","follow":"follow","max-snippet":"max-snippet:-1","max-image-preview":"max-image-preview:large","max-video-preview":"max-video-preview:-1"},"canonical":"https:\/\/www.skilledtradesontario.ca\/fr\/certification\/reservation-dexamen\/","og_locale":"fr_FR","og_type":"article","og_title":"M\u00e9tiers sp\u00e9cialis\u00e9s Ontario - R\u00e9servation d\u2019examen","og_description":"Confirmez que vous \u00eates admissible \u00e0 passer l\u2019examen de certification. Communiquez avec M\u00e9tiers sp\u00e9cialis\u00e9s Ontario pour effectuer votre paiement. Si vous avez termin\u00e9 votre programme d\u2019apprentissage en Ontario le 1er janvier 2025 ou apr\u00e8s, vous n\u2019avez pas besoin de payer votre premi\u00e8re tentative pour passer l\u2019examen. Cette dispense s\u2019appliquera \u00e0 votre compte de mani\u00e8re automatique, il n\u2019est pas n\u00e9cessaire de communiquer avec M\u00e9tiers sp\u00e9cialis\u00e9s Ontario pour payer votre premier examen.","og_url":"https:\/\/www.skilledtradesontario.ca\/fr\/certification\/reservation-dexamen\/","og_site_name":"M\u00e9tiers sp\u00e9cialis\u00e9s Ontario","article_modified_time":"2026-03-13T17:57:47+00:00","og_image":[{"width":1791,"height":938,"url":"https:\/\/www.skilledtradesontario.ca\/wp-content\/uploads\/2025\/05\/12.jpg","type":"image\/jpeg"}],"twitter_card":"summary_large_image","twitter_title":"M\u00e9tiers sp\u00e9cialis\u00e9s Ontario - R\u00e9servation d\u2019examen","twitter_description":"Confirmez que vous \u00eates admissible \u00e0 passer l\u2019examen de certification. Communiquez avec M\u00e9tiers sp\u00e9cialis\u00e9s Ontario pour effectuer votre paiement. Si vous avez termin\u00e9 votre programme d\u2019apprentissage en Ontario le 1er janvier 2025 ou apr\u00e8s, vous n\u2019avez pas besoin de payer votre premi\u00e8re tentative pour passer l\u2019examen. Cette dispense s\u2019appliquera \u00e0 votre compte de mani\u00e8re automatique, il n\u2019est pas n\u00e9cessaire de communiquer avec M\u00e9tiers sp\u00e9cialis\u00e9s Ontario pour payer votre premier examen.","twitter_image":"https:\/\/www.skilledtradesontario.ca\/wp-content\/uploads\/2025\/05\/12.jpg","twitter_site":"@SkilledTradesON","twitter_misc":{"Dur\u00e9e de lecture estim\u00e9e":"1 minute"},"schema":{"@context":"https:\/\/schema.org","@graph":[{"@type":"WebPage","@id":"https:\/\/www.skilledtradesontario.ca\/fr\/certification\/reservation-dexamen\/","url":"https:\/\/www.skilledtradesontario.ca\/fr\/certification\/reservation-dexamen\/","name":"R\u00e9servation d'examen - M\u00e9tiers sp\u00e9cialis\u00e9s Ontario","isPartOf":{"@id":"https:\/\/www.skilledtradesontario.ca\/#website"},"datePublished":"2021-12-31T05:30:08+00:00","dateModified":"2026-03-13T17:57:47+00:00","breadcrumb":{"@id":"https:\/\/www.skilledtradesontario.ca\/fr\/certification\/reservation-dexamen\/#breadcrumb"},"inLanguage":"fr-FR","potentialAction":[{"@type":"ReadAction","target":["https:\/\/www.skilledtradesontario.ca\/fr\/certification\/reservation-dexamen\/"]}]},{"@type":"BreadcrumbList","@id":"https:\/\/www.skilledtradesontario.ca\/fr\/certification\/reservation-dexamen\/#breadcrumb","itemListElement":[{"@type":"ListItem","position":1,"name":"Home","item":"https:\/\/www.skilledtradesontario.ca\/fr\/"},{"@type":"ListItem","position":2,"name":"Certification","item":"https:\/\/www.skilledtradesontario.ca\/fr\/certification\/"},{"@type":"ListItem","position":3,"name":"R\u00e9servation d&#8217;examen"}]},{"@type":"WebSite","@id":"https:\/\/www.skilledtradesontario.ca\/#website","url":"https:\/\/www.skilledtradesontario.ca\/","name":"M\u00e9tiers sp\u00e9cialis\u00e9s Ontario","description":"Un organisme dirig\u00e9 par l'industrie charg\u00e9 de promouvoir et de moderniser les m\u00e9tiers sp\u00e9cialis\u00e9s et de prot\u00e9ger les gens de m\u00e9tier, l'industrie et, par-dessus tout, l'int\u00e9r\u00eat public.","potentialAction":[{"@type":"SearchAction","target":{"@type":"EntryPoint","urlTemplate":"https:\/\/www.skilledtradesontario.ca\/?s={search_term_string}"},"query-input":{"@type":"PropertyValueSpecification","valueRequired":true,"valueName":"search_term_string"}}],"inLanguage":"fr-FR"}]}},"_links":{"self":[{"href":"https:\/\/www.skilledtradesontario.ca\/fr\/wp-json\/wp\/v2\/pages\/38186","targetHints":{"allow":["GET"]}}],"collection":[{"href":"https:\/\/www.skilledtradesontario.ca\/fr\/wp-json\/wp\/v2\/pages"}],"about":[{"href":"https:\/\/www.skilledtradesontario.ca\/fr\/wp-json\/wp\/v2\/types\/page"}],"author":[{"embeddable":true,"href":"https:\/\/www.skilledtradesontario.ca\/fr\/wp-json\/wp\/v2\/users\/16"}],"replies":[{"embeddable":true,"href":"https:\/\/www.skilledtradesontario.ca\/fr\/wp-json\/wp\/v2\/comments?post=38186"}],"version-history":[{"count":23,"href":"https:\/\/www.skilledtradesontario.ca\/fr\/wp-json\/wp\/v2\/pages\/38186\/revisions"}],"predecessor-version":[{"id":47536,"href":"https:\/\/www.skilledtradesontario.ca\/fr\/wp-json\/wp\/v2\/pages\/38186\/revisions\/47536"}],"up":[{"embeddable":true,"href":"https:\/\/www.skilledtradesontario.ca\/fr\/wp-json\/wp\/v2\/pages\/38180"}],"wp:attachment":[{"href":"https:\/\/www.skilledtradesontario.ca\/fr\/wp-json\/wp\/v2\/media?parent=38186"}],"wp:term":[{"taxonomy":"post_tag","embeddable":true,"href":"https:\/\/www.skilledtradesontario.ca\/fr\/wp-json\/wp\/v2\/tags?post=38186"}],"curies":[{"name":"wp","href":"https:\/\/api.w.org\/{rel}","templated":true}]}}