{"id":38184,"date":"2021-12-31T05:19:29","date_gmt":"2021-12-31T05:19:29","guid":{"rendered":"https:\/\/www.skilledtradesontario.ca\/?page_id=38184"},"modified":"2025-04-02T14:47:08","modified_gmt":"2025-04-02T18:47:08","slug":"admissibilite-a-lexamen","status":"publish","type":"page","link":"https:\/\/www.skilledtradesontario.ca\/fr\/certification\/admissibilite-a-lexamen\/","title":{"rendered":"Admissibilit\u00e9 \u00e0 l&#8217;examen"},"content":{"rendered":"<p>Les certificats de qualification sont d\u00e9livr\u00e9s par M\u00e9tiers sp\u00e9cialis\u00e9s Ontario pour les m\u00e9tiers assortis d\u2019un examen de certification. Un examen de certification est un test de connaissances portant sur l\u2019ex\u00e9cution des t\u00e2ches d\u2019un ouvrier qualifi\u00e9. La note de passage aux examens de certification est de 70%.<\/p>\n<p><strong>Pour passer un examen de certification<\/strong>, vous devez:<\/p>\n<ul class=\"ocot-list\">\n<li><span>Avoir termin\u00e9 un <a href=\"https:\/\/www.skilledtradesontario.ca\/fr\/apprentissage\/\">programme d\u2019apprentissage en Ontario<\/a> pour un m\u00e9tier avec examen de certification et avoir re\u00e7u un certificat d\u2019apprentissage<\/span><\/li>\n<\/ul>\n<p>ou<\/p>\n<ul class=\"ocot-list\">\n<li><span>Avoir une autorisation de M\u00e9tiers sp\u00e9cialis\u00e9s Ontario pour passer l\u2019examen \u00e0 la suite d\u2019une <a href=\"https:\/\/www.skilledtradesontario.ca\/fr\/travailleurs-experimentes\/evaluation-dequivalence-professionnelle\/\">\u00e9valuation d\u2019\u00e9quivalence<\/a> professionnelle et \u00eatre un travailleur exp\u00e9riment\u00e9 n\u2019ayant pas r\u00e9alis\u00e9 d\u2019apprentissage en Ontario.<\/span><\/li>\n<\/ul>\n<p><strong>Remarque : <\/strong>\u00c0 compter du 1<sup>er<\/sup> avril 2023, il y aura une p\u00e9riode d\u2019attente obligatoire de 30 jours entre les tentatives de passer l\u2019examen. Une fois leur r\u00e9sultat re\u00e7u, les candidats admissibles devront payer les frais applicables avant de se pr\u00e9senter \u00e0 l\u2019examen suivant.<\/p>\n<p><a href=\"https:\/\/www.skilledtradesontario.ca\/fr\/certification\/reservation-dexamen\/\"><strong>R\u00e9server une place pour votre examen de certification.<\/strong><\/a><\/p>\n","protected":false},"excerpt":{"rendered":"<p>Les certificats de qualification sont d\u00e9livr\u00e9s par M\u00e9tiers sp\u00e9cialis\u00e9s Ontario pour les m\u00e9tiers assortis d\u2019un examen de certification. Un&#8230;<\/p>\n","protected":false},"author":16,"featured_media":0,"parent":38180,"menu_order":1,"comment_status":"closed","ping_status":"closed","template":"template-pages\/STO-Custom-Page-V3.php","meta":{"_acf_changed":false,"footnotes":""},"tags":[],"class_list":["post-38184","page","type-page","status-publish","hentry"],"acf":[],"yoast_head":"<!-- This site is optimized with the Yoast SEO plugin v27.3 - https:\/\/yoast.com\/product\/yoast-seo-wordpress\/ -->\n<title>Admissibilit\u00e9 \u00e0 l&#039;examen - M\u00e9tiers sp\u00e9cialis\u00e9s Ontario<\/title>\n<meta name=\"robots\" content=\"index, follow, max-snippet:-1, max-image-preview:large, max-video-preview:-1\" \/>\n<link rel=\"canonical\" href=\"https:\/\/www.skilledtradesontario.ca\/fr\/certification\/admissibilite-a-lexamen\/\" \/>\n<meta property=\"og:locale\" content=\"fr_FR\" \/>\n<meta property=\"og:type\" content=\"article\" \/>\n<meta property=\"og:title\" content=\"Admissibilit\u00e9 \u00e0 l&#039;examen - M\u00e9tiers sp\u00e9cialis\u00e9s Ontario\" \/>\n<meta property=\"og:description\" content=\"Les certificats de qualification sont d\u00e9livr\u00e9s par M\u00e9tiers sp\u00e9cialis\u00e9s Ontario pour les m\u00e9tiers assortis d\u2019un examen de certification. Un...\" \/>\n<meta property=\"og:url\" content=\"https:\/\/www.skilledtradesontario.ca\/fr\/certification\/admissibilite-a-lexamen\/\" \/>\n<meta property=\"og:site_name\" content=\"M\u00e9tiers sp\u00e9cialis\u00e9s Ontario\" \/>\n<meta property=\"article:modified_time\" content=\"2025-04-02T18:47:08+00:00\" \/>\n<meta name=\"twitter:card\" content=\"summary_large_image\" \/>\n<meta name=\"twitter:site\" content=\"@SkilledTradesON\" \/>\n<meta name=\"twitter:label1\" content=\"Dur\u00e9e de lecture estim\u00e9e\" \/>\n\t<meta name=\"twitter:data1\" content=\"1 minute\" \/>\n<script type=\"application\/ld+json\" class=\"yoast-schema-graph\">{\"@context\":\"https:\\\/\\\/schema.org\",\"@graph\":[{\"@type\":\"WebPage\",\"@id\":\"https:\\\/\\\/www.skilledtradesontario.ca\\\/fr\\\/certification\\\/admissibilite-a-lexamen\\\/\",\"url\":\"https:\\\/\\\/www.skilledtradesontario.ca\\\/fr\\\/certification\\\/admissibilite-a-lexamen\\\/\",\"name\":\"Admissibilit\u00e9 \u00e0 l'examen - M\u00e9tiers sp\u00e9cialis\u00e9s Ontario\",\"isPartOf\":{\"@id\":\"https:\\\/\\\/www.skilledtradesontario.ca\\\/#website\"},\"datePublished\":\"2021-12-31T05:19:29+00:00\",\"dateModified\":\"2025-04-02T18:47:08+00:00\",\"breadcrumb\":{\"@id\":\"https:\\\/\\\/www.skilledtradesontario.ca\\\/fr\\\/certification\\\/admissibilite-a-lexamen\\\/#breadcrumb\"},\"inLanguage\":\"fr-FR\",\"potentialAction\":[{\"@type\":\"ReadAction\",\"target\":[\"https:\\\/\\\/www.skilledtradesontario.ca\\\/fr\\\/certification\\\/admissibilite-a-lexamen\\\/\"]}]},{\"@type\":\"BreadcrumbList\",\"@id\":\"https:\\\/\\\/www.skilledtradesontario.ca\\\/fr\\\/certification\\\/admissibilite-a-lexamen\\\/#breadcrumb\",\"itemListElement\":[{\"@type\":\"ListItem\",\"position\":1,\"name\":\"Home\",\"item\":\"https:\\\/\\\/www.skilledtradesontario.ca\\\/fr\\\/\"},{\"@type\":\"ListItem\",\"position\":2,\"name\":\"Certification\",\"item\":\"https:\\\/\\\/www.skilledtradesontario.ca\\\/fr\\\/certification\\\/\"},{\"@type\":\"ListItem\",\"position\":3,\"name\":\"Admissibilit\u00e9 \u00e0 l&#8217;examen\"}]},{\"@type\":\"WebSite\",\"@id\":\"https:\\\/\\\/www.skilledtradesontario.ca\\\/#website\",\"url\":\"https:\\\/\\\/www.skilledtradesontario.ca\\\/\",\"name\":\"M\u00e9tiers sp\u00e9cialis\u00e9s Ontario\",\"description\":\"Un organisme dirig\u00e9 par l'industrie charg\u00e9 de promouvoir et de moderniser les m\u00e9tiers sp\u00e9cialis\u00e9s et de prot\u00e9ger les gens de m\u00e9tier, l'industrie et, par-dessus tout, l'int\u00e9r\u00eat public.\",\"potentialAction\":[{\"@type\":\"SearchAction\",\"target\":{\"@type\":\"EntryPoint\",\"urlTemplate\":\"https:\\\/\\\/www.skilledtradesontario.ca\\\/?s={search_term_string}\"},\"query-input\":{\"@type\":\"PropertyValueSpecification\",\"valueRequired\":true,\"valueName\":\"search_term_string\"}}],\"inLanguage\":\"fr-FR\"}]}<\/script>\n<!-- \/ Yoast SEO plugin. -->","yoast_head_json":{"title":"Admissibilit\u00e9 \u00e0 l'examen - M\u00e9tiers sp\u00e9cialis\u00e9s Ontario","robots":{"index":"index","follow":"follow","max-snippet":"max-snippet:-1","max-image-preview":"max-image-preview:large","max-video-preview":"max-video-preview:-1"},"canonical":"https:\/\/www.skilledtradesontario.ca\/fr\/certification\/admissibilite-a-lexamen\/","og_locale":"fr_FR","og_type":"article","og_title":"Admissibilit\u00e9 \u00e0 l'examen - M\u00e9tiers sp\u00e9cialis\u00e9s Ontario","og_description":"Les certificats de qualification sont d\u00e9livr\u00e9s par M\u00e9tiers sp\u00e9cialis\u00e9s Ontario pour les m\u00e9tiers assortis d\u2019un examen de certification. Un...","og_url":"https:\/\/www.skilledtradesontario.ca\/fr\/certification\/admissibilite-a-lexamen\/","og_site_name":"M\u00e9tiers sp\u00e9cialis\u00e9s Ontario","article_modified_time":"2025-04-02T18:47:08+00:00","twitter_card":"summary_large_image","twitter_site":"@SkilledTradesON","twitter_misc":{"Dur\u00e9e de lecture estim\u00e9e":"1 minute"},"schema":{"@context":"https:\/\/schema.org","@graph":[{"@type":"WebPage","@id":"https:\/\/www.skilledtradesontario.ca\/fr\/certification\/admissibilite-a-lexamen\/","url":"https:\/\/www.skilledtradesontario.ca\/fr\/certification\/admissibilite-a-lexamen\/","name":"Admissibilit\u00e9 \u00e0 l'examen - M\u00e9tiers sp\u00e9cialis\u00e9s Ontario","isPartOf":{"@id":"https:\/\/www.skilledtradesontario.ca\/#website"},"datePublished":"2021-12-31T05:19:29+00:00","dateModified":"2025-04-02T18:47:08+00:00","breadcrumb":{"@id":"https:\/\/www.skilledtradesontario.ca\/fr\/certification\/admissibilite-a-lexamen\/#breadcrumb"},"inLanguage":"fr-FR","potentialAction":[{"@type":"ReadAction","target":["https:\/\/www.skilledtradesontario.ca\/fr\/certification\/admissibilite-a-lexamen\/"]}]},{"@type":"BreadcrumbList","@id":"https:\/\/www.skilledtradesontario.ca\/fr\/certification\/admissibilite-a-lexamen\/#breadcrumb","itemListElement":[{"@type":"ListItem","position":1,"name":"Home","item":"https:\/\/www.skilledtradesontario.ca\/fr\/"},{"@type":"ListItem","position":2,"name":"Certification","item":"https:\/\/www.skilledtradesontario.ca\/fr\/certification\/"},{"@type":"ListItem","position":3,"name":"Admissibilit\u00e9 \u00e0 l&#8217;examen"}]},{"@type":"WebSite","@id":"https:\/\/www.skilledtradesontario.ca\/#website","url":"https:\/\/www.skilledtradesontario.ca\/","name":"M\u00e9tiers sp\u00e9cialis\u00e9s Ontario","description":"Un organisme dirig\u00e9 par l'industrie charg\u00e9 de promouvoir et de moderniser les m\u00e9tiers sp\u00e9cialis\u00e9s et de prot\u00e9ger les gens de m\u00e9tier, l'industrie et, par-dessus tout, l'int\u00e9r\u00eat public.","potentialAction":[{"@type":"SearchAction","target":{"@type":"EntryPoint","urlTemplate":"https:\/\/www.skilledtradesontario.ca\/?s={search_term_string}"},"query-input":{"@type":"PropertyValueSpecification","valueRequired":true,"valueName":"search_term_string"}}],"inLanguage":"fr-FR"}]}},"_links":{"self":[{"href":"https:\/\/www.skilledtradesontario.ca\/fr\/wp-json\/wp\/v2\/pages\/38184","targetHints":{"allow":["GET"]}}],"collection":[{"href":"https:\/\/www.skilledtradesontario.ca\/fr\/wp-json\/wp\/v2\/pages"}],"about":[{"href":"https:\/\/www.skilledtradesontario.ca\/fr\/wp-json\/wp\/v2\/types\/page"}],"author":[{"embeddable":true,"href":"https:\/\/www.skilledtradesontario.ca\/fr\/wp-json\/wp\/v2\/users\/16"}],"replies":[{"embeddable":true,"href":"https:\/\/www.skilledtradesontario.ca\/fr\/wp-json\/wp\/v2\/comments?post=38184"}],"version-history":[{"count":3,"href":"https:\/\/www.skilledtradesontario.ca\/fr\/wp-json\/wp\/v2\/pages\/38184\/revisions"}],"predecessor-version":[{"id":45680,"href":"https:\/\/www.skilledtradesontario.ca\/fr\/wp-json\/wp\/v2\/pages\/38184\/revisions\/45680"}],"up":[{"embeddable":true,"href":"https:\/\/www.skilledtradesontario.ca\/fr\/wp-json\/wp\/v2\/pages\/38180"}],"wp:attachment":[{"href":"https:\/\/www.skilledtradesontario.ca\/fr\/wp-json\/wp\/v2\/media?parent=38184"}],"wp:term":[{"taxonomy":"post_tag","embeddable":true,"href":"https:\/\/www.skilledtradesontario.ca\/fr\/wp-json\/wp\/v2\/tags?post=38184"}],"curies":[{"name":"wp","href":"https:\/\/api.w.org\/{rel}","templated":true}]}}