{"id":36077,"date":"2021-11-24T17:21:28","date_gmt":"2021-11-24T17:21:28","guid":{"rendered":"https:\/\/skilledtradesontario.ca\/?page_id=36077"},"modified":"2023-07-27T13:23:27","modified_gmt":"2023-07-27T17:23:27","slug":"forces-canadiennes","status":"publish","type":"page","link":"https:\/\/www.skilledtradesontario.ca\/fr\/travailleurs-experimentes\/forces-canadiennes\/","title":{"rendered":"Forces canadiennes"},"content":{"rendered":"<p>Vous \u00eates titulaire d\u2019un certificat de r\u00e9ussite militaire des Forces canadiennes avec une cote de <a href=\"#tableDatafr\">niveau de qualification 5 (NQ5) ou de p\u00e9riode de perfectionnement 2 (PP2)<\/a> dans l\u2019un des neuf m\u00e9tiers militaires admissibles, vous pouvez demander sa mise en correspondance avec un m\u00e9tier civil au moyen d\u2019un processus simplifi\u00e9 d\u2019<a href=\"https:\/\/www.skilledtradesontario.ca\/fr\/travailleurs-experimentes\/evaluation-dequivalence-professionnelle\/\"><strong>\u00e9valuation d\u2019\u00e9quivalence professionnelle<\/strong><\/a>. Vous n\u2019aurez pas \u00e0 fournir de preuves d\u00e9taill\u00e9es de votre exp\u00e9rience en milieu de travail et de vos comp\u00e9tences professionnelles, ni de r\u00e9f\u00e9rences. Lorsque M\u00e9tiers sp\u00e9cialis\u00e9s Ontario aura v\u00e9rifi\u00e9 vos qualifications, vous pourrez vous pr\u00e9senter \u00e0 l\u2019examen de certification pour obtenir un <a href=\"https:\/\/www.skilledtradesontario.ca\/fr\/certification\/certificat-de-qualification\/\"> certificat de qualification<\/a>. <\/p>\n<p>Pour en savoir plus, t\u00e9l\u00e9chargez le\u00a0<a href=\"https:\/\/www.skilledtradesontario.ca\/wp-content\/uploads\/TEA-Forms-Guide\/French\/STO-Trade-Qualifier-Application-Guide-FR-Jun-2023.pdf\" target=\"_blank\" rel=\"noopener\">Guide d\u2019\u00e9valuation d\u2019\u00e9quivalence professionnelle<\/a>\u00a0et le\u00a0<a href=\"https:\/\/www.skilledtradesontario.ca\/wp-content\/uploads\/TEA-Forms-Guide\/French\/STO-Trade-Qualifier-Application-Form-FR-Jun-2023.pdf\" target=\"_blank\" rel=\"noopener\">Formulaire d\u2019\u00e9valuation d\u2019\u00e9quivalence professionnelle<\/a>, ou contactez-nous.<\/p>\n<p>L\u2019\u00e9valuation d\u2019\u00e9quivalence professionnelle est seulement offerte pour les m\u00e9tiers assortis d\u2019un examen de certification.<\/p>\n<p>En outre, afin d\u2019aider les v\u00e9t\u00e9rans dans leur transition de la vie militaire \u00e0 la vie civile, M\u00e9tiers sp\u00e9cialis\u00e9s Ontario propose une exemption des frais d\u2019\u00e9valuation. Pour vous porter candidat(e), veuillez remplir le <a href=\"https:\/\/www.skilledtradesontario.ca\/wp-content\/uploads\/TEA-Forms-Guide\/French\/STO-Veteran-Reservist-Fee-Exemption-Application-Form-FR-Jun-2023.pdf\" target=\"_blank\" rel=\"noopener\">formulaire de demande d\u2019exemption pour v\u00e9t\u00e9ran\/r\u00e9serviste des Forces canadiennes<\/a> et le soumettre avec votre demande.<\/p>\n<p>&nbsp;<\/p>\n<table table id=\"tableDatafr\" width=\"603\">\n<tbody>\n<tr>\n<td width=\"280\"><strong>M\u00e9tier militaire<\/strong><\/td>\n<td><strong>M\u00e9tier(s) civil(s) de l\u2019Ontario<\/strong><\/td>\n<\/tr>\n<tr>\n<td>Technicien en construction<\/td>\n<td>Charpentier<\/td>\n<\/tr>\n<tr>\n<td>Cuisinier<\/td>\n<td>Cuisinier<\/td>\n<\/tr>\n<tr>\n<td>Technicien en distribution \u00e9lectrique<\/td>\n<td>\u00c9lectricien\u00a0\u2013\u00a0B\u00e2timent et entretien<\/td>\n<\/tr>\n<tr>\n<td>\u00c9lectrotechnicien<\/td>\n<td>\u00c9lectricien industriel<\/td>\n<\/tr>\n<tr>\n<td>Technicien des mat\u00e9riaux<\/td>\n<td>Soudeur*<\/td>\n<\/tr>\n<tr>\n<td>Technicien en m\u00e9canique navale<\/td>\n<td>\u2013\u00a0M\u00e9canicien-monteur industriel<br \/>\n\u2013\u00a0R\u00e9gleur-conducteur de machines-outils<\/td>\n<\/tr>\n<tr>\n<td>Technicien en plomberie et chauffage<\/td>\n<td>Plombier<\/td>\n<\/tr>\n<tr>\n<td>Technicien en r\u00e9frig\u00e9ration<\/td>\n<td>M\u00e9canicien en syst\u00e8mes de r\u00e9frig\u00e9ration et de climatisation<\/td>\n<\/tr>\n<tr>\n<td>Technicien de v\u00e9hicules<\/td>\n<td>\u2013\u00a0Technicien d\u2019entretien automobile<br \/>\n\u2013\u00a0Technicien d\u2019\u00e9quipement lourd<br \/>\n\u2013\u00a0Technicien de camions et d\u2019autocars<\/td>\n<\/tr>\n<\/tbody>\n<\/table>\n<p>*Remarque : les candidats au m\u00e9tier de soudeur doivent se soumettre \u00e0 l\u2019\u00e9valuation pratique de soudage dans un centre d\u2019examen d\u00e9sign\u00e9 et pr\u00e9senter la preuve correspondante dans le cadre de leur demande. Veuillez consulter le <a href=\"https:\/\/www.skilledtradesontario.ca\/wp-content\/uploads\/TEA-Forms-Guide\/French\/STO-Trade-Qualifier-Application-Guide-FR-Jun-2023.pdf\" target=\"_blank\" rel=\"noopener\">guide d\u2019\u00e9valuation d\u2019\u00e9quivalence professionnelle<\/a> pour de plus amples informations.<\/p>\n","protected":false},"excerpt":{"rendered":"<p>Vous \u00eates titulaire d\u2019un certificat de r\u00e9ussite militaire des Forces canadiennes avec une cote de niveau de qualification 5&#8230;<\/p>\n","protected":false},"author":16,"featured_media":0,"parent":35556,"menu_order":4,"comment_status":"closed","ping_status":"closed","template":"template-pages\/page-default.php","meta":{"_acf_changed":false,"footnotes":""},"tags":[],"class_list":["post-36077","page","type-page","status-publish","hentry"],"acf":[],"yoast_head":"<!-- This site is optimized with the Yoast SEO plugin v27.3 - https:\/\/yoast.com\/product\/yoast-seo-wordpress\/ -->\n<title>Forces canadiennes - M\u00e9tiers sp\u00e9cialis\u00e9s Ontario<\/title>\n<meta name=\"robots\" content=\"index, follow, max-snippet:-1, max-image-preview:large, max-video-preview:-1\" \/>\n<link rel=\"canonical\" href=\"https:\/\/www.skilledtradesontario.ca\/fr\/travailleurs-experimentes\/forces-canadiennes\/\" \/>\n<meta property=\"og:locale\" content=\"fr_FR\" \/>\n<meta property=\"og:type\" content=\"article\" \/>\n<meta property=\"og:title\" content=\"Forces canadiennes - M\u00e9tiers sp\u00e9cialis\u00e9s Ontario\" \/>\n<meta property=\"og:description\" content=\"Vous \u00eates titulaire d\u2019un certificat de r\u00e9ussite militaire des Forces canadiennes avec une cote de niveau de qualification 5...\" \/>\n<meta property=\"og:url\" content=\"https:\/\/www.skilledtradesontario.ca\/fr\/travailleurs-experimentes\/forces-canadiennes\/\" \/>\n<meta property=\"og:site_name\" content=\"M\u00e9tiers sp\u00e9cialis\u00e9s Ontario\" \/>\n<meta property=\"article:modified_time\" content=\"2023-07-27T17:23:27+00:00\" \/>\n<meta name=\"twitter:card\" content=\"summary_large_image\" \/>\n<meta name=\"twitter:site\" content=\"@SkilledTradesON\" \/>\n<meta name=\"twitter:label1\" content=\"Dur\u00e9e de lecture estim\u00e9e\" \/>\n\t<meta name=\"twitter:data1\" content=\"2 minutes\" \/>\n<script type=\"application\/ld+json\" class=\"yoast-schema-graph\">{\"@context\":\"https:\\\/\\\/schema.org\",\"@graph\":[{\"@type\":\"WebPage\",\"@id\":\"https:\\\/\\\/www.skilledtradesontario.ca\\\/fr\\\/travailleurs-experimentes\\\/forces-canadiennes\\\/\",\"url\":\"https:\\\/\\\/www.skilledtradesontario.ca\\\/fr\\\/travailleurs-experimentes\\\/forces-canadiennes\\\/\",\"name\":\"Forces canadiennes - M\u00e9tiers sp\u00e9cialis\u00e9s Ontario\",\"isPartOf\":{\"@id\":\"https:\\\/\\\/www.skilledtradesontario.ca\\\/#website\"},\"datePublished\":\"2021-11-24T17:21:28+00:00\",\"dateModified\":\"2023-07-27T17:23:27+00:00\",\"breadcrumb\":{\"@id\":\"https:\\\/\\\/www.skilledtradesontario.ca\\\/fr\\\/travailleurs-experimentes\\\/forces-canadiennes\\\/#breadcrumb\"},\"inLanguage\":\"fr-FR\",\"potentialAction\":[{\"@type\":\"ReadAction\",\"target\":[\"https:\\\/\\\/www.skilledtradesontario.ca\\\/fr\\\/travailleurs-experimentes\\\/forces-canadiennes\\\/\"]}]},{\"@type\":\"BreadcrumbList\",\"@id\":\"https:\\\/\\\/www.skilledtradesontario.ca\\\/fr\\\/travailleurs-experimentes\\\/forces-canadiennes\\\/#breadcrumb\",\"itemListElement\":[{\"@type\":\"ListItem\",\"position\":1,\"name\":\"Home\",\"item\":\"https:\\\/\\\/www.skilledtradesontario.ca\\\/fr\\\/\"},{\"@type\":\"ListItem\",\"position\":2,\"name\":\"Travailleurs exp\u00e9riment\u00e9s\",\"item\":\"https:\\\/\\\/www.skilledtradesontario.ca\\\/fr\\\/travailleurs-experimentes\\\/\"},{\"@type\":\"ListItem\",\"position\":3,\"name\":\"Forces canadiennes\"}]},{\"@type\":\"WebSite\",\"@id\":\"https:\\\/\\\/www.skilledtradesontario.ca\\\/#website\",\"url\":\"https:\\\/\\\/www.skilledtradesontario.ca\\\/\",\"name\":\"M\u00e9tiers sp\u00e9cialis\u00e9s Ontario\",\"description\":\"Un organisme dirig\u00e9 par l'industrie charg\u00e9 de promouvoir et de moderniser les m\u00e9tiers sp\u00e9cialis\u00e9s et de prot\u00e9ger les gens de m\u00e9tier, l'industrie et, par-dessus tout, l'int\u00e9r\u00eat public.\",\"potentialAction\":[{\"@type\":\"SearchAction\",\"target\":{\"@type\":\"EntryPoint\",\"urlTemplate\":\"https:\\\/\\\/www.skilledtradesontario.ca\\\/?s={search_term_string}\"},\"query-input\":{\"@type\":\"PropertyValueSpecification\",\"valueRequired\":true,\"valueName\":\"search_term_string\"}}],\"inLanguage\":\"fr-FR\"}]}<\/script>\n<!-- \/ Yoast SEO plugin. -->","yoast_head_json":{"title":"Forces canadiennes - M\u00e9tiers sp\u00e9cialis\u00e9s Ontario","robots":{"index":"index","follow":"follow","max-snippet":"max-snippet:-1","max-image-preview":"max-image-preview:large","max-video-preview":"max-video-preview:-1"},"canonical":"https:\/\/www.skilledtradesontario.ca\/fr\/travailleurs-experimentes\/forces-canadiennes\/","og_locale":"fr_FR","og_type":"article","og_title":"Forces canadiennes - M\u00e9tiers sp\u00e9cialis\u00e9s Ontario","og_description":"Vous \u00eates titulaire d\u2019un certificat de r\u00e9ussite militaire des Forces canadiennes avec une cote de niveau de qualification 5...","og_url":"https:\/\/www.skilledtradesontario.ca\/fr\/travailleurs-experimentes\/forces-canadiennes\/","og_site_name":"M\u00e9tiers sp\u00e9cialis\u00e9s Ontario","article_modified_time":"2023-07-27T17:23:27+00:00","twitter_card":"summary_large_image","twitter_site":"@SkilledTradesON","twitter_misc":{"Dur\u00e9e de lecture estim\u00e9e":"2 minutes"},"schema":{"@context":"https:\/\/schema.org","@graph":[{"@type":"WebPage","@id":"https:\/\/www.skilledtradesontario.ca\/fr\/travailleurs-experimentes\/forces-canadiennes\/","url":"https:\/\/www.skilledtradesontario.ca\/fr\/travailleurs-experimentes\/forces-canadiennes\/","name":"Forces canadiennes - M\u00e9tiers sp\u00e9cialis\u00e9s Ontario","isPartOf":{"@id":"https:\/\/www.skilledtradesontario.ca\/#website"},"datePublished":"2021-11-24T17:21:28+00:00","dateModified":"2023-07-27T17:23:27+00:00","breadcrumb":{"@id":"https:\/\/www.skilledtradesontario.ca\/fr\/travailleurs-experimentes\/forces-canadiennes\/#breadcrumb"},"inLanguage":"fr-FR","potentialAction":[{"@type":"ReadAction","target":["https:\/\/www.skilledtradesontario.ca\/fr\/travailleurs-experimentes\/forces-canadiennes\/"]}]},{"@type":"BreadcrumbList","@id":"https:\/\/www.skilledtradesontario.ca\/fr\/travailleurs-experimentes\/forces-canadiennes\/#breadcrumb","itemListElement":[{"@type":"ListItem","position":1,"name":"Home","item":"https:\/\/www.skilledtradesontario.ca\/fr\/"},{"@type":"ListItem","position":2,"name":"Travailleurs exp\u00e9riment\u00e9s","item":"https:\/\/www.skilledtradesontario.ca\/fr\/travailleurs-experimentes\/"},{"@type":"ListItem","position":3,"name":"Forces canadiennes"}]},{"@type":"WebSite","@id":"https:\/\/www.skilledtradesontario.ca\/#website","url":"https:\/\/www.skilledtradesontario.ca\/","name":"M\u00e9tiers sp\u00e9cialis\u00e9s Ontario","description":"Un organisme dirig\u00e9 par l'industrie charg\u00e9 de promouvoir et de moderniser les m\u00e9tiers sp\u00e9cialis\u00e9s et de prot\u00e9ger les gens de m\u00e9tier, l'industrie et, par-dessus tout, l'int\u00e9r\u00eat public.","potentialAction":[{"@type":"SearchAction","target":{"@type":"EntryPoint","urlTemplate":"https:\/\/www.skilledtradesontario.ca\/?s={search_term_string}"},"query-input":{"@type":"PropertyValueSpecification","valueRequired":true,"valueName":"search_term_string"}}],"inLanguage":"fr-FR"}]}},"_links":{"self":[{"href":"https:\/\/www.skilledtradesontario.ca\/fr\/wp-json\/wp\/v2\/pages\/36077","targetHints":{"allow":["GET"]}}],"collection":[{"href":"https:\/\/www.skilledtradesontario.ca\/fr\/wp-json\/wp\/v2\/pages"}],"about":[{"href":"https:\/\/www.skilledtradesontario.ca\/fr\/wp-json\/wp\/v2\/types\/page"}],"author":[{"embeddable":true,"href":"https:\/\/www.skilledtradesontario.ca\/fr\/wp-json\/wp\/v2\/users\/16"}],"replies":[{"embeddable":true,"href":"https:\/\/www.skilledtradesontario.ca\/fr\/wp-json\/wp\/v2\/comments?post=36077"}],"version-history":[{"count":0,"href":"https:\/\/www.skilledtradesontario.ca\/fr\/wp-json\/wp\/v2\/pages\/36077\/revisions"}],"up":[{"embeddable":true,"href":"https:\/\/www.skilledtradesontario.ca\/fr\/wp-json\/wp\/v2\/pages\/35556"}],"wp:attachment":[{"href":"https:\/\/www.skilledtradesontario.ca\/fr\/wp-json\/wp\/v2\/media?parent=36077"}],"wp:term":[{"taxonomy":"post_tag","embeddable":true,"href":"https:\/\/www.skilledtradesontario.ca\/fr\/wp-json\/wp\/v2\/tags?post=36077"}],"curies":[{"name":"wp","href":"https:\/\/api.w.org\/{rel}","templated":true}]}}