{"id":36074,"date":"2021-11-24T17:17:42","date_gmt":"2021-11-24T17:17:42","guid":{"rendered":"https:\/\/skilledtradesontario.ca\/?page_id=36074"},"modified":"2025-02-13T09:21:49","modified_gmt":"2025-02-13T14:21:49","slug":"evaluation-dequivalence-professionnelle","status":"publish","type":"page","link":"https:\/\/www.skilledtradesontario.ca\/fr\/travailleurs-experimentes\/evaluation-dequivalence-professionnelle\/","title":{"rendered":"\u00c9valuation d\u2019\u00e9quivalence professionnelle"},"content":{"rendered":"<p><strong>\u00c9valuation initiale<\/strong><\/p>\n<p>L\u2019\u00e9valuation d\u2019\u00e9quivalence professionnelle de M\u00e9tiers sp\u00e9cialis\u00e9s Ontario constitue la premi\u00e8re \u00e9tape dans l\u2019obtention d\u2019un certificat de qualification pour les travailleurs exp\u00e9riment\u00e9s qui n\u2019ont pas termin\u00e9 de programme d\u2019apprentissage en Ontario, mais qui poss\u00e8dent les comp\u00e9tences et l\u2019exp\u00e9rience \u00e9quivalentes. L\u2019\u00e9valuation d\u2019\u00e9quivalence professionnelle d\u00e9termine notamment si vous \u00eates admissible pour passer l\u2019examen de certification pour un m\u00e9tier donn\u00e9. Les personnes qui r\u00e9ussissent l\u2019examen doivent ensuite payer les frais requis pour obtenir leur certificat de qualification. L\u2019\u00e9valuation d\u2019\u00e9quivalence professionnelle est seulement offerte pour les <a href=\"https:\/\/www.skilledtradesontario.ca\/fr\/a-propos-des-metiers\/renseignements-sur-les-metiers\/\">m\u00e9tiers assortis d\u2019un examen de certification<\/a>.<\/p>\n<p>L\u2019\u00e9valuation d\u2019\u00e9quivalence professionnelle peut \u00eatre la bonne solution pour vous si vous avez acquis de l\u2019exp\u00e9rience dans votre m\u00e9tier :<\/p>\n<ul class=\"ocot-list\">\n<li><span>\u00e0 l\u2019ext\u00e9rieur du Canada;<\/span><\/li>\n<li><span>dans un autre territoire ou province du Canada (sans <a href=\"https:\/\/www.skilledtradesontario.ca\/experienced-workers\/recognized-canadian-certificates\/\">certificat reconnu)<\/a>; ou<\/span><\/li>\n<li><span>au sein des <a href=\"https:\/\/www.skilledtradesontario.ca\/experienced-workers\/canadian-forces\/\">Forces canadiennes.<\/a><\/span><\/li>\n<\/ul>\n<p>Les candidats \u00e0 une \u00e9valuation d\u2019\u00e9quivalence professionnelle doivent atteindre les standards de la formation en milieu de travail n\u00e9cessaire pour terminer un programme d\u2019apprentissage en Ontario. Pour obtenir l\u2019approbation, <strong>vous devez fournir des preuves v\u00e9rifiables et suffisantes<\/strong> pour d\u00e9montrer :<\/p>\n<ul class=\"ocot-list\">\n<li><span>votre <strong>comp\u00e9tence<\/strong> dans le champ d\u2019exercice du m\u00e9tier, conform\u00e9ment \u00e0 la <a href=\"https:\/\/www.skilledtradesontario.ca\/about-trades\/trades-information\/\">norme de formation<\/a> du m\u00e9tier;<\/span><\/li>\n<li><span>votre <strong>exp\u00e9rience<\/strong> dans le m\u00e9tier, qui doit \u00eatre au moins \u00e9quivalente \u00e0 la dur\u00e9e de formation totale recommand\u00e9e ou prescrite dans le programme d\u2019apprentissage du m\u00e9tier (en tenant compte des heures pass\u00e9es en milieu de travail et en classe).<\/span><\/li>\n<\/ul>\n<p>Le co\u00fbt de cette \u00e9valuation s\u2019\u00e9l\u00e8ve \u00e0 <strong>235\u00a0$ + TVH<\/strong><\/p>\n<p>Pour en savoir plus, t\u00e9l\u00e9chargez le <a href=\"https:\/\/www.skilledtradesontario.ca\/wp-content\/uploads\/TEA-Forms-Guide\/French\/STO-Trade-Qualifier-Application-Guide-FR-Jun-2023French-Feb122025.pdf\" target=\"_blank\" rel=\"noopener\">Guide d\u2019\u00e9valuation d\u2019\u00e9quivalence professionnelle<\/a> et le <a href=\"https:\/\/www.skilledtradesontario.ca\/wp-content\/uploads\/TEA-Forms-Guide\/French\/STO-Trade-Qualifier-Application-Form-FR-Jun-2023.pdf\" target=\"_blank\" rel=\"noopener\">Formulaire d\u2019\u00e9valuation d\u2019\u00e9quivalence professionnelle<\/a>, ou contactez-nous.<\/p>\n<p><strong>R\u00e9\u00e9valuation<\/strong><\/p>\n<p>Vous pouvez demander une r\u00e9\u00e9valuation d\u2019\u00e9quivalence professionnelle dans les situations suivantes :<\/p>\n<ul class=\"ocot-list\">\n<li><span>Vous avez d\u00e9j\u00e0 fait l\u2019objet d\u2019une \u00e9valuation initiale d\u2019\u00e9quivalence professionnelle; <strong> et<\/strong><\/span><\/li>\n<li><span>Vous avez re\u00e7u une lettre de M\u00e9tiers sp\u00e9cialis\u00e9s Ontario vous informant que vous n\u2019aviez pas re\u00e7u l\u2019approbation n\u00e9cessaire;<strong> et<\/strong><\/span><\/li>\n<li><span>Vous avez maintenant des preuves, des documents ou des r\u00e9f\u00e9rences suppl\u00e9mentaires \u00e0 fournir \u00e0 l\u2019appui de votre demande. <\/span><\/li>\n<\/ul>\n<p>Pour pr\u00e9senter une demande de r\u00e9\u00e9valuation, vous devez soumettre un <a href=\"https:\/\/www.skilledtradesontario.ca\/wp-content\/uploads\/TEA-Forms-Guide\/French\/STO-TQ-TEA-Reassessment-Application-Form-FR-Jul-2023.pdf\" target=\"_blank\" rel=\"noopener\">formulaire de demande de r\u00e9\u00e9valuation<\/a> d\u00fbment rempli \u00e0 M\u00e9tiers sp\u00e9cialis\u00e9s Ontario, accompagn\u00e9 de vos nouveaux documents et informations, et payer les frais de r\u00e9\u00e9valuation requis.<\/p>\n<p>Les frais de r\u00e9\u00e9valuation sont de  <strong>$100 + TVH<\/strong><\/p>\n","protected":false},"excerpt":{"rendered":"<p>\u00c9valuation initiale L\u2019\u00e9valuation d\u2019\u00e9quivalence professionnelle de M\u00e9tiers sp\u00e9cialis\u00e9s Ontario constitue la premi\u00e8re \u00e9tape dans l\u2019obtention d\u2019un certificat de qualification&#8230;<\/p>\n","protected":false},"author":16,"featured_media":0,"parent":35556,"menu_order":3,"comment_status":"closed","ping_status":"closed","template":"template-pages\/page-default.php","meta":{"_acf_changed":false,"footnotes":""},"tags":[],"class_list":["post-36074","page","type-page","status-publish","hentry"],"acf":[],"yoast_head":"<!-- This site is optimized with the Yoast SEO plugin v27.3 - https:\/\/yoast.com\/product\/yoast-seo-wordpress\/ -->\n<title>\u00c9valuation d\u2019\u00e9quivalence professionnelle - M\u00e9tiers sp\u00e9cialis\u00e9s Ontario<\/title>\n<meta name=\"robots\" content=\"index, follow, max-snippet:-1, max-image-preview:large, max-video-preview:-1\" \/>\n<link rel=\"canonical\" href=\"https:\/\/www.skilledtradesontario.ca\/fr\/travailleurs-experimentes\/evaluation-dequivalence-professionnelle\/\" \/>\n<meta property=\"og:locale\" content=\"fr_FR\" \/>\n<meta property=\"og:type\" content=\"article\" \/>\n<meta property=\"og:title\" content=\"\u00c9valuation d\u2019\u00e9quivalence professionnelle - M\u00e9tiers sp\u00e9cialis\u00e9s Ontario\" \/>\n<meta property=\"og:description\" content=\"\u00c9valuation initiale L\u2019\u00e9valuation d\u2019\u00e9quivalence professionnelle de M\u00e9tiers sp\u00e9cialis\u00e9s Ontario constitue la premi\u00e8re \u00e9tape dans l\u2019obtention d\u2019un certificat de qualification...\" \/>\n<meta property=\"og:url\" content=\"https:\/\/www.skilledtradesontario.ca\/fr\/travailleurs-experimentes\/evaluation-dequivalence-professionnelle\/\" \/>\n<meta property=\"og:site_name\" content=\"M\u00e9tiers sp\u00e9cialis\u00e9s Ontario\" \/>\n<meta property=\"article:modified_time\" content=\"2025-02-13T14:21:49+00:00\" \/>\n<meta name=\"twitter:card\" content=\"summary_large_image\" \/>\n<meta name=\"twitter:site\" content=\"@SkilledTradesON\" \/>\n<meta name=\"twitter:label1\" content=\"Dur\u00e9e de lecture estim\u00e9e\" \/>\n\t<meta name=\"twitter:data1\" content=\"2 minutes\" \/>\n<script type=\"application\/ld+json\" class=\"yoast-schema-graph\">{\"@context\":\"https:\\\/\\\/schema.org\",\"@graph\":[{\"@type\":\"WebPage\",\"@id\":\"https:\\\/\\\/www.skilledtradesontario.ca\\\/fr\\\/travailleurs-experimentes\\\/evaluation-dequivalence-professionnelle\\\/\",\"url\":\"https:\\\/\\\/www.skilledtradesontario.ca\\\/fr\\\/travailleurs-experimentes\\\/evaluation-dequivalence-professionnelle\\\/\",\"name\":\"\u00c9valuation d\u2019\u00e9quivalence professionnelle - M\u00e9tiers sp\u00e9cialis\u00e9s Ontario\",\"isPartOf\":{\"@id\":\"https:\\\/\\\/www.skilledtradesontario.ca\\\/#website\"},\"datePublished\":\"2021-11-24T17:17:42+00:00\",\"dateModified\":\"2025-02-13T14:21:49+00:00\",\"breadcrumb\":{\"@id\":\"https:\\\/\\\/www.skilledtradesontario.ca\\\/fr\\\/travailleurs-experimentes\\\/evaluation-dequivalence-professionnelle\\\/#breadcrumb\"},\"inLanguage\":\"fr-FR\",\"potentialAction\":[{\"@type\":\"ReadAction\",\"target\":[\"https:\\\/\\\/www.skilledtradesontario.ca\\\/fr\\\/travailleurs-experimentes\\\/evaluation-dequivalence-professionnelle\\\/\"]}]},{\"@type\":\"BreadcrumbList\",\"@id\":\"https:\\\/\\\/www.skilledtradesontario.ca\\\/fr\\\/travailleurs-experimentes\\\/evaluation-dequivalence-professionnelle\\\/#breadcrumb\",\"itemListElement\":[{\"@type\":\"ListItem\",\"position\":1,\"name\":\"Home\",\"item\":\"https:\\\/\\\/www.skilledtradesontario.ca\\\/fr\\\/\"},{\"@type\":\"ListItem\",\"position\":2,\"name\":\"Travailleurs exp\u00e9riment\u00e9s\",\"item\":\"https:\\\/\\\/www.skilledtradesontario.ca\\\/fr\\\/travailleurs-experimentes\\\/\"},{\"@type\":\"ListItem\",\"position\":3,\"name\":\"\u00c9valuation d\u2019\u00e9quivalence professionnelle\"}]},{\"@type\":\"WebSite\",\"@id\":\"https:\\\/\\\/www.skilledtradesontario.ca\\\/#website\",\"url\":\"https:\\\/\\\/www.skilledtradesontario.ca\\\/\",\"name\":\"M\u00e9tiers sp\u00e9cialis\u00e9s Ontario\",\"description\":\"Un organisme dirig\u00e9 par l'industrie charg\u00e9 de promouvoir et de moderniser les m\u00e9tiers sp\u00e9cialis\u00e9s et de prot\u00e9ger les gens de m\u00e9tier, l'industrie et, par-dessus tout, l'int\u00e9r\u00eat public.\",\"potentialAction\":[{\"@type\":\"SearchAction\",\"target\":{\"@type\":\"EntryPoint\",\"urlTemplate\":\"https:\\\/\\\/www.skilledtradesontario.ca\\\/?s={search_term_string}\"},\"query-input\":{\"@type\":\"PropertyValueSpecification\",\"valueRequired\":true,\"valueName\":\"search_term_string\"}}],\"inLanguage\":\"fr-FR\"}]}<\/script>\n<!-- \/ Yoast SEO plugin. -->","yoast_head_json":{"title":"\u00c9valuation d\u2019\u00e9quivalence professionnelle - M\u00e9tiers sp\u00e9cialis\u00e9s Ontario","robots":{"index":"index","follow":"follow","max-snippet":"max-snippet:-1","max-image-preview":"max-image-preview:large","max-video-preview":"max-video-preview:-1"},"canonical":"https:\/\/www.skilledtradesontario.ca\/fr\/travailleurs-experimentes\/evaluation-dequivalence-professionnelle\/","og_locale":"fr_FR","og_type":"article","og_title":"\u00c9valuation d\u2019\u00e9quivalence professionnelle - M\u00e9tiers sp\u00e9cialis\u00e9s Ontario","og_description":"\u00c9valuation initiale L\u2019\u00e9valuation d\u2019\u00e9quivalence professionnelle de M\u00e9tiers sp\u00e9cialis\u00e9s Ontario constitue la premi\u00e8re \u00e9tape dans l\u2019obtention d\u2019un certificat de qualification...","og_url":"https:\/\/www.skilledtradesontario.ca\/fr\/travailleurs-experimentes\/evaluation-dequivalence-professionnelle\/","og_site_name":"M\u00e9tiers sp\u00e9cialis\u00e9s Ontario","article_modified_time":"2025-02-13T14:21:49+00:00","twitter_card":"summary_large_image","twitter_site":"@SkilledTradesON","twitter_misc":{"Dur\u00e9e de lecture estim\u00e9e":"2 minutes"},"schema":{"@context":"https:\/\/schema.org","@graph":[{"@type":"WebPage","@id":"https:\/\/www.skilledtradesontario.ca\/fr\/travailleurs-experimentes\/evaluation-dequivalence-professionnelle\/","url":"https:\/\/www.skilledtradesontario.ca\/fr\/travailleurs-experimentes\/evaluation-dequivalence-professionnelle\/","name":"\u00c9valuation d\u2019\u00e9quivalence professionnelle - M\u00e9tiers sp\u00e9cialis\u00e9s Ontario","isPartOf":{"@id":"https:\/\/www.skilledtradesontario.ca\/#website"},"datePublished":"2021-11-24T17:17:42+00:00","dateModified":"2025-02-13T14:21:49+00:00","breadcrumb":{"@id":"https:\/\/www.skilledtradesontario.ca\/fr\/travailleurs-experimentes\/evaluation-dequivalence-professionnelle\/#breadcrumb"},"inLanguage":"fr-FR","potentialAction":[{"@type":"ReadAction","target":["https:\/\/www.skilledtradesontario.ca\/fr\/travailleurs-experimentes\/evaluation-dequivalence-professionnelle\/"]}]},{"@type":"BreadcrumbList","@id":"https:\/\/www.skilledtradesontario.ca\/fr\/travailleurs-experimentes\/evaluation-dequivalence-professionnelle\/#breadcrumb","itemListElement":[{"@type":"ListItem","position":1,"name":"Home","item":"https:\/\/www.skilledtradesontario.ca\/fr\/"},{"@type":"ListItem","position":2,"name":"Travailleurs exp\u00e9riment\u00e9s","item":"https:\/\/www.skilledtradesontario.ca\/fr\/travailleurs-experimentes\/"},{"@type":"ListItem","position":3,"name":"\u00c9valuation d\u2019\u00e9quivalence professionnelle"}]},{"@type":"WebSite","@id":"https:\/\/www.skilledtradesontario.ca\/#website","url":"https:\/\/www.skilledtradesontario.ca\/","name":"M\u00e9tiers sp\u00e9cialis\u00e9s Ontario","description":"Un organisme dirig\u00e9 par l'industrie charg\u00e9 de promouvoir et de moderniser les m\u00e9tiers sp\u00e9cialis\u00e9s et de prot\u00e9ger les gens de m\u00e9tier, l'industrie et, par-dessus tout, l'int\u00e9r\u00eat public.","potentialAction":[{"@type":"SearchAction","target":{"@type":"EntryPoint","urlTemplate":"https:\/\/www.skilledtradesontario.ca\/?s={search_term_string}"},"query-input":{"@type":"PropertyValueSpecification","valueRequired":true,"valueName":"search_term_string"}}],"inLanguage":"fr-FR"}]}},"_links":{"self":[{"href":"https:\/\/www.skilledtradesontario.ca\/fr\/wp-json\/wp\/v2\/pages\/36074","targetHints":{"allow":["GET"]}}],"collection":[{"href":"https:\/\/www.skilledtradesontario.ca\/fr\/wp-json\/wp\/v2\/pages"}],"about":[{"href":"https:\/\/www.skilledtradesontario.ca\/fr\/wp-json\/wp\/v2\/types\/page"}],"author":[{"embeddable":true,"href":"https:\/\/www.skilledtradesontario.ca\/fr\/wp-json\/wp\/v2\/users\/16"}],"replies":[{"embeddable":true,"href":"https:\/\/www.skilledtradesontario.ca\/fr\/wp-json\/wp\/v2\/comments?post=36074"}],"version-history":[{"count":1,"href":"https:\/\/www.skilledtradesontario.ca\/fr\/wp-json\/wp\/v2\/pages\/36074\/revisions"}],"predecessor-version":[{"id":45469,"href":"https:\/\/www.skilledtradesontario.ca\/fr\/wp-json\/wp\/v2\/pages\/36074\/revisions\/45469"}],"up":[{"embeddable":true,"href":"https:\/\/www.skilledtradesontario.ca\/fr\/wp-json\/wp\/v2\/pages\/35556"}],"wp:attachment":[{"href":"https:\/\/www.skilledtradesontario.ca\/fr\/wp-json\/wp\/v2\/media?parent=36074"}],"wp:term":[{"taxonomy":"post_tag","embeddable":true,"href":"https:\/\/www.skilledtradesontario.ca\/fr\/wp-json\/wp\/v2\/tags?post=36074"}],"curies":[{"name":"wp","href":"https:\/\/api.w.org\/{rel}","templated":true}]}}