{"id":35952,"date":"2021-11-24T14:39:01","date_gmt":"2021-11-24T14:39:01","guid":{"rendered":"https:\/\/skilledtradesontario.ca\/?page_id=35952"},"modified":"2025-05-08T16:05:19","modified_gmt":"2025-05-08T20:05:19","slug":"travail-dans-des-metiers-a-accreditation-non-obligatoire","status":"publish","type":"page","link":"https:\/\/www.skilledtradesontario.ca\/fr\/a-propos-des-metiers\/travail-dans-des-metiers-a-accreditation-non-obligatoire\/","title":{"rendered":"Travail dans des m\u00e9tiers \u00e0 accr\u00e9ditation non obligatoire"},"content":{"rendered":"","protected":false},"excerpt":{"rendered":"","protected":false},"author":16,"featured_media":0,"parent":35564,"menu_order":3,"comment_status":"closed","ping_status":"closed","template":"template-pages\/STO-Custom-Page-V3.php","meta":{"_acf_changed":false,"footnotes":""},"tags":[],"class_list":["post-35952","page","type-page","status-publish","hentry"],"acf":[],"yoast_head":"<!-- This site is optimized with the Yoast SEO plugin v27.3 - https:\/\/yoast.com\/product\/yoast-seo-wordpress\/ -->\n<title>Travail dans des m\u00e9tiers \u00e0 accr\u00e9ditation non obligatoire - M\u00e9tiers sp\u00e9cialis\u00e9s Ontario<\/title>\n<meta name=\"robots\" content=\"index, follow, max-snippet:-1, max-image-preview:large, max-video-preview:-1\" \/>\n<link rel=\"canonical\" href=\"https:\/\/www.skilledtradesontario.ca\/fr\/a-propos-des-metiers\/travail-dans-des-metiers-a-accreditation-non-obligatoire\/\" \/>\n<meta property=\"og:locale\" content=\"fr_FR\" \/>\n<meta property=\"og:type\" content=\"article\" \/>\n<meta property=\"og:title\" content=\"M\u00e9tiers sp\u00e9cialis\u00e9s Ontario - Travail dans des m\u00e9tiers \u00e0 accr\u00e9ditation non obligatoire\" \/>\n<meta property=\"og:description\" content=\"En Ontario, il existe 121 m\u00e9tiers \u00e0 accr\u00e9ditation non obligatoire, par exemple ceux de cuisinier, d\u2019\u00e9lectricien industriel et de praticienne du d\u00e9veloppement de l\u2019enfant. \u00catre dans un m\u00e9tier \u00e0 accr\u00e9ditation non obligatoire signifie qu\u2019il n\u2019est pas n\u00e9cessaire d\u2019\u00eatre certifi\u00e9 pour travailler dans le m\u00e9tier.\" \/>\n<meta property=\"og:url\" content=\"https:\/\/www.skilledtradesontario.ca\/fr\/a-propos-des-metiers\/travail-dans-des-metiers-a-accreditation-non-obligatoire\/\" \/>\n<meta property=\"og:site_name\" content=\"M\u00e9tiers sp\u00e9cialis\u00e9s Ontario\" \/>\n<meta property=\"article:modified_time\" content=\"2025-05-08T20:05:19+00:00\" \/>\n<meta property=\"og:image\" content=\"https:\/\/www.skilledtradesontario.ca\/wp-content\/uploads\/2025\/05\/18.jpg\" \/>\n\t<meta property=\"og:image:width\" content=\"1791\" \/>\n\t<meta property=\"og:image:height\" content=\"937\" \/>\n\t<meta property=\"og:image:type\" content=\"image\/jpeg\" \/>\n<meta name=\"twitter:card\" content=\"summary_large_image\" \/>\n<meta name=\"twitter:title\" content=\"M\u00e9tiers sp\u00e9cialis\u00e9s Ontario - Travail dans des m\u00e9tiers \u00e0 accr\u00e9ditation non obligatoire\" \/>\n<meta name=\"twitter:description\" content=\"En Ontario, il existe 121 m\u00e9tiers \u00e0 accr\u00e9ditation non obligatoire, par exemple ceux de cuisinier, d\u2019\u00e9lectricien industriel et de praticienne du d\u00e9veloppement de l\u2019enfant. \u00catre dans un m\u00e9tier \u00e0 accr\u00e9ditation non obligatoire signifie qu\u2019il n\u2019est pas n\u00e9cessaire d\u2019\u00eatre certifi\u00e9 pour travailler dans le m\u00e9tier.\" \/>\n<meta name=\"twitter:image\" content=\"https:\/\/www.skilledtradesontario.ca\/wp-content\/uploads\/2025\/05\/18.jpg\" \/>\n<meta name=\"twitter:site\" content=\"@SkilledTradesON\" \/>\n<script type=\"application\/ld+json\" class=\"yoast-schema-graph\">{\"@context\":\"https:\\\/\\\/schema.org\",\"@graph\":[{\"@type\":\"WebPage\",\"@id\":\"https:\\\/\\\/www.skilledtradesontario.ca\\\/fr\\\/a-propos-des-metiers\\\/travail-dans-des-metiers-a-accreditation-non-obligatoire\\\/\",\"url\":\"https:\\\/\\\/www.skilledtradesontario.ca\\\/fr\\\/a-propos-des-metiers\\\/travail-dans-des-metiers-a-accreditation-non-obligatoire\\\/\",\"name\":\"Travail dans des m\u00e9tiers \u00e0 accr\u00e9ditation non obligatoire - M\u00e9tiers sp\u00e9cialis\u00e9s Ontario\",\"isPartOf\":{\"@id\":\"https:\\\/\\\/www.skilledtradesontario.ca\\\/#website\"},\"datePublished\":\"2021-11-24T14:39:01+00:00\",\"dateModified\":\"2025-05-08T20:05:19+00:00\",\"breadcrumb\":{\"@id\":\"https:\\\/\\\/www.skilledtradesontario.ca\\\/fr\\\/a-propos-des-metiers\\\/travail-dans-des-metiers-a-accreditation-non-obligatoire\\\/#breadcrumb\"},\"inLanguage\":\"fr-FR\",\"potentialAction\":[{\"@type\":\"ReadAction\",\"target\":[\"https:\\\/\\\/www.skilledtradesontario.ca\\\/fr\\\/a-propos-des-metiers\\\/travail-dans-des-metiers-a-accreditation-non-obligatoire\\\/\"]}]},{\"@type\":\"BreadcrumbList\",\"@id\":\"https:\\\/\\\/www.skilledtradesontario.ca\\\/fr\\\/a-propos-des-metiers\\\/travail-dans-des-metiers-a-accreditation-non-obligatoire\\\/#breadcrumb\",\"itemListElement\":[{\"@type\":\"ListItem\",\"position\":1,\"name\":\"Home\",\"item\":\"https:\\\/\\\/www.skilledtradesontario.ca\\\/fr\\\/\"},{\"@type\":\"ListItem\",\"position\":2,\"name\":\"\u00c0 propos des m\u00e9tiers\",\"item\":\"https:\\\/\\\/www.skilledtradesontario.ca\\\/fr\\\/a-propos-des-metiers\\\/\"},{\"@type\":\"ListItem\",\"position\":3,\"name\":\"Travail dans des m\u00e9tiers \u00e0 accr\u00e9ditation non obligatoire\"}]},{\"@type\":\"WebSite\",\"@id\":\"https:\\\/\\\/www.skilledtradesontario.ca\\\/#website\",\"url\":\"https:\\\/\\\/www.skilledtradesontario.ca\\\/\",\"name\":\"M\u00e9tiers sp\u00e9cialis\u00e9s Ontario\",\"description\":\"Un organisme dirig\u00e9 par l'industrie charg\u00e9 de promouvoir et de moderniser les m\u00e9tiers sp\u00e9cialis\u00e9s et de prot\u00e9ger les gens de m\u00e9tier, l'industrie et, par-dessus tout, l'int\u00e9r\u00eat public.\",\"potentialAction\":[{\"@type\":\"SearchAction\",\"target\":{\"@type\":\"EntryPoint\",\"urlTemplate\":\"https:\\\/\\\/www.skilledtradesontario.ca\\\/?s={search_term_string}\"},\"query-input\":{\"@type\":\"PropertyValueSpecification\",\"valueRequired\":true,\"valueName\":\"search_term_string\"}}],\"inLanguage\":\"fr-FR\"}]}<\/script>\n<!-- \/ Yoast SEO plugin. -->","yoast_head_json":{"title":"Travail dans des m\u00e9tiers \u00e0 accr\u00e9ditation non obligatoire - M\u00e9tiers sp\u00e9cialis\u00e9s Ontario","robots":{"index":"index","follow":"follow","max-snippet":"max-snippet:-1","max-image-preview":"max-image-preview:large","max-video-preview":"max-video-preview:-1"},"canonical":"https:\/\/www.skilledtradesontario.ca\/fr\/a-propos-des-metiers\/travail-dans-des-metiers-a-accreditation-non-obligatoire\/","og_locale":"fr_FR","og_type":"article","og_title":"M\u00e9tiers sp\u00e9cialis\u00e9s Ontario - Travail dans des m\u00e9tiers \u00e0 accr\u00e9ditation non obligatoire","og_description":"En Ontario, il existe 121 m\u00e9tiers \u00e0 accr\u00e9ditation non obligatoire, par exemple ceux de cuisinier, d\u2019\u00e9lectricien industriel et de praticienne du d\u00e9veloppement de l\u2019enfant. \u00catre dans un m\u00e9tier \u00e0 accr\u00e9ditation non obligatoire signifie qu\u2019il n\u2019est pas n\u00e9cessaire d\u2019\u00eatre certifi\u00e9 pour travailler dans le m\u00e9tier.","og_url":"https:\/\/www.skilledtradesontario.ca\/fr\/a-propos-des-metiers\/travail-dans-des-metiers-a-accreditation-non-obligatoire\/","og_site_name":"M\u00e9tiers sp\u00e9cialis\u00e9s Ontario","article_modified_time":"2025-05-08T20:05:19+00:00","og_image":[{"width":1791,"height":937,"url":"https:\/\/www.skilledtradesontario.ca\/wp-content\/uploads\/2025\/05\/18.jpg","type":"image\/jpeg"}],"twitter_card":"summary_large_image","twitter_title":"M\u00e9tiers sp\u00e9cialis\u00e9s Ontario - Travail dans des m\u00e9tiers \u00e0 accr\u00e9ditation non obligatoire","twitter_description":"En Ontario, il existe 121 m\u00e9tiers \u00e0 accr\u00e9ditation non obligatoire, par exemple ceux de cuisinier, d\u2019\u00e9lectricien industriel et de praticienne du d\u00e9veloppement de l\u2019enfant. \u00catre dans un m\u00e9tier \u00e0 accr\u00e9ditation non obligatoire signifie qu\u2019il n\u2019est pas n\u00e9cessaire d\u2019\u00eatre certifi\u00e9 pour travailler dans le m\u00e9tier.","twitter_image":"https:\/\/www.skilledtradesontario.ca\/wp-content\/uploads\/2025\/05\/18.jpg","twitter_site":"@SkilledTradesON","schema":{"@context":"https:\/\/schema.org","@graph":[{"@type":"WebPage","@id":"https:\/\/www.skilledtradesontario.ca\/fr\/a-propos-des-metiers\/travail-dans-des-metiers-a-accreditation-non-obligatoire\/","url":"https:\/\/www.skilledtradesontario.ca\/fr\/a-propos-des-metiers\/travail-dans-des-metiers-a-accreditation-non-obligatoire\/","name":"Travail dans des m\u00e9tiers \u00e0 accr\u00e9ditation non obligatoire - M\u00e9tiers sp\u00e9cialis\u00e9s Ontario","isPartOf":{"@id":"https:\/\/www.skilledtradesontario.ca\/#website"},"datePublished":"2021-11-24T14:39:01+00:00","dateModified":"2025-05-08T20:05:19+00:00","breadcrumb":{"@id":"https:\/\/www.skilledtradesontario.ca\/fr\/a-propos-des-metiers\/travail-dans-des-metiers-a-accreditation-non-obligatoire\/#breadcrumb"},"inLanguage":"fr-FR","potentialAction":[{"@type":"ReadAction","target":["https:\/\/www.skilledtradesontario.ca\/fr\/a-propos-des-metiers\/travail-dans-des-metiers-a-accreditation-non-obligatoire\/"]}]},{"@type":"BreadcrumbList","@id":"https:\/\/www.skilledtradesontario.ca\/fr\/a-propos-des-metiers\/travail-dans-des-metiers-a-accreditation-non-obligatoire\/#breadcrumb","itemListElement":[{"@type":"ListItem","position":1,"name":"Home","item":"https:\/\/www.skilledtradesontario.ca\/fr\/"},{"@type":"ListItem","position":2,"name":"\u00c0 propos des m\u00e9tiers","item":"https:\/\/www.skilledtradesontario.ca\/fr\/a-propos-des-metiers\/"},{"@type":"ListItem","position":3,"name":"Travail dans des m\u00e9tiers \u00e0 accr\u00e9ditation non obligatoire"}]},{"@type":"WebSite","@id":"https:\/\/www.skilledtradesontario.ca\/#website","url":"https:\/\/www.skilledtradesontario.ca\/","name":"M\u00e9tiers sp\u00e9cialis\u00e9s Ontario","description":"Un organisme dirig\u00e9 par l'industrie charg\u00e9 de promouvoir et de moderniser les m\u00e9tiers sp\u00e9cialis\u00e9s et de prot\u00e9ger les gens de m\u00e9tier, l'industrie et, par-dessus tout, l'int\u00e9r\u00eat public.","potentialAction":[{"@type":"SearchAction","target":{"@type":"EntryPoint","urlTemplate":"https:\/\/www.skilledtradesontario.ca\/?s={search_term_string}"},"query-input":{"@type":"PropertyValueSpecification","valueRequired":true,"valueName":"search_term_string"}}],"inLanguage":"fr-FR"}]}},"_links":{"self":[{"href":"https:\/\/www.skilledtradesontario.ca\/fr\/wp-json\/wp\/v2\/pages\/35952","targetHints":{"allow":["GET"]}}],"collection":[{"href":"https:\/\/www.skilledtradesontario.ca\/fr\/wp-json\/wp\/v2\/pages"}],"about":[{"href":"https:\/\/www.skilledtradesontario.ca\/fr\/wp-json\/wp\/v2\/types\/page"}],"author":[{"embeddable":true,"href":"https:\/\/www.skilledtradesontario.ca\/fr\/wp-json\/wp\/v2\/users\/16"}],"replies":[{"embeddable":true,"href":"https:\/\/www.skilledtradesontario.ca\/fr\/wp-json\/wp\/v2\/comments?post=35952"}],"version-history":[{"count":2,"href":"https:\/\/www.skilledtradesontario.ca\/fr\/wp-json\/wp\/v2\/pages\/35952\/revisions"}],"predecessor-version":[{"id":45696,"href":"https:\/\/www.skilledtradesontario.ca\/fr\/wp-json\/wp\/v2\/pages\/35952\/revisions\/45696"}],"up":[{"embeddable":true,"href":"https:\/\/www.skilledtradesontario.ca\/fr\/wp-json\/wp\/v2\/pages\/35564"}],"wp:attachment":[{"href":"https:\/\/www.skilledtradesontario.ca\/fr\/wp-json\/wp\/v2\/media?parent=35952"}],"wp:term":[{"taxonomy":"post_tag","embeddable":true,"href":"https:\/\/www.skilledtradesontario.ca\/fr\/wp-json\/wp\/v2\/tags?post=35952"}],"curies":[{"name":"wp","href":"https:\/\/api.w.org\/{rel}","templated":true}]}}