{"id":35740,"date":"2021-11-22T15:52:16","date_gmt":"2021-11-22T15:52:16","guid":{"rendered":"https:\/\/skilledtradesontario.ca\/?page_id=35740"},"modified":"2025-05-08T15:26:34","modified_gmt":"2025-05-08T19:26:34","slug":"certificat-de-qualification-temporaire","status":"publish","type":"page","link":"https:\/\/www.skilledtradesontario.ca\/fr\/apprentissage\/certificat-de-qualification-temporaire\/","title":{"rendered":"Certificat de qualification temporaire"},"content":{"rendered":"<p>Un Certificat de qualification provisoire d&#8217;une dur\u00e9e d&#8217;un an vous sera remis lorsque vous aurez termin\u00e9 votre apprentissage dans un m\u00e9tier qui requiert un examen d\u2019agr\u00e9ment. Ce certificat vous permet de continuer \u00e0 exercer un m\u00e9tier \u00e0 accr\u00e9ditation obligatoire pendant que vous vous pr\u00e9parez \u00e0 l&#8217;examen d\u2019agr\u00e9ment.<\/p>\n<p>M\u00e9tiers sp\u00e9cialis\u00e9s Ontario vous enverra le certificat par courriel. Si vous n&#8217;avez pas acc\u00e8s au courrier \u00e9lectronique, le certificat vous sera post\u00e9.<\/p>\n<p>Le titulaire d\u2019un Certificat de qualification provisoire peut se voir accorder une prolongation de six (6) mois apr\u00e8s avoir pr\u00e9sent\u00e9 un formulaire de demande, si le registraire est convaincu que des circonstances att\u00e9nuantes ind\u00e9pendantes de la volont\u00e9 de la personne l&#8217;ont emp\u00each\u00e9 de planifier ou de passer l&#8217;examen d\u2019agr\u00e9ment pour le m\u00e9tier en question.<\/p>\n<p>Les circonstances att\u00e9nuantes comprennent, sans s&#8217;y limiter, l&#8217;existence d&#8217;un obstacle au sens de la <em><a href=\"https:\/\/www.ontario.ca\/fr\/lois\/loi\/05a11\" target=\"_blank\" rel=\"noopener\">loi de 2005 sur l&#8217;accessibilit\u00e9 pour les personnes handicap\u00e9es de l&#8217;Ontario<\/a> <\/em>et les circonstances qui emp\u00eachent les personnes de passer l\u2019examen d\u2019agr\u00e9ment pour des raisons techniques ou op\u00e9rationnelles.<\/p>\n<p>Votre demande de prolongation de six (6) mois :<\/p>\n<ul class=\"ocot-list\">\n<li><span><strong>Doit \u00eatre soumise au plus tard \u00e0 23 h 59 (heure de l&#8217;Est) le jour de l&#8217;expiration de votre Certificat de qualification provisoire<\/strong>. Les demandes soumises apr\u00e8s cette date et cette heure <strong>ne <\/strong>seront pas prises en consid\u00e9ration.<\/span><\/li>\n<li><span>Pourrait \u00eatre refus\u00e9e par M\u00e9tiers sp\u00e9cialis\u00e9s Ontario si vous ne vous pr\u00e9sentez pas \u00e0 l\u2019examen avant la date d\u2019expiration de votre Certificat de qualification temporaire. <a href=\"https:\/\/www.skilledtradesontario.ca\/fr\/certification\/reservation-dexamen\/\">Planifiez votre examen d\u2019agr\u00e9ment ici.<\/a><\/span><\/li>\n<li><span>Ne pourra pas \u00eatre trait\u00e9e si elle est re\u00e7ue plus de deux mois avant la date d\u2019expiration.<\/span><\/li>\n<\/ul>\n<p>Vous pouvez vous repr\u00e9senter \u00e0 l&#8217;examen d\u2019agr\u00e9ment m\u00eame si votre Certificat de qualification provisoire n\u2019est plus valide.<\/p>\n<p><strong>Pour pr\u00e9senter une demande de prolongation de 6 mois<\/strong><strong>:<\/strong><\/p>\n<ul class=\"ocot-list\">\n<li><span>Remplissez le\u00a0<a href=\"https:\/\/www.skilledtradesontario.ca\/fr\/certificat-de-qualification-temporaire-metiers-specialises-ontario\/\"><strong>formulaire en ligne<\/strong><\/a><\/span><\/li>\n<\/ul>\n<p style=\"padding-bottom: 0em;\">\u00a0 \u00a0 \u00a0 \u00a0 \u00a0 Ou<\/p>\n<ul class=\"ocot-list\">\n<li><span>Postez une copie du <a href=\"http:\/\/www.skilledtradesontario.ca\/wp-content\/uploads\/2024\/01\/Certificat-de-qualification-temporaire-Metiers-specialises-Ontario-Dec-22-2023-JS_v2.pdf\"><strong>formulaire PDF<\/strong><\/a> rempli \u00e0 :<br \/>\nM\u00e9tiers sp\u00e9cialis\u00e9s Ontario<br \/>\nCP 2354 CSP SQ1 Shoppers<br \/>\nMississauga (Ontario) L5B 3C8<\/span><\/li>\n<\/ul>\n","protected":false},"excerpt":{"rendered":"<p>Un Certificat de qualification provisoire d&#8217;une dur\u00e9e d&#8217;un an vous sera remis lorsque vous aurez termin\u00e9 votre apprentissage dans&#8230;<\/p>\n","protected":false},"author":16,"featured_media":0,"parent":35541,"menu_order":5,"comment_status":"closed","ping_status":"closed","template":"template-pages\/STO-Custom-Page-V3.php","meta":{"_acf_changed":false,"footnotes":""},"tags":[],"class_list":["post-35740","page","type-page","status-publish","hentry"],"acf":[],"yoast_head":"<!-- This site is optimized with the Yoast SEO plugin v27.3 - https:\/\/yoast.com\/product\/yoast-seo-wordpress\/ -->\n<title>Certificat de qualification temporaire - M\u00e9tiers sp\u00e9cialis\u00e9s Ontario<\/title>\n<meta name=\"robots\" content=\"index, follow, max-snippet:-1, max-image-preview:large, max-video-preview:-1\" \/>\n<link rel=\"canonical\" href=\"https:\/\/www.skilledtradesontario.ca\/fr\/apprentissage\/certificat-de-qualification-temporaire\/\" \/>\n<meta property=\"og:locale\" content=\"fr_FR\" \/>\n<meta property=\"og:type\" content=\"article\" \/>\n<meta property=\"og:title\" content=\"M\u00e9tiers sp\u00e9cialis\u00e9s Ontario - Certificat de qualification temporaire\" \/>\n<meta property=\"og:description\" content=\"Lorsque vous terminez officiellement votre programme d\u2019apprentissage en Ontario dans un m\u00e9tier assujetti \u00e0 un examen de certification, M\u00e9tiers sp\u00e9cialis\u00e9s Ontario d\u00e9livrera automatiquement un Certificat de qualification temporaire d\u2019un an.\" \/>\n<meta property=\"og:url\" content=\"https:\/\/www.skilledtradesontario.ca\/fr\/apprentissage\/certificat-de-qualification-temporaire\/\" \/>\n<meta property=\"og:site_name\" content=\"M\u00e9tiers sp\u00e9cialis\u00e9s Ontario\" \/>\n<meta property=\"article:modified_time\" content=\"2025-05-08T19:26:34+00:00\" \/>\n<meta property=\"og:image\" content=\"https:\/\/www.skilledtradesontario.ca\/wp-content\/uploads\/2025\/05\/8.jpg\" \/>\n\t<meta property=\"og:image:width\" content=\"1791\" \/>\n\t<meta property=\"og:image:height\" content=\"938\" \/>\n\t<meta property=\"og:image:type\" content=\"image\/jpeg\" \/>\n<meta name=\"twitter:card\" content=\"summary_large_image\" \/>\n<meta name=\"twitter:title\" content=\"M\u00e9tiers sp\u00e9cialis\u00e9s Ontario - Certificat de qualification temporaire\" \/>\n<meta name=\"twitter:description\" content=\"Lorsque vous terminez officiellement votre programme d\u2019apprentissage en Ontario dans un m\u00e9tier assujetti \u00e0 un examen de certification, M\u00e9tiers sp\u00e9cialis\u00e9s Ontario d\u00e9livrera automatiquement un Certificat de qualification temporaire d\u2019un an.\" \/>\n<meta name=\"twitter:image\" content=\"https:\/\/www.skilledtradesontario.ca\/wp-content\/uploads\/2025\/05\/8.jpg\" \/>\n<meta name=\"twitter:site\" content=\"@SkilledTradesON\" \/>\n<meta name=\"twitter:label1\" content=\"Dur\u00e9e de lecture estim\u00e9e\" \/>\n\t<meta name=\"twitter:data1\" content=\"2 minutes\" \/>\n<script type=\"application\/ld+json\" class=\"yoast-schema-graph\">{\"@context\":\"https:\\\/\\\/schema.org\",\"@graph\":[{\"@type\":\"WebPage\",\"@id\":\"https:\\\/\\\/www.skilledtradesontario.ca\\\/fr\\\/apprentissage\\\/certificat-de-qualification-temporaire\\\/\",\"url\":\"https:\\\/\\\/www.skilledtradesontario.ca\\\/fr\\\/apprentissage\\\/certificat-de-qualification-temporaire\\\/\",\"name\":\"Certificat de qualification temporaire - M\u00e9tiers sp\u00e9cialis\u00e9s Ontario\",\"isPartOf\":{\"@id\":\"https:\\\/\\\/www.skilledtradesontario.ca\\\/#website\"},\"datePublished\":\"2021-11-22T15:52:16+00:00\",\"dateModified\":\"2025-05-08T19:26:34+00:00\",\"breadcrumb\":{\"@id\":\"https:\\\/\\\/www.skilledtradesontario.ca\\\/fr\\\/apprentissage\\\/certificat-de-qualification-temporaire\\\/#breadcrumb\"},\"inLanguage\":\"fr-FR\",\"potentialAction\":[{\"@type\":\"ReadAction\",\"target\":[\"https:\\\/\\\/www.skilledtradesontario.ca\\\/fr\\\/apprentissage\\\/certificat-de-qualification-temporaire\\\/\"]}]},{\"@type\":\"BreadcrumbList\",\"@id\":\"https:\\\/\\\/www.skilledtradesontario.ca\\\/fr\\\/apprentissage\\\/certificat-de-qualification-temporaire\\\/#breadcrumb\",\"itemListElement\":[{\"@type\":\"ListItem\",\"position\":1,\"name\":\"Home\",\"item\":\"https:\\\/\\\/www.skilledtradesontario.ca\\\/fr\\\/\"},{\"@type\":\"ListItem\",\"position\":2,\"name\":\"Apprentissage\",\"item\":\"https:\\\/\\\/www.skilledtradesontario.ca\\\/fr\\\/apprentissage\\\/\"},{\"@type\":\"ListItem\",\"position\":3,\"name\":\"Certificat de qualification temporaire\"}]},{\"@type\":\"WebSite\",\"@id\":\"https:\\\/\\\/www.skilledtradesontario.ca\\\/#website\",\"url\":\"https:\\\/\\\/www.skilledtradesontario.ca\\\/\",\"name\":\"M\u00e9tiers sp\u00e9cialis\u00e9s Ontario\",\"description\":\"Un organisme dirig\u00e9 par l'industrie charg\u00e9 de promouvoir et de moderniser les m\u00e9tiers sp\u00e9cialis\u00e9s et de prot\u00e9ger les gens de m\u00e9tier, l'industrie et, par-dessus tout, l'int\u00e9r\u00eat public.\",\"potentialAction\":[{\"@type\":\"SearchAction\",\"target\":{\"@type\":\"EntryPoint\",\"urlTemplate\":\"https:\\\/\\\/www.skilledtradesontario.ca\\\/?s={search_term_string}\"},\"query-input\":{\"@type\":\"PropertyValueSpecification\",\"valueRequired\":true,\"valueName\":\"search_term_string\"}}],\"inLanguage\":\"fr-FR\"}]}<\/script>\n<!-- \/ Yoast SEO plugin. -->","yoast_head_json":{"title":"Certificat de qualification temporaire - M\u00e9tiers sp\u00e9cialis\u00e9s Ontario","robots":{"index":"index","follow":"follow","max-snippet":"max-snippet:-1","max-image-preview":"max-image-preview:large","max-video-preview":"max-video-preview:-1"},"canonical":"https:\/\/www.skilledtradesontario.ca\/fr\/apprentissage\/certificat-de-qualification-temporaire\/","og_locale":"fr_FR","og_type":"article","og_title":"M\u00e9tiers sp\u00e9cialis\u00e9s Ontario - Certificat de qualification temporaire","og_description":"Lorsque vous terminez officiellement votre programme d\u2019apprentissage en Ontario dans un m\u00e9tier assujetti \u00e0 un examen de certification, M\u00e9tiers sp\u00e9cialis\u00e9s Ontario d\u00e9livrera automatiquement un Certificat de qualification temporaire d\u2019un an.","og_url":"https:\/\/www.skilledtradesontario.ca\/fr\/apprentissage\/certificat-de-qualification-temporaire\/","og_site_name":"M\u00e9tiers sp\u00e9cialis\u00e9s Ontario","article_modified_time":"2025-05-08T19:26:34+00:00","og_image":[{"width":1791,"height":938,"url":"https:\/\/www.skilledtradesontario.ca\/wp-content\/uploads\/2025\/05\/8.jpg","type":"image\/jpeg"}],"twitter_card":"summary_large_image","twitter_title":"M\u00e9tiers sp\u00e9cialis\u00e9s Ontario - Certificat de qualification temporaire","twitter_description":"Lorsque vous terminez officiellement votre programme d\u2019apprentissage en Ontario dans un m\u00e9tier assujetti \u00e0 un examen de certification, M\u00e9tiers sp\u00e9cialis\u00e9s Ontario d\u00e9livrera automatiquement un Certificat de qualification temporaire d\u2019un an.","twitter_image":"https:\/\/www.skilledtradesontario.ca\/wp-content\/uploads\/2025\/05\/8.jpg","twitter_site":"@SkilledTradesON","twitter_misc":{"Dur\u00e9e de lecture estim\u00e9e":"2 minutes"},"schema":{"@context":"https:\/\/schema.org","@graph":[{"@type":"WebPage","@id":"https:\/\/www.skilledtradesontario.ca\/fr\/apprentissage\/certificat-de-qualification-temporaire\/","url":"https:\/\/www.skilledtradesontario.ca\/fr\/apprentissage\/certificat-de-qualification-temporaire\/","name":"Certificat de qualification temporaire - M\u00e9tiers sp\u00e9cialis\u00e9s Ontario","isPartOf":{"@id":"https:\/\/www.skilledtradesontario.ca\/#website"},"datePublished":"2021-11-22T15:52:16+00:00","dateModified":"2025-05-08T19:26:34+00:00","breadcrumb":{"@id":"https:\/\/www.skilledtradesontario.ca\/fr\/apprentissage\/certificat-de-qualification-temporaire\/#breadcrumb"},"inLanguage":"fr-FR","potentialAction":[{"@type":"ReadAction","target":["https:\/\/www.skilledtradesontario.ca\/fr\/apprentissage\/certificat-de-qualification-temporaire\/"]}]},{"@type":"BreadcrumbList","@id":"https:\/\/www.skilledtradesontario.ca\/fr\/apprentissage\/certificat-de-qualification-temporaire\/#breadcrumb","itemListElement":[{"@type":"ListItem","position":1,"name":"Home","item":"https:\/\/www.skilledtradesontario.ca\/fr\/"},{"@type":"ListItem","position":2,"name":"Apprentissage","item":"https:\/\/www.skilledtradesontario.ca\/fr\/apprentissage\/"},{"@type":"ListItem","position":3,"name":"Certificat de qualification temporaire"}]},{"@type":"WebSite","@id":"https:\/\/www.skilledtradesontario.ca\/#website","url":"https:\/\/www.skilledtradesontario.ca\/","name":"M\u00e9tiers sp\u00e9cialis\u00e9s Ontario","description":"Un organisme dirig\u00e9 par l'industrie charg\u00e9 de promouvoir et de moderniser les m\u00e9tiers sp\u00e9cialis\u00e9s et de prot\u00e9ger les gens de m\u00e9tier, l'industrie et, par-dessus tout, l'int\u00e9r\u00eat public.","potentialAction":[{"@type":"SearchAction","target":{"@type":"EntryPoint","urlTemplate":"https:\/\/www.skilledtradesontario.ca\/?s={search_term_string}"},"query-input":{"@type":"PropertyValueSpecification","valueRequired":true,"valueName":"search_term_string"}}],"inLanguage":"fr-FR"}]}},"_links":{"self":[{"href":"https:\/\/www.skilledtradesontario.ca\/fr\/wp-json\/wp\/v2\/pages\/35740","targetHints":{"allow":["GET"]}}],"collection":[{"href":"https:\/\/www.skilledtradesontario.ca\/fr\/wp-json\/wp\/v2\/pages"}],"about":[{"href":"https:\/\/www.skilledtradesontario.ca\/fr\/wp-json\/wp\/v2\/types\/page"}],"author":[{"embeddable":true,"href":"https:\/\/www.skilledtradesontario.ca\/fr\/wp-json\/wp\/v2\/users\/16"}],"replies":[{"embeddable":true,"href":"https:\/\/www.skilledtradesontario.ca\/fr\/wp-json\/wp\/v2\/comments?post=35740"}],"version-history":[{"count":6,"href":"https:\/\/www.skilledtradesontario.ca\/fr\/wp-json\/wp\/v2\/pages\/35740\/revisions"}],"predecessor-version":[{"id":46401,"href":"https:\/\/www.skilledtradesontario.ca\/fr\/wp-json\/wp\/v2\/pages\/35740\/revisions\/46401"}],"up":[{"embeddable":true,"href":"https:\/\/www.skilledtradesontario.ca\/fr\/wp-json\/wp\/v2\/pages\/35541"}],"wp:attachment":[{"href":"https:\/\/www.skilledtradesontario.ca\/fr\/wp-json\/wp\/v2\/media?parent=35740"}],"wp:term":[{"taxonomy":"post_tag","embeddable":true,"href":"https:\/\/www.skilledtradesontario.ca\/fr\/wp-json\/wp\/v2\/tags?post=35740"}],"curies":[{"name":"wp","href":"https:\/\/api.w.org\/{rel}","templated":true}]}}