{"id":35738,"date":"2021-11-22T15:50:19","date_gmt":"2021-11-22T15:50:19","guid":{"rendered":"https:\/\/skilledtradesontario.ca\/?page_id=35738"},"modified":"2026-04-07T16:58:25","modified_gmt":"2026-04-07T20:58:25","slug":"terminer-un-apprentissage","status":"publish","type":"page","link":"https:\/\/www.skilledtradesontario.ca\/fr\/apprentissage\/terminer-un-apprentissage\/","title":{"rendered":"Terminer un apprentissage"},"content":{"rendered":"<p><span class=\"TextRun SCXW142163507 BCX8\" lang=\"FR-CA\" xml:lang=\"FR-CA\" data-contrast=\"none\"><span class=\"NormalTextRun SCXW142163507 BCX8\">Une fois que vous avez termin\u00e9 votre apprentissage, le minist\u00e8re du Travail, de l&#8217;Immigration, de la Formation et du D\u00e9veloppement des comp\u00e9tences \u00e9mettra un <\/span><\/span><a class=\"Hyperlink SCXW142163507 BCX8\" href=\"https:\/\/www.ontario.ca\/fr\/page\/terminer-apprentisage#section-0\" target=\"_blank\" rel=\"noreferrer noopener\"><span class=\"TextRun Underlined SCXW142163507 BCX8\" lang=\"FR-CA\" xml:lang=\"FR-CA\" data-contrast=\"none\"><span class=\"NormalTextRun SCXW142163507 BCX8\" data-ccp-charstyle=\"Hyperlink\">Certificat d&#8217;apprentissage<\/span><\/span><\/a> <span class=\"TextRun SCXW142163507 BCX8\" lang=\"FR-CA\" xml:lang=\"FR-CA\" data-contrast=\"none\"><span class=\"NormalTextRun SCXW142163507 BCX8\">\u00e0 votre nom. Tout d\u00e9pendant du m\u00e9tier que vous exercez, il peut s&#8217;agir de la derni\u00e8re \u00e9tape de votre apprentissage. Pour d&#8217;autres m\u00e9tiers, vous devrez peut-\u00eatre passer un examen <\/span><\/span><span class=\"TextRun Highlight SCXW142163507 BCX8\" lang=\"FR-CA\" xml:lang=\"FR-CA\" data-contrast=\"none\"><span class=\"NormalTextRun SCXW142163507 BCX8\">de certification<\/span><\/span><span class=\"TextRun SCXW142163507 BCX8\" lang=\"FR-CA\" xml:lang=\"FR-CA\" data-contrast=\"none\"><span class=\"NormalTextRun SCXW142163507 BCX8\">.<\/span><\/span><span class=\"EOP SCXW142163507 BCX8\" data-ccp-props=\"{&quot;201341983&quot;:0,&quot;335559739&quot;:160,&quot;335559740&quot;:259}\">\u00a0<\/span><\/p>\n<div style=\"padding-top: 20px;\"><\/div>\n<h2 style=\"font-weight: 600; color: #21375c; font-size: 25px;\">Obtenir un Certificat d\u2019apprentissage<\/h2>\n<p><span data-contrast=\"none\">Un <\/span><a href=\"https:\/\/www.ontario.ca\/fr\/page\/terminer-apprentisage#section-0\" target=\"_blank\" rel=\"noopener\"><b><span data-contrast=\"none\">Certificat d&#8217;apprentissage<\/span><\/b><\/a><span data-contrast=\"none\"> dans un m\u00e9tier sp\u00e9cialis\u00e9 d\u00e9montre que vous avez satisfait aux exigences de formation en classe et <span class=\"TextRun Highlight SCXW33141324 BCX8\" lang=\"FR-CA\" xml:lang=\"FR-CA\" data-contrast=\"auto\"><span class=\"NormalTextRun SCXW33141324 BCX8\">d\u2019apprenti<\/span><\/span> pour ce m\u00e9tier<\/span><span data-contrast=\"auto\">.<\/span><span data-ccp-props=\"{&quot;201341983&quot;:0,&quot;335559739&quot;:160,&quot;335559740&quot;:259}\">\u00a0<\/span><\/p>\n<p><span data-contrast=\"none\">Vous ou votre employeur devez informer votre conseiller minist\u00e9riel une fois que vous avez satisfait aux exigences de la formation en apprentissage<\/span><span data-contrast=\"auto\">.\u00a0<\/span><span data-ccp-props=\"{&quot;201341983&quot;:0,&quot;335559739&quot;:160,&quot;335559740&quot;:259}\">\u00a0<\/span><\/p>\n<p><span data-contrast=\"none\">Le minist\u00e8re du Travail, de l&#8217;Immigration, de la Formation et du D\u00e9veloppement des comp\u00e9tences vous enverra votre Certificat d&#8217;apprentissage dans les six semaines qui suivent la date \u00e0 laquelle vous l&#8217;aurez inform\u00e9 que vous avez termin\u00e9 votre formation<\/span><span data-contrast=\"auto\">.<\/span><span data-ccp-props=\"{&quot;201341983&quot;:0,&quot;335559739&quot;:160,&quot;335559740&quot;:259}\">\u00a0<\/span><\/p>\n<p><span data-contrast=\"none\">Si votre m\u00e9tier n\u2019exige pas d&#8217;examen <\/span><span data-contrast=\"none\">de certification<\/span><span data-contrast=\"none\">, cette \u00e9tape est la derni\u00e8re \u00e9tape du processus<\/span><span data-contrast=\"auto\">.<\/span><span data-ccp-props=\"{&quot;201341983&quot;:0,&quot;335559739&quot;:160,&quot;335559740&quot;:259}\">\u00a0<\/span><\/p>\n<div style=\"padding-top: 20px;\"><\/div>\n<h2 style=\"font-weight: 600; color: #21375c; font-size: 25px;\">Obtenir un Certificat de qualification temporaire<\/h2>\n<p><span data-contrast=\"none\">Si votre m\u00e9tier est assujetti \u00e0 un <\/span><a href=\"https:\/\/www.skilledtradesontario.ca\/fr\/certification\/admissibilite-a-lexamen\/\"><span data-contrast=\"none\">examen de certification<\/span><\/a><span data-contrast=\"none\">, vous recevrez \u00e9galement un <\/span><a href=\"https:\/\/www.skilledtradesontario.ca\/fr\/apprentissage\/certificat-de-qualification-temporaire\/\"><b><span data-contrast=\"none\">Certificat de qualification temporaire<\/span><\/b><\/a><span data-contrast=\"none\"> apr\u00e8s avoir termin\u00e9 votre apprentissage. Ce certificat est valide pour une p\u00e9riode d\u2019un an au cours duquel vous devez r\u00e9ussir l&#8217;examen de certification<\/span><span data-contrast=\"auto\">.<\/span><span data-ccp-props=\"{&quot;201341983&quot;:0,&quot;335559739&quot;:160,&quot;335559740&quot;:259}\">\u00a0<\/span><\/p>\n<p><span data-contrast=\"none\">Le\u00a0Certificat de qualification temporaire\u00a0vous permet de continuer \u00e0 exercer un m\u00e9tier \u00e0 accr\u00e9ditation obligatoire pendant que vous vous pr\u00e9parez \u00e0 l&#8217;examen de certification.<\/span><span data-contrast=\"auto\">\u00a0<\/span><span data-ccp-props=\"{&quot;201341983&quot;:0,&quot;335559739&quot;:160,&quot;335559740&quot;:259}\">\u00a0<\/span><\/p>\n<p><span data-contrast=\"none\">M\u00e9tiers sp\u00e9cialis\u00e9s Ontario vous enverra le Certificat de\u00a0qualification temporaire\u00a0par courriel, ou par la poste si vous n&#8217;avez pas acc\u00e8s \u00e0 un courriel<\/span><span data-contrast=\"auto\">.<\/span><span data-ccp-props=\"{&quot;201341983&quot;:0,&quot;335559739&quot;:160,&quot;335559740&quot;:259}\">\u00a0<\/span><\/p>\n<div style=\"padding-top: 20px;\"><\/div>\n<h2 style=\"font-weight: 600; color: #21375c; font-size: 25px;\">Passer l\u2019examen de certification<\/h2>\n<p><span data-contrast=\"none\">Des examens\u00a0de certification\u00a0sont disponibles pour tous les m\u00e9tiers \u00e0 accr\u00e9ditation obligatoire et pour certains m\u00e9tiers \u00e0 accr\u00e9ditation non obligatoire. <\/span><a href=\"https:\/\/www.skilledtradesontario.ca\/fr\/a-propos-des-metiers\/renseignements-sur-les-metiers\/\"><span data-contrast=\"none\">Consultez les normes de formation et les programmes d&#8217;\u00e9tudes<\/span><\/a> <span data-contrast=\"none\">de votre m\u00e9tier pour savoir si vous devez passer un examen de certification<\/span><span data-contrast=\"auto\">.<\/span><span data-ccp-props=\"{&quot;201341983&quot;:0,&quot;335559739&quot;:160,&quot;335559740&quot;:259}\">\u00a0<\/span><\/p>\n<p><span data-contrast=\"none\">Une fois que vous aurez r\u00e9ussi votre examen de certification, vous recevez un <\/span><b><span data-contrast=\"none\">Certificat de qualification<\/span><\/b><span data-contrast=\"none\">. Ce document officiel prouve que vous \u00eates qualifi\u00e9 pour exercer un m\u00e9tier particulier en <\/span><span data-contrast=\"auto\">Ontario.<\/span><span data-ccp-props=\"{&quot;201341983&quot;:0,&quot;335559739&quot;:160,&quot;335559740&quot;:259}\">\u00a0<\/span><\/p>\n<p aria-level=\"1\"><a href=\"https:\/\/www.skilledtradesontario.ca\/fr\/certification\/certificat-de-qualification\/\"><span data-contrast=\"none\">Renseignez-vous au sujet des avantages de l&#8217;accr\u00e9ditation et sur la fa\u00e7on d&#8217;obtenir un Certificat de qualification.<\/span><\/a><span data-contrast=\"none\">\u00a0<\/span><span data-ccp-props=\"{&quot;134245418&quot;:true,&quot;134245529&quot;:true,&quot;201341983&quot;:0,&quot;335559738&quot;:240,&quot;335559739&quot;:0,&quot;335559740&quot;:259}\">\u00a0<\/span><\/p>\n<div style=\"padding-top: 20px;\"><\/div>\n<h2 style=\"font-weight: 600; color: #21375c; font-size: 25px;\">Obtenir la certification Sceau rouge<\/h2>\n<p><span data-contrast=\"none\">Le <\/span><a href=\"https:\/\/www.red-seal.ca\/\" target=\"_blank\" rel=\"noopener\"><span data-contrast=\"none\">programme du Sceau rouge<\/span><\/a> <span data-contrast=\"none\">\u00e9tablit des normes communes pour \u00e9valuer les comp\u00e9tences des gens de m\u00e9tier partout au Canada. La mention du Sceau rouge sur votre certificat de comp\u00e9tence vous permet <\/span><b><span data-contrast=\"none\">d&#8217;exercer votre m\u00e9tier partout au Canada o\u00f9 ce m\u00e9tier est d\u00e9sign\u00e9 comme un m\u00e9tier Sceau rouge<\/span><\/b><span data-contrast=\"none\">.<\/span><span data-ccp-props=\"{&quot;201341983&quot;:0,&quot;335559739&quot;:160,&quot;335559740&quot;:259}\">\u00a0<\/span><\/p>\n<p><a href=\"https:\/\/www.red-seal.ca\/fra\/trades\/tr.1d.2s_l.3st.shtml\" target=\"_blank\" rel=\"noopener\"><span data-contrast=\"none\">Vous trouverez ici une liste compl\u00e8te de tous les m\u00e9tiers Sceau rouge.<\/span><\/a><span data-ccp-props=\"{&quot;201341983&quot;:0,&quot;335559739&quot;:160,&quot;335559740&quot;:259}\">\u00a0<\/span><\/p>\n<p><span data-contrast=\"none\">Les professionnels des m\u00e9tiers sp\u00e9cialis\u00e9s qui r\u00e9ussissent l&#8217;examen du Sceau rouge re\u00e7oivent une mention Sceau rouge sur leur Certificat de qualification<\/span><span data-contrast=\"none\">.\u00a0<\/span><span data-ccp-props=\"{&quot;201341983&quot;:0,&quot;335559739&quot;:160,&quot;335559740&quot;:259}\">\u00a0<\/span><\/p>\n<p><span data-contrast=\"none\">La mention Sceau rouge fait la promotion de l&#8217;excellence aupr\u00e8s des employeurs, favorise la mobilit\u00e9 de la main-d&#8217;\u0153uvre en plus d\u2019\u00eatre une source de fiert\u00e9 pour les professionnels des m\u00e9tiers sp\u00e9cialis\u00e9s<\/span><span data-contrast=\"none\">.<\/span><span data-ccp-props=\"{&quot;201341983&quot;:0,&quot;335559739&quot;:160,&quot;335559740&quot;:259}\">\u00a0<\/span><\/p>\n<div style=\"padding-top: 20px;\"><\/div>\n<h2 style=\"font-weight: 600; color: #21375c; font-size: 25px;\">Relatif au Sceau rouge<\/h2>\n<p><a class=\"Hyperlink SCXW72959933 BCX8\" href=\"https:\/\/www.red-seal.ca\/fra\/resources\/r.2g.3st.2r.shtml\" target=\"_blank\" rel=\"noreferrer noopener\"><span class=\"TextRun Underlined SCXW72959933 BCX8\" lang=\"FR-CA\" xml:lang=\"FR-CA\" data-contrast=\"none\"><span class=\"NormalTextRun SCXW72959933 BCX8\" data-ccp-charstyle=\"Hyperlink\">Pour en savoir davantage sur l&#8217;admissibilit\u00e9 \u00e0 l&#8217;examen du Sceau rouge, sur la mani\u00e8re de s&#8217;inscrire et d&#8217;acc\u00e9der aux ressources relatives \u00e0 l&#8217;examen.<\/span><\/span><\/a><\/p>\n","protected":false},"excerpt":{"rendered":"<p>Une fois que vous avez termin\u00e9 votre apprentissage, le minist\u00e8re du Travail, de l&#8217;Immigration, de la Formation et du&#8230;<\/p>\n","protected":false},"author":16,"featured_media":0,"parent":35541,"menu_order":3,"comment_status":"closed","ping_status":"closed","template":"template-pages\/STO-Custom-Page-V3.php","meta":{"_acf_changed":false,"footnotes":""},"tags":[],"class_list":["post-35738","page","type-page","status-publish","hentry"],"acf":[],"yoast_head":"<!-- This site is optimized with the Yoast SEO plugin v27.3 - https:\/\/yoast.com\/product\/yoast-seo-wordpress\/ -->\n<title>Terminer un apprentissage - M\u00e9tiers sp\u00e9cialis\u00e9s Ontario<\/title>\n<meta name=\"robots\" content=\"index, follow, max-snippet:-1, max-image-preview:large, max-video-preview:-1\" \/>\n<link rel=\"canonical\" href=\"https:\/\/www.skilledtradesontario.ca\/fr\/apprentissage\/terminer-un-apprentissage\/\" \/>\n<meta property=\"og:locale\" content=\"fr_FR\" \/>\n<meta property=\"og:type\" content=\"article\" \/>\n<meta property=\"og:title\" content=\"M\u00e9tiers sp\u00e9cialis\u00e9s Ontario - Terminer un apprentissage\" \/>\n<meta property=\"og:description\" content=\"Une fois que vous avez termin\u00e9 toutes les formations en classe et sur les lieux de travail, il est temps de terminer officiellement votre programme d\u2019apprentissage aupr\u00e8s de M\u00e9tiers sp\u00e9cialis\u00e9s Ontario. Suivez ces \u00e9tapes pour vous assurer la fluidit\u00e9 du processus.\" \/>\n<meta property=\"og:url\" content=\"https:\/\/www.skilledtradesontario.ca\/fr\/apprentissage\/terminer-un-apprentissage\/\" \/>\n<meta property=\"og:site_name\" content=\"M\u00e9tiers sp\u00e9cialis\u00e9s Ontario\" \/>\n<meta property=\"article:modified_time\" content=\"2026-04-07T20:58:25+00:00\" \/>\n<meta property=\"og:image\" content=\"https:\/\/www.skilledtradesontario.ca\/wp-content\/uploads\/2025\/05\/10.jpg\" \/>\n\t<meta property=\"og:image:width\" content=\"1791\" \/>\n\t<meta property=\"og:image:height\" content=\"938\" \/>\n\t<meta property=\"og:image:type\" content=\"image\/jpeg\" \/>\n<meta name=\"twitter:card\" content=\"summary_large_image\" \/>\n<meta name=\"twitter:title\" content=\"M\u00e9tiers sp\u00e9cialis\u00e9s Ontario - Terminer un apprentissage\" \/>\n<meta name=\"twitter:description\" content=\"Une fois que vous avez termin\u00e9 toutes les formations en classe et sur les lieux de travail, il est temps de terminer officiellement votre programme d\u2019apprentissage aupr\u00e8s de M\u00e9tiers sp\u00e9cialis\u00e9s Ontario. Suivez ces \u00e9tapes pour vous assurer la fluidit\u00e9 du processus.\" \/>\n<meta name=\"twitter:image\" content=\"https:\/\/www.skilledtradesontario.ca\/wp-content\/uploads\/2025\/05\/10.jpg\" \/>\n<meta name=\"twitter:site\" content=\"@SkilledTradesON\" \/>\n<meta name=\"twitter:label1\" content=\"Dur\u00e9e de lecture estim\u00e9e\" \/>\n\t<meta name=\"twitter:data1\" content=\"3 minutes\" \/>\n<script type=\"application\/ld+json\" class=\"yoast-schema-graph\">{\"@context\":\"https:\\\/\\\/schema.org\",\"@graph\":[{\"@type\":\"WebPage\",\"@id\":\"https:\\\/\\\/www.skilledtradesontario.ca\\\/fr\\\/apprentissage\\\/terminer-un-apprentissage\\\/\",\"url\":\"https:\\\/\\\/www.skilledtradesontario.ca\\\/fr\\\/apprentissage\\\/terminer-un-apprentissage\\\/\",\"name\":\"Terminer un apprentissage - M\u00e9tiers sp\u00e9cialis\u00e9s Ontario\",\"isPartOf\":{\"@id\":\"https:\\\/\\\/www.skilledtradesontario.ca\\\/#website\"},\"datePublished\":\"2021-11-22T15:50:19+00:00\",\"dateModified\":\"2026-04-07T20:58:25+00:00\",\"breadcrumb\":{\"@id\":\"https:\\\/\\\/www.skilledtradesontario.ca\\\/fr\\\/apprentissage\\\/terminer-un-apprentissage\\\/#breadcrumb\"},\"inLanguage\":\"fr-FR\",\"potentialAction\":[{\"@type\":\"ReadAction\",\"target\":[\"https:\\\/\\\/www.skilledtradesontario.ca\\\/fr\\\/apprentissage\\\/terminer-un-apprentissage\\\/\"]}]},{\"@type\":\"BreadcrumbList\",\"@id\":\"https:\\\/\\\/www.skilledtradesontario.ca\\\/fr\\\/apprentissage\\\/terminer-un-apprentissage\\\/#breadcrumb\",\"itemListElement\":[{\"@type\":\"ListItem\",\"position\":1,\"name\":\"Home\",\"item\":\"https:\\\/\\\/www.skilledtradesontario.ca\\\/fr\\\/\"},{\"@type\":\"ListItem\",\"position\":2,\"name\":\"Apprentissage\",\"item\":\"https:\\\/\\\/www.skilledtradesontario.ca\\\/fr\\\/apprentissage\\\/\"},{\"@type\":\"ListItem\",\"position\":3,\"name\":\"Terminer un apprentissage\"}]},{\"@type\":\"WebSite\",\"@id\":\"https:\\\/\\\/www.skilledtradesontario.ca\\\/#website\",\"url\":\"https:\\\/\\\/www.skilledtradesontario.ca\\\/\",\"name\":\"M\u00e9tiers sp\u00e9cialis\u00e9s Ontario\",\"description\":\"Un organisme dirig\u00e9 par l'industrie charg\u00e9 de promouvoir et de moderniser les m\u00e9tiers sp\u00e9cialis\u00e9s et de prot\u00e9ger les gens de m\u00e9tier, l'industrie et, par-dessus tout, l'int\u00e9r\u00eat public.\",\"potentialAction\":[{\"@type\":\"SearchAction\",\"target\":{\"@type\":\"EntryPoint\",\"urlTemplate\":\"https:\\\/\\\/www.skilledtradesontario.ca\\\/?s={search_term_string}\"},\"query-input\":{\"@type\":\"PropertyValueSpecification\",\"valueRequired\":true,\"valueName\":\"search_term_string\"}}],\"inLanguage\":\"fr-FR\"}]}<\/script>\n<!-- \/ Yoast SEO plugin. -->","yoast_head_json":{"title":"Terminer un apprentissage - M\u00e9tiers sp\u00e9cialis\u00e9s Ontario","robots":{"index":"index","follow":"follow","max-snippet":"max-snippet:-1","max-image-preview":"max-image-preview:large","max-video-preview":"max-video-preview:-1"},"canonical":"https:\/\/www.skilledtradesontario.ca\/fr\/apprentissage\/terminer-un-apprentissage\/","og_locale":"fr_FR","og_type":"article","og_title":"M\u00e9tiers sp\u00e9cialis\u00e9s Ontario - Terminer un apprentissage","og_description":"Une fois que vous avez termin\u00e9 toutes les formations en classe et sur les lieux de travail, il est temps de terminer officiellement votre programme d\u2019apprentissage aupr\u00e8s de M\u00e9tiers sp\u00e9cialis\u00e9s Ontario. Suivez ces \u00e9tapes pour vous assurer la fluidit\u00e9 du processus.","og_url":"https:\/\/www.skilledtradesontario.ca\/fr\/apprentissage\/terminer-un-apprentissage\/","og_site_name":"M\u00e9tiers sp\u00e9cialis\u00e9s Ontario","article_modified_time":"2026-04-07T20:58:25+00:00","og_image":[{"width":1791,"height":938,"url":"https:\/\/www.skilledtradesontario.ca\/wp-content\/uploads\/2025\/05\/10.jpg","type":"image\/jpeg"}],"twitter_card":"summary_large_image","twitter_title":"M\u00e9tiers sp\u00e9cialis\u00e9s Ontario - Terminer un apprentissage","twitter_description":"Une fois que vous avez termin\u00e9 toutes les formations en classe et sur les lieux de travail, il est temps de terminer officiellement votre programme d\u2019apprentissage aupr\u00e8s de M\u00e9tiers sp\u00e9cialis\u00e9s Ontario. Suivez ces \u00e9tapes pour vous assurer la fluidit\u00e9 du processus.","twitter_image":"https:\/\/www.skilledtradesontario.ca\/wp-content\/uploads\/2025\/05\/10.jpg","twitter_site":"@SkilledTradesON","twitter_misc":{"Dur\u00e9e de lecture estim\u00e9e":"3 minutes"},"schema":{"@context":"https:\/\/schema.org","@graph":[{"@type":"WebPage","@id":"https:\/\/www.skilledtradesontario.ca\/fr\/apprentissage\/terminer-un-apprentissage\/","url":"https:\/\/www.skilledtradesontario.ca\/fr\/apprentissage\/terminer-un-apprentissage\/","name":"Terminer un apprentissage - M\u00e9tiers sp\u00e9cialis\u00e9s Ontario","isPartOf":{"@id":"https:\/\/www.skilledtradesontario.ca\/#website"},"datePublished":"2021-11-22T15:50:19+00:00","dateModified":"2026-04-07T20:58:25+00:00","breadcrumb":{"@id":"https:\/\/www.skilledtradesontario.ca\/fr\/apprentissage\/terminer-un-apprentissage\/#breadcrumb"},"inLanguage":"fr-FR","potentialAction":[{"@type":"ReadAction","target":["https:\/\/www.skilledtradesontario.ca\/fr\/apprentissage\/terminer-un-apprentissage\/"]}]},{"@type":"BreadcrumbList","@id":"https:\/\/www.skilledtradesontario.ca\/fr\/apprentissage\/terminer-un-apprentissage\/#breadcrumb","itemListElement":[{"@type":"ListItem","position":1,"name":"Home","item":"https:\/\/www.skilledtradesontario.ca\/fr\/"},{"@type":"ListItem","position":2,"name":"Apprentissage","item":"https:\/\/www.skilledtradesontario.ca\/fr\/apprentissage\/"},{"@type":"ListItem","position":3,"name":"Terminer un apprentissage"}]},{"@type":"WebSite","@id":"https:\/\/www.skilledtradesontario.ca\/#website","url":"https:\/\/www.skilledtradesontario.ca\/","name":"M\u00e9tiers sp\u00e9cialis\u00e9s Ontario","description":"Un organisme dirig\u00e9 par l'industrie charg\u00e9 de promouvoir et de moderniser les m\u00e9tiers sp\u00e9cialis\u00e9s et de prot\u00e9ger les gens de m\u00e9tier, l'industrie et, par-dessus tout, l'int\u00e9r\u00eat public.","potentialAction":[{"@type":"SearchAction","target":{"@type":"EntryPoint","urlTemplate":"https:\/\/www.skilledtradesontario.ca\/?s={search_term_string}"},"query-input":{"@type":"PropertyValueSpecification","valueRequired":true,"valueName":"search_term_string"}}],"inLanguage":"fr-FR"}]}},"_links":{"self":[{"href":"https:\/\/www.skilledtradesontario.ca\/fr\/wp-json\/wp\/v2\/pages\/35738","targetHints":{"allow":["GET"]}}],"collection":[{"href":"https:\/\/www.skilledtradesontario.ca\/fr\/wp-json\/wp\/v2\/pages"}],"about":[{"href":"https:\/\/www.skilledtradesontario.ca\/fr\/wp-json\/wp\/v2\/types\/page"}],"author":[{"embeddable":true,"href":"https:\/\/www.skilledtradesontario.ca\/fr\/wp-json\/wp\/v2\/users\/16"}],"replies":[{"embeddable":true,"href":"https:\/\/www.skilledtradesontario.ca\/fr\/wp-json\/wp\/v2\/comments?post=35738"}],"version-history":[{"count":8,"href":"https:\/\/www.skilledtradesontario.ca\/fr\/wp-json\/wp\/v2\/pages\/35738\/revisions"}],"predecessor-version":[{"id":47657,"href":"https:\/\/www.skilledtradesontario.ca\/fr\/wp-json\/wp\/v2\/pages\/35738\/revisions\/47657"}],"up":[{"embeddable":true,"href":"https:\/\/www.skilledtradesontario.ca\/fr\/wp-json\/wp\/v2\/pages\/35541"}],"wp:attachment":[{"href":"https:\/\/www.skilledtradesontario.ca\/fr\/wp-json\/wp\/v2\/media?parent=35738"}],"wp:term":[{"taxonomy":"post_tag","embeddable":true,"href":"https:\/\/www.skilledtradesontario.ca\/fr\/wp-json\/wp\/v2\/tags?post=35738"}],"curies":[{"name":"wp","href":"https:\/\/api.w.org\/{rel}","templated":true}]}}