{"id":35733,"date":"2021-11-22T15:44:51","date_gmt":"2021-11-22T15:44:51","guid":{"rendered":"https:\/\/skilledtradesontario.ca\/?page_id=35733"},"modified":"2025-06-03T12:07:43","modified_gmt":"2025-06-03T16:07:43","slug":"commencer-un-apprentissage","status":"publish","type":"page","link":"https:\/\/www.skilledtradesontario.ca\/fr\/apprentissage\/commencer-un-apprentissage\/","title":{"rendered":"Commencer un apprentissage"},"content":{"rendered":"<p>En Ontario, plusieurs m\u00e9tiers sp\u00e9cialis\u00e9s reconnus ont des programmes d&#8217;apprentissage, et chacun offre des possibilit\u00e9s d&#8217;emploi et des cheminements de carri\u00e8re diversifi\u00e9s.<\/p>\n<p>Les dipl\u00f4m\u00e9s des programmes d&#8217;apprentissage enregistr\u00e9s sont tr\u00e8s en demande. Un apprentissage peut offrir un avenir prometteur dans une carri\u00e8re s\u00fbre, bien r\u00e9mun\u00e9r\u00e9e et valorisante.<\/p>\n<div style=\"padding-top: 20px;\"><\/div>\n<h2 style=\"font-weight: 600; color: #21375c; font-size: 25px;\">Se pr\u00e9parer pour un apprentissage<\/h2>\n<p>Il existe plusieurs voies d&#8217;acc\u00e8s \u00e0 l&#8217;apprentissage. Vous en apprendrez beaucoup \u00e0 propos de votre future carri\u00e8re gr\u00e2ce \u00e0 l&#8217;apprentissage.<\/p>\n<p>La fa\u00e7on dont vous vous <a href=\"https:\/\/www.ontario.ca\/fr\/page\/preparation-lapprentissage\" target=\"_blank\" rel=\"noopener\">pr\u00e9parez pour un apprentissage<\/a> d\u00e9pend de votre situation.<\/p>\n<div style=\"padding-top: 20px;\"><\/div>\n<h3 style=\"font-weight: 600; color: #21375c; font-size: 18px;\">SI vous \u00eates un \u00e9l\u00e8ve du secondaire<\/h3>\n<p>Les \u00e9l\u00e8ves qui s&#8217;int\u00e9ressent aux m\u00e9tiers peuvent commencer \u00e0 se pr\u00e9parer \u00e0 un apprentissage \u00e0 l&#8217;\u00e9cole secondaire en suivant des cours portant sur les m\u00e9tiers ou en s&#8217;inscrivant \u00e0 des programmes de formation professionnelle comme le <a href=\"https:\/\/www.ontario.ca\/fr\/page\/preparation-lapprentissage#section-2\" target=\"_blank\" rel=\"noopener\">Programme d&#8217;apprentissage pour les jeunes de l&#8217;Ontario ou le Programme de majeure haute sp\u00e9cialisation.<\/a><\/p>\n<p><a href=\"https:\/\/www.ontario.ca\/fr\/page\/les-metiers-specialises-dans-les-ecoles-de-lontario\" target=\"_blank\" rel=\"noopener\"><strong>Renseignez-vous sur les diff\u00e9rents programmes d&#8217;acquisition de comp\u00e9tences professionnelles en Ontario.<\/strong><\/a><\/p>\n<div style=\"padding-top: 20px;\"><\/div>\n<h3 style=\"font-weight: 600; color: #21375c; font-size: 18px;\">Si vous ne fr\u00e9quentez pas l\u2019\u00e9cole secondaire<\/h3>\n<p>Diff\u00e9rents organismes \u00e0 travers l&#8217;Ontario, comme les coll\u00e8ges ou des organismes communautaires, offrent des programmes de formation pr\u00e9apprentissage. Ces programmes de formation gratuits vous aident \u00e0 acqu\u00e9rir les comp\u00e9tences et l&#8217;exp\u00e9rience requises pour pouvoir entreprendre un apprentissage.<\/p>\n<p><a href=\"https:\/\/www.ontario.ca\/fr\/page\/preparation-lapprentissage#section-1\" target=\"_blank\" rel=\"noopener\"><strong>Renseignez-vous sur la formation pr\u00e9apprentissage.<\/strong><\/a><\/p>\n<div style=\"padding-top: 20px;\"><\/div>\n<h2 style=\"font-weight: 600; color: #21375c; font-size: 25px;\">Commencer un apprentissage<\/h2>\n<p>Pour commencer un apprentissage :<\/p>\n<ol>\n<li style=\"list-style-type: none;\">\n<ol>\n<li><span><b><span data-contrast=\"none\">V\u00e9rifiez si vous satisfaites aux crit\u00e8res d\u2019admissibilit\u00e9<\/span><\/b><span data-contrast=\"none\">. Le minist\u00e8re du Travail, de l&#8217;Immigration, de la Formation et du D\u00e9veloppement des comp\u00e9tences fournit <\/span><a href=\"https:\/\/www.ontario.ca\/fr\/page\/entreprendre-un-apprentissage#section-3\" target=\"_blank\" rel=\"noopener\"><span data-contrast=\"none\">des renseignements et des services pour vous aider \u00e0 d\u00e9terminer si vous \u00eates admissible \u00e0 un programme d&#8217;apprentissage.<\/span><\/a><\/span><\/li>\n<div style=\"padding-top: 20px;\"><\/div>\n<li><span><b><span data-contrast=\"none\">Trouvez un parrain ou un employeur<\/span><\/b><span data-contrast=\"none\">. <\/span><a href=\"https:\/\/www.ontario.ca\/fr\/page\/entreprendre-un-apprentissage#section-2:~:text=Trouver%20un%20employeur%2C%20un%20parrain%20ou%20une%20marraine\" target=\"_blank\" rel=\"noopener\"><span data-contrast=\"none\">Plusieurs ressources sont offertes pour vous aider \u00e0 trouver des parrains et des employeurs<\/span><\/a><span data-contrast=\"none\"> qui sont dispos\u00e9s \u00e0 vous offrir une formation en apprentissage<\/span><span data-contrast=\"auto\">.<\/span><\/span><\/li>\n<div style=\"padding-top: 20px;\"><\/div>\n<li><span><b><span data-contrast=\"none\">Posez votre candidature \u00e0 un programme d&#8217;apprentissage<\/span><\/b><span data-contrast=\"none\">. Si vous avez 18 ans ou plus, vous pouvez pr\u00e9senter une demande par l&#8217;entremise du <\/span><a href=\"https:\/\/www.skilledtradesontario.ca\/fr\/portail-de-metiers-specialises-ontario\/\"><span data-contrast=\"none\">portail de M\u00e9tiers sp\u00e9cialis\u00e9s Ontario<\/span><\/a> <span data-contrast=\"none\">ou en d\u00e9posant une demande sur papier \u00e0 votre <\/span><a href=\"https:\/\/www.ontario.ca\/fr\/page\/bureau-dapprentissage-demploi-ontario\" target=\"_blank\" rel=\"noopener\"><span data-contrast=\"none\">bureau local d&#8217;apprentissage<\/span><\/a><span data-contrast=\"none\">. Si vous avez 16 ou 17 ans, vous devez pr\u00e9senter une demande sur papier<\/span><span data-contrast=\"auto\">.<\/span><\/span><\/li>\n<div style=\"padding-top: 20px;\"><\/div>\n<li><span><b><span data-contrast=\"none\">Signez une entente de formation avec votre parrain<\/span><\/b><span data-contrast=\"none\">. Si votre demande est approuv\u00e9e, le Minist\u00e8re vous contactera ainsi que votre parrain pour que vous puissiez signer une entente de formation enregistr\u00e9e<\/span><span data-contrast=\"auto\">.<\/span><span data-ccp-props=\"{&quot;201341983&quot;:0,&quot;335559739&quot;:160,&quot;335559740&quot;:259}\">\u00a0<\/span><\/span><\/li>\n<\/ol>\n<\/span><\/li>\n<\/ol>\n<p><span class=\"TextRun SCXW192432872 BCX8\" lang=\"FR-CA\" xml:lang=\"FR-CA\" data-contrast=\"none\"><span class=\"NormalTextRun SCXW192432872 BCX8\">Si vous devenez apprenti<\/span><span class=\"NormalTextRun SCXW192432872 BCX8\">(<\/span><span class=\"NormalTextRun SCXW192432872 BCX8\">e<\/span><span class=\"NormalTextRun SCXW192432872 BCX8\">)<\/span><span class=\"NormalTextRun SCXW192432872 BCX8\"> dans un <\/span><\/span><a class=\"Hyperlink SCXW192432872 BCX8\" href=\"https:\/\/www.skilledtradesontario.ca\/fr\/a-propos-des-metiers\/travail-dans-des-metiers-a-accreditation-obligatoire\/\" rel=\"noreferrer noopener\"><span class=\"TextRun Underlined SCXW192432872 BCX8\" lang=\"FR-CA\" xml:lang=\"FR-CA\" data-contrast=\"none\"><span class=\"NormalTextRun SCXW192432872 BCX8\" data-ccp-charstyle=\"Hyperlink\">m\u00e9tier obligatoire<\/span><\/span><\/a><span class=\"TextRun SCXW192432872 BCX8\" lang=\"FR-CA\" xml:lang=\"FR-CA\" data-contrast=\"none\"><span class=\"NormalTextRun SCXW192432872 BCX8\">, votre nom sera automatiquement inscrit au Registre <\/span><\/span><a class=\"Hyperlink SCXW192432872 BCX8\" href=\"https:\/\/www.skilledtradesontario.ca\/fr\/registre-public\/\" rel=\"noreferrer noopener\"><span class=\"TextRun Underlined SCXW192432872 BCX8\" lang=\"FR-CA\" xml:lang=\"FR-CA\" data-contrast=\"none\"><span class=\"NormalTextRun SCXW192432872 BCX8\" data-ccp-charstyle=\"Hyperlink\">public des M\u00e9tiers sp\u00e9cialis\u00e9s de l&#8217;Ontario<\/span><\/span><\/a><span class=\"TextRun SCXW192432872 BCX8\" lang=\"FR-CA\" xml:lang=\"FR-CA\" data-contrast=\"none\"><span class=\"NormalTextRun SCXW192432872 BCX8\">, sauf si vous \u00eates inscrit au Programme d&#8217;apprentissage pour les jeunes de l&#8217;Ontario. Les apprenti<\/span><span class=\"NormalTextRun SCXW192432872 BCX8\">(<\/span><span class=\"NormalTextRun SCXW192432872 BCX8\">e<\/span><span class=\"NormalTextRun SCXW192432872 BCX8\">)<\/span><span class=\"NormalTextRun SCXW192432872 BCX8\">s ne paient pas de frais \u00e0 M\u00e9tiers sp\u00e9cialis\u00e9s Ontario<\/span><\/span><span class=\"TextRun SCXW192432872 BCX8\" lang=\"FR-CA\" xml:lang=\"FR-CA\" data-contrast=\"auto\"><span class=\"NormalTextRun SCXW192432872 BCX8\">.<\/span><\/span><span class=\"EOP SCXW192432872 BCX8\" data-ccp-props=\"{&quot;201341983&quot;:0,&quot;335559739&quot;:160,&quot;335559740&quot;:259}\">\u00a0<\/span><\/p>\n<div style=\"padding-top: 20px;\"><\/div>\n<h2 style=\"font-weight: 600; color: #21375c; font-size: 25px;\">Explorer les ressources<\/h2>\n<p>Apprenez-en davantage sur les carri\u00e8res dans les m\u00e9tiers sp\u00e9cialis\u00e9s et voyez si l\u2019apprentissage est le bon choix pour vous. Vous trouverez des informations sur l\u2019apprentissage et les exigences en mati\u00e8re de formation pour chaque m\u00e9tier\u202f<a href=\"https:\/\/www.skilledtradesontario.ca\/fr\/a-propos-des-metiers\/renseignements-sur-les-metiers\/\">sur notre site Web<\/a>. <\/p>\n<div style=\"padding-top: 20px;\"><\/div>\n<h2 style=\"font-weight: 600; color: #21375c; font-size: 25px;\">Relatif \u00e0 l\u2019apprentissage<\/h2>\n<p><a href=\"https:\/\/www.ontario.ca\/fr\/page\/bureau-dapprentissage-demploi-ontario\" target=\"_blank\" rel=\"noopener\">Contactez votre bureau local d&#8217;apprentissage<\/a> si vous avez des questions au sujet de votre entente de formation enregistr\u00e9e, des heures en milieu de travail, de la formation et du parrainage.<\/p>\n<p><a href=\"https:\/\/www.skilledtradesontario.ca\/fr\/a-propos-des-metiers\/renseignements-sur-les-metiers\/\">Visitez notre page de renseignements sur les m\u00e9tiers<\/a> pour obtenir des d\u00e9tails suppl\u00e9mentaires sur la formation et les normes du programme d&#8217;\u00e9tudes.<\/p>\n","protected":false},"excerpt":{"rendered":"<p>En Ontario, plusieurs m\u00e9tiers sp\u00e9cialis\u00e9s reconnus ont des programmes d&#8217;apprentissage, et chacun offre des possibilit\u00e9s d&#8217;emploi et des cheminements&#8230;<\/p>\n","protected":false},"author":16,"featured_media":0,"parent":35541,"menu_order":2,"comment_status":"closed","ping_status":"closed","template":"template-pages\/STO-Custom-Page-V3.php","meta":{"_acf_changed":false,"footnotes":""},"tags":[],"class_list":["post-35733","page","type-page","status-publish","hentry"],"acf":[],"yoast_head":"<!-- This site is optimized with the Yoast SEO plugin v27.3 - https:\/\/yoast.com\/product\/yoast-seo-wordpress\/ -->\n<title>Commencer un apprentissage - M\u00e9tiers sp\u00e9cialis\u00e9s Ontario<\/title>\n<meta name=\"robots\" content=\"index, follow, max-snippet:-1, max-image-preview:large, max-video-preview:-1\" \/>\n<link rel=\"canonical\" href=\"https:\/\/www.skilledtradesontario.ca\/fr\/apprentissage\/commencer-un-apprentissage\/\" \/>\n<meta property=\"og:locale\" content=\"fr_FR\" \/>\n<meta property=\"og:type\" content=\"article\" \/>\n<meta property=\"og:title\" content=\"M\u00e9tiers sp\u00e9cialis\u00e9s Ontario - Commencer un apprentissage\" \/>\n<meta property=\"og:description\" content=\"Un apprentissage est une forme structur\u00e9e de formation des m\u00e9tiers o\u00f9 vous apprenez en faisant. Au lieu de simplement lire ou \u00e9couter, vous accumulez de l\u2019exp\u00e9rience pratique de travail. La plupart du temps (environ 80 %), vous travaillez et acqu\u00e9rez de nouvelles comp\u00e9tences sur le terrain aupr\u00e8s de professionnelles et de professionnels sp\u00e9cialis\u00e9s, et obtenez une r\u00e9mun\u00e9ration pendant que vous apprenez!\" \/>\n<meta property=\"og:url\" content=\"https:\/\/www.skilledtradesontario.ca\/fr\/apprentissage\/commencer-un-apprentissage\/\" \/>\n<meta property=\"og:site_name\" content=\"M\u00e9tiers sp\u00e9cialis\u00e9s Ontario\" \/>\n<meta property=\"article:modified_time\" content=\"2025-06-03T16:07:43+00:00\" \/>\n<meta property=\"og:image\" content=\"https:\/\/www.skilledtradesontario.ca\/wp-content\/uploads\/2025\/05\/4.jpg\" \/>\n\t<meta property=\"og:image:width\" content=\"1791\" \/>\n\t<meta property=\"og:image:height\" content=\"936\" \/>\n\t<meta property=\"og:image:type\" content=\"image\/jpeg\" \/>\n<meta name=\"twitter:card\" content=\"summary_large_image\" \/>\n<meta name=\"twitter:title\" content=\"M\u00e9tiers sp\u00e9cialis\u00e9s Ontario - Commencer un apprentissage\" \/>\n<meta name=\"twitter:description\" content=\"Un apprentissage est une forme structur\u00e9e de formation des m\u00e9tiers o\u00f9 vous apprenez en faisant. Au lieu de simplement lire ou \u00e9couter, vous accumulez de l\u2019exp\u00e9rience pratique de travail. La plupart du temps (environ 80 %), vous travaillez et acqu\u00e9rez de nouvelles comp\u00e9tences sur le terrain aupr\u00e8s de professionnelles et de professionnels sp\u00e9cialis\u00e9s, et obtenez une r\u00e9mun\u00e9ration pendant que vous apprenez!\" \/>\n<meta name=\"twitter:image\" content=\"https:\/\/www.skilledtradesontario.ca\/wp-content\/uploads\/2025\/05\/4.jpg\" \/>\n<meta name=\"twitter:site\" content=\"@SkilledTradesON\" \/>\n<meta name=\"twitter:label1\" content=\"Dur\u00e9e de lecture estim\u00e9e\" \/>\n\t<meta name=\"twitter:data1\" content=\"3 minutes\" \/>\n<script type=\"application\/ld+json\" class=\"yoast-schema-graph\">{\"@context\":\"https:\\\/\\\/schema.org\",\"@graph\":[{\"@type\":\"WebPage\",\"@id\":\"https:\\\/\\\/www.skilledtradesontario.ca\\\/fr\\\/apprentissage\\\/commencer-un-apprentissage\\\/\",\"url\":\"https:\\\/\\\/www.skilledtradesontario.ca\\\/fr\\\/apprentissage\\\/commencer-un-apprentissage\\\/\",\"name\":\"Commencer un apprentissage - M\u00e9tiers sp\u00e9cialis\u00e9s Ontario\",\"isPartOf\":{\"@id\":\"https:\\\/\\\/www.skilledtradesontario.ca\\\/#website\"},\"datePublished\":\"2021-11-22T15:44:51+00:00\",\"dateModified\":\"2025-06-03T16:07:43+00:00\",\"breadcrumb\":{\"@id\":\"https:\\\/\\\/www.skilledtradesontario.ca\\\/fr\\\/apprentissage\\\/commencer-un-apprentissage\\\/#breadcrumb\"},\"inLanguage\":\"fr-FR\",\"potentialAction\":[{\"@type\":\"ReadAction\",\"target\":[\"https:\\\/\\\/www.skilledtradesontario.ca\\\/fr\\\/apprentissage\\\/commencer-un-apprentissage\\\/\"]}]},{\"@type\":\"BreadcrumbList\",\"@id\":\"https:\\\/\\\/www.skilledtradesontario.ca\\\/fr\\\/apprentissage\\\/commencer-un-apprentissage\\\/#breadcrumb\",\"itemListElement\":[{\"@type\":\"ListItem\",\"position\":1,\"name\":\"Home\",\"item\":\"https:\\\/\\\/www.skilledtradesontario.ca\\\/fr\\\/\"},{\"@type\":\"ListItem\",\"position\":2,\"name\":\"Apprentissage\",\"item\":\"https:\\\/\\\/www.skilledtradesontario.ca\\\/fr\\\/apprentissage\\\/\"},{\"@type\":\"ListItem\",\"position\":3,\"name\":\"Commencer un apprentissage\"}]},{\"@type\":\"WebSite\",\"@id\":\"https:\\\/\\\/www.skilledtradesontario.ca\\\/#website\",\"url\":\"https:\\\/\\\/www.skilledtradesontario.ca\\\/\",\"name\":\"M\u00e9tiers sp\u00e9cialis\u00e9s Ontario\",\"description\":\"Un organisme dirig\u00e9 par l'industrie charg\u00e9 de promouvoir et de moderniser les m\u00e9tiers sp\u00e9cialis\u00e9s et de prot\u00e9ger les gens de m\u00e9tier, l'industrie et, par-dessus tout, l'int\u00e9r\u00eat public.\",\"potentialAction\":[{\"@type\":\"SearchAction\",\"target\":{\"@type\":\"EntryPoint\",\"urlTemplate\":\"https:\\\/\\\/www.skilledtradesontario.ca\\\/?s={search_term_string}\"},\"query-input\":{\"@type\":\"PropertyValueSpecification\",\"valueRequired\":true,\"valueName\":\"search_term_string\"}}],\"inLanguage\":\"fr-FR\"}]}<\/script>\n<!-- \/ Yoast SEO plugin. -->","yoast_head_json":{"title":"Commencer un apprentissage - M\u00e9tiers sp\u00e9cialis\u00e9s Ontario","robots":{"index":"index","follow":"follow","max-snippet":"max-snippet:-1","max-image-preview":"max-image-preview:large","max-video-preview":"max-video-preview:-1"},"canonical":"https:\/\/www.skilledtradesontario.ca\/fr\/apprentissage\/commencer-un-apprentissage\/","og_locale":"fr_FR","og_type":"article","og_title":"M\u00e9tiers sp\u00e9cialis\u00e9s Ontario - Commencer un apprentissage","og_description":"Un apprentissage est une forme structur\u00e9e de formation des m\u00e9tiers o\u00f9 vous apprenez en faisant. Au lieu de simplement lire ou \u00e9couter, vous accumulez de l\u2019exp\u00e9rience pratique de travail. La plupart du temps (environ 80 %), vous travaillez et acqu\u00e9rez de nouvelles comp\u00e9tences sur le terrain aupr\u00e8s de professionnelles et de professionnels sp\u00e9cialis\u00e9s, et obtenez une r\u00e9mun\u00e9ration pendant que vous apprenez!","og_url":"https:\/\/www.skilledtradesontario.ca\/fr\/apprentissage\/commencer-un-apprentissage\/","og_site_name":"M\u00e9tiers sp\u00e9cialis\u00e9s Ontario","article_modified_time":"2025-06-03T16:07:43+00:00","og_image":[{"width":1791,"height":936,"url":"https:\/\/www.skilledtradesontario.ca\/wp-content\/uploads\/2025\/05\/4.jpg","type":"image\/jpeg"}],"twitter_card":"summary_large_image","twitter_title":"M\u00e9tiers sp\u00e9cialis\u00e9s Ontario - Commencer un apprentissage","twitter_description":"Un apprentissage est une forme structur\u00e9e de formation des m\u00e9tiers o\u00f9 vous apprenez en faisant. Au lieu de simplement lire ou \u00e9couter, vous accumulez de l\u2019exp\u00e9rience pratique de travail. La plupart du temps (environ 80 %), vous travaillez et acqu\u00e9rez de nouvelles comp\u00e9tences sur le terrain aupr\u00e8s de professionnelles et de professionnels sp\u00e9cialis\u00e9s, et obtenez une r\u00e9mun\u00e9ration pendant que vous apprenez!","twitter_image":"https:\/\/www.skilledtradesontario.ca\/wp-content\/uploads\/2025\/05\/4.jpg","twitter_site":"@SkilledTradesON","twitter_misc":{"Dur\u00e9e de lecture estim\u00e9e":"3 minutes"},"schema":{"@context":"https:\/\/schema.org","@graph":[{"@type":"WebPage","@id":"https:\/\/www.skilledtradesontario.ca\/fr\/apprentissage\/commencer-un-apprentissage\/","url":"https:\/\/www.skilledtradesontario.ca\/fr\/apprentissage\/commencer-un-apprentissage\/","name":"Commencer un apprentissage - M\u00e9tiers sp\u00e9cialis\u00e9s Ontario","isPartOf":{"@id":"https:\/\/www.skilledtradesontario.ca\/#website"},"datePublished":"2021-11-22T15:44:51+00:00","dateModified":"2025-06-03T16:07:43+00:00","breadcrumb":{"@id":"https:\/\/www.skilledtradesontario.ca\/fr\/apprentissage\/commencer-un-apprentissage\/#breadcrumb"},"inLanguage":"fr-FR","potentialAction":[{"@type":"ReadAction","target":["https:\/\/www.skilledtradesontario.ca\/fr\/apprentissage\/commencer-un-apprentissage\/"]}]},{"@type":"BreadcrumbList","@id":"https:\/\/www.skilledtradesontario.ca\/fr\/apprentissage\/commencer-un-apprentissage\/#breadcrumb","itemListElement":[{"@type":"ListItem","position":1,"name":"Home","item":"https:\/\/www.skilledtradesontario.ca\/fr\/"},{"@type":"ListItem","position":2,"name":"Apprentissage","item":"https:\/\/www.skilledtradesontario.ca\/fr\/apprentissage\/"},{"@type":"ListItem","position":3,"name":"Commencer un apprentissage"}]},{"@type":"WebSite","@id":"https:\/\/www.skilledtradesontario.ca\/#website","url":"https:\/\/www.skilledtradesontario.ca\/","name":"M\u00e9tiers sp\u00e9cialis\u00e9s Ontario","description":"Un organisme dirig\u00e9 par l'industrie charg\u00e9 de promouvoir et de moderniser les m\u00e9tiers sp\u00e9cialis\u00e9s et de prot\u00e9ger les gens de m\u00e9tier, l'industrie et, par-dessus tout, l'int\u00e9r\u00eat public.","potentialAction":[{"@type":"SearchAction","target":{"@type":"EntryPoint","urlTemplate":"https:\/\/www.skilledtradesontario.ca\/?s={search_term_string}"},"query-input":{"@type":"PropertyValueSpecification","valueRequired":true,"valueName":"search_term_string"}}],"inLanguage":"fr-FR"}]}},"_links":{"self":[{"href":"https:\/\/www.skilledtradesontario.ca\/fr\/wp-json\/wp\/v2\/pages\/35733","targetHints":{"allow":["GET"]}}],"collection":[{"href":"https:\/\/www.skilledtradesontario.ca\/fr\/wp-json\/wp\/v2\/pages"}],"about":[{"href":"https:\/\/www.skilledtradesontario.ca\/fr\/wp-json\/wp\/v2\/types\/page"}],"author":[{"embeddable":true,"href":"https:\/\/www.skilledtradesontario.ca\/fr\/wp-json\/wp\/v2\/users\/16"}],"replies":[{"embeddable":true,"href":"https:\/\/www.skilledtradesontario.ca\/fr\/wp-json\/wp\/v2\/comments?post=35733"}],"version-history":[{"count":7,"href":"https:\/\/www.skilledtradesontario.ca\/fr\/wp-json\/wp\/v2\/pages\/35733\/revisions"}],"predecessor-version":[{"id":46717,"href":"https:\/\/www.skilledtradesontario.ca\/fr\/wp-json\/wp\/v2\/pages\/35733\/revisions\/46717"}],"up":[{"embeddable":true,"href":"https:\/\/www.skilledtradesontario.ca\/fr\/wp-json\/wp\/v2\/pages\/35541"}],"wp:attachment":[{"href":"https:\/\/www.skilledtradesontario.ca\/fr\/wp-json\/wp\/v2\/media?parent=35733"}],"wp:term":[{"taxonomy":"post_tag","embeddable":true,"href":"https:\/\/www.skilledtradesontario.ca\/fr\/wp-json\/wp\/v2\/tags?post=35733"}],"curies":[{"name":"wp","href":"https:\/\/api.w.org\/{rel}","templated":true}]}}