{"id":35721,"date":"2021-11-22T15:27:44","date_gmt":"2021-11-22T15:27:44","guid":{"rendered":"https:\/\/skilledtradesontario.ca\/?page_id=35721"},"modified":"2025-08-20T11:24:58","modified_gmt":"2025-08-20T15:24:58","slug":"rencontrez-nos-dirigeants","status":"publish","type":"page","link":"https:\/\/www.skilledtradesontario.ca\/fr\/a-propos-de-nous\/rencontrez-nos-dirigeants\/","title":{"rendered":"Rencontrez nos dirigeants"},"content":{"rendered":"","protected":false},"excerpt":{"rendered":"","protected":false},"author":16,"featured_media":0,"parent":35535,"menu_order":2,"comment_status":"closed","ping_status":"closed","template":"template-pages\/STO-Leadership-Page-Fr.php","meta":{"_acf_changed":false,"footnotes":""},"tags":[],"class_list":["post-35721","page","type-page","status-publish","hentry"],"acf":[],"yoast_head":"<!-- This site is optimized with the Yoast SEO plugin v27.3 - https:\/\/yoast.com\/product\/yoast-seo-wordpress\/ -->\n<title>Rencontrez nos dirigeants - M\u00e9tiers sp\u00e9cialis\u00e9s Ontario<\/title>\n<meta name=\"robots\" content=\"index, follow, max-snippet:-1, max-image-preview:large, max-video-preview:-1\" \/>\n<link rel=\"canonical\" href=\"https:\/\/www.skilledtradesontario.ca\/fr\/a-propos-de-nous\/rencontrez-nos-dirigeants\/\" \/>\n<meta property=\"og:locale\" content=\"fr_FR\" \/>\n<meta property=\"og:type\" content=\"article\" \/>\n<meta property=\"og:title\" content=\"M\u00e9tiers sp\u00e9cialis\u00e9s Ontario - Rencontrez nos dirigeants\" \/>\n<meta property=\"og:description\" content=\"M\u00e9tiers sp\u00e9cialis\u00e9s Ontario est r\u00e9gi et g\u00e9r\u00e9 par un conseil d\u2019administration et un(e) directeur(trice) g\u00e9n\u00e9ral(e)\/registraire conform\u00e9ment \u00e0 la Loi de 2021 ouvrant des perspectives dans les m\u00e9tiers sp\u00e9cialis\u00e9s.Le conseil d\u2019administration se compose d\u2019un maximum de 11 membres nomm\u00e9s par le lieutenant-gouverneur en conseil, sur recommandation du ministre du Travail, de l\u2019Immigration, de la Formation et du D\u00e9veloppement des comp\u00e9tences. Il est charg\u00e9 de la gouvernance, ce qui englobe la d\u00e9finition des priorit\u00e9s strat\u00e9giques et la supervision de la r\u00e9alisation des objectifs organisationnels.Le (la) directeur(trice) g\u00e9n\u00e9ral(e)\/registraire est \u00e9galement nomm\u00e9(e) par le lieutenant-gouverneur en conseil, sur recommandation du ministre du Travail, de l\u2019Immigration, de la Formation et du D\u00e9veloppement des comp\u00e9tences. Cette personne assume la responsabilit\u00e9 des op\u00e9rations de M\u00e9tiers sp\u00e9cialis\u00e9s Ontario.\" \/>\n<meta property=\"og:url\" content=\"https:\/\/www.skilledtradesontario.ca\/fr\/a-propos-de-nous\/rencontrez-nos-dirigeants\/\" \/>\n<meta property=\"og:site_name\" content=\"M\u00e9tiers sp\u00e9cialis\u00e9s Ontario\" \/>\n<meta property=\"article:modified_time\" content=\"2025-08-20T15:24:58+00:00\" \/>\n<meta property=\"og:image\" content=\"https:\/\/www.skilledtradesontario.ca\/wp-content\/uploads\/2024\/06\/LeadershipPage-LinkPreviewImg.jpg\" \/>\n\t<meta property=\"og:image:width\" content=\"800\" \/>\n\t<meta property=\"og:image:height\" content=\"418\" \/>\n\t<meta property=\"og:image:type\" content=\"image\/jpeg\" \/>\n<meta name=\"twitter:card\" content=\"summary_large_image\" \/>\n<meta name=\"twitter:title\" content=\"M\u00e9tiers sp\u00e9cialis\u00e9s Ontario - Rencontrez nos dirigeants\" \/>\n<meta name=\"twitter:description\" content=\"M\u00e9tiers sp\u00e9cialis\u00e9s Ontario est r\u00e9gi et g\u00e9r\u00e9 par un conseil d\u2019administration et un(e) directeur(trice) g\u00e9n\u00e9ral(e)\/registraire conform\u00e9ment \u00e0 la Loi de 2021 ouvrant des perspectives dans les m\u00e9tiers sp\u00e9cialis\u00e9s.Le conseil d\u2019administration se compose d\u2019un maximum de 11 membres nomm\u00e9s par le lieutenant-gouverneur en conseil, sur recommandation du ministre du Travail, de l\u2019Immigration, de la Formation et du D\u00e9veloppement des comp\u00e9tences. Il est charg\u00e9 de la gouvernance, ce qui englobe la d\u00e9finition des priorit\u00e9s strat\u00e9giques et la supervision de la r\u00e9alisation des objectifs organisationnels.Le (la) directeur(trice) g\u00e9n\u00e9ral(e)\/registraire est \u00e9galement nomm\u00e9(e) par le lieutenant-gouverneur en conseil, sur recommandation du ministre du Travail, de l\u2019Immigration, de la Formation et du D\u00e9veloppement des comp\u00e9tences. Cette personne assume la responsabilit\u00e9 des op\u00e9rations de M\u00e9tiers sp\u00e9cialis\u00e9s Ontario.\" \/>\n<meta name=\"twitter:image\" content=\"https:\/\/www.skilledtradesontario.ca\/wp-content\/uploads\/2024\/06\/LeadershipPage-LinkPreviewImg.jpg\" \/>\n<meta name=\"twitter:site\" content=\"@SkilledTradesON\" \/>\n<script type=\"application\/ld+json\" class=\"yoast-schema-graph\">{\"@context\":\"https:\\\/\\\/schema.org\",\"@graph\":[{\"@type\":\"WebPage\",\"@id\":\"https:\\\/\\\/www.skilledtradesontario.ca\\\/fr\\\/a-propos-de-nous\\\/rencontrez-nos-dirigeants\\\/\",\"url\":\"https:\\\/\\\/www.skilledtradesontario.ca\\\/fr\\\/a-propos-de-nous\\\/rencontrez-nos-dirigeants\\\/\",\"name\":\"Rencontrez nos dirigeants - M\u00e9tiers sp\u00e9cialis\u00e9s Ontario\",\"isPartOf\":{\"@id\":\"https:\\\/\\\/www.skilledtradesontario.ca\\\/#website\"},\"datePublished\":\"2021-11-22T15:27:44+00:00\",\"dateModified\":\"2025-08-20T15:24:58+00:00\",\"breadcrumb\":{\"@id\":\"https:\\\/\\\/www.skilledtradesontario.ca\\\/fr\\\/a-propos-de-nous\\\/rencontrez-nos-dirigeants\\\/#breadcrumb\"},\"inLanguage\":\"fr-FR\",\"potentialAction\":[{\"@type\":\"ReadAction\",\"target\":[\"https:\\\/\\\/www.skilledtradesontario.ca\\\/fr\\\/a-propos-de-nous\\\/rencontrez-nos-dirigeants\\\/\"]}]},{\"@type\":\"BreadcrumbList\",\"@id\":\"https:\\\/\\\/www.skilledtradesontario.ca\\\/fr\\\/a-propos-de-nous\\\/rencontrez-nos-dirigeants\\\/#breadcrumb\",\"itemListElement\":[{\"@type\":\"ListItem\",\"position\":1,\"name\":\"Home\",\"item\":\"https:\\\/\\\/www.skilledtradesontario.ca\\\/fr\\\/\"},{\"@type\":\"ListItem\",\"position\":2,\"name\":\"\u00c0 propos de nous\",\"item\":\"https:\\\/\\\/www.skilledtradesontario.ca\\\/fr\\\/a-propos-de-nous\\\/\"},{\"@type\":\"ListItem\",\"position\":3,\"name\":\"Rencontrez nos dirigeants\"}]},{\"@type\":\"WebSite\",\"@id\":\"https:\\\/\\\/www.skilledtradesontario.ca\\\/#website\",\"url\":\"https:\\\/\\\/www.skilledtradesontario.ca\\\/\",\"name\":\"M\u00e9tiers sp\u00e9cialis\u00e9s Ontario\",\"description\":\"Un organisme dirig\u00e9 par l'industrie charg\u00e9 de promouvoir et de moderniser les m\u00e9tiers sp\u00e9cialis\u00e9s et de prot\u00e9ger les gens de m\u00e9tier, l'industrie et, par-dessus tout, l'int\u00e9r\u00eat public.\",\"potentialAction\":[{\"@type\":\"SearchAction\",\"target\":{\"@type\":\"EntryPoint\",\"urlTemplate\":\"https:\\\/\\\/www.skilledtradesontario.ca\\\/?s={search_term_string}\"},\"query-input\":{\"@type\":\"PropertyValueSpecification\",\"valueRequired\":true,\"valueName\":\"search_term_string\"}}],\"inLanguage\":\"fr-FR\"}]}<\/script>\n<!-- \/ Yoast SEO plugin. -->","yoast_head_json":{"title":"Rencontrez nos dirigeants - M\u00e9tiers sp\u00e9cialis\u00e9s Ontario","robots":{"index":"index","follow":"follow","max-snippet":"max-snippet:-1","max-image-preview":"max-image-preview:large","max-video-preview":"max-video-preview:-1"},"canonical":"https:\/\/www.skilledtradesontario.ca\/fr\/a-propos-de-nous\/rencontrez-nos-dirigeants\/","og_locale":"fr_FR","og_type":"article","og_title":"M\u00e9tiers sp\u00e9cialis\u00e9s Ontario - Rencontrez nos dirigeants","og_description":"M\u00e9tiers sp\u00e9cialis\u00e9s Ontario est r\u00e9gi et g\u00e9r\u00e9 par un conseil d\u2019administration et un(e) directeur(trice) g\u00e9n\u00e9ral(e)\/registraire conform\u00e9ment \u00e0 la Loi de 2021 ouvrant des perspectives dans les m\u00e9tiers sp\u00e9cialis\u00e9s.Le conseil d\u2019administration se compose d\u2019un maximum de 11 membres nomm\u00e9s par le lieutenant-gouverneur en conseil, sur recommandation du ministre du Travail, de l\u2019Immigration, de la Formation et du D\u00e9veloppement des comp\u00e9tences. Il est charg\u00e9 de la gouvernance, ce qui englobe la d\u00e9finition des priorit\u00e9s strat\u00e9giques et la supervision de la r\u00e9alisation des objectifs organisationnels.Le (la) directeur(trice) g\u00e9n\u00e9ral(e)\/registraire est \u00e9galement nomm\u00e9(e) par le lieutenant-gouverneur en conseil, sur recommandation du ministre du Travail, de l\u2019Immigration, de la Formation et du D\u00e9veloppement des comp\u00e9tences. Cette personne assume la responsabilit\u00e9 des op\u00e9rations de M\u00e9tiers sp\u00e9cialis\u00e9s Ontario.","og_url":"https:\/\/www.skilledtradesontario.ca\/fr\/a-propos-de-nous\/rencontrez-nos-dirigeants\/","og_site_name":"M\u00e9tiers sp\u00e9cialis\u00e9s Ontario","article_modified_time":"2025-08-20T15:24:58+00:00","og_image":[{"width":800,"height":418,"url":"https:\/\/www.skilledtradesontario.ca\/wp-content\/uploads\/2024\/06\/LeadershipPage-LinkPreviewImg.jpg","type":"image\/jpeg"}],"twitter_card":"summary_large_image","twitter_title":"M\u00e9tiers sp\u00e9cialis\u00e9s Ontario - Rencontrez nos dirigeants","twitter_description":"M\u00e9tiers sp\u00e9cialis\u00e9s Ontario est r\u00e9gi et g\u00e9r\u00e9 par un conseil d\u2019administration et un(e) directeur(trice) g\u00e9n\u00e9ral(e)\/registraire conform\u00e9ment \u00e0 la Loi de 2021 ouvrant des perspectives dans les m\u00e9tiers sp\u00e9cialis\u00e9s.Le conseil d\u2019administration se compose d\u2019un maximum de 11 membres nomm\u00e9s par le lieutenant-gouverneur en conseil, sur recommandation du ministre du Travail, de l\u2019Immigration, de la Formation et du D\u00e9veloppement des comp\u00e9tences. Il est charg\u00e9 de la gouvernance, ce qui englobe la d\u00e9finition des priorit\u00e9s strat\u00e9giques et la supervision de la r\u00e9alisation des objectifs organisationnels.Le (la) directeur(trice) g\u00e9n\u00e9ral(e)\/registraire est \u00e9galement nomm\u00e9(e) par le lieutenant-gouverneur en conseil, sur recommandation du ministre du Travail, de l\u2019Immigration, de la Formation et du D\u00e9veloppement des comp\u00e9tences. Cette personne assume la responsabilit\u00e9 des op\u00e9rations de M\u00e9tiers sp\u00e9cialis\u00e9s Ontario.","twitter_image":"https:\/\/www.skilledtradesontario.ca\/wp-content\/uploads\/2024\/06\/LeadershipPage-LinkPreviewImg.jpg","twitter_site":"@SkilledTradesON","schema":{"@context":"https:\/\/schema.org","@graph":[{"@type":"WebPage","@id":"https:\/\/www.skilledtradesontario.ca\/fr\/a-propos-de-nous\/rencontrez-nos-dirigeants\/","url":"https:\/\/www.skilledtradesontario.ca\/fr\/a-propos-de-nous\/rencontrez-nos-dirigeants\/","name":"Rencontrez nos dirigeants - M\u00e9tiers sp\u00e9cialis\u00e9s Ontario","isPartOf":{"@id":"https:\/\/www.skilledtradesontario.ca\/#website"},"datePublished":"2021-11-22T15:27:44+00:00","dateModified":"2025-08-20T15:24:58+00:00","breadcrumb":{"@id":"https:\/\/www.skilledtradesontario.ca\/fr\/a-propos-de-nous\/rencontrez-nos-dirigeants\/#breadcrumb"},"inLanguage":"fr-FR","potentialAction":[{"@type":"ReadAction","target":["https:\/\/www.skilledtradesontario.ca\/fr\/a-propos-de-nous\/rencontrez-nos-dirigeants\/"]}]},{"@type":"BreadcrumbList","@id":"https:\/\/www.skilledtradesontario.ca\/fr\/a-propos-de-nous\/rencontrez-nos-dirigeants\/#breadcrumb","itemListElement":[{"@type":"ListItem","position":1,"name":"Home","item":"https:\/\/www.skilledtradesontario.ca\/fr\/"},{"@type":"ListItem","position":2,"name":"\u00c0 propos de nous","item":"https:\/\/www.skilledtradesontario.ca\/fr\/a-propos-de-nous\/"},{"@type":"ListItem","position":3,"name":"Rencontrez nos dirigeants"}]},{"@type":"WebSite","@id":"https:\/\/www.skilledtradesontario.ca\/#website","url":"https:\/\/www.skilledtradesontario.ca\/","name":"M\u00e9tiers sp\u00e9cialis\u00e9s Ontario","description":"Un organisme dirig\u00e9 par l'industrie charg\u00e9 de promouvoir et de moderniser les m\u00e9tiers sp\u00e9cialis\u00e9s et de prot\u00e9ger les gens de m\u00e9tier, l'industrie et, par-dessus tout, l'int\u00e9r\u00eat public.","potentialAction":[{"@type":"SearchAction","target":{"@type":"EntryPoint","urlTemplate":"https:\/\/www.skilledtradesontario.ca\/?s={search_term_string}"},"query-input":{"@type":"PropertyValueSpecification","valueRequired":true,"valueName":"search_term_string"}}],"inLanguage":"fr-FR"}]}},"_links":{"self":[{"href":"https:\/\/www.skilledtradesontario.ca\/fr\/wp-json\/wp\/v2\/pages\/35721","targetHints":{"allow":["GET"]}}],"collection":[{"href":"https:\/\/www.skilledtradesontario.ca\/fr\/wp-json\/wp\/v2\/pages"}],"about":[{"href":"https:\/\/www.skilledtradesontario.ca\/fr\/wp-json\/wp\/v2\/types\/page"}],"author":[{"embeddable":true,"href":"https:\/\/www.skilledtradesontario.ca\/fr\/wp-json\/wp\/v2\/users\/16"}],"replies":[{"embeddable":true,"href":"https:\/\/www.skilledtradesontario.ca\/fr\/wp-json\/wp\/v2\/comments?post=35721"}],"version-history":[{"count":3,"href":"https:\/\/www.skilledtradesontario.ca\/fr\/wp-json\/wp\/v2\/pages\/35721\/revisions"}],"predecessor-version":[{"id":46850,"href":"https:\/\/www.skilledtradesontario.ca\/fr\/wp-json\/wp\/v2\/pages\/35721\/revisions\/46850"}],"up":[{"embeddable":true,"href":"https:\/\/www.skilledtradesontario.ca\/fr\/wp-json\/wp\/v2\/pages\/35535"}],"wp:attachment":[{"href":"https:\/\/www.skilledtradesontario.ca\/fr\/wp-json\/wp\/v2\/media?parent=35721"}],"wp:term":[{"taxonomy":"post_tag","embeddable":true,"href":"https:\/\/www.skilledtradesontario.ca\/fr\/wp-json\/wp\/v2\/tags?post=35721"}],"curies":[{"name":"wp","href":"https:\/\/api.w.org\/{rel}","templated":true}]}}