{"id":35703,"date":"2021-11-24T14:35:21","date_gmt":"2021-11-24T14:35:21","guid":{"rendered":"https:\/\/skilledtradesontario.ca\/?page_id=35703"},"modified":"2025-08-26T16:12:48","modified_gmt":"2025-08-26T20:12:48","slug":"travail-dans-des-metiers-a-accreditation-obligatoire","status":"publish","type":"page","link":"https:\/\/www.skilledtradesontario.ca\/fr\/a-propos-des-metiers\/travail-dans-des-metiers-a-accreditation-obligatoire\/","title":{"rendered":"Travail dans des m\u00e9tiers \u00e0 accr\u00e9ditation obligatoire"},"content":{"rendered":"<style><span data-mce-type=\"bookmark\" style=\"display: inline-block; width: 0px; overflow: hidden; line-height: 0;\" class=\"mce_SELRES_start\">\ufeff<\/span><br \/>  td {border: 1px solid #1080A6;border-bottom:1px solid #1080A6!important;padding: 2px;}<br \/>  th {border: 1px solid #1080A6;padding: 1px;background-color: #1080A6;color: white;width:50%;}<br \/>  table {border-collapse: separate; border-spacing: 2.5px;}<br \/><\/style>\n<p>En Ontario, il existe <a href=\"http:\/\/www.skilledtradesontario.ca\/wp-content\/uploads\/2022\/03\/compulsory_trades_skilled_trades_ontario-feb-2022-fr.pdf\" target=\"_blank\" rel=\"noopener\">23 m\u00e9tiers \u00e0 accr\u00e9ditation obligatoire<\/a>. Seuls les apprentis et les compagnons certifi\u00e9s peuvent exercer de tels m\u00e9tiers. Les m\u00e9tiers de plombier, d\u2019\u00e9lectricien, de monteur de tuyaux de vapeur et de coiffeur en sont des exemples.<\/p>\n<p>Vous trouverez tous les apprentis et les compagnons certifi\u00e9s dans des m\u00e9tiers \u00e0 accr\u00e9ditation obligatoire dans notre <a href=\"https:\/\/www.skilledtradesontario.ca\/fr\/registre-public\/\" target=\"_blank\" rel=\"noopener\">registre public<\/a>.<\/p>\n<p>Tous les m\u00e9tiers \u00e0 accr\u00e9ditation obligatoire sont assujettis \u00e0 des examens de certification. Les gens de m\u00e9tier qualifi\u00e9s dans des m\u00e9tiers \u00e0 accr\u00e9ditation obligatoire sont tenus de renouveler leur certificat de qualification tous les ans.<\/p>\n<p><strong>Exigences relatives \u00e0 l\u2019exercice des m\u00e9tiers \u00e0 accr\u00e9ditation obligatoire<\/strong><\/p>\n<p>Pour exercer l\u2019un des 23 m\u00e9tiers \u00e0 accr\u00e9ditation obligatoire en Ontario, vous devez \u00eatre titulaire :<\/p>\n<ul class=\"ocot-list\">\n<li><span>D\u2019un certificat de qualification valide;<\/span><\/li>\n<li><span>D\u2019un certificat de qualification temporaire valide; ou<\/span><\/li>\n<li><span>D\u2019un contrat d\u2019apprentissage enregistr\u00e9.<\/span><\/li>\n<\/ul>\n<p>Il existe certains cas particuliers o\u00f9 des personnes pourraient \u00eatre autoris\u00e9es \u00e0 exercer leur m\u00e9tier sans satisfaire \u00e0 ces exigences. <a href=\"https:\/\/www.skilledtradesontario.ca\/fr\/a-propos-des-metiers\/renseignements-sur-les-metiers\/\" target=\"_blank\" rel=\"noopener\">D\u00e9couvrez si cette exemption s\u2019applique \u00e0 votre<\/a> m\u00e9tier.<\/p>\n<ul class=\"accordion\" data-allow-all-closed=\"true\" data-accordion=\"\">\n<li class=\"accordion-item\" data-accordion-item=\"\"><a class=\"accordion-title\" href=\"#\">Exemptions li\u00e9es \u00e0 la pratique de m\u00e9tiers \u00e0 accr\u00e9ditation obligatoire<\/a>\n<div class=\"accordion-content\" data-tab-content=\"\">\n<table style=\"width: 100%;\">\n<tbody>\n<tr>\n<th>Groupe<\/th>\n<th>Exemption<\/th>\n<\/tr>\n<tr>\n<td>\n<ul class=\"ocot-list\">\n<li><span>Programme d\u2019apprentissage pour les jeunes de l\u2019Ontario (PAJO)<\/span><\/li>\n<li><span>Participants \u00e0 des programmes de pr\u00e9apprentissage approuv\u00e9s par le Minist\u00e8re<\/span><\/li>\n<\/ul>\n<\/td>\n<td>Les membres de ces groupes exer\u00e7ant un m\u00e9tier \u00e0 accr\u00e9ditation obligatoire:<\/p>\n<ul class=\"ocot-list\">\n<li><span>n\u2019ont pas besoin d\u2019un contrat d\u2019apprentissage enregistr\u00e9 pour exercer ce m\u00e9tier l\u00e9galement en Ontario; et<\/span><\/li>\n<li><span>ne verront pas leurs informations figurer au registre public de M\u00e9tiers sp\u00e9cialis\u00e9s Ontario.<\/span><\/li>\n<\/ul>\n<\/td>\n<\/tr>\n<tr>\n<td>Employ\u00e9s permanents d\u2019installations industrielles<\/td>\n<td>Les membres de ce groupe:<\/p>\n<ul class=\"ocot-list\">\n<li><span>n\u2019ont pas besoin d\u2019un contrat d\u2019apprentissage enregistr\u00e9, d\u2019un certificat de qualification temporaire ou d\u2019un certificat de qualification pour exercer ce m\u00e9tier \u00e0 accr\u00e9ditation obligatoire, <strong>pourvu qu\u2019ils l\u2019exercent sur les lieux de l\u2019installation;<\/strong> et,<\/span><\/li>\n<li><span>ne verront pas leurs informations figurer au registre public de M\u00e9tiers sp\u00e9cialis\u00e9s Ontario.<\/span><\/li>\n<\/ul>\n<p>Cette exemption ne s\u2019applique PAS au travail d\u2019entretien et de r\u00e9paration sur les v\u00e9hicules enregistr\u00e9s autoris\u00e9s \u00e0 circuler sur l\u2019autoroute en vertu du <em>Code de la route<\/em>.<\/td>\n<\/tr>\n<tr>\n<td>Titulaires d\u2019un certificat de qualification \u00e9quivalent d\u00e9livr\u00e9 par le Qu\u00e9bec OU les apprentis enregistr\u00e9s au Qu\u00e9bec dans l\u2019un des sept m\u00e9tiers suivants:<br \/>\n&nbsp;<\/p>\n<ol>\n<li><span>\u00c9lectricien \u2013 B\u00e2timent et entretien<\/span><\/li>\n<li><span>Conducteur d\u2019engins de levage \u2013 conducteur de grues mobiles 1<\/span><\/li>\n<li><span>Plombier<\/span><\/li>\n<li><span>M\u00e9canicien en syst\u00e8mes de r\u00e9frig\u00e9ration et de climatisation<\/span><\/li>\n<li><span>T\u00f4lier<\/span><\/li>\n<li><span>Installateur de syst\u00e8mes de protection contre les incendies<\/span><\/li>\n<li><span>Monteur de tuyaux de vapeur<\/span><\/li>\n<\/ol>\n<\/td>\n<td>Les membres de ce groupe:<\/p>\n<ul class=\"ocot-list\">\n<li><span>n\u2019ont pas besoin d\u2019un contrat d\u2019apprentissage enregistr\u00e9, d\u2019un certificat de qualification temporaire ou d\u2019un certificat de qualification d\u00e9livr\u00e9 par M\u00e9tiers sp\u00e9cialis\u00e9s Ontario pour exercer un m\u00e9tier \u00e0 accr\u00e9ditation obligatoire; et<\/span><\/li>\n<li><span>ne verront pas leurs informations figurer au registre public de M\u00e9tiers sp\u00e9cialis\u00e9s Ontario.<\/span><\/li>\n<\/ul>\n<\/td>\n<\/tr>\n<tr>\n<td>Personnes ayant suivi une formation approuv\u00e9e par le Minist\u00e8re sur le retrait et le remplacement de roues et de jantes<\/td>\n<td>Les membres de ce groupe n\u2019ont pas besoin de contrat d\u2019apprentissage enregistr\u00e9, de certificat de qualification temporaire ou de certificat de qualification pourvu qu\u2019ils <strong>retirent ou remplacent des roues et des jantes sur des autocars, des poids lourds ou des tracteurs routiers.<\/strong><\/td>\n<\/tr>\n<tr>\n<td>\n<ul class=\"ocot-list\">\n<li><span>Personnes qui sont titulaires d\u2019un permis de conduire valide de classe A ou D d\u00e9livr\u00e9 en Ontario, avec une autorisation d\u2019utiliser les freins \u00e0 air comprim\u00e9, et qui ont termin\u00e9 un programme approuv\u00e9 par le Minist\u00e8re sur l\u2019inspection et le r\u00e9glage de la course de la tige de pouss\u00e9e pour des freins \u00e0 air.<\/span><\/li>\n<li><span>Personnes qui sont titulaires d\u2019un permis de conduire valide d\u00e9livr\u00e9 par une autre province, par un territoire canadien ou par un \u00c9tat am\u00e9ricain et qui sont autoris\u00e9es par leur r\u00e9gion de r\u00e9sidence \u00e0 inspecter et \u00e0 r\u00e9gler la course de la tige de pouss\u00e9e des freins \u00e0 air.<\/span><\/li>\n<\/ul>\n<\/td>\n<td>Les membres de ce groupe n\u2019ont pas besoin d\u2019un contrat d\u2019apprentissage enregistr\u00e9, d\u2019un certificat de qualification temporaire ou d\u2019un certificat de qualification pour <strong>inspecter ou r\u00e9gler la course de la tige de pouss\u00e9e (r\u00e9glage du jeu) des freins \u00e0 air du poids lourd ou du tracteur routier qu\u2019ils conduisent.<\/strong><\/td>\n<\/tr>\n<tr>\n<td>Personnes ayant termin\u00e9 une formation approuv\u00e9e par le Minist\u00e8re sur l\u2019installation, le retrait, l\u2019entretien et l\u2019examen des compteurs d\u2019eau.<\/td>\n<td>Les membres de ce groupe n\u2019ont pas besoin d\u2019un contrat d\u2019apprentissage enregistr\u00e9, d\u2019un certificat de qualification temporaire ou d\u2019un certificat de qualification <strong>pour installer, retirer, entretenir ou tester les compteurs d\u2019eau dont les points d\u2019entr\u00e9e et de sortie mesurent 25 millim\u00e8tres ou moins.<\/strong><\/td>\n<\/tr>\n<\/tbody>\n<\/table>\n<\/div>\n<\/span><\/li>\n<\/ul>\n","protected":false},"excerpt":{"rendered":"<p>En Ontario, il existe 23 m\u00e9tiers \u00e0 accr\u00e9ditation obligatoire. Seuls les apprentis et les compagnons certifi\u00e9s peuvent exercer de&#8230;<\/p>\n","protected":false},"author":16,"featured_media":0,"parent":35564,"menu_order":2,"comment_status":"closed","ping_status":"closed","template":"template-pages\/STO-Custom-Page-V3.php","meta":{"_acf_changed":false,"footnotes":""},"tags":[],"class_list":["post-35703","page","type-page","status-publish","hentry"],"acf":[],"yoast_head":"<!-- This site is optimized with the Yoast SEO plugin v27.3 - https:\/\/yoast.com\/product\/yoast-seo-wordpress\/ -->\n<title>Travail dans des m\u00e9tiers \u00e0 accr\u00e9ditation obligatoire - M\u00e9tiers sp\u00e9cialis\u00e9s Ontario<\/title>\n<meta name=\"robots\" content=\"index, follow, max-snippet:-1, max-image-preview:large, max-video-preview:-1\" \/>\n<link rel=\"canonical\" href=\"https:\/\/www.skilledtradesontario.ca\/fr\/a-propos-des-metiers\/travail-dans-des-metiers-a-accreditation-obligatoire\/\" \/>\n<meta property=\"og:locale\" content=\"fr_FR\" \/>\n<meta property=\"og:type\" content=\"article\" \/>\n<meta property=\"og:title\" content=\"M\u00e9tiers sp\u00e9cialis\u00e9s Ontario - Travail dans des m\u00e9tiers \u00e0 accr\u00e9ditation obligatoire\" \/>\n<meta property=\"og:description\" content=\"En Ontario, il existe 23 m\u00e9tiers \u00e0 accr\u00e9ditation obligatoire. Seuls les apprenties et apprentis et les compagnes et compagnons certifi\u00e9s peuvent exercer de tels m\u00e9tiers. Les m\u00e9tiers de plombier, d\u2019\u00e9lectricien, de monteur de tuyaux de vapeur et de coiffeur en sont des exemples. Pour exercer l\u2019un des 23 m\u00e9tiers \u00e0 accr\u00e9ditation obligatoire en Ontario, vous devez \u00eatre titulaire de l\u2019un des documents valides suivants : un certificat de qualification, un certificat de qualification temporaire, un contrat d\u2019apprentissage enregistr\u00e9.\" \/>\n<meta property=\"og:url\" content=\"https:\/\/www.skilledtradesontario.ca\/fr\/a-propos-des-metiers\/travail-dans-des-metiers-a-accreditation-obligatoire\/\" \/>\n<meta property=\"og:site_name\" content=\"M\u00e9tiers sp\u00e9cialis\u00e9s Ontario\" \/>\n<meta property=\"article:modified_time\" content=\"2025-08-26T20:12:48+00:00\" \/>\n<meta property=\"og:image\" content=\"https:\/\/www.skilledtradesontario.ca\/wp-content\/uploads\/2025\/05\/16.jpg\" \/>\n\t<meta property=\"og:image:width\" content=\"1791\" \/>\n\t<meta property=\"og:image:height\" content=\"938\" \/>\n\t<meta property=\"og:image:type\" content=\"image\/jpeg\" \/>\n<meta name=\"twitter:card\" content=\"summary_large_image\" \/>\n<meta name=\"twitter:title\" content=\"M\u00e9tiers sp\u00e9cialis\u00e9s Ontario - Travail dans des m\u00e9tiers \u00e0 accr\u00e9ditation obligatoire\" \/>\n<meta name=\"twitter:description\" content=\"En Ontario, il existe 23 m\u00e9tiers \u00e0 accr\u00e9ditation obligatoire. Seuls les apprenties et apprentis et les compagnes et compagnons certifi\u00e9s peuvent exercer de tels m\u00e9tiers. Les m\u00e9tiers de plombier, d\u2019\u00e9lectricien, de monteur de tuyaux de vapeur et de coiffeur en sont des exemples. Pour exercer l\u2019un des 23 m\u00e9tiers \u00e0 accr\u00e9ditation obligatoire en Ontario, vous devez \u00eatre titulaire de l\u2019un des documents valides suivants : un certificat de qualification, un certificat de qualification temporaire, un contrat d\u2019apprentissage enregistr\u00e9.\" \/>\n<meta name=\"twitter:image\" content=\"https:\/\/www.skilledtradesontario.ca\/wp-content\/uploads\/2025\/05\/16.jpg\" \/>\n<meta name=\"twitter:site\" content=\"@SkilledTradesON\" \/>\n<meta name=\"twitter:label1\" content=\"Dur\u00e9e de lecture estim\u00e9e\" \/>\n\t<meta name=\"twitter:data1\" content=\"4 minutes\" \/>\n<script type=\"application\/ld+json\" class=\"yoast-schema-graph\">{\"@context\":\"https:\\\/\\\/schema.org\",\"@graph\":[{\"@type\":\"WebPage\",\"@id\":\"https:\\\/\\\/www.skilledtradesontario.ca\\\/fr\\\/a-propos-des-metiers\\\/travail-dans-des-metiers-a-accreditation-obligatoire\\\/\",\"url\":\"https:\\\/\\\/www.skilledtradesontario.ca\\\/fr\\\/a-propos-des-metiers\\\/travail-dans-des-metiers-a-accreditation-obligatoire\\\/\",\"name\":\"Travail dans des m\u00e9tiers \u00e0 accr\u00e9ditation obligatoire - M\u00e9tiers sp\u00e9cialis\u00e9s Ontario\",\"isPartOf\":{\"@id\":\"https:\\\/\\\/www.skilledtradesontario.ca\\\/#website\"},\"datePublished\":\"2021-11-24T14:35:21+00:00\",\"dateModified\":\"2025-08-26T20:12:48+00:00\",\"breadcrumb\":{\"@id\":\"https:\\\/\\\/www.skilledtradesontario.ca\\\/fr\\\/a-propos-des-metiers\\\/travail-dans-des-metiers-a-accreditation-obligatoire\\\/#breadcrumb\"},\"inLanguage\":\"fr-FR\",\"potentialAction\":[{\"@type\":\"ReadAction\",\"target\":[\"https:\\\/\\\/www.skilledtradesontario.ca\\\/fr\\\/a-propos-des-metiers\\\/travail-dans-des-metiers-a-accreditation-obligatoire\\\/\"]}]},{\"@type\":\"BreadcrumbList\",\"@id\":\"https:\\\/\\\/www.skilledtradesontario.ca\\\/fr\\\/a-propos-des-metiers\\\/travail-dans-des-metiers-a-accreditation-obligatoire\\\/#breadcrumb\",\"itemListElement\":[{\"@type\":\"ListItem\",\"position\":1,\"name\":\"Home\",\"item\":\"https:\\\/\\\/www.skilledtradesontario.ca\\\/fr\\\/\"},{\"@type\":\"ListItem\",\"position\":2,\"name\":\"\u00c0 propos des m\u00e9tiers\",\"item\":\"https:\\\/\\\/www.skilledtradesontario.ca\\\/fr\\\/a-propos-des-metiers\\\/\"},{\"@type\":\"ListItem\",\"position\":3,\"name\":\"Travail dans des m\u00e9tiers \u00e0 accr\u00e9ditation obligatoire\"}]},{\"@type\":\"WebSite\",\"@id\":\"https:\\\/\\\/www.skilledtradesontario.ca\\\/#website\",\"url\":\"https:\\\/\\\/www.skilledtradesontario.ca\\\/\",\"name\":\"M\u00e9tiers sp\u00e9cialis\u00e9s Ontario\",\"description\":\"Un organisme dirig\u00e9 par l'industrie charg\u00e9 de promouvoir et de moderniser les m\u00e9tiers sp\u00e9cialis\u00e9s et de prot\u00e9ger les gens de m\u00e9tier, l'industrie et, par-dessus tout, l'int\u00e9r\u00eat public.\",\"potentialAction\":[{\"@type\":\"SearchAction\",\"target\":{\"@type\":\"EntryPoint\",\"urlTemplate\":\"https:\\\/\\\/www.skilledtradesontario.ca\\\/?s={search_term_string}\"},\"query-input\":{\"@type\":\"PropertyValueSpecification\",\"valueRequired\":true,\"valueName\":\"search_term_string\"}}],\"inLanguage\":\"fr-FR\"}]}<\/script>\n<!-- \/ Yoast SEO plugin. -->","yoast_head_json":{"title":"Travail dans des m\u00e9tiers \u00e0 accr\u00e9ditation obligatoire - M\u00e9tiers sp\u00e9cialis\u00e9s Ontario","robots":{"index":"index","follow":"follow","max-snippet":"max-snippet:-1","max-image-preview":"max-image-preview:large","max-video-preview":"max-video-preview:-1"},"canonical":"https:\/\/www.skilledtradesontario.ca\/fr\/a-propos-des-metiers\/travail-dans-des-metiers-a-accreditation-obligatoire\/","og_locale":"fr_FR","og_type":"article","og_title":"M\u00e9tiers sp\u00e9cialis\u00e9s Ontario - Travail dans des m\u00e9tiers \u00e0 accr\u00e9ditation obligatoire","og_description":"En Ontario, il existe 23 m\u00e9tiers \u00e0 accr\u00e9ditation obligatoire. Seuls les apprenties et apprentis et les compagnes et compagnons certifi\u00e9s peuvent exercer de tels m\u00e9tiers. Les m\u00e9tiers de plombier, d\u2019\u00e9lectricien, de monteur de tuyaux de vapeur et de coiffeur en sont des exemples. Pour exercer l\u2019un des 23 m\u00e9tiers \u00e0 accr\u00e9ditation obligatoire en Ontario, vous devez \u00eatre titulaire de l\u2019un des documents valides suivants : un certificat de qualification, un certificat de qualification temporaire, un contrat d\u2019apprentissage enregistr\u00e9.","og_url":"https:\/\/www.skilledtradesontario.ca\/fr\/a-propos-des-metiers\/travail-dans-des-metiers-a-accreditation-obligatoire\/","og_site_name":"M\u00e9tiers sp\u00e9cialis\u00e9s Ontario","article_modified_time":"2025-08-26T20:12:48+00:00","og_image":[{"width":1791,"height":938,"url":"https:\/\/www.skilledtradesontario.ca\/wp-content\/uploads\/2025\/05\/16.jpg","type":"image\/jpeg"}],"twitter_card":"summary_large_image","twitter_title":"M\u00e9tiers sp\u00e9cialis\u00e9s Ontario - Travail dans des m\u00e9tiers \u00e0 accr\u00e9ditation obligatoire","twitter_description":"En Ontario, il existe 23 m\u00e9tiers \u00e0 accr\u00e9ditation obligatoire. Seuls les apprenties et apprentis et les compagnes et compagnons certifi\u00e9s peuvent exercer de tels m\u00e9tiers. Les m\u00e9tiers de plombier, d\u2019\u00e9lectricien, de monteur de tuyaux de vapeur et de coiffeur en sont des exemples. Pour exercer l\u2019un des 23 m\u00e9tiers \u00e0 accr\u00e9ditation obligatoire en Ontario, vous devez \u00eatre titulaire de l\u2019un des documents valides suivants : un certificat de qualification, un certificat de qualification temporaire, un contrat d\u2019apprentissage enregistr\u00e9.","twitter_image":"https:\/\/www.skilledtradesontario.ca\/wp-content\/uploads\/2025\/05\/16.jpg","twitter_site":"@SkilledTradesON","twitter_misc":{"Dur\u00e9e de lecture estim\u00e9e":"4 minutes"},"schema":{"@context":"https:\/\/schema.org","@graph":[{"@type":"WebPage","@id":"https:\/\/www.skilledtradesontario.ca\/fr\/a-propos-des-metiers\/travail-dans-des-metiers-a-accreditation-obligatoire\/","url":"https:\/\/www.skilledtradesontario.ca\/fr\/a-propos-des-metiers\/travail-dans-des-metiers-a-accreditation-obligatoire\/","name":"Travail dans des m\u00e9tiers \u00e0 accr\u00e9ditation obligatoire - M\u00e9tiers sp\u00e9cialis\u00e9s Ontario","isPartOf":{"@id":"https:\/\/www.skilledtradesontario.ca\/#website"},"datePublished":"2021-11-24T14:35:21+00:00","dateModified":"2025-08-26T20:12:48+00:00","breadcrumb":{"@id":"https:\/\/www.skilledtradesontario.ca\/fr\/a-propos-des-metiers\/travail-dans-des-metiers-a-accreditation-obligatoire\/#breadcrumb"},"inLanguage":"fr-FR","potentialAction":[{"@type":"ReadAction","target":["https:\/\/www.skilledtradesontario.ca\/fr\/a-propos-des-metiers\/travail-dans-des-metiers-a-accreditation-obligatoire\/"]}]},{"@type":"BreadcrumbList","@id":"https:\/\/www.skilledtradesontario.ca\/fr\/a-propos-des-metiers\/travail-dans-des-metiers-a-accreditation-obligatoire\/#breadcrumb","itemListElement":[{"@type":"ListItem","position":1,"name":"Home","item":"https:\/\/www.skilledtradesontario.ca\/fr\/"},{"@type":"ListItem","position":2,"name":"\u00c0 propos des m\u00e9tiers","item":"https:\/\/www.skilledtradesontario.ca\/fr\/a-propos-des-metiers\/"},{"@type":"ListItem","position":3,"name":"Travail dans des m\u00e9tiers \u00e0 accr\u00e9ditation obligatoire"}]},{"@type":"WebSite","@id":"https:\/\/www.skilledtradesontario.ca\/#website","url":"https:\/\/www.skilledtradesontario.ca\/","name":"M\u00e9tiers sp\u00e9cialis\u00e9s Ontario","description":"Un organisme dirig\u00e9 par l'industrie charg\u00e9 de promouvoir et de moderniser les m\u00e9tiers sp\u00e9cialis\u00e9s et de prot\u00e9ger les gens de m\u00e9tier, l'industrie et, par-dessus tout, l'int\u00e9r\u00eat public.","potentialAction":[{"@type":"SearchAction","target":{"@type":"EntryPoint","urlTemplate":"https:\/\/www.skilledtradesontario.ca\/?s={search_term_string}"},"query-input":{"@type":"PropertyValueSpecification","valueRequired":true,"valueName":"search_term_string"}}],"inLanguage":"fr-FR"}]}},"_links":{"self":[{"href":"https:\/\/www.skilledtradesontario.ca\/fr\/wp-json\/wp\/v2\/pages\/35703","targetHints":{"allow":["GET"]}}],"collection":[{"href":"https:\/\/www.skilledtradesontario.ca\/fr\/wp-json\/wp\/v2\/pages"}],"about":[{"href":"https:\/\/www.skilledtradesontario.ca\/fr\/wp-json\/wp\/v2\/types\/page"}],"author":[{"embeddable":true,"href":"https:\/\/www.skilledtradesontario.ca\/fr\/wp-json\/wp\/v2\/users\/16"}],"replies":[{"embeddable":true,"href":"https:\/\/www.skilledtradesontario.ca\/fr\/wp-json\/wp\/v2\/comments?post=35703"}],"version-history":[{"count":5,"href":"https:\/\/www.skilledtradesontario.ca\/fr\/wp-json\/wp\/v2\/pages\/35703\/revisions"}],"predecessor-version":[{"id":46893,"href":"https:\/\/www.skilledtradesontario.ca\/fr\/wp-json\/wp\/v2\/pages\/35703\/revisions\/46893"}],"up":[{"embeddable":true,"href":"https:\/\/www.skilledtradesontario.ca\/fr\/wp-json\/wp\/v2\/pages\/35564"}],"wp:attachment":[{"href":"https:\/\/www.skilledtradesontario.ca\/fr\/wp-json\/wp\/v2\/media?parent=35703"}],"wp:term":[{"taxonomy":"post_tag","embeddable":true,"href":"https:\/\/www.skilledtradesontario.ca\/fr\/wp-json\/wp\/v2\/tags?post=35703"}],"curies":[{"name":"wp","href":"https:\/\/api.w.org\/{rel}","templated":true}]}}