{"id":35541,"date":"2021-11-22T00:38:34","date_gmt":"2021-11-22T00:38:34","guid":{"rendered":"https:\/\/skilledtradesontario.ca\/?page_id=35541"},"modified":"2025-06-19T10:50:39","modified_gmt":"2025-06-19T14:50:39","slug":"apprentissage","status":"publish","type":"page","link":"https:\/\/www.skilledtradesontario.ca\/fr\/apprentissage\/","title":{"rendered":"Apprentissage"},"content":{"rendered":"<div style=\"\" class=\"wp-video\"><video class=\"wp-video-shortcode\" id=\"video-35541-1\" poster=\"https:\/\/www.skilledtradesontario.ca\/wp-content\/uploads\/2025\/06\/video-cover-image-1.jpg\" preload=\"metadata\" controls=\"controls\"><source type=\"video\/youtube\" src=\"https:\/\/youtu.be\/nhB4GW8YW_I?_=1\" \/><a href=\"https:\/\/youtu.be\/nhB4GW8YW_I\">https:\/\/youtu.be\/nhB4GW8YW_I<\/a><\/video><\/div>\n","protected":false},"excerpt":{"rendered":"","protected":false},"author":16,"featured_media":0,"parent":0,"menu_order":3,"comment_status":"closed","ping_status":"closed","template":"template-pages\/page-2-custom-3-26-2025-Apprenticeship-Build-your-future.php","meta":{"_acf_changed":false,"footnotes":""},"tags":[],"class_list":["post-35541","page","type-page","status-publish","hentry"],"acf":[],"yoast_head":"<!-- This site is optimized with the Yoast SEO plugin v27.3 - https:\/\/yoast.com\/product\/yoast-seo-wordpress\/ -->\n<title>Apprentissage - M\u00e9tiers sp\u00e9cialis\u00e9s Ontario<\/title>\n<meta name=\"robots\" content=\"index, follow, max-snippet:-1, max-image-preview:large, max-video-preview:-1\" \/>\n<link rel=\"canonical\" href=\"https:\/\/www.skilledtradesontario.ca\/fr\/apprentissage\/\" \/>\n<meta property=\"og:locale\" content=\"fr_FR\" \/>\n<meta property=\"og:type\" content=\"article\" \/>\n<meta property=\"og:title\" content=\"M\u00e9tiers sp\u00e9cialis\u00e9s Ontario - Apprentissage\" \/>\n<meta property=\"og:description\" content=\"Apprentis - Vous aimeriez travailler dans l\u2019un des plus de 140 m\u00e9tiers sp\u00e9cialis\u00e9s de la province? Commencer un apprentissage est la premi\u00e8re \u00e9tape.\" \/>\n<meta property=\"og:url\" content=\"https:\/\/www.skilledtradesontario.ca\/fr\/apprentissage\/\" \/>\n<meta property=\"og:site_name\" content=\"M\u00e9tiers sp\u00e9cialis\u00e9s Ontario\" \/>\n<meta property=\"article:modified_time\" content=\"2025-06-19T14:50:39+00:00\" \/>\n<meta property=\"og:image\" content=\"https:\/\/www.skilledtradesontario.ca\/wp-content\/uploads\/2023\/03\/STO-Apprentice-Twitter-image-Fr.png\" \/>\n\t<meta property=\"og:image:width\" content=\"1500\" \/>\n\t<meta property=\"og:image:height\" content=\"500\" \/>\n\t<meta property=\"og:image:type\" content=\"image\/png\" \/>\n<meta name=\"twitter:card\" content=\"summary_large_image\" \/>\n<meta name=\"twitter:title\" content=\"M\u00e9tiers sp\u00e9cialis\u00e9s Ontario - Apprentissage\" \/>\n<meta name=\"twitter:description\" content=\"Apprentis - Vous aimeriez travailler dans l\u2019un des plus de 140 m\u00e9tiers sp\u00e9cialis\u00e9s de la province? Commencer un apprentissage est la premi\u00e8re \u00e9tape.\" \/>\n<meta name=\"twitter:image\" content=\"https:\/\/www.skilledtradesontario.ca\/wp-content\/uploads\/2023\/03\/STO-Apprentice-Twitter-image-Fr.png\" \/>\n<meta name=\"twitter:site\" content=\"@SkilledTradesON\" \/>\n<meta name=\"twitter:label1\" content=\"Dur\u00e9e de lecture estim\u00e9e\" \/>\n\t<meta name=\"twitter:data1\" content=\"1 minute\" \/>\n<script type=\"application\/ld+json\" class=\"yoast-schema-graph\">{\"@context\":\"https:\\\/\\\/schema.org\",\"@graph\":[{\"@type\":\"WebPage\",\"@id\":\"https:\\\/\\\/www.skilledtradesontario.ca\\\/fr\\\/apprentissage\\\/\",\"url\":\"https:\\\/\\\/www.skilledtradesontario.ca\\\/fr\\\/apprentissage\\\/\",\"name\":\"Apprentissage - M\u00e9tiers sp\u00e9cialis\u00e9s Ontario\",\"isPartOf\":{\"@id\":\"https:\\\/\\\/www.skilledtradesontario.ca\\\/#website\"},\"datePublished\":\"2021-11-22T00:38:34+00:00\",\"dateModified\":\"2025-06-19T14:50:39+00:00\",\"breadcrumb\":{\"@id\":\"https:\\\/\\\/www.skilledtradesontario.ca\\\/fr\\\/apprentissage\\\/#breadcrumb\"},\"inLanguage\":\"fr-FR\",\"potentialAction\":[{\"@type\":\"ReadAction\",\"target\":[\"https:\\\/\\\/www.skilledtradesontario.ca\\\/fr\\\/apprentissage\\\/\"]}]},{\"@type\":\"BreadcrumbList\",\"@id\":\"https:\\\/\\\/www.skilledtradesontario.ca\\\/fr\\\/apprentissage\\\/#breadcrumb\",\"itemListElement\":[{\"@type\":\"ListItem\",\"position\":1,\"name\":\"Home\",\"item\":\"https:\\\/\\\/www.skilledtradesontario.ca\\\/fr\\\/\"},{\"@type\":\"ListItem\",\"position\":2,\"name\":\"Apprentissage\"}]},{\"@type\":\"WebSite\",\"@id\":\"https:\\\/\\\/www.skilledtradesontario.ca\\\/#website\",\"url\":\"https:\\\/\\\/www.skilledtradesontario.ca\\\/\",\"name\":\"M\u00e9tiers sp\u00e9cialis\u00e9s Ontario\",\"description\":\"Un organisme dirig\u00e9 par l'industrie charg\u00e9 de promouvoir et de moderniser les m\u00e9tiers sp\u00e9cialis\u00e9s et de prot\u00e9ger les gens de m\u00e9tier, l'industrie et, par-dessus tout, l'int\u00e9r\u00eat public.\",\"potentialAction\":[{\"@type\":\"SearchAction\",\"target\":{\"@type\":\"EntryPoint\",\"urlTemplate\":\"https:\\\/\\\/www.skilledtradesontario.ca\\\/?s={search_term_string}\"},\"query-input\":{\"@type\":\"PropertyValueSpecification\",\"valueRequired\":true,\"valueName\":\"search_term_string\"}}],\"inLanguage\":\"fr-FR\"}]}<\/script>\n<!-- \/ Yoast SEO plugin. -->","yoast_head_json":{"title":"Apprentissage - M\u00e9tiers sp\u00e9cialis\u00e9s Ontario","robots":{"index":"index","follow":"follow","max-snippet":"max-snippet:-1","max-image-preview":"max-image-preview:large","max-video-preview":"max-video-preview:-1"},"canonical":"https:\/\/www.skilledtradesontario.ca\/fr\/apprentissage\/","og_locale":"fr_FR","og_type":"article","og_title":"M\u00e9tiers sp\u00e9cialis\u00e9s Ontario - Apprentissage","og_description":"Apprentis - Vous aimeriez travailler dans l\u2019un des plus de 140 m\u00e9tiers sp\u00e9cialis\u00e9s de la province? Commencer un apprentissage est la premi\u00e8re \u00e9tape.","og_url":"https:\/\/www.skilledtradesontario.ca\/fr\/apprentissage\/","og_site_name":"M\u00e9tiers sp\u00e9cialis\u00e9s Ontario","article_modified_time":"2025-06-19T14:50:39+00:00","og_image":[{"width":1500,"height":500,"url":"https:\/\/www.skilledtradesontario.ca\/wp-content\/uploads\/2023\/03\/STO-Apprentice-Twitter-image-Fr.png","type":"image\/png"}],"twitter_card":"summary_large_image","twitter_title":"M\u00e9tiers sp\u00e9cialis\u00e9s Ontario - Apprentissage","twitter_description":"Apprentis - Vous aimeriez travailler dans l\u2019un des plus de 140 m\u00e9tiers sp\u00e9cialis\u00e9s de la province? Commencer un apprentissage est la premi\u00e8re \u00e9tape.","twitter_image":"https:\/\/www.skilledtradesontario.ca\/wp-content\/uploads\/2023\/03\/STO-Apprentice-Twitter-image-Fr.png","twitter_site":"@SkilledTradesON","twitter_misc":{"Dur\u00e9e de lecture estim\u00e9e":"1 minute"},"schema":{"@context":"https:\/\/schema.org","@graph":[{"@type":"WebPage","@id":"https:\/\/www.skilledtradesontario.ca\/fr\/apprentissage\/","url":"https:\/\/www.skilledtradesontario.ca\/fr\/apprentissage\/","name":"Apprentissage - M\u00e9tiers sp\u00e9cialis\u00e9s Ontario","isPartOf":{"@id":"https:\/\/www.skilledtradesontario.ca\/#website"},"datePublished":"2021-11-22T00:38:34+00:00","dateModified":"2025-06-19T14:50:39+00:00","breadcrumb":{"@id":"https:\/\/www.skilledtradesontario.ca\/fr\/apprentissage\/#breadcrumb"},"inLanguage":"fr-FR","potentialAction":[{"@type":"ReadAction","target":["https:\/\/www.skilledtradesontario.ca\/fr\/apprentissage\/"]}]},{"@type":"BreadcrumbList","@id":"https:\/\/www.skilledtradesontario.ca\/fr\/apprentissage\/#breadcrumb","itemListElement":[{"@type":"ListItem","position":1,"name":"Home","item":"https:\/\/www.skilledtradesontario.ca\/fr\/"},{"@type":"ListItem","position":2,"name":"Apprentissage"}]},{"@type":"WebSite","@id":"https:\/\/www.skilledtradesontario.ca\/#website","url":"https:\/\/www.skilledtradesontario.ca\/","name":"M\u00e9tiers sp\u00e9cialis\u00e9s Ontario","description":"Un organisme dirig\u00e9 par l'industrie charg\u00e9 de promouvoir et de moderniser les m\u00e9tiers sp\u00e9cialis\u00e9s et de prot\u00e9ger les gens de m\u00e9tier, l'industrie et, par-dessus tout, l'int\u00e9r\u00eat public.","potentialAction":[{"@type":"SearchAction","target":{"@type":"EntryPoint","urlTemplate":"https:\/\/www.skilledtradesontario.ca\/?s={search_term_string}"},"query-input":{"@type":"PropertyValueSpecification","valueRequired":true,"valueName":"search_term_string"}}],"inLanguage":"fr-FR"}]}},"_links":{"self":[{"href":"https:\/\/www.skilledtradesontario.ca\/fr\/wp-json\/wp\/v2\/pages\/35541","targetHints":{"allow":["GET"]}}],"collection":[{"href":"https:\/\/www.skilledtradesontario.ca\/fr\/wp-json\/wp\/v2\/pages"}],"about":[{"href":"https:\/\/www.skilledtradesontario.ca\/fr\/wp-json\/wp\/v2\/types\/page"}],"author":[{"embeddable":true,"href":"https:\/\/www.skilledtradesontario.ca\/fr\/wp-json\/wp\/v2\/users\/16"}],"replies":[{"embeddable":true,"href":"https:\/\/www.skilledtradesontario.ca\/fr\/wp-json\/wp\/v2\/comments?post=35541"}],"version-history":[{"count":5,"href":"https:\/\/www.skilledtradesontario.ca\/fr\/wp-json\/wp\/v2\/pages\/35541\/revisions"}],"predecessor-version":[{"id":46766,"href":"https:\/\/www.skilledtradesontario.ca\/fr\/wp-json\/wp\/v2\/pages\/35541\/revisions\/46766"}],"wp:attachment":[{"href":"https:\/\/www.skilledtradesontario.ca\/fr\/wp-json\/wp\/v2\/media?parent=35541"}],"wp:term":[{"taxonomy":"post_tag","embeddable":true,"href":"https:\/\/www.skilledtradesontario.ca\/fr\/wp-json\/wp\/v2\/tags?post=35541"}],"curies":[{"name":"wp","href":"https:\/\/api.w.org\/{rel}","templated":true}]}}