{"id":35535,"date":"2021-11-22T00:32:38","date_gmt":"2021-11-22T00:32:38","guid":{"rendered":"https:\/\/skilledtradesontario.ca\/?page_id=35535"},"modified":"2025-04-01T18:01:20","modified_gmt":"2025-04-01T22:01:20","slug":"a-propos-de-nous","status":"publish","type":"page","link":"https:\/\/www.skilledtradesontario.ca\/fr\/a-propos-de-nous\/","title":{"rendered":"\u00c0 propos de nous"},"content":{"rendered":"","protected":false},"excerpt":{"rendered":"","protected":false},"author":16,"featured_media":0,"parent":0,"menu_order":0,"comment_status":"closed","ping_status":"closed","template":"template-pages\/page-header-tabs-edit.php","meta":{"_acf_changed":false,"footnotes":""},"tags":[],"class_list":["post-35535","page","type-page","status-publish","hentry"],"acf":[],"yoast_head":"<!-- This site is optimized with the Yoast SEO plugin v27.3 - https:\/\/yoast.com\/product\/yoast-seo-wordpress\/ -->\n<title>\u00c0 propos de nous - M\u00e9tiers sp\u00e9cialis\u00e9s Ontario<\/title>\n<meta name=\"robots\" content=\"index, follow, max-snippet:-1, max-image-preview:large, max-video-preview:-1\" \/>\n<link rel=\"canonical\" href=\"https:\/\/www.skilledtradesontario.ca\/fr\/a-propos-de-nous\/\" \/>\n<meta property=\"og:locale\" content=\"fr_FR\" \/>\n<meta property=\"og:type\" content=\"article\" \/>\n<meta property=\"og:title\" content=\"M\u00e9tiers sp\u00e9cialis\u00e9s Ontario - \u00c0 propos de nous\" \/>\n<meta property=\"og:description\" content=\"Pour chaque comp\u00e9tence, la possibilit\u00e9 est infini - M\u00e9tiers sp\u00e9cialis\u00e9s Ontario se veut un guichet unique qui fait conna\u00eetre les occasions qui existent dans les m\u00e9tiers sp\u00e9cialis\u00e9s, tout en mettant de l\u2019avant des carri\u00e8res enrichissantes qui soutiennent l\u2019\u00e9conomie de la province.\" \/>\n<meta property=\"og:url\" content=\"https:\/\/www.skilledtradesontario.ca\/fr\/a-propos-de-nous\/\" \/>\n<meta property=\"og:site_name\" content=\"M\u00e9tiers sp\u00e9cialis\u00e9s Ontario\" \/>\n<meta property=\"article:modified_time\" content=\"2025-04-01T22:01:20+00:00\" \/>\n<meta property=\"og:image\" content=\"https:\/\/www.skilledtradesontario.ca\/wp-content\/uploads\/2023\/03\/STO-About-us-Twitter-image-Fr.png\" \/>\n\t<meta property=\"og:image:width\" content=\"1259\" \/>\n\t<meta property=\"og:image:height\" content=\"653\" \/>\n\t<meta property=\"og:image:type\" content=\"image\/png\" \/>\n<meta name=\"twitter:card\" content=\"summary_large_image\" \/>\n<meta name=\"twitter:title\" content=\"M\u00e9tiers sp\u00e9cialis\u00e9s Ontario - \u00c0 propos de nous\" \/>\n<meta name=\"twitter:description\" content=\"Pour chaque comp\u00e9tence, la possibilit\u00e9 est infini - M\u00e9tiers sp\u00e9cialis\u00e9s Ontario se veut un guichet unique qui fait conna\u00eetre les occasions qui existent dans les m\u00e9tiers sp\u00e9cialis\u00e9s, tout en mettant de l\u2019avant des carri\u00e8res enrichissantes qui soutiennent l\u2019\u00e9conomie de la province.\" \/>\n<meta name=\"twitter:image\" content=\"https:\/\/www.skilledtradesontario.ca\/wp-content\/uploads\/2023\/03\/STO-About-us-Twitter-image-Fr.png\" \/>\n<meta name=\"twitter:site\" content=\"@SkilledTradesON\" \/>\n<script type=\"application\/ld+json\" class=\"yoast-schema-graph\">{\"@context\":\"https:\\\/\\\/schema.org\",\"@graph\":[{\"@type\":\"WebPage\",\"@id\":\"https:\\\/\\\/www.skilledtradesontario.ca\\\/fr\\\/a-propos-de-nous\\\/\",\"url\":\"https:\\\/\\\/www.skilledtradesontario.ca\\\/fr\\\/a-propos-de-nous\\\/\",\"name\":\"\u00c0 propos de nous - M\u00e9tiers sp\u00e9cialis\u00e9s Ontario\",\"isPartOf\":{\"@id\":\"https:\\\/\\\/www.skilledtradesontario.ca\\\/#website\"},\"datePublished\":\"2021-11-22T00:32:38+00:00\",\"dateModified\":\"2025-04-01T22:01:20+00:00\",\"breadcrumb\":{\"@id\":\"https:\\\/\\\/www.skilledtradesontario.ca\\\/fr\\\/a-propos-de-nous\\\/#breadcrumb\"},\"inLanguage\":\"fr-FR\",\"potentialAction\":[{\"@type\":\"ReadAction\",\"target\":[\"https:\\\/\\\/www.skilledtradesontario.ca\\\/fr\\\/a-propos-de-nous\\\/\"]}]},{\"@type\":\"BreadcrumbList\",\"@id\":\"https:\\\/\\\/www.skilledtradesontario.ca\\\/fr\\\/a-propos-de-nous\\\/#breadcrumb\",\"itemListElement\":[{\"@type\":\"ListItem\",\"position\":1,\"name\":\"Home\",\"item\":\"https:\\\/\\\/www.skilledtradesontario.ca\\\/fr\\\/\"},{\"@type\":\"ListItem\",\"position\":2,\"name\":\"\u00c0 propos de nous\"}]},{\"@type\":\"WebSite\",\"@id\":\"https:\\\/\\\/www.skilledtradesontario.ca\\\/#website\",\"url\":\"https:\\\/\\\/www.skilledtradesontario.ca\\\/\",\"name\":\"M\u00e9tiers sp\u00e9cialis\u00e9s Ontario\",\"description\":\"Un organisme dirig\u00e9 par l'industrie charg\u00e9 de promouvoir et de moderniser les m\u00e9tiers sp\u00e9cialis\u00e9s et de prot\u00e9ger les gens de m\u00e9tier, l'industrie et, par-dessus tout, l'int\u00e9r\u00eat public.\",\"potentialAction\":[{\"@type\":\"SearchAction\",\"target\":{\"@type\":\"EntryPoint\",\"urlTemplate\":\"https:\\\/\\\/www.skilledtradesontario.ca\\\/?s={search_term_string}\"},\"query-input\":{\"@type\":\"PropertyValueSpecification\",\"valueRequired\":true,\"valueName\":\"search_term_string\"}}],\"inLanguage\":\"fr-FR\"}]}<\/script>\n<!-- \/ Yoast SEO plugin. -->","yoast_head_json":{"title":"\u00c0 propos de nous - M\u00e9tiers sp\u00e9cialis\u00e9s Ontario","robots":{"index":"index","follow":"follow","max-snippet":"max-snippet:-1","max-image-preview":"max-image-preview:large","max-video-preview":"max-video-preview:-1"},"canonical":"https:\/\/www.skilledtradesontario.ca\/fr\/a-propos-de-nous\/","og_locale":"fr_FR","og_type":"article","og_title":"M\u00e9tiers sp\u00e9cialis\u00e9s Ontario - \u00c0 propos de nous","og_description":"Pour chaque comp\u00e9tence, la possibilit\u00e9 est infini - M\u00e9tiers sp\u00e9cialis\u00e9s Ontario se veut un guichet unique qui fait conna\u00eetre les occasions qui existent dans les m\u00e9tiers sp\u00e9cialis\u00e9s, tout en mettant de l\u2019avant des carri\u00e8res enrichissantes qui soutiennent l\u2019\u00e9conomie de la province.","og_url":"https:\/\/www.skilledtradesontario.ca\/fr\/a-propos-de-nous\/","og_site_name":"M\u00e9tiers sp\u00e9cialis\u00e9s Ontario","article_modified_time":"2025-04-01T22:01:20+00:00","og_image":[{"width":1259,"height":653,"url":"https:\/\/www.skilledtradesontario.ca\/wp-content\/uploads\/2023\/03\/STO-About-us-Twitter-image-Fr.png","type":"image\/png"}],"twitter_card":"summary_large_image","twitter_title":"M\u00e9tiers sp\u00e9cialis\u00e9s Ontario - \u00c0 propos de nous","twitter_description":"Pour chaque comp\u00e9tence, la possibilit\u00e9 est infini - M\u00e9tiers sp\u00e9cialis\u00e9s Ontario se veut un guichet unique qui fait conna\u00eetre les occasions qui existent dans les m\u00e9tiers sp\u00e9cialis\u00e9s, tout en mettant de l\u2019avant des carri\u00e8res enrichissantes qui soutiennent l\u2019\u00e9conomie de la province.","twitter_image":"https:\/\/www.skilledtradesontario.ca\/wp-content\/uploads\/2023\/03\/STO-About-us-Twitter-image-Fr.png","twitter_site":"@SkilledTradesON","schema":{"@context":"https:\/\/schema.org","@graph":[{"@type":"WebPage","@id":"https:\/\/www.skilledtradesontario.ca\/fr\/a-propos-de-nous\/","url":"https:\/\/www.skilledtradesontario.ca\/fr\/a-propos-de-nous\/","name":"\u00c0 propos de nous - M\u00e9tiers sp\u00e9cialis\u00e9s Ontario","isPartOf":{"@id":"https:\/\/www.skilledtradesontario.ca\/#website"},"datePublished":"2021-11-22T00:32:38+00:00","dateModified":"2025-04-01T22:01:20+00:00","breadcrumb":{"@id":"https:\/\/www.skilledtradesontario.ca\/fr\/a-propos-de-nous\/#breadcrumb"},"inLanguage":"fr-FR","potentialAction":[{"@type":"ReadAction","target":["https:\/\/www.skilledtradesontario.ca\/fr\/a-propos-de-nous\/"]}]},{"@type":"BreadcrumbList","@id":"https:\/\/www.skilledtradesontario.ca\/fr\/a-propos-de-nous\/#breadcrumb","itemListElement":[{"@type":"ListItem","position":1,"name":"Home","item":"https:\/\/www.skilledtradesontario.ca\/fr\/"},{"@type":"ListItem","position":2,"name":"\u00c0 propos de nous"}]},{"@type":"WebSite","@id":"https:\/\/www.skilledtradesontario.ca\/#website","url":"https:\/\/www.skilledtradesontario.ca\/","name":"M\u00e9tiers sp\u00e9cialis\u00e9s Ontario","description":"Un organisme dirig\u00e9 par l'industrie charg\u00e9 de promouvoir et de moderniser les m\u00e9tiers sp\u00e9cialis\u00e9s et de prot\u00e9ger les gens de m\u00e9tier, l'industrie et, par-dessus tout, l'int\u00e9r\u00eat public.","potentialAction":[{"@type":"SearchAction","target":{"@type":"EntryPoint","urlTemplate":"https:\/\/www.skilledtradesontario.ca\/?s={search_term_string}"},"query-input":{"@type":"PropertyValueSpecification","valueRequired":true,"valueName":"search_term_string"}}],"inLanguage":"fr-FR"}]}},"_links":{"self":[{"href":"https:\/\/www.skilledtradesontario.ca\/fr\/wp-json\/wp\/v2\/pages\/35535","targetHints":{"allow":["GET"]}}],"collection":[{"href":"https:\/\/www.skilledtradesontario.ca\/fr\/wp-json\/wp\/v2\/pages"}],"about":[{"href":"https:\/\/www.skilledtradesontario.ca\/fr\/wp-json\/wp\/v2\/types\/page"}],"author":[{"embeddable":true,"href":"https:\/\/www.skilledtradesontario.ca\/fr\/wp-json\/wp\/v2\/users\/16"}],"replies":[{"embeddable":true,"href":"https:\/\/www.skilledtradesontario.ca\/fr\/wp-json\/wp\/v2\/comments?post=35535"}],"version-history":[{"count":1,"href":"https:\/\/www.skilledtradesontario.ca\/fr\/wp-json\/wp\/v2\/pages\/35535\/revisions"}],"predecessor-version":[{"id":45627,"href":"https:\/\/www.skilledtradesontario.ca\/fr\/wp-json\/wp\/v2\/pages\/35535\/revisions\/45627"}],"wp:attachment":[{"href":"https:\/\/www.skilledtradesontario.ca\/fr\/wp-json\/wp\/v2\/media?parent=35535"}],"wp:term":[{"taxonomy":"post_tag","embeddable":true,"href":"https:\/\/www.skilledtradesontario.ca\/fr\/wp-json\/wp\/v2\/tags?post=35535"}],"curies":[{"name":"wp","href":"https:\/\/api.w.org\/{rel}","templated":true}]}}