{"id":34023,"date":"2018-07-12T15:09:33","date_gmt":"2018-07-12T15:09:33","guid":{"rendered":"https:\/\/skilledtradesontario.ca\/?page_id=34023"},"modified":"2026-03-25T10:04:45","modified_gmt":"2026-03-25T14:04:45","slug":"travailler-avec-nous","status":"publish","type":"page","link":"https:\/\/www.skilledtradesontario.ca\/fr\/a-propos-de-nous\/travailler-avec-nous\/","title":{"rendered":"Travailler avec nous"},"content":{"rendered":"<p>M\u00e9tiers sp\u00e9cialis\u00e9s Ontario est un organisme de la Couronne responsable de la certification des m\u00e9tiers sp\u00e9cialis\u00e9s en Ontario. <a href=\"https:\/\/www.skilledtradesontario.ca\/fr\/a-propos-de-nous\/qui-nous-sommes\/\">Apprenez-en plus<\/a> sur notre organisme. Nous sommes toujours ravis d\u2019entrer en contact avec des gens talentueux aux comp\u00e9tences, aux connaissances et aux exp\u00e9riences vari\u00e9es.<\/p>\n<p>M\u00e9tiers sp\u00e9cialis\u00e9s Ontario accueille la diversit\u00e9 \u00e0 bras ouverts et s\u2019engage \u00e0 cr\u00e9er un milieu de travail inclusif. Notre objectif est de recruter, de former et de maintenir en poste des employ\u00e9s qualifi\u00e9s issus de diff\u00e9rents milieux afin de profiter d\u2019une grande vari\u00e9t\u00e9 d\u2019exp\u00e9riences et de points de vue. Nous souscrivons avec fiert\u00e9 au principe de l\u2019\u00e9galit\u00e9 d\u2019acc\u00e8s \u00e0 l\u2019emploi et adoptons un processus d\u2019embauche guid\u00e9 par l\u2019ouverture et la transparence.<\/p>\n<p>Chez M\u00e9tiers sp\u00e9cialis\u00e9s Ontario, nous sommes d\u2019avis qu\u2019il est essentiel d\u2019offrir \u00e0 nos employ\u00e9s un environnement de travail positif et accueillant ainsi qu\u2019une r\u00e9mun\u00e9ration et des avantages sociaux concurrentiels.<\/p>\n<p>Pour postuler \u00e0 l\u2019un des postes ci-dessous, veuillez envoyer une lettre de pr\u00e9sentation et votre CV avant la date limite \u00e0 l\u2019adresse <a href=\"mailto:Careers@skilledtradesontario.ca\"> Careers@skilledtradesontario.ca<\/a>. Veuillez indiquer le titre du poste vis\u00e9 dans l\u2019objet du message. Vous recevrez un message automatis\u00e9 confirmant la bonne r\u00e9ception de votre dossier.<\/p>\n<p>Veuillez noter que les postes bilingues sont affich\u00e9s en anglais et en fran\u00e7ais sur le site. Les postes qui ne sont pas bilingues ne sont pas traduits et sont seulement affich\u00e9s en anglais, et ce, sur les versions fran\u00e7aise et anglaise du site Web.<\/p>\n<p><strong>Possibilit\u00e9s de carri\u00e8re actuelles<\/strong><\/p>\n<ul class=\"ocot-list\">\n<li><span><a href=\"https:\/\/www.skilledtradesontario.ca\/wp-content\/uploads\/2026\/03\/STO-021-26-Bilingual-Client-Services-Consultant-FR.pdf\" target=\"_blank\" rel=\"noopener\">Conseiller(\u00e8re) bilingue au service \u00e0 la client\u00e8le<\/a><\/span><\/li>\n<\/ul>\n","protected":false},"excerpt":{"rendered":"<p>M\u00e9tiers sp\u00e9cialis\u00e9s Ontario est un organisme de la Couronne responsable de la certification des m\u00e9tiers sp\u00e9cialis\u00e9s en Ontario. Apprenez-en&#8230;<\/p>\n","protected":false},"author":16,"featured_media":0,"parent":35535,"menu_order":6,"comment_status":"closed","ping_status":"closed","template":"template-pages\/page-default.php","meta":{"_acf_changed":false,"footnotes":""},"tags":[],"class_list":["post-34023","page","type-page","status-publish","hentry"],"acf":[],"yoast_head":"<!-- This site is optimized with the Yoast SEO plugin v27.3 - https:\/\/yoast.com\/product\/yoast-seo-wordpress\/ -->\n<title>Travailler avec nous - M\u00e9tiers sp\u00e9cialis\u00e9s Ontario<\/title>\n<meta name=\"robots\" content=\"index, follow, max-snippet:-1, max-image-preview:large, max-video-preview:-1\" \/>\n<link rel=\"canonical\" href=\"https:\/\/www.skilledtradesontario.ca\/fr\/a-propos-de-nous\/travailler-avec-nous\/\" \/>\n<meta property=\"og:locale\" content=\"fr_FR\" \/>\n<meta property=\"og:type\" content=\"article\" \/>\n<meta property=\"og:title\" content=\"Travailler avec nous - M\u00e9tiers sp\u00e9cialis\u00e9s Ontario\" \/>\n<meta property=\"og:description\" content=\"M\u00e9tiers sp\u00e9cialis\u00e9s Ontario est un organisme de la Couronne responsable de la certification des m\u00e9tiers sp\u00e9cialis\u00e9s en Ontario. Apprenez-en...\" \/>\n<meta property=\"og:url\" content=\"https:\/\/www.skilledtradesontario.ca\/fr\/a-propos-de-nous\/travailler-avec-nous\/\" \/>\n<meta property=\"og:site_name\" content=\"M\u00e9tiers sp\u00e9cialis\u00e9s Ontario\" \/>\n<meta property=\"article:modified_time\" content=\"2026-03-25T14:04:45+00:00\" \/>\n<meta name=\"twitter:card\" content=\"summary_large_image\" \/>\n<meta name=\"twitter:site\" content=\"@SkilledTradesON\" \/>\n<meta name=\"twitter:label1\" content=\"Dur\u00e9e de lecture estim\u00e9e\" \/>\n\t<meta name=\"twitter:data1\" content=\"2 minutes\" \/>\n<script type=\"application\/ld+json\" class=\"yoast-schema-graph\">{\"@context\":\"https:\\\/\\\/schema.org\",\"@graph\":[{\"@type\":\"WebPage\",\"@id\":\"https:\\\/\\\/www.skilledtradesontario.ca\\\/fr\\\/a-propos-de-nous\\\/travailler-avec-nous\\\/\",\"url\":\"https:\\\/\\\/www.skilledtradesontario.ca\\\/fr\\\/a-propos-de-nous\\\/travailler-avec-nous\\\/\",\"name\":\"Travailler avec nous - M\u00e9tiers sp\u00e9cialis\u00e9s Ontario\",\"isPartOf\":{\"@id\":\"https:\\\/\\\/www.skilledtradesontario.ca\\\/#website\"},\"datePublished\":\"2018-07-12T15:09:33+00:00\",\"dateModified\":\"2026-03-25T14:04:45+00:00\",\"breadcrumb\":{\"@id\":\"https:\\\/\\\/www.skilledtradesontario.ca\\\/fr\\\/a-propos-de-nous\\\/travailler-avec-nous\\\/#breadcrumb\"},\"inLanguage\":\"fr-FR\",\"potentialAction\":[{\"@type\":\"ReadAction\",\"target\":[\"https:\\\/\\\/www.skilledtradesontario.ca\\\/fr\\\/a-propos-de-nous\\\/travailler-avec-nous\\\/\"]}]},{\"@type\":\"BreadcrumbList\",\"@id\":\"https:\\\/\\\/www.skilledtradesontario.ca\\\/fr\\\/a-propos-de-nous\\\/travailler-avec-nous\\\/#breadcrumb\",\"itemListElement\":[{\"@type\":\"ListItem\",\"position\":1,\"name\":\"Home\",\"item\":\"https:\\\/\\\/www.skilledtradesontario.ca\\\/fr\\\/\"},{\"@type\":\"ListItem\",\"position\":2,\"name\":\"\u00c0 propos de nous\",\"item\":\"https:\\\/\\\/www.skilledtradesontario.ca\\\/fr\\\/a-propos-de-nous\\\/\"},{\"@type\":\"ListItem\",\"position\":3,\"name\":\"Travailler avec nous\"}]},{\"@type\":\"WebSite\",\"@id\":\"https:\\\/\\\/www.skilledtradesontario.ca\\\/#website\",\"url\":\"https:\\\/\\\/www.skilledtradesontario.ca\\\/\",\"name\":\"M\u00e9tiers sp\u00e9cialis\u00e9s Ontario\",\"description\":\"Un organisme dirig\u00e9 par l'industrie charg\u00e9 de promouvoir et de moderniser les m\u00e9tiers sp\u00e9cialis\u00e9s et de prot\u00e9ger les gens de m\u00e9tier, l'industrie et, par-dessus tout, l'int\u00e9r\u00eat public.\",\"potentialAction\":[{\"@type\":\"SearchAction\",\"target\":{\"@type\":\"EntryPoint\",\"urlTemplate\":\"https:\\\/\\\/www.skilledtradesontario.ca\\\/?s={search_term_string}\"},\"query-input\":{\"@type\":\"PropertyValueSpecification\",\"valueRequired\":true,\"valueName\":\"search_term_string\"}}],\"inLanguage\":\"fr-FR\"}]}<\/script>\n<!-- \/ Yoast SEO plugin. -->","yoast_head_json":{"title":"Travailler avec nous - M\u00e9tiers sp\u00e9cialis\u00e9s Ontario","robots":{"index":"index","follow":"follow","max-snippet":"max-snippet:-1","max-image-preview":"max-image-preview:large","max-video-preview":"max-video-preview:-1"},"canonical":"https:\/\/www.skilledtradesontario.ca\/fr\/a-propos-de-nous\/travailler-avec-nous\/","og_locale":"fr_FR","og_type":"article","og_title":"Travailler avec nous - M\u00e9tiers sp\u00e9cialis\u00e9s Ontario","og_description":"M\u00e9tiers sp\u00e9cialis\u00e9s Ontario est un organisme de la Couronne responsable de la certification des m\u00e9tiers sp\u00e9cialis\u00e9s en Ontario. Apprenez-en...","og_url":"https:\/\/www.skilledtradesontario.ca\/fr\/a-propos-de-nous\/travailler-avec-nous\/","og_site_name":"M\u00e9tiers sp\u00e9cialis\u00e9s Ontario","article_modified_time":"2026-03-25T14:04:45+00:00","twitter_card":"summary_large_image","twitter_site":"@SkilledTradesON","twitter_misc":{"Dur\u00e9e de lecture estim\u00e9e":"2 minutes"},"schema":{"@context":"https:\/\/schema.org","@graph":[{"@type":"WebPage","@id":"https:\/\/www.skilledtradesontario.ca\/fr\/a-propos-de-nous\/travailler-avec-nous\/","url":"https:\/\/www.skilledtradesontario.ca\/fr\/a-propos-de-nous\/travailler-avec-nous\/","name":"Travailler avec nous - M\u00e9tiers sp\u00e9cialis\u00e9s Ontario","isPartOf":{"@id":"https:\/\/www.skilledtradesontario.ca\/#website"},"datePublished":"2018-07-12T15:09:33+00:00","dateModified":"2026-03-25T14:04:45+00:00","breadcrumb":{"@id":"https:\/\/www.skilledtradesontario.ca\/fr\/a-propos-de-nous\/travailler-avec-nous\/#breadcrumb"},"inLanguage":"fr-FR","potentialAction":[{"@type":"ReadAction","target":["https:\/\/www.skilledtradesontario.ca\/fr\/a-propos-de-nous\/travailler-avec-nous\/"]}]},{"@type":"BreadcrumbList","@id":"https:\/\/www.skilledtradesontario.ca\/fr\/a-propos-de-nous\/travailler-avec-nous\/#breadcrumb","itemListElement":[{"@type":"ListItem","position":1,"name":"Home","item":"https:\/\/www.skilledtradesontario.ca\/fr\/"},{"@type":"ListItem","position":2,"name":"\u00c0 propos de nous","item":"https:\/\/www.skilledtradesontario.ca\/fr\/a-propos-de-nous\/"},{"@type":"ListItem","position":3,"name":"Travailler avec nous"}]},{"@type":"WebSite","@id":"https:\/\/www.skilledtradesontario.ca\/#website","url":"https:\/\/www.skilledtradesontario.ca\/","name":"M\u00e9tiers sp\u00e9cialis\u00e9s Ontario","description":"Un organisme dirig\u00e9 par l'industrie charg\u00e9 de promouvoir et de moderniser les m\u00e9tiers sp\u00e9cialis\u00e9s et de prot\u00e9ger les gens de m\u00e9tier, l'industrie et, par-dessus tout, l'int\u00e9r\u00eat public.","potentialAction":[{"@type":"SearchAction","target":{"@type":"EntryPoint","urlTemplate":"https:\/\/www.skilledtradesontario.ca\/?s={search_term_string}"},"query-input":{"@type":"PropertyValueSpecification","valueRequired":true,"valueName":"search_term_string"}}],"inLanguage":"fr-FR"}]}},"_links":{"self":[{"href":"https:\/\/www.skilledtradesontario.ca\/fr\/wp-json\/wp\/v2\/pages\/34023","targetHints":{"allow":["GET"]}}],"collection":[{"href":"https:\/\/www.skilledtradesontario.ca\/fr\/wp-json\/wp\/v2\/pages"}],"about":[{"href":"https:\/\/www.skilledtradesontario.ca\/fr\/wp-json\/wp\/v2\/types\/page"}],"author":[{"embeddable":true,"href":"https:\/\/www.skilledtradesontario.ca\/fr\/wp-json\/wp\/v2\/users\/16"}],"replies":[{"embeddable":true,"href":"https:\/\/www.skilledtradesontario.ca\/fr\/wp-json\/wp\/v2\/comments?post=34023"}],"version-history":[{"count":1,"href":"https:\/\/www.skilledtradesontario.ca\/fr\/wp-json\/wp\/v2\/pages\/34023\/revisions"}],"predecessor-version":[{"id":47553,"href":"https:\/\/www.skilledtradesontario.ca\/fr\/wp-json\/wp\/v2\/pages\/34023\/revisions\/47553"}],"up":[{"embeddable":true,"href":"https:\/\/www.skilledtradesontario.ca\/fr\/wp-json\/wp\/v2\/pages\/35535"}],"wp:attachment":[{"href":"https:\/\/www.skilledtradesontario.ca\/fr\/wp-json\/wp\/v2\/media?parent=34023"}],"wp:term":[{"taxonomy":"post_tag","embeddable":true,"href":"https:\/\/www.skilledtradesontario.ca\/fr\/wp-json\/wp\/v2\/tags?post=34023"}],"curies":[{"name":"wp","href":"https:\/\/api.w.org\/{rel}","templated":true}]}}