{"id":33842,"date":"2018-07-09T14:41:37","date_gmt":"2018-07-09T14:41:37","guid":{"rendered":"https:\/\/skilledtradesontario.ca\/?page_id=33842"},"modified":"2024-03-01T13:57:50","modified_gmt":"2024-03-01T18:57:50","slug":"home-page","status":"publish","type":"page","link":"https:\/\/www.skilledtradesontario.ca\/fr\/","title":{"rendered":"Home Page"},"content":{"rendered":"","protected":false},"excerpt":{"rendered":"","protected":false},"author":16,"featured_media":0,"parent":0,"menu_order":0,"comment_status":"closed","ping_status":"closed","template":"template-pages\/page-home-fr.php","meta":{"_acf_changed":false,"footnotes":""},"tags":[],"class_list":["post-33842","page","type-page","status-publish","hentry"],"acf":[],"yoast_head":"<!-- This site is optimized with the Yoast SEO plugin v27.3 - https:\/\/yoast.com\/product\/yoast-seo-wordpress\/ -->\n<title>Home Page - M\u00e9tiers sp\u00e9cialis\u00e9s Ontario<\/title>\n<meta name=\"robots\" content=\"index, follow, max-snippet:-1, max-image-preview:large, max-video-preview:-1\" \/>\n<link rel=\"canonical\" href=\"https:\/\/www.skilledtradesontario.ca\/fr\/\" \/>\n<meta property=\"og:locale\" content=\"fr_FR\" \/>\n<meta property=\"og:type\" content=\"article\" \/>\n<meta property=\"og:title\" content=\"M\u00e9tiers sp\u00e9cialis\u00e9s Ontario\" \/>\n<meta property=\"og:description\" content=\"Pour chaque comp\u00e9tence, des possibilit\u00e9s \u00e0 l&#039;infini\" \/>\n<meta property=\"og:url\" content=\"https:\/\/www.skilledtradesontario.ca\/fr\/\" \/>\n<meta property=\"og:site_name\" content=\"M\u00e9tiers sp\u00e9cialis\u00e9s Ontario\" \/>\n<meta property=\"article:modified_time\" content=\"2024-03-01T18:57:50+00:00\" \/>\n<meta property=\"og:image\" content=\"https:\/\/www.skilledtradesontario.ca\/wp-content\/uploads\/2024\/02\/STO-Website-Graphics-sn-new-v1-fr.jpg\" \/>\n\t<meta property=\"og:image:width\" content=\"1200\" \/>\n\t<meta property=\"og:image:height\" content=\"628\" \/>\n\t<meta property=\"og:image:type\" content=\"image\/jpeg\" \/>\n<meta name=\"twitter:card\" content=\"summary_large_image\" \/>\n<meta name=\"twitter:title\" content=\"M\u00e9tiers sp\u00e9cialis\u00e9s Ontario\" \/>\n<meta name=\"twitter:description\" content=\"Pour chaque comp\u00e9tence, des possibilit\u00e9s \u00e0 l&#039;infini\" \/>\n<meta name=\"twitter:image\" content=\"https:\/\/www.skilledtradesontario.ca\/wp-content\/uploads\/2024\/02\/STO-Website-Graphics-sn-new-v1-fr.jpg\" \/>\n<meta name=\"twitter:site\" content=\"@SkilledTradesON\" \/>\n<script type=\"application\/ld+json\" class=\"yoast-schema-graph\">{\"@context\":\"https:\\\/\\\/schema.org\",\"@graph\":[{\"@type\":\"WebPage\",\"@id\":\"https:\\\/\\\/www.skilledtradesontario.ca\\\/fr\\\/\",\"url\":\"https:\\\/\\\/www.skilledtradesontario.ca\\\/fr\\\/\",\"name\":\"Home Page - M\u00e9tiers sp\u00e9cialis\u00e9s Ontario\",\"isPartOf\":{\"@id\":\"https:\\\/\\\/www.skilledtradesontario.ca\\\/#website\"},\"datePublished\":\"2018-07-09T14:41:37+00:00\",\"dateModified\":\"2024-03-01T18:57:50+00:00\",\"breadcrumb\":{\"@id\":\"https:\\\/\\\/www.skilledtradesontario.ca\\\/fr\\\/#breadcrumb\"},\"inLanguage\":\"fr-FR\",\"potentialAction\":[{\"@type\":\"ReadAction\",\"target\":[\"https:\\\/\\\/www.skilledtradesontario.ca\\\/fr\\\/\"]}]},{\"@type\":\"BreadcrumbList\",\"@id\":\"https:\\\/\\\/www.skilledtradesontario.ca\\\/fr\\\/#breadcrumb\",\"itemListElement\":[{\"@type\":\"ListItem\",\"position\":1,\"name\":\"Home\",\"item\":\"https:\\\/\\\/www.skilledtradesontario.ca\\\/fr\\\/\"},{\"@type\":\"ListItem\",\"position\":2,\"name\":\"Home Page\"}]},{\"@type\":\"WebSite\",\"@id\":\"https:\\\/\\\/www.skilledtradesontario.ca\\\/#website\",\"url\":\"https:\\\/\\\/www.skilledtradesontario.ca\\\/\",\"name\":\"M\u00e9tiers sp\u00e9cialis\u00e9s Ontario\",\"description\":\"Un organisme dirig\u00e9 par l'industrie charg\u00e9 de promouvoir et de moderniser les m\u00e9tiers sp\u00e9cialis\u00e9s et de prot\u00e9ger les gens de m\u00e9tier, l'industrie et, par-dessus tout, l'int\u00e9r\u00eat public.\",\"potentialAction\":[{\"@type\":\"SearchAction\",\"target\":{\"@type\":\"EntryPoint\",\"urlTemplate\":\"https:\\\/\\\/www.skilledtradesontario.ca\\\/?s={search_term_string}\"},\"query-input\":{\"@type\":\"PropertyValueSpecification\",\"valueRequired\":true,\"valueName\":\"search_term_string\"}}],\"inLanguage\":\"fr-FR\"}]}<\/script>\n<!-- \/ Yoast SEO plugin. -->","yoast_head_json":{"title":"Home Page - M\u00e9tiers sp\u00e9cialis\u00e9s Ontario","robots":{"index":"index","follow":"follow","max-snippet":"max-snippet:-1","max-image-preview":"max-image-preview:large","max-video-preview":"max-video-preview:-1"},"canonical":"https:\/\/www.skilledtradesontario.ca\/fr\/","og_locale":"fr_FR","og_type":"article","og_title":"M\u00e9tiers sp\u00e9cialis\u00e9s Ontario","og_description":"Pour chaque comp\u00e9tence, des possibilit\u00e9s \u00e0 l'infini","og_url":"https:\/\/www.skilledtradesontario.ca\/fr\/","og_site_name":"M\u00e9tiers sp\u00e9cialis\u00e9s Ontario","article_modified_time":"2024-03-01T18:57:50+00:00","og_image":[{"width":1200,"height":628,"url":"https:\/\/www.skilledtradesontario.ca\/wp-content\/uploads\/2024\/02\/STO-Website-Graphics-sn-new-v1-fr.jpg","type":"image\/jpeg"}],"twitter_card":"summary_large_image","twitter_title":"M\u00e9tiers sp\u00e9cialis\u00e9s Ontario","twitter_description":"Pour chaque comp\u00e9tence, des possibilit\u00e9s \u00e0 l'infini","twitter_image":"https:\/\/www.skilledtradesontario.ca\/wp-content\/uploads\/2024\/02\/STO-Website-Graphics-sn-new-v1-fr.jpg","twitter_site":"@SkilledTradesON","schema":{"@context":"https:\/\/schema.org","@graph":[{"@type":"WebPage","@id":"https:\/\/www.skilledtradesontario.ca\/fr\/","url":"https:\/\/www.skilledtradesontario.ca\/fr\/","name":"Home Page - M\u00e9tiers sp\u00e9cialis\u00e9s Ontario","isPartOf":{"@id":"https:\/\/www.skilledtradesontario.ca\/#website"},"datePublished":"2018-07-09T14:41:37+00:00","dateModified":"2024-03-01T18:57:50+00:00","breadcrumb":{"@id":"https:\/\/www.skilledtradesontario.ca\/fr\/#breadcrumb"},"inLanguage":"fr-FR","potentialAction":[{"@type":"ReadAction","target":["https:\/\/www.skilledtradesontario.ca\/fr\/"]}]},{"@type":"BreadcrumbList","@id":"https:\/\/www.skilledtradesontario.ca\/fr\/#breadcrumb","itemListElement":[{"@type":"ListItem","position":1,"name":"Home","item":"https:\/\/www.skilledtradesontario.ca\/fr\/"},{"@type":"ListItem","position":2,"name":"Home Page"}]},{"@type":"WebSite","@id":"https:\/\/www.skilledtradesontario.ca\/#website","url":"https:\/\/www.skilledtradesontario.ca\/","name":"M\u00e9tiers sp\u00e9cialis\u00e9s Ontario","description":"Un organisme dirig\u00e9 par l'industrie charg\u00e9 de promouvoir et de moderniser les m\u00e9tiers sp\u00e9cialis\u00e9s et de prot\u00e9ger les gens de m\u00e9tier, l'industrie et, par-dessus tout, l'int\u00e9r\u00eat public.","potentialAction":[{"@type":"SearchAction","target":{"@type":"EntryPoint","urlTemplate":"https:\/\/www.skilledtradesontario.ca\/?s={search_term_string}"},"query-input":{"@type":"PropertyValueSpecification","valueRequired":true,"valueName":"search_term_string"}}],"inLanguage":"fr-FR"}]}},"_links":{"self":[{"href":"https:\/\/www.skilledtradesontario.ca\/fr\/wp-json\/wp\/v2\/pages\/33842","targetHints":{"allow":["GET"]}}],"collection":[{"href":"https:\/\/www.skilledtradesontario.ca\/fr\/wp-json\/wp\/v2\/pages"}],"about":[{"href":"https:\/\/www.skilledtradesontario.ca\/fr\/wp-json\/wp\/v2\/types\/page"}],"author":[{"embeddable":true,"href":"https:\/\/www.skilledtradesontario.ca\/fr\/wp-json\/wp\/v2\/users\/16"}],"replies":[{"embeddable":true,"href":"https:\/\/www.skilledtradesontario.ca\/fr\/wp-json\/wp\/v2\/comments?post=33842"}],"version-history":[{"count":0,"href":"https:\/\/www.skilledtradesontario.ca\/fr\/wp-json\/wp\/v2\/pages\/33842\/revisions"}],"wp:attachment":[{"href":"https:\/\/www.skilledtradesontario.ca\/fr\/wp-json\/wp\/v2\/media?parent=33842"}],"wp:term":[{"taxonomy":"post_tag","embeddable":true,"href":"https:\/\/www.skilledtradesontario.ca\/fr\/wp-json\/wp\/v2\/tags?post=33842"}],"curies":[{"name":"wp","href":"https:\/\/api.w.org\/{rel}","templated":true}]}}